{"id":71,"date":"2013-12-09T18:18:30","date_gmt":"2013-12-09T18:18:30","guid":{"rendered":"https:\/\/sites.ifi.unicamp.br\/padrao\/?page_id=65"},"modified":"2014-01-28T18:47:19","modified_gmt":"2014-01-28T18:47:19","slug":"links","status":"publish","type":"page","link":"https:\/\/sites.ifi.unicamp.br\/aantone\/links\/","title":{"rendered":"Links"},"content":{"rendered":"<p><a href=\"http:\/\/www.stat.tamu.edu\/~west\/applets\/binomialdemo.html\">Applet\u00a0para C\u00e1lculo da Distribui\u00e7\u00e3o Binomial<\/a><\/p>","protected":false},"excerpt":{"rendered":"<p>Applet\u00a0para C\u00e1lculo da Distribui\u00e7\u00e3o Binomial<\/p>\n","protected":false},"author":1,"featured_media":0,"parent":0,"menu_order":5,"comment_status":"closed","ping_status":"closed","template":"","meta":{"ngg_post_thumbnail":0,"footnotes":""},"class_list":["post-71","page","type-page","status-publish","hentry","nodate","item-wrap"],"_links":{"self":[{"href":"https:\/\/sites.ifi.unicamp.br\/aantone\/wp-json\/wp\/v2\/pages\/71","targetHints":{"allow":["GET"]}}],"collection":[{"href":"https:\/\/sites.ifi.unicamp.br\/aantone\/wp-json\/wp\/v2\/pages"}],"about":[{"href":"https:\/\/sites.ifi.unicamp.br\/aantone\/wp-json\/wp\/v2\/types\/page"}],"author":[{"embeddable":true,"href":"https:\/\/sites.ifi.unicamp.br\/aantone\/wp-json\/wp\/v2\/users\/1"}],"replies":[{"embeddable":true,"href":"https:\/\/sites.ifi.unicamp.br\/aantone\/wp-json\/wp\/v2\/comments?post=71"}],"version-history":[{"count":3,"href":"https:\/\/sites.ifi.unicamp.br\/aantone\/wp-json\/wp\/v2\/pages\/71\/revisions"}],"predecessor-version":[{"id":162,"href":"https:\/\/sites.ifi.unicamp.br\/aantone\/wp-json\/wp\/v2\/pages\/71\/revisions\/162"}],"wp:attachment":[{"href":"https:\/\/sites.ifi.unicamp.br\/aantone\/wp-json\/wp\/v2\/media?parent=71"}],"curies":[{"name":"wp","href":"https:\/\/api.w.org\/{rel}","templated":true}]}}