{"id":77,"date":"2014-01-06T16:08:16","date_gmt":"2014-01-06T16:08:16","guid":{"rendered":"https:\/\/sites.ifi.unicamp.br\/modelodocente\/?page_id=77"},"modified":"2014-01-28T18:45:44","modified_gmt":"2014-01-28T18:45:44","slug":"quem-sou","status":"publish","type":"page","link":"https:\/\/sites.ifi.unicamp.br\/aantone\/","title":{"rendered":"Quem sou"},"content":{"rendered":"<p><img loading=\"lazy\" decoding=\"async\" class=\"alignleft size-full wp-image-116\" alt=\"aantone\" src=\"https:\/\/sites.ifi.unicamp.br\/aantone\/files\/2014\/01\/aantone.jpg\" width=\"200\" height=\"208\" \/>Professor Titular da Universidade Estadual de Campinas. Possui Bacharelado Em F\u00edsica pela Universidade de S\u00e3o Paulo (1975), mestrado em F\u00edsica pela Universidade de S\u00e3o Paulo (1977) e doutorado em F\u00edsica pela Universidade de S\u00e3o Paulo (1981). Realizou est\u00e1gio de p\u00f3s-doutorado no Massachusetts Institute of Technology (1983-1985). Foi Professor Visitante na Notrth Carolina State University (1987-1990), Virginia Commonwelath University (1991-1992), Emory ( University (1992-1993) e no Institut de Ci\u00e8ncia de Materials de Barcelona (2007-2008). Tem experi\u00eancia na \u00e1rea de F\u00edsica, com \u00eanfase em F\u00edsica da Mat\u00e9ria Condensada, atuando principalmente nos seguintes temas: propriedades estruturais e termodin\u00e2micas, transi\u00e7\u00f5es de fase, defeitos, simula\u00e7\u00f5es computacionais.<\/p>","protected":false},"excerpt":{"rendered":"<p>Professor Titular da Universidade Estadual de Campinas. Possui Bacharelado Em F\u00edsica pela Universidade de S\u00e3o Paulo (1975), mestrado em F\u00edsica pela Universidade de S\u00e3o Paulo (1977) e doutorado em F\u00edsica pela Universidade de S\u00e3o Paulo (1981). Realizou est\u00e1gio de p\u00f3s-doutorado no Massachusetts Institute of Technology (1983-1985). Foi Professor Visitante na Notrth Carolina State University (1987-1990), &hellip; <\/p>\n<p><a class=\"more-link btn\" href=\"https:\/\/sites.ifi.unicamp.br\/aantone\/\">Continue lendo<\/a><\/p>\n","protected":false},"author":58,"featured_media":0,"parent":0,"menu_order":0,"comment_status":"closed","ping_status":"closed","template":"","meta":{"ngg_post_thumbnail":0,"footnotes":""},"class_list":["post-77","page","type-page","status-publish","hentry","nodate","item-wrap"],"_links":{"self":[{"href":"https:\/\/sites.ifi.unicamp.br\/aantone\/wp-json\/wp\/v2\/pages\/77","targetHints":{"allow":["GET"]}}],"collection":[{"href":"https:\/\/sites.ifi.unicamp.br\/aantone\/wp-json\/wp\/v2\/pages"}],"about":[{"href":"https:\/\/sites.ifi.unicamp.br\/aantone\/wp-json\/wp\/v2\/types\/page"}],"author":[{"embeddable":true,"href":"https:\/\/sites.ifi.unicamp.br\/aantone\/wp-json\/wp\/v2\/users\/58"}],"replies":[{"embeddable":true,"href":"https:\/\/sites.ifi.unicamp.br\/aantone\/wp-json\/wp\/v2\/comments?post=77"}],"version-history":[{"count":5,"href":"https:\/\/sites.ifi.unicamp.br\/aantone\/wp-json\/wp\/v2\/pages\/77\/revisions"}],"predecessor-version":[{"id":160,"href":"https:\/\/sites.ifi.unicamp.br\/aantone\/wp-json\/wp\/v2\/pages\/77\/revisions\/160"}],"wp:attachment":[{"href":"https:\/\/sites.ifi.unicamp.br\/aantone\/wp-json\/wp\/v2\/media?parent=77"}],"curies":[{"name":"wp","href":"https:\/\/api.w.org\/{rel}","templated":true}]}}