{"id":575,"date":"2014-02-26T14:21:30","date_gmt":"2014-02-26T14:21:30","guid":{"rendered":"https:\/\/sites.ifi.unicamp.br\/aguiar\/?page_id=575"},"modified":"2023-10-30T13:47:19","modified_gmt":"2023-10-30T13:47:19","slug":"f-589","status":"publish","type":"page","link":"https:\/\/sites.ifi.unicamp.br\/aguiar\/teach\/f-589\/","title":{"rendered":"F 589"},"content":{"rendered":"<p><strong>A disciplina <i>Estrutura da Mat\u00e9ria I<\/i> trata da f\u00edsica desenvolvida entre os anos 1890 e 1930, aproximadamente, e <\/strong><strong>\u00e9 uma introdu\u00e7\u00e3o \u00e0 Teoria da Relatividade Especial e \u00e0 Mec\u00e2nica Qu\u00e2ntica. Nesse per\u00edodo <\/strong><strong>uma s\u00e9rie de experimentos monstraram que a f\u00edsica Newtoniana, agora chamada de F\u00edsica Cl\u00e1ssica, n\u00e3o era adequada para descrever nem o mundo microsc\u00f3pico nem o mundo das altas velocidades. Para descrever o mundo micr\u00f3scopico dos \u00e1tomos e das part\u00edculas elementares foi desenvolvida a Teoria Qu\u00e2ntica. Para o movimento a altas velocidades, a Teoria de Relatividade Restrita. Por volta de 1927 essas teorias foram unificadas por Dirac em sua Teoria Qu\u00e2ntica Relativistica. Veremos nesse curso uma introdu\u00e7\u00e3o \u00e0 teoria da Relatividade e a evolu\u00e7\u00e3o das ideias que levaram \u00e0 teoria qu\u00e2ntica. Apresentaremos a equa\u00e7\u00e3o de Schroedinger e resolveremos problemas cl\u00e1ssicos como o oscilador harm\u00f4nico, tunelamento por barreiras de potencial e o \u00e1tomo de Hidrog\u00eanio. Por fim faremos uma breve introdu\u00e7\u00e3o \u00e0 equa\u00e7\u00e3o de Dirac para el\u00e9trons.&nbsp;<\/strong><\/p>\n<p>&nbsp;<\/p>\n<p><strong><span style=\"color: #ff0000\">T\u00f3picos:<\/span><br \/>\n<\/strong><\/p>\n<ul>\n<li>Introdu\u00e7\u00e3o \u00e0 teoria da relatividade restrita<\/li>\n<li>Radia\u00e7\u00e3o de corpo negro.<\/li>\n<li>Propriedades corpusculares da luz<\/li>\n<li>O modelo de Bohr e os n\u00edveis de energia dos \u00e1tomos<\/li>\n<li>A equa\u00e7\u00e3o de Schr\u00f6dinger<\/li>\n<li>Solu\u00e7\u00e3o da equa\u00e7\u00e3o de Schr\u00f6dinger para problemas unidimensionais<\/li>\n<li>O atomo de Hidrogenio<\/li>\n<li>A equa\u00e7\u00e3o de Dirac: spin e anti-particulas<\/li>\n<\/ul>\n<p>&nbsp;<\/p>\n<p><strong><span style=\"color: #ff0000\">Aulas:<\/span><br \/>\n2as das 21h-23h &#8211; sala IF12<br \/>\n4as das 19h-21h &#8211; sala IF12<\/strong><strong><br \/>\n<\/strong><a href=\"https:\/\/www.dropbox.com\/s\/1eaaho7wg240pk6\/f589programa.pdf?dl=0\"><strong>programa\u00e7\u00e3o das aulas \u2013 2023<\/strong><\/a><\/p>\n<p>&nbsp;<\/p>\n<p><span style=\"color: #ff0000\"><strong>PAD:<br \/>\n<\/strong><span style=\"color: #000000\"><strong>Vitor Reis <\/strong><br \/>\n<strong>2as das 18h-19h &#8211; sala IF12<br \/>\n4as das 18h-19h<\/strong><strong> &#8211; sala&nbsp; IF12<\/strong><br \/>\n<\/span><\/span><span style=\"color: #ff0000\"><strong><span style=\"color: #000000\">e-mail:<\/span> <a href=\"mailto:v225590@dac.unicamp.br\">v225590@dac.unicamp.br<\/a><br \/>\n<\/strong><strong><br \/>\n<\/strong><\/span><\/p>\n<p>&nbsp;<\/p>\n<p><strong><span style=\"color: #ff0000\">Provas: &nbsp; &nbsp; <\/span><br \/>\n<\/strong>P1: 13 de setembro&nbsp;<br \/>\nP2: 01 de novembro <strong><span style=\"color: #0000ff\">ser\u00e1 realizada no audit\u00f3rio do IFGW<\/span> <\/strong><br \/>\nP3:&nbsp; 06 de dezembro&nbsp;<\/p>\n<p><span style=\"color: #ff0000;font-size: 12pt\"><strong>Exame: 13 de dezembro&nbsp;<\/strong><\/span><\/p>\n<p><span style=\"color: #ff0000\"><strong>C\u00e1lculo da m\u00e9dia<br \/>\n<\/strong><span style=\"color: #000000\">Se P = (P1+P2+P3)\/3<\/span><span style=\"color: #000000\"> &gt; 5,0<\/span> <span style=\"color: #000000\">o aluno(a) estar\u00e1 aprovado(a)<br \/>\nSe 2,5 &lt; P &lt; 5,0 haver\u00e1 necessidade de fazer o exame E. Aprova\u00e7\u00e3o requer (P+E)\/2 &gt; 5,0.<br \/>\n<\/span><\/span><\/p>\n<p><strong><span style=\"color: #ff0000\">Aulas gravadas no YouTube<\/span>:&nbsp; <a href=\"https:\/\/www.youtube.com\/channel\/UC_Y4j1nEVxsO8sMEIWd449Q\">link para o canal<\/a><\/strong><\/p>\n<p><strong><span style=\"color: #0000ff\">Aula1 &#8211; 14\/01\/2021<\/span><\/strong> &#8211; Sistemas de refer\u00eancia inerciais; transforma\u00e7\u00f5es de Galileo &#8211; <a href=\"https:\/\/www.youtube.com\/watch?v=KT8Y8iGH5yU\">V\u00eddeo<\/a> &#8211; <a href=\"https:\/\/www.dropbox.com\/s\/su49hd50mlr3wyz\/Aula1.pdf?dl=0\">Slides<\/a><\/p>\n<p><strong><span style=\"color: #0000ff\">Aula2 &#8211; 15\/01\/2021<\/span><\/strong> &#8211; As transforma\u00e7\u00f5es de Lorentz &#8211; <a href=\"https:\/\/www.youtube.com\/watch?v=B6Fpe-WAaZk\">V\u00eddeo<\/a> &#8211; <a href=\"https:\/\/www.dropbox.com\/s\/ova49z25pgvooo7\/Aula2.pdf?dl=0\">Slides<\/a><\/p>\n<p><span style=\"color: #0000ff\"><strong>Aula3 &#8211; 16\/01\/2021<\/strong><\/span> &#8211; Transforma\u00e7\u00f5es de velocidade e acelera\u00e7\u00e3o &#8211; <a href=\"https:\/\/www.youtube.com\/watch?v=-qAaiCmACAI\">V\u00eddeo<\/a> &#8211; <a href=\"https:\/\/www.dropbox.com\/s\/ypc30gtwyt634fw\/Aula3.pdf?dl=0\">Slides<\/a><\/p>\n<p><span style=\"color: #0000ff\"><a style=\"color: #0000ff\" href=\"https:\/\/sites.ifi.unicamp.br\/aguiar\/files\/2020\/03\/Aula4.pdf\"><strong>Aula4<\/strong><\/a> <strong>&#8211; 23\/03\/2020<\/strong><\/span>&nbsp; &#8211;&nbsp; Teoria da relatividade: efeito Doppler, paradoxo dos g\u00eameos &#8211;&nbsp;<a href=\"https:\/\/www.dropbox.com\/s\/39ycgxkwk3410t3\/Aula4.mov?dl=0\">V\u00eddeo<\/a> &#8211; <a href=\"https:\/\/www.dropbox.com\/s\/sml5l9zkpwvxs7p\/Aula4.pdf?dl=0\">Slides<\/a> &nbsp;&nbsp;&nbsp;&nbsp; <span style=\"color: #008000\"><br \/>\n<\/span><\/p>\n<p><strong><span style=\"color: #0000ff\">Aula5 &#8211; 25\/03\/2020&nbsp;<\/span><\/strong> &#8211; Radia\u00e7\u00e3o t\u00e9rmica &#8211; cl\u00e1ssico &#8211; <a href=\"https:\/\/www.dropbox.com\/s\/myjldzuizz37cv4\/Aula5.mov?dl=0\">Video<\/a>&nbsp;&nbsp;&nbsp;<span style=\"color: #008000\">&nbsp;<\/span><\/p>\n<p><span style=\"color: #0000ff\"><strong>Aula6 &#8211; 30\/03\/2020&nbsp;<\/strong> <\/span>&#8211; Radia\u00e7\u00e3o t\u00e9rmica &#8211; Planck &#8211;&nbsp; <a href=\"https:\/\/www.dropbox.com\/s\/0a6ntd6btsupb4i\/Aula6.mov?dl=0\">Video<\/a>&nbsp; &#8211; &nbsp;<a href=\"https:\/\/www.dropbox.com\/s\/0t3q0ymwg1spafm\/Aula6.pdf?dl=0\">Slides<\/a><\/p>\n<p><span style=\"color: #0000ff\"><strong>Aula7 &#8211; 01\/04\/2020<\/strong>&nbsp; <\/span>&#8211; Efeitos Fotoel\u00e9trico e Compton, Produ\u00e7\u00e3o de raios-X, cria\u00e7\u00e3o de pares &#8211;&nbsp; <a href=\"https:\/\/www.dropbox.com\/s\/s61wd486qgvp5d0\/Aula-7.mp4?dl=0\">Video<\/a>&nbsp; &#8211;&nbsp; <a href=\"https:\/\/www.dropbox.com\/s\/kmbjoa13hqui039\/Aula7.pdf?dl=0\">Slides<\/a><span style=\"color: #008000\"><br \/>\n<\/span><\/p>\n<p><span style=\"color: #0000ff\"><strong>Aula8 &#8211; 06\/04\/2020&nbsp;<\/strong><\/span> &#8211; Dualidade Onda-Part\u00edcula, interfer\u00eancia, difra\u00e7\u00e3o de el\u00e9trons &#8211; <a href=\"https:\/\/www.dropbox.com\/s\/t1ur7wzf6b4b0bc\/AulaVivo-8.mp4?dl=0\">Video<\/a>&nbsp; &#8211; &nbsp;<a href=\"https:\/\/www.dropbox.com\/s\/k8fqei6ckk54lh9\/Aula8.pdf?dl=0\">Slides<\/a><\/p>\n<p><span style=\"color: #0000ff\"><strong>Aula9 &#8211; 08\/04\/2020<\/strong><\/span> &#8211; Experimento da fenda dupla, princ\u00edpido da incerteza &#8211; <a href=\"https:\/\/www.dropbox.com\/s\/01rjvrxmoe5gto6\/AulaVivo-9.mp4?dl=0\">V\u00eddeo<\/a>&nbsp; &#8211;&nbsp; <a href=\"https:\/\/www.dropbox.com\/s\/rfr4x5im342twl6\/Aula9.pdf?dl=0\">Slides<\/a><\/p>\n<p><span style=\"color: #0000ff\"><strong>Aula10 &#8211; 13\/04\/2020<\/strong><\/span> &#8211; Pacotes de onda; velocidades de fase e de grupo &#8211; <a href=\"https:\/\/www.dropbox.com\/s\/xcmyg0c6r7gpk1j\/Aula10.mov?dl=0\">Video<\/a>&nbsp; &#8211;&nbsp; <a href=\"https:\/\/www.dropbox.com\/s\/z4jqqeqjdj521ig\/Aula10.pdf?dl=0\">Slides<\/a><\/p>\n<p><span style=\"color: #0000ff\"><strong>Aula11 &#8211; 15\/04\/2020<\/strong><\/span> &#8211; O \u00e1tomo de Thomson, o experimento de Rutherford &#8211;&nbsp; <a href=\"https:\/\/www.dropbox.com\/s\/2ksqk73p1mbxayy\/Aula11.mov?dl=0\">Video&nbsp; <\/a>&#8211; &nbsp; <a href=\"https:\/\/www.dropbox.com\/s\/h2q3hviixm1puny\/Aula11.pdf?dl=0\">Slides<\/a><\/p>\n<p><span style=\"color: #0000ff\"><strong>Aula12 &#8211; 20\/04\/2020<\/strong><\/span> &#8211; Se\u00e7\u00e3o de choque para a esfera dura e o potencial Coulombiano &#8211;&nbsp; <a href=\"https:\/\/www.dropbox.com\/s\/g7uvpkwskf1u6kt\/Aula12.mp4?dl=0\">Video<\/a>&nbsp; &#8211; <a href=\"https:\/\/www.dropbox.com\/s\/ppnwg0zqbw8hzep\/Aula12.pdf?dl=0\">&nbsp;Slides<\/a><\/p>\n<p><span style=\"color: #0000ff\"><strong>Aula13 &#8211; 22\/04\/2020<\/strong><\/span> &#8211; O \u00e1tomo de Bohr &#8211;&nbsp; <a href=\"https:\/\/www.dropbox.com\/s\/om31378g52ijtb0\/Aula13.mp4?dl=0\">V\u00eddeo<\/a>&nbsp; &#8211;&nbsp; <a href=\"https:\/\/www.dropbox.com\/s\/csbr20qzpri3lzr\/Aula13.pdf?dl=0\">Slides<\/a><\/p>\n<p><span style=\"color: #0000ff\"><strong>Aula14 &#8211; 27\/04\/2020<\/strong><\/span> &#8211; Generaliza\u00e7\u00e3o das regras de quantiza\u00e7\u00e3o &#8211;&nbsp; <a href=\"https:\/\/www.dropbox.com\/s\/cdm3fwr9h780c8q\/Aula14.mp4?dl=0\">Video<\/a>&nbsp; &#8211;&nbsp; <a href=\"https:\/\/www.dropbox.com\/s\/hcslitsit3z2uae\/Aula14.pdf?dl=0\">Slides<\/a><\/p>\n<p><span style=\"color: #0000ff\"><strong>Aula15 &#8211; 29\/04\/2020<\/strong> <\/span>&#8211; Revis\u00e3o e exerc\u00edcios &#8211; <a href=\"https:\/\/www.dropbox.com\/s\/knjorry8d1a2fu0\/Aula15.mp4?dl=0\">Video<\/a>&nbsp; &#8211;&nbsp; <a href=\"https:\/\/www.dropbox.com\/s\/usjrhhtpztneutk\/Aula15.pdf?dl=0\">Slides<\/a><\/p>\n<p><span style=\"color: #0000ff\"><strong>Aula16 &#8211; 04\/05\/2020<\/strong><\/span> &#8211; A equa\u00e7\u00e3o de Schroedinger &#8211; <a href=\"https:\/\/www.dropbox.com\/s\/fxs2kku3yzw14sk\/Aula16.mov?dl=0\">V\u00eddeo<\/a>&nbsp; &#8211;&nbsp; <a href=\"https:\/\/www.dropbox.com\/s\/5nj6r18gqk4g70q\/Aula16.pdf?dl=0\">Slides<\/a><\/p>\n<p><span style=\"color: #0000ff\"><strong>Aula17 &#8211; 06\/05\/2020<\/strong><\/span> &#8211; Part\u00edcula no po\u00e7o infinito <a href=\"https:\/\/www.dropbox.com\/s\/sn392l26xro082d\/Aula17.mp4?dl=0\">Video<\/a>&nbsp; &#8211;&nbsp; <a href=\"https:\/\/www.dropbox.com\/s\/505yhaqu8tz3byk\/Aula17.pdf?dl=0\">Slides<\/a><\/p>\n<p><span style=\"color: #0000ff\"><strong>Aula18 &#8211; 11\/05\/2020<\/strong><\/span> &#8211; Equa\u00e7\u00e3o de Schroedinger Independente do Tempo; Quantiza\u00e7\u00e3o da Energia &#8211;&nbsp; <a href=\"https:\/\/www.dropbox.com\/s\/nursvg8bxpxbnwe\/Aula18.mp4?dl=0\">V\u00eddeo<\/a>&nbsp; &#8211;&nbsp; <a href=\"https:\/\/www.dropbox.com\/s\/kydy4b4ms0422sd\/Aula18.pdf?dl=0\">Slides<\/a><span style=\"color: #008000\"><br \/>\n<span style=\"color: #000000\">&nbsp;&nbsp;&nbsp;&nbsp;&nbsp;&nbsp;&nbsp;&nbsp;&nbsp;&nbsp;&nbsp;&nbsp;&nbsp;&nbsp;&nbsp;&nbsp;&nbsp;&nbsp;&nbsp;&nbsp;&nbsp;&nbsp;&nbsp;&nbsp;&nbsp;&nbsp;&nbsp;&nbsp;&nbsp;&nbsp;&nbsp;&nbsp;&nbsp;&nbsp;&nbsp;&nbsp;&nbsp;&nbsp;&nbsp;&nbsp;&nbsp;&nbsp;&nbsp;&nbsp;&nbsp;&nbsp;&nbsp;&nbsp;&nbsp;&nbsp; <a href=\"https:\/\/www.dropbox.com\/s\/8htjuponpuy1pwa\/nodes-wavefunctions.pdf?dl=0\">Estados excitados e zeros das fun\u00e7\u00f5es de onda<\/a><\/span><br \/>\n<\/span><\/p>\n<p><strong><span style=\"color: #0000ff\">Aula19 &#8211; 13\/05\/2020<\/span><\/strong> &#8211; Revis\u00e3o e exerc\u00edcios &#8211; <a href=\"https:\/\/www.dropbox.com\/s\/pddcbviem91ppvb\/Aula19.mp4?dl=0\">V\u00eddeo<\/a>&nbsp; &#8211;&nbsp; <a href=\"https:\/\/www.dropbox.com\/s\/rc79brl06z841m8\/Aula19.pdf?dl=0\">Slides<\/a><\/p>\n<p><span style=\"color: #0000ff\"><strong>Aula20<\/strong><strong> &#8211; 18\/05\/2020<\/strong><\/span> &#8211; Revis\u00e3o e exerc\u00edcios &#8211; <a href=\"https:\/\/www.dropbox.com\/s\/1xop7zwp061pq1t\/Aula20.mp4?dl=0\">V\u00eddeo<\/a>&nbsp; &#8211;&nbsp; <a href=\"https:\/\/www.dropbox.com\/s\/8yj83pckzlxcnmy\/Aula20.pdf?dl=0\">Slides<\/a><\/p>\n<p><span style=\"color: #0000ff\"><strong>Aula21 &#8211; 01\/06\/2020<\/strong><\/span> &#8211; Equa\u00e7\u00e3o da Continuidade &#8211; O potencial degrau, E &gt; V0 &#8211; <a href=\"https:\/\/www.dropbox.com\/s\/enkd8jfudtjwgum\/Aula21.mp4?dl=0\">V\u00eddeo<\/a>&nbsp; &#8211;&nbsp; <a href=\"https:\/\/www.dropbox.com\/s\/1oacarpls2kvb08\/Aula21.pdf?dl=0\">Slides<\/a><span style=\"color: #008000\"><br \/>\n<\/span><\/p>\n<p><span style=\"color: #0000ff\"><strong>Aula22 &#8211; 03\/06\/2020<\/strong><\/span> &#8211; O potencial degrau, E &lt; V0 &#8211;&nbsp; <a href=\"https:\/\/www.dropbox.com\/s\/fk4z5ry1u9ua2vx\/Aula22.mp4?dl=0\">V\u00eddeo<\/a> &#8211; Slides da Aula s\u00e3o os mesmo da Aula21<span style=\"color: #008000\"><br \/>\n&nbsp;&nbsp;&nbsp;&nbsp;&nbsp;&nbsp;&nbsp;&nbsp;&nbsp;&nbsp;&nbsp;&nbsp;&nbsp;&nbsp;&nbsp;&nbsp;&nbsp;&nbsp;&nbsp;&nbsp;&nbsp;&nbsp;&nbsp;&nbsp;&nbsp;&nbsp;&nbsp;&nbsp;&nbsp;&nbsp;&nbsp;&nbsp;&nbsp;&nbsp;&nbsp;&nbsp;&nbsp;&nbsp;&nbsp;&nbsp;&nbsp;&nbsp;&nbsp;&nbsp;&nbsp;&nbsp; <a href=\"https:\/\/www.youtube.com\/watch?v=nvsHL2VzJG0\">Simula\u00e7\u00e3o 1 &#8211; pacote de ondas colidindo com potencial degrau<\/a><br \/>\n&nbsp;&nbsp;&nbsp;&nbsp;&nbsp;&nbsp;&nbsp;&nbsp;&nbsp;&nbsp;&nbsp;&nbsp;&nbsp;&nbsp;&nbsp;&nbsp;&nbsp;&nbsp;&nbsp;&nbsp;&nbsp;&nbsp;&nbsp;&nbsp;&nbsp;&nbsp;&nbsp;&nbsp;&nbsp;&nbsp;&nbsp;&nbsp;&nbsp;&nbsp;&nbsp;&nbsp;&nbsp;&nbsp;&nbsp;&nbsp;&nbsp;&nbsp;&nbsp;&nbsp;&nbsp;&nbsp; <a href=\"https:\/\/www.youtube.com\/watch?v=XQPtmSRi7OI\">Simula\u00e7\u00e3o 2 &#8211; pacote de ondas colidindo com potencial degrau<\/a><br \/>\n&nbsp;&nbsp;&nbsp;&nbsp;&nbsp;&nbsp;&nbsp;&nbsp;&nbsp;&nbsp;&nbsp;&nbsp;&nbsp;&nbsp;&nbsp;&nbsp;&nbsp;&nbsp;&nbsp;&nbsp;&nbsp;&nbsp;&nbsp;&nbsp;&nbsp;&nbsp;&nbsp;&nbsp;&nbsp;&nbsp;&nbsp;&nbsp;&nbsp;&nbsp;&nbsp;&nbsp;&nbsp;&nbsp;&nbsp;&nbsp;&nbsp;&nbsp;&nbsp;&nbsp;&nbsp;&nbsp; <span style=\"color: #000000\">Simula\u00e7\u00e3o 3 &#8211; tunelamento e barreiras<\/span> &#8211; <a href=\"https:\/\/www.youtube.com\/watch?v=xQQB7dJOdVo\">video<\/a> &#8211;&nbsp; <a href=\"https:\/\/phet.colorado.edu\/sims\/cheerpj\/quantum-tunneling\/latest\/quantum-tunneling.html?simulation=quantum-tunneling\">software<\/a><br \/>\n<\/span><\/p>\n<p><span style=\"color: #0000ff\"><strong>Aula23 &#8211; 08\/06\/2020<\/strong><\/span> &#8211; A barreira de potencial: tunelamento &#8211;&nbsp; <a href=\"https:\/\/www.dropbox.com\/s\/xib8idwj119lkqv\/Aula24.mp4?dl=0\">V\u00eddeo<\/a>&nbsp; &#8211;&nbsp; <a href=\"https:\/\/www.dropbox.com\/s\/8jrjjzhv4pocexn\/Aula23.pdf?dl=0\">Slides<\/a><\/p>\n<p><span style=\"color: #0000ff\"><strong>Aula24 &#8211; 10\/06\/2020<\/strong><\/span> &#8211; O po\u00e7o finito de potencial e o potencial delta de Dirac &#8211;&nbsp; <a href=\"https:\/\/www.dropbox.com\/s\/7txw1i4u6c4rg9z\/Aula24.mp4?dl=0\">Video<\/a>&nbsp; &#8211;&nbsp; <a href=\"https:\/\/www.dropbox.com\/s\/iygfgldf6fueqgx\/Aula24.pdf?dl=0\">Slides<\/a><\/p>\n<p><span style=\"color: #0000ff\"><strong>Aula25 &#8211; 15\/06\/2020<\/strong><\/span> &#8211; O oscilador harm\u00f4nico &#8211; <a href=\"https:\/\/www.dropbox.com\/s\/0piqlken4uynbge\/Aula25.mov?dl=0\">V\u00eddeo<\/a>&nbsp; &#8211;&nbsp; <a href=\"https:\/\/www.dropbox.com\/s\/cfnhrj85z7dgw01\/Aula25.pdf?dl=0\">Slides<\/a><\/p>\n<p><strong><span style=\"color: #0000ff\">Aula26 &#8211; 17\/06\/2020<\/span><\/strong> &#8211; O \u00e1tomo de hidrog\u00eanio: formula\u00e7\u00f5es cl\u00e1ssica e qu\u00e2ntica &#8211;&nbsp; <a href=\"https:\/\/www.dropbox.com\/s\/opuryp1vfwfothi\/Aula26.mp4?dl=0\">V\u00eddeo<\/a>&nbsp; &#8211;&nbsp; <a href=\"https:\/\/www.dropbox.com\/s\/kjcrupomsmebs2z\/Aula26.pdf?dl=0\">Slides<\/a><\/p>\n<p><span style=\"color: #0000ff\"><strong>Aula27 &#8211; 22\/06\/2020<\/strong><\/span> &#8211; O \u00e1tomo de hidrog\u00eanio: n\u00edveis de energia e fun\u00e7\u00f5es de onda &#8211; V\u00eddeo&nbsp; &#8211;&nbsp; <a href=\"https:\/\/www.dropbox.com\/s\/wvnd0ouc5gh64fh\/Aula27.pdf?dl=0\">Slides<\/a><\/p>\n<p><span style=\"color: #0000ff\"><strong>Aula28 &#8211; 24\/06\/2020<\/strong><\/span> &#8211; Introdu\u00e7\u00e3o \u00e0 mec\u00e2nica qu\u00e2ntica relativ\u00edstica: equa\u00e7\u00f5es de Klein-Gordon e Dirac &#8211; <a href=\"https:\/\/www.dropbox.com\/s\/lmxmpoafmfhodgm\/Aula28.mp4?dl=0\">V\u00eddeo<\/a>&nbsp; &#8211;&nbsp; <a href=\"https:\/\/www.dropbox.com\/s\/wz10tmzvwbw9ir0\/Aula28.pdf?dl=0\">Slides<\/a><\/p>\n<p><span style=\"color: #0000ff\"><strong>Aula29 &#8211; 29\/06\/2020<\/strong><\/span> &#8211; Revis\u00e3o e exerc\u00edcios &#8211;&nbsp; <a href=\"https:\/\/www.dropbox.com\/s\/ek7pl7rb1rcnot5\/Aula29.mp4?dl=0\">V\u00eddeo<\/a><\/p>\n<p>&nbsp;<\/p>\n<p><span style=\"color: #ff0000\"><strong>Listas de Exerc\u00edcios:<br \/>\n<\/strong><\/span><a href=\"https:\/\/sites.ifi.unicamp.br\/aguiar\/files\/2020\/03\/f589-lista1.pdf\">lista1<\/a><br \/>\n<a href=\"https:\/\/sites.ifi.unicamp.br\/aguiar\/files\/2020\/04\/f589-lista2.pdf\">lista2<\/a><br \/>\n<a href=\"https:\/\/sites.ifi.unicamp.br\/aguiar\/files\/2020\/04\/f589-lista3.pdf\">lista3<\/a><br \/>\n<a href=\"https:\/\/sites.ifi.unicamp.br\/aguiar\/files\/2020\/04\/f589-lista4.pdf\">lista4<\/a><br \/>\n<a href=\"https:\/\/sites.ifi.unicamp.br\/aguiar\/files\/2014\/10\/lista5.pdf\">lista5<\/a><br \/>\n<a href=\"https:\/\/sites.ifi.unicamp.br\/aguiar\/files\/2014\/10\/lista6.pdf\">lista6 &#8211; problemas do cap. 5 &#8211; 2, 4, 5, 7, 8, 14, 15, 17, 22, 25-28, 32<\/a> &nbsp;&nbsp;&nbsp;&nbsp;&nbsp;&nbsp;&nbsp;&nbsp;&nbsp; <a href=\"https:\/\/www.dropbox.com\/s\/l6es7jr053hd0qs\/capitulo5.pdf?dl=0\">Cap\u00edtulo 5<\/a><br \/>\n<a href=\"https:\/\/sites.ifi.unicamp.br\/aguiar\/files\/2014\/10\/lista7.pdf\">lista7 &#8211; problemas do cap. 6 &#8211; 2, 4-8, 12, 13, 15-18, 20, 27, 28, 30, 31<\/a> &nbsp;&nbsp; <a href=\"https:\/\/www.dropbox.com\/s\/53uti30frnr6unq\/capitulo6.pdf?dl=0\">&nbsp;Cap\u00edtulo 6<\/a><br \/>\n<a href=\"https:\/\/sites.ifi.unicamp.br\/aguiar\/files\/2014\/10\/lista8.pdf\">lista8 &#8211; problemas do cap. 7 &#8211; 3, 5, 7, 8, 14, 16, 20-23, 25, 26<\/a> &nbsp; &nbsp;&nbsp;&nbsp;&nbsp;&nbsp;&nbsp;&nbsp;&nbsp;&nbsp;&nbsp;&nbsp;&nbsp;&nbsp;&nbsp;&nbsp;&nbsp;&nbsp;&nbsp;&nbsp;&nbsp; <a href=\"https:\/\/www.dropbox.com\/s\/sgllsqea78xnxo8\/capitulo7.pdf?dl=0\">Cap\u00edtulo 7<\/a><\/p>\n<p><strong><br \/>\n<span style=\"color: #ff0000\">Livros Texto<\/span><\/strong><span style=\"color: #ff0000\"><strong>:<\/strong><\/span><br \/>\nQuantum Physics of Atoms, Molecules, Solids, Nuclei and Particles &#8211; Robert Eisberg e Robert Resnick<br \/>\nIntrodu\u00e7\u00e3o \u00e0 Relatividade Especial &#8211; R. Resnick<br \/>\nModern Physics, Kenneth Krane<\/p>\n<p><span style=\"color: #ff0000\"><strong>Livros de Apoio<\/strong><strong>:<\/strong><\/span><br \/>\nFisica Atomica, Max Born<br \/>\nQuantum Mechanics &#8211; L.I. Schiff<\/p>\n<p><a href=\"https:\/\/phet.colorado.edu\/sims\/cheerpj\/quantum-tunneling\/latest\/quantum-tunneling.html?simulation=quantum-tunneling\"><strong><span style=\"color: #ff0000\">SImula\u00e7\u00f5es de Pacotes de Onda &#8211; PhET<\/span><\/strong><\/a><\/p>\n<p><span style=\"color: #ff0000\"><b><span lang=\"PT-BR\">Notas de&nbsp; Aula:<\/span><\/b><\/span><span lang=\"PT-BR\"><br \/>\n<\/span><a href=\"https:\/\/sites.ifi.unicamp.br\/aguiar\/files\/2020\/03\/relatividade.pdf\">Introdu\u00e7\u00e3o \u00e0 Teoria da Relatividade<\/a><br \/>\n<span lang=\"PT-BR\"><a href=\"https:\/\/sites.ifi.unicamp.br\/aguiar\/files\/2014\/02\/Intro-Relatividade-Complementos.pdf\">Relatividade &#8211; complementos<\/a><br \/>\n<\/span><a href=\"https:\/\/sites.ifi.unicamp.br\/aguiar\/files\/2014\/02\/RadiacaoTermica.pdf\"><span lang=\"PT-BR\">Radia\u00e7\u00e3o T\u00e9rmica<\/span><\/a><span lang=\"PT-BR\"><br \/>\n<\/span><a href=\"https:\/\/sites.ifi.unicamp.br\/aguiar\/files\/2014\/02\/RadiacaoMateria.pdf\"><span lang=\"PT-BR\">Intera\u00e7\u00f5es da radia\u00e7\u00e3o com a mat\u00e9ria<\/span><\/a><span lang=\"PT-BR\"><br \/>\n<\/span><a href=\"https:\/\/sites.ifi.unicamp.br\/aguiar\/files\/2014\/02\/PropOndulatorias.pdf\"><span lang=\"PT-BR\">Propriedades ondulat\u00f3rias da mat\u00e9ria<\/span><\/a><span lang=\"PT-BR\"><br \/>\n<\/span><a href=\"https:\/\/sites.ifi.unicamp.br\/aguiar\/files\/2014\/02\/Atomo-de-Bohr.pdf\"><span lang=\"PT-BR\">O \u00e1tomo de Bohr<\/span><\/a><br \/>\n<a href=\"https:\/\/sites.ifi.unicamp.br\/aguiar\/files\/2020\/04\/Equacao-Schroedinger.pdf\">Equacao-Schroedinger<\/a><span lang=\"PT-BR\"><br \/>\n<\/span><a href=\"https:\/\/sites.ifi.unicamp.br\/aguiar\/files\/2014\/02\/Evolucao-Pacote-Gauss.pdf\"><span lang=\"PT-BR\">Evolu\u00e7\u00e3o temporal de um estado Gaussiano<\/span><\/a><span lang=\"PT-BR\"><br \/>\n<\/span><a href=\"https:\/\/sites.ifi.unicamp.br\/aguiar\/files\/2014\/02\/Solucoes-Eq-Schroedinger.pdf\"><span lang=\"PT-BR\">Solu\u00e7\u00f5es da Equa\u00e7\u00e3o de Schroedinger<\/span><\/a><span lang=\"PT-BR\"><br \/>\n<\/span><a href=\"https:\/\/sites.ifi.unicamp.br\/aguiar\/files\/2014\/02\/Atomo-de-Hidrogenio.pdf\"><span lang=\"PT-BR\">O \u00e1tomo de Hidrog\u00eanio<\/span><\/a><\/p>\n<p><span style=\"color: #ff0000\"><b><span lang=\"PT-BR\">Outras refer\u00eancias e artigos:&nbsp; <\/span><\/b><\/span><span lang=\"PT-BR\"><br \/>\nIntroduction to Special Relativity &#8211; W. Rindler<br \/>\nEssential Relativity &#8211; W. RIndler<br \/>\n<a href=\"http:\/\/theoreticalminimum.com\/courses\/special-relativity-and-electrodynamics\/2012\/spring\">Aulas de Relatividade Restrita online de Leonard Susskind<\/a><\/span><b><span lang=\"PT-BR\"><br \/>\n<\/span><\/b><a title=\"ON THE ELECTRODYNAMICS OF MOVING BODIES\" href=\"https:\/\/sites.ifi.unicamp.br\/aguiar\/teach\/f-589\/notas-de-aulas\/on-the-electrodynamics-of-moving-bodies\/\"><span class=\"SpellE\"><span lang=\"PT-BR\">On<\/span><\/span><span lang=\"PT-BR\"> <span class=\"SpellE\">the<\/span> <span class=\"SpellE\">eletroctrodynamics<\/span> <span class=\"SpellE\">of<\/span> moving bodies &#8211; A. Einstein &#8211; 1905<\/span><\/a><span lang=\"PT-BR\"><br \/>\n<\/span><a href=\"https:\/\/sites.ifi.unicamp.br\/aguiar\/files\/2014\/02\/tonomura-1989.pdf\"><span lang=\"PT-BR\">Experi\u00eancia da fenda dupla com el\u00e9trons &#8211; <span class=\"SpellE\">Tonomura<\/span> <span class=\"GramE\">et<\/span> al, 1989<\/span><\/a><span lang=\"PT-BR\"><br \/>\n<\/span><a href=\"https:\/\/sites.ifi.unicamp.br\/aguiar\/files\/2014\/02\/c60article.pdf\"><span lang=\"PT-BR\">Experi\u00eancia da fenda dupla com \u00e1tomos C60 &#8211; <span class=\"SpellE\">Arndt<\/span> 1999<\/span><\/a><br \/>\n<a href=\"https:\/\/sites.ifi.unicamp.br\/aguiar\/files\/2014\/10\/m-angular.pdf\">Operadores de Momento Angular em Coordenadas Esf\u00e9ricas<\/a><\/p>","protected":false},"excerpt":{"rendered":"<p>A disciplina Estrutura da Mat\u00e9ria I trata da f\u00edsica desenvolvida entre os anos 1890 e 1930, aproximadamente, e \u00e9 uma introdu\u00e7\u00e3o \u00e0 Teoria da Relatividade Especial e \u00e0 Mec\u00e2nica Qu\u00e2ntica. Nesse per\u00edodo uma s\u00e9rie de experimentos monstraram que a f\u00edsica Newtoniana, agora chamada de F\u00edsica Cl\u00e1ssica, n\u00e3o era adequada para descrever nem o mundo microsc\u00f3pico &hellip; <\/p>\n<p><a class=\"more-link btn\" href=\"https:\/\/sites.ifi.unicamp.br\/aguiar\/teach\/f-589\/\">Continue lendo<\/a><\/p>\n","protected":false},"author":85,"featured_media":0,"parent":88,"menu_order":0,"comment_status":"closed","ping_status":"closed","template":"","meta":{"ngg_post_thumbnail":0,"footnotes":""},"class_list":["post-575","page","type-page","status-publish","hentry","nodate","item-wrap"],"_links":{"self":[{"href":"https:\/\/sites.ifi.unicamp.br\/aguiar\/wp-json\/wp\/v2\/pages\/575","targetHints":{"allow":["GET"]}}],"collection":[{"href":"https:\/\/sites.ifi.unicamp.br\/aguiar\/wp-json\/wp\/v2\/pages"}],"about":[{"href":"https:\/\/sites.ifi.unicamp.br\/aguiar\/wp-json\/wp\/v2\/types\/page"}],"author":[{"embeddable":true,"href":"https:\/\/sites.ifi.unicamp.br\/aguiar\/wp-json\/wp\/v2\/users\/85"}],"replies":[{"embeddable":true,"href":"https:\/\/sites.ifi.unicamp.br\/aguiar\/wp-json\/wp\/v2\/comments?post=575"}],"version-history":[{"count":139,"href":"https:\/\/sites.ifi.unicamp.br\/aguiar\/wp-json\/wp\/v2\/pages\/575\/revisions"}],"predecessor-version":[{"id":2961,"href":"https:\/\/sites.ifi.unicamp.br\/aguiar\/wp-json\/wp\/v2\/pages\/575\/revisions\/2961"}],"up":[{"embeddable":true,"href":"https:\/\/sites.ifi.unicamp.br\/aguiar\/wp-json\/wp\/v2\/pages\/88"}],"wp:attachment":[{"href":"https:\/\/sites.ifi.unicamp.br\/aguiar\/wp-json\/wp\/v2\/media?parent=575"}],"curies":[{"name":"wp","href":"https:\/\/api.w.org\/{rel}","templated":true}]}}