{"id":735,"date":"2014-10-30T16:53:09","date_gmt":"2014-10-30T16:53:09","guid":{"rendered":"https:\/\/sites.ifi.unicamp.br\/aguiar\/?page_id=735"},"modified":"2017-12-08T14:34:54","modified_gmt":"2017-12-08T14:34:54","slug":"fi001","status":"publish","type":"page","link":"https:\/\/sites.ifi.unicamp.br\/aguiar\/teach\/fi001\/","title":{"rendered":"FI001"},"content":{"rendered":"<p><strong>O curso de Mec\u00e2nica Qu\u00e2ntica I \u00e9 uma vers\u00e3o aprofundada dos cursos de mec\u00e2nica qu\u00e2ntica da gradua\u00e7\u00e3o.&nbsp; Seguiremos de perto o livro Modern Quantum Mechanics do Sakurai. O material principal consta dos quatro primeiros cap\u00edtulos, que somam 27 t\u00f3picos. Veremos ent\u00e3o, aproximadamente, um t\u00f3pico por aula. Embora muitos desses t\u00f3picos j\u00e1 tenham sido vistos pela maioria dos alunos durante os cursos de gradua\u00e7\u00e3o, haver\u00e1 v\u00e1rias novidades em termos de desenvolvimento te\u00f3rico, como o m\u00e9todo WKB, as integrais de caminho de Feynman e as transforma\u00e7\u00f5es de gauge. Mesmo os conceitos j\u00e1 conhecidos ser\u00e3o revistos com maior profundidade e sofistica\u00e7\u00e3o. As aulas ser\u00e3o ministradas de ter\u00e7as e quintas das 10h as 12h na sala IF14. Ser\u00e3o sugeridos v\u00e1rios exerc\u00edcios na forma de listas, que n\u00e3o dever\u00e3o ser entregues para corre\u00e7\u00e3o. Metade do conte\u00fado de cada uma das 3 provas estar\u00e1 contido nas listas. A nota final ser\u00e1 dada com base na m\u00e9dia aritm\u00e9tica&nbsp; das provas.<br \/>\n<\/strong><\/p>\n<p><strong>Livro texto e cap\u00edtulos a serem estudados:<\/strong><\/p>\n<p><span style=\"color: #ff0000\"><strong>Modern Quantum Mechanics, J.J. Sakurai<\/strong><\/span><\/p>\n<ul>\n<li>Fundamental concepts<\/li>\n<li>Quantum dynamics<\/li>\n<li>Theory of angular momentum<\/li>\n<li>Symmetry in quantum mechanics<\/li>\n<\/ul>\n<p>&nbsp;<\/p>\n<p><strong><a href=\"https:\/\/sites.ifi.unicamp.br\/aguiar\/files\/2014\/10\/programa-2s2107.pdf\"><span style=\"color: #993300\"><span style=\"color: #3366ff\">Programa do Curso<\/span><\/span><\/a><\/strong><\/p>\n<p><strong><span style=\"color: #ff0000\"><br \/>\nData das Provas:<br \/>\n<\/span><\/strong><span style=\"color: #ff0000\"><span style=\"color: #000000\">P1 &#8211; 19 de Setembro<\/span><\/span><span style=\"color: #ff0000\"><br \/>\n<span style=\"color: #000000\">P2 &#8211; 26 de Outubro<\/span><br \/>\n<\/span><span style=\"color: #ff0000\"><span style=\"color: #000000\">P3 &#8211; 05 de Dezembro<\/span><\/span><strong><span style=\"color: #ff0000\"><br \/>\n<\/span><\/strong><\/p>\n<p><a href=\"https:\/\/sites.ifi.unicamp.br\/aguiar\/files\/2014\/10\/notas-completas.pdf\"><strong>notas das provas<\/strong> <\/a><\/p>\n<p>Crit\u00e9rio de notas:&nbsp; A=[10.0,8.0];&nbsp; B=[7.9,6.5];&nbsp; C=[6.4,5.0]<\/p>\n<p>Mat\u00e9ria da Prova Substitutiva: cap.1 (inteiro); cap.2 (2.1 a 2.5); cap.3 (3.1, 3.2, 3.5-3.8); cap.4 (inteiro)<\/p>\n<p><span style=\"color: #ff0000\"><strong>Problemas do Sakurai<\/strong><\/span><\/p>\n<p><a href=\"https:\/\/sites.ifi.unicamp.br\/aguiar\/files\/2014\/10\/problemas-cap1.pdf\">problemas-cap1<\/a><br \/>\n<a href=\"https:\/\/sites.ifi.unicamp.br\/aguiar\/files\/2014\/10\/problemas-cap2.pdf\">problemas-cap2<\/a><br \/>\n<a href=\"https:\/\/sites.ifi.unicamp.br\/aguiar\/files\/2014\/10\/problemas-cap3.pdf\">problemas-cap3<\/a><br \/>\n<a href=\"https:\/\/sites.ifi.unicamp.br\/aguiar\/files\/2014\/10\/problemas-cap4.pdf\">problemas-cap4<\/a><\/p>\n<p>&nbsp;<\/p>\n<p><span style=\"color: #ff0000\"><strong>Listas de Exerc\u00edcios<\/strong><\/span><\/p>\n<p><a href=\"https:\/\/sites.ifi.unicamp.br\/aguiar\/files\/2014\/10\/fi001-lista0.pdf\">fi001-lista0<\/a> (revis\u00e3o)<br \/>\n<a href=\"https:\/\/sites.ifi.unicamp.br\/aguiar\/files\/2014\/10\/fi001-lista1.pdf\">fi001-lista1<br \/>\n<\/a><a href=\"https:\/\/sites.ifi.unicamp.br\/aguiar\/files\/2014\/10\/fi001-lista2.pdf\">fi001-lista2<br \/>\n<\/a><a href=\"https:\/\/sites.ifi.unicamp.br\/aguiar\/files\/2014\/10\/fi001-lista3.pdf\">fi001-lista3<\/a><a href=\"https:\/\/sites.ifi.unicamp.br\/aguiar\/files\/2014\/10\/fi001-lista4.pdf\"><br \/>\nfi001-lista4<\/a><br \/>\n<a href=\"https:\/\/sites.ifi.unicamp.br\/aguiar\/files\/2014\/10\/fi001-lista5.pdf\">fi001-lista5<\/a><br \/>\n<a href=\"https:\/\/sites.ifi.unicamp.br\/aguiar\/files\/2014\/10\/fi001-lista6.pdf\">fi001-lista6<\/a><\/p>\n<p>&nbsp;<\/p>\n<p><span style=\"color: #ff0000\"><strong>Notas de Aula<\/strong><\/span><\/p>\n<p><a href=\"https:\/\/sites.ifi.unicamp.br\/aguiar\/files\/2014\/10\/Capitulo1.pdf\">Cap\u00edtulo 1<\/a><\/p>\n<p>Cap\u00edtulo 2:&nbsp;&nbsp; <a href=\"https:\/\/sites.ifi.unicamp.br\/aguiar\/files\/2014\/10\/Capitulo2a.pdf\">parte A<\/a>&nbsp; e&nbsp;&nbsp; <a href=\"https:\/\/sites.ifi.unicamp.br\/aguiar\/files\/2014\/10\/Capitulo2b.pdf\">parte B<\/a><\/p>\n<p>Cap\u00edtulo 3:&nbsp;&nbsp; <a href=\"https:\/\/sites.ifi.unicamp.br\/aguiar\/files\/2014\/10\/capitulo3a.pdf\">parte A<\/a>, <a href=\"https:\/\/sites.ifi.unicamp.br\/aguiar\/files\/2014\/10\/capitulo3b.pdf\">parte B<\/a> e <a href=\"https:\/\/sites.ifi.unicamp.br\/aguiar\/files\/2014\/10\/capitulo3-app.pdf\">ap\u00eandices<\/a>-A-F <a href=\"https:\/\/sites.ifi.unicamp.br\/aguiar\/files\/2014\/10\/capitulo3-appG.pdf\">ap\u00eandice-G<\/a><\/p>\n<p><a href=\"https:\/\/sites.ifi.unicamp.br\/aguiar\/files\/2014\/10\/fi001-capitulo4.pdf\">Cap\u00edtulo 4<\/a><\/p>\n<p><a href=\"https:\/\/sites.ifi.unicamp.br\/aguiar\/files\/2014\/10\/pacote-gaussiano.pdf\">propaga\u00e7\u00e3o de um pacote gaussiano<\/a><\/p>\n<p><a href=\"https:\/\/sites.ifi.unicamp.br\/aguiar\/files\/2014\/10\/f689m-angular.pdf\">Operadores de Momento Angular em Coordenadas Esf\u00e9ricas<\/a><\/p>\n<p><a href=\"https:\/\/sites.ifi.unicamp.br\/aguiar\/files\/2014\/10\/top-mec-clas.pdf\">Hamiltoniana de uma part\u00edcula em um campo eletromagn\u00e9tico externo<\/a>: (veja itens 2.4 e 4.2)<\/p>\n<p><a href=\"https:\/\/sites.ifi.unicamp.br\/aguiar\/files\/2014\/10\/wkb.pdf\">Teoria WKB<\/a><\/p>\n<p><a href=\"https:\/\/sites.ifi.unicamp.br\/aguiar\/files\/2014\/10\/Wigner-Eckart.pdf\">Teorema de Wigner-Eckart<\/a><\/p>\n<p>&nbsp;<\/p>\n<p><strong>Livros de Apoio<\/strong>:<br \/>\nQuantum Mechanics;&nbsp; E. Merzbacher<br \/>\nQuantum Mechanics;&nbsp; L.I. Schiff<br \/>\nQuantum Mechanics; Cohen-Tannoudji et AL<br \/>\nQuantum Mechanics; A. Messiah<\/p>","protected":false},"excerpt":{"rendered":"<p>O curso de Mec\u00e2nica Qu\u00e2ntica I \u00e9 uma vers\u00e3o aprofundada dos cursos de mec\u00e2nica qu\u00e2ntica da gradua\u00e7\u00e3o.&nbsp; Seguiremos de perto o livro Modern Quantum Mechanics do Sakurai. O material principal consta dos quatro primeiros cap\u00edtulos, que somam 27 t\u00f3picos. Veremos ent\u00e3o, aproximadamente, um t\u00f3pico por aula. Embora muitos desses t\u00f3picos j\u00e1 tenham sido vistos pela &hellip; <\/p>\n<p><a class=\"more-link btn\" href=\"https:\/\/sites.ifi.unicamp.br\/aguiar\/teach\/fi001\/\">Continue lendo<\/a><\/p>\n","protected":false},"author":85,"featured_media":0,"parent":88,"menu_order":0,"comment_status":"open","ping_status":"open","template":"","meta":{"ngg_post_thumbnail":0,"footnotes":""},"class_list":["post-735","page","type-page","status-publish","hentry","nodate","item-wrap"],"_links":{"self":[{"href":"https:\/\/sites.ifi.unicamp.br\/aguiar\/wp-json\/wp\/v2\/pages\/735","targetHints":{"allow":["GET"]}}],"collection":[{"href":"https:\/\/sites.ifi.unicamp.br\/aguiar\/wp-json\/wp\/v2\/pages"}],"about":[{"href":"https:\/\/sites.ifi.unicamp.br\/aguiar\/wp-json\/wp\/v2\/types\/page"}],"author":[{"embeddable":true,"href":"https:\/\/sites.ifi.unicamp.br\/aguiar\/wp-json\/wp\/v2\/users\/85"}],"replies":[{"embeddable":true,"href":"https:\/\/sites.ifi.unicamp.br\/aguiar\/wp-json\/wp\/v2\/comments?post=735"}],"version-history":[{"count":51,"href":"https:\/\/sites.ifi.unicamp.br\/aguiar\/wp-json\/wp\/v2\/pages\/735\/revisions"}],"predecessor-version":[{"id":2089,"href":"https:\/\/sites.ifi.unicamp.br\/aguiar\/wp-json\/wp\/v2\/pages\/735\/revisions\/2089"}],"up":[{"embeddable":true,"href":"https:\/\/sites.ifi.unicamp.br\/aguiar\/wp-json\/wp\/v2\/pages\/88"}],"wp:attachment":[{"href":"https:\/\/sites.ifi.unicamp.br\/aguiar\/wp-json\/wp\/v2\/media?parent=735"}],"curies":[{"name":"wp","href":"https:\/\/api.w.org\/{rel}","templated":true}]}}