{"id":857,"date":"2014-10-30T17:48:49","date_gmt":"2014-10-30T17:48:49","guid":{"rendered":"https:\/\/sites.ifi.unicamp.br\/aguiar\/?page_id=857"},"modified":"2014-11-06T18:13:57","modified_gmt":"2014-11-06T18:13:57","slug":"f264","status":"publish","type":"page","link":"https:\/\/sites.ifi.unicamp.br\/aguiar\/teach\/f264\/","title":{"rendered":"FI264"},"content":{"rendered":"<p>&nbsp;<\/p>\n<p><b>O objetivo principal do curso de Caos em Sistema Hamiltonianos \u00e9 mostrar que a maioria dos sistemas din\u00e2micos apresentam comportamento ca\u00f3tico em alguma regi\u00e3o do seu espa\u00e7o de estados. Caos aparece como consequ\u00eancia natural da n\u00e3o integrabilidade das equa\u00e7\u00f5es diferenciais de Hamilton para sistemas com mais de um grau de liberdade. A integrabilidade, condi\u00e7\u00e3o para comportamento regular, \u00e9 rara, de medida zero. Neste curso estudaremos inicialmente os sistemas Hamiltonianos integr\u00e1veis, com \u00eanfase no Teorema de Arnold-Liouville. Desevolveremos ent\u00e3o a teoria de perturba\u00e7\u00e3o can\u00f4nica e trataremos a n\u00e3o integrabilidade perturbativamente, mostrando como regi\u00f5es fractais de movimento ca\u00f3tico infiltram-se pelo espa\u00e7o de fases levando gradativamente a uma total imprevisibilidade do movimento. Os t\u00f3picos a serem estudados s\u00e3o:<\/b><\/p>\n<ul>\n<li><b>Equa\u00e7\u00f5es de Lagrange e e Hamilton<\/b><\/li>\n<li><b>Tranforma\u00e7\u00f5es can\u00f4nicas<\/b><\/li>\n<li><b>Os teoremas de Liouville e Poincar\u00e9<\/b><\/li>\n<li><b>O teorema de integrabilidade de Arnold-Liouville<\/b><\/li>\n<li><b>Teoria de perturba\u00e7\u00e3o e o Teorema KAM<\/b><\/li>\n<li><b>Aplica\u00e7\u00f5es: falhas nos an\u00e9is de Saturno e no cintur\u00e3o de aster\u00f3ides<\/b><\/li>\n<li><b>O Teorema de Poincar\u00e9-Birkhoff<\/b><\/li>\n<li><b>Caos: emaranhados homocl\u00ednicos e o Mapa da Ferradura de Smale.<\/b><\/li>\n<\/ul>\n<p><b><b>Livros de Apoio<\/b>:<br \/>\nClassical mechanics;\u00a0 H. Goldstein<br \/>\nThe variational principles of mechanics;\u00a0 C. Lancsos<br \/>\nMathematical Methods of Classical Mechanics;\u00a0 V.I. Arnold<br \/>\nRegular and stochastic motion;\u00a0A.J. Lichtenberg e M.A. Lieberman<br \/>\nChaos in dynamical systems;\u00a0E. Ott<br \/>\nChaos in classical and quantum mechanics;\u00a0M. Gutzwiller <b>Notas de Aula na Biblioteca<\/b><\/b><\/p>\n<p>&nbsp;<\/p>","protected":false},"excerpt":{"rendered":"<p>&nbsp; O objetivo principal do curso de Caos em Sistema Hamiltonianos \u00e9 mostrar que a maioria dos sistemas din\u00e2micos apresentam comportamento ca\u00f3tico em alguma regi\u00e3o do seu espa\u00e7o de estados. Caos aparece como consequ\u00eancia natural da n\u00e3o integrabilidade das equa\u00e7\u00f5es diferenciais de Hamilton para sistemas com mais de um grau de liberdade. A integrabilidade, condi\u00e7\u00e3o &hellip; <\/p>\n<p><a class=\"more-link btn\" href=\"https:\/\/sites.ifi.unicamp.br\/aguiar\/teach\/f264\/\">Continue lendo<\/a><\/p>\n","protected":false},"author":74,"featured_media":0,"parent":88,"menu_order":0,"comment_status":"open","ping_status":"open","template":"","meta":{"ngg_post_thumbnail":0,"footnotes":""},"class_list":["post-857","page","type-page","status-publish","hentry","nodate","item-wrap"],"_links":{"self":[{"href":"https:\/\/sites.ifi.unicamp.br\/aguiar\/wp-json\/wp\/v2\/pages\/857","targetHints":{"allow":["GET"]}}],"collection":[{"href":"https:\/\/sites.ifi.unicamp.br\/aguiar\/wp-json\/wp\/v2\/pages"}],"about":[{"href":"https:\/\/sites.ifi.unicamp.br\/aguiar\/wp-json\/wp\/v2\/types\/page"}],"author":[{"embeddable":true,"href":"https:\/\/sites.ifi.unicamp.br\/aguiar\/wp-json\/wp\/v2\/users\/74"}],"replies":[{"embeddable":true,"href":"https:\/\/sites.ifi.unicamp.br\/aguiar\/wp-json\/wp\/v2\/comments?post=857"}],"version-history":[{"count":6,"href":"https:\/\/sites.ifi.unicamp.br\/aguiar\/wp-json\/wp\/v2\/pages\/857\/revisions"}],"predecessor-version":[{"id":1139,"href":"https:\/\/sites.ifi.unicamp.br\/aguiar\/wp-json\/wp\/v2\/pages\/857\/revisions\/1139"}],"up":[{"embeddable":true,"href":"https:\/\/sites.ifi.unicamp.br\/aguiar\/wp-json\/wp\/v2\/pages\/88"}],"wp:attachment":[{"href":"https:\/\/sites.ifi.unicamp.br\/aguiar\/wp-json\/wp\/v2\/media?parent=857"}],"curies":[{"name":"wp","href":"https:\/\/api.w.org\/{rel}","templated":true}]}}