{"id":2,"date":"2011-07-21T19:46:00","date_gmt":"2011-07-21T22:46:00","guid":{"rendered":"https:\/\/sites.ifi.unicamp.br\/alegre\/?page_id=2"},"modified":"2020-07-07T11:36:25","modified_gmt":"2020-07-07T14:36:25","slug":"about","status":"publish","type":"page","link":"https:\/\/sites.ifi.unicamp.br\/alegre\/about\/","title":{"rendered":"SOBRE"},"content":{"rendered":"<p><a href=\"https:\/\/sites.ifi.unicamp.br\/alegre\/files\/2011\/07\/thiago1.jpg\"><img loading=\"lazy\" decoding=\"async\" class=\"alignleft size-medium wp-image-46\" src=\"https:\/\/sites.ifi.unicamp.br\/alegre\/files\/2011\/07\/thiago1-300x207.jpg\" alt=\"\" width=\"300\" height=\"207\" srcset=\"https:\/\/sites.ifi.unicamp.br\/alegre\/files\/2011\/07\/thiago1-300x207.jpg 300w, https:\/\/sites.ifi.unicamp.br\/alegre\/files\/2011\/07\/thiago1.jpg 800w\" sizes=\"auto, (max-width: 300px) 100vw, 300px\" \/><\/a><\/p>\n<p>Me formei Doutor em Ci\u00eancias (2008) e Bacharel em F\u00edsica pela <a href=\"http:\/\/www.unicamp.br\" target=\"_blank\" rel=\"noopener noreferrer\">Universidade Estadual de Campinas<\/a> (2003) e P\u00f3s-Doutor pelo California Institute of Technology (<a href=\"http:\/\/caltech.edu\" target=\"_blank\" rel=\"noopener noreferrer\">Caltech<\/a>). Atualmente sou Professor Associado (MS-3) na Universidade Estadual de Campinas. Sou tamb\u00e9m membro da Sociedade Brasileira de F\u00edsica e da American Physical Society. Possuo experi\u00eancia na \u00e1rea de F\u00edsica com enf\u00e2se em micro- e nano-cavidades \u00f3pticas, intera\u00e7\u00f5es optomec\u00e2nicas e sistemas nanoestruturados.<\/p>\n<p><span style=\"text-decoration: underline\"><strong>Contato:<\/strong><\/span><\/p>\n<p>Thiago Alegre<br \/>\nProfessor Assistente &#8211; MS3<br \/>\nDepartamento de F\u00edsica Aplicada &#8211; DFA\/IFGW<br \/>\nUniversidade Estadual de Campinas<br \/>\nCEP:13083-859 &#8211; Campinas\/SP &#8211; Brasil<br \/>\ne-mail: <a href=\"mailto:alegre@ifi.unicamp.br\" target=\"_blank\" rel=\"noopener noreferrer\">alegre@ifi.unicamp.br<\/a><br \/>\nfone: +55 (19) 3521-5345<br \/>\ncurriculum: <a href=\"http:\/\/lattes.cnpq.br\/2100652456671568\" target=\"_blank\" rel=\"noopener noreferrer\">lattes<\/a><\/p>\n<h3>Related Images:<\/h3>","protected":false},"excerpt":{"rendered":"<p>Me formei Doutor em Ci\u00eancias (2008) e Bacharel em F\u00edsica pela Universidade Estadual de Campinas (2003) e P\u00f3s-Doutor pelo California Institute of Technology (Caltech). Atualmente sou Professor Associado (MS-3) na Universidade Estadual de Campinas. Sou tamb\u00e9m membro da Sociedade Brasileira de F\u00edsica e da American Physical Society. Possuo experi\u00eancia na \u00e1rea de F\u00edsica com enf\u00e2se &hellip; <\/p>\n<p><a class=\"more-link btn\" href=\"https:\/\/sites.ifi.unicamp.br\/alegre\/about\/\">Continue lendo<\/a><\/p>\n","protected":false},"author":19,"featured_media":0,"parent":0,"menu_order":1,"comment_status":"closed","ping_status":"closed","template":"","meta":{"ngg_post_thumbnail":0,"footnotes":""},"class_list":["post-2","page","type-page","status-publish","hentry","nodate","item-wrap"],"_links":{"self":[{"href":"https:\/\/sites.ifi.unicamp.br\/alegre\/wp-json\/wp\/v2\/pages\/2","targetHints":{"allow":["GET"]}}],"collection":[{"href":"https:\/\/sites.ifi.unicamp.br\/alegre\/wp-json\/wp\/v2\/pages"}],"about":[{"href":"https:\/\/sites.ifi.unicamp.br\/alegre\/wp-json\/wp\/v2\/types\/page"}],"author":[{"embeddable":true,"href":"https:\/\/sites.ifi.unicamp.br\/alegre\/wp-json\/wp\/v2\/users\/19"}],"replies":[{"embeddable":true,"href":"https:\/\/sites.ifi.unicamp.br\/alegre\/wp-json\/wp\/v2\/comments?post=2"}],"version-history":[{"count":21,"href":"https:\/\/sites.ifi.unicamp.br\/alegre\/wp-json\/wp\/v2\/pages\/2\/revisions"}],"predecessor-version":[{"id":280,"href":"https:\/\/sites.ifi.unicamp.br\/alegre\/wp-json\/wp\/v2\/pages\/2\/revisions\/280"}],"wp:attachment":[{"href":"https:\/\/sites.ifi.unicamp.br\/alegre\/wp-json\/wp\/v2\/media?parent=2"}],"curies":[{"name":"wp","href":"https:\/\/api.w.org\/{rel}","templated":true}]}}