{"id":94,"date":"2014-01-06T16:08:16","date_gmt":"2014-01-06T16:08:16","guid":{"rendered":"https:\/\/sites.ifi.unicamp.br\/modelodocente\/?page_id=77"},"modified":"2014-02-28T13:17:00","modified_gmt":"2014-02-28T13:17:00","slug":"quem-sou","status":"publish","type":"page","link":"https:\/\/sites.ifi.unicamp.br\/alvarez\/","title":{"rendered":"Quem sou"},"content":{"rendered":"<p><img loading=\"lazy\" decoding=\"async\" class=\"wp-image-114 alignleft\" alt=\"Image3\" src=\"https:\/\/sites.ifi.unicamp.br\/alvarez\/files\/2014\/01\/Image3.gif\" width=\"245\" height=\"161\" \/><\/p>\n<p>F Alvarez possui Mestrado em F\u00edsica ( Universidad de Buenos Aires , Argentina, 1972). De 1973 a 1976, o Prof Alvarez trabalhou em P &amp; D em microeletr\u00f4nica no Instituto Nacional de Tecnologia Indutrial , Buenos Aires, Argentina. Em 1980, ele obteve um Ph.D. licenciatura em f\u00edsica da Universidade de Delaware, EUA . De 1980 &#8211; 1982 , ele estava no Instituto de Convers\u00e3o de Energia , EUA , trabalhando em R &amp; D em sil\u00edcio amorfo hidrogenado para aplica\u00e7\u00f5es fotovoltaicas . Desde 1983 ele est\u00e1 trabalhando no Laborat\u00f3rio de Fotovoltaica Research, Instituto de F\u00edsica , Universidade Estadual de Campinas (UNICAMP) , no Brasil e em 1999 torna-se professor titular . De 1992 a 1994 foi presidente do Departamento de F\u00edsica Aplicada. Ele foi pesquisador visitante Dipartimento de F\u00edsica , Universit\u00e1 degli studi di Roma , Universit\u00e1 di Roma , It\u00e1lia (1990-1991) . Durante o inverno 2004, o Prof Alvarez foi professor visitante no Institut des Mat\u00e9riaux Jean Rouxel , Laboratoire des Plasmas et des Sof\u00e1s pica , da Universidade de Nantes , na Fran\u00e7a. Em 1983, ele come\u00e7ou os estudos de semicondutores amorfos depositados por processos Glow Discharge para aplica\u00e7\u00f5es fotovoltaicas e microeletr\u00f4nicos . A maioria de sua carreira t<\/p>\n<p>em sido dedicada \u00e0 I &amp; D de ci\u00eancia dos materiais e f\u00edsica dispositivo eletr\u00f4nico, semicondutores amorfos particularmente , c\u00e9lulas solares , e revestimentos duros . Nos \u00faltimos anos , o professor Alvarez ampliou seus interesses \u00e0 espectroscopia de el\u00e9trons ( XPS, UPS) e em estudos in situ de materiais depositados por dupla Ion Beam Deposition assistido ( DIBAD ) . Prof Alvarez \u00e9 autor ou co- autor de mais de 80 publica\u00e7\u00f5es cient\u00edficas. Em 2001, o Prof Alvarez em colabora\u00e7\u00e3o com o Prof D. Wisnivesky iniciou um projeto apoiado pela Funda\u00e7\u00e3o de Amparo a Pesquisa do Estado de S\u00e3o Paulo ( FAPESP) \/ EATON , Divis\u00e3o de Transmiss\u00e3o , Brasil, envolvendo tratamentos de a\u00e7o por nitreta\u00e7\u00e3o a plasma pulsado ( Laborat\u00f3rio de Ionic Implanta\u00e7\u00e3o e Tratamento de Superf\u00edcies , Plasma- LIITS ) . Ele \u00e9 membro da Conselho Nacional de Pesquisa (CNPq) , membro da American Physical Society e da Sociedade Brasileira de F\u00edsica . Em mar\u00e7o de 2000 , o Prof Alvarez obteve o pr\u00eamio &#8221; Zeferino Vaz de Excel\u00eancia Acad\u00eamica &#8221; , UNICAMP. Professor Alvarez foi um dos organizadores da confer\u00eancia XX Internacional sobre semicondutores amorfos e microcristalinas, Campos de Jord\u00e3o , S\u00e3o Paulo, Brasil , August 25-29, 2003 ( http:\/\/www.icams20.org\/ ) .<\/p>","protected":false},"excerpt":{"rendered":"<p>F Alvarez possui Mestrado em F\u00edsica ( Universidad de Buenos Aires , Argentina, 1972). De 1973 a 1976, o Prof Alvarez trabalhou em P &amp; D em microeletr\u00f4nica no Instituto Nacional de Tecnologia Indutrial , Buenos Aires, Argentina. Em 1980, ele obteve um Ph.D. licenciatura em f\u00edsica da Universidade de Delaware, EUA . De 1980 &hellip; <\/p>\n<p><a class=\"more-link btn\" href=\"https:\/\/sites.ifi.unicamp.br\/alvarez\/\">Continue lendo<\/a><\/p>\n","protected":false},"author":1,"featured_media":0,"parent":0,"menu_order":0,"comment_status":"open","ping_status":"open","template":"","meta":{"ngg_post_thumbnail":0,"footnotes":""},"class_list":["post-94","page","type-page","status-publish","hentry","nodate","item-wrap"],"_links":{"self":[{"href":"https:\/\/sites.ifi.unicamp.br\/alvarez\/wp-json\/wp\/v2\/pages\/94","targetHints":{"allow":["GET"]}}],"collection":[{"href":"https:\/\/sites.ifi.unicamp.br\/alvarez\/wp-json\/wp\/v2\/pages"}],"about":[{"href":"https:\/\/sites.ifi.unicamp.br\/alvarez\/wp-json\/wp\/v2\/types\/page"}],"author":[{"embeddable":true,"href":"https:\/\/sites.ifi.unicamp.br\/alvarez\/wp-json\/wp\/v2\/users\/1"}],"replies":[{"embeddable":true,"href":"https:\/\/sites.ifi.unicamp.br\/alvarez\/wp-json\/wp\/v2\/comments?post=94"}],"version-history":[{"count":4,"href":"https:\/\/sites.ifi.unicamp.br\/alvarez\/wp-json\/wp\/v2\/pages\/94\/revisions"}],"predecessor-version":[{"id":170,"href":"https:\/\/sites.ifi.unicamp.br\/alvarez\/wp-json\/wp\/v2\/pages\/94\/revisions\/170"}],"wp:attachment":[{"href":"https:\/\/sites.ifi.unicamp.br\/alvarez\/wp-json\/wp\/v2\/media?parent=94"}],"curies":[{"name":"wp","href":"https:\/\/api.w.org\/{rel}","templated":true}]}}