{"id":136,"date":"2014-02-17T19:32:49","date_gmt":"2014-02-17T19:32:49","guid":{"rendered":"https:\/\/sites.ifi.unicamp.br\/apgf\/?page_id=136"},"modified":"2024-07-10T15:13:13","modified_gmt":"2024-07-10T18:13:13","slug":"diretoria","status":"publish","type":"page","link":"https:\/\/sites.ifi.unicamp.br\/apgf\/pb\/diretoria\/","title":{"rendered":"Diretoria"},"content":{"rendered":"<p><\/p>\n<p class=\"MsoNormal\" style=\"margin-bottom: 0.0001pt;line-height: normal;text-align: center\">A atual diretoria da APGF (2024-2025) \u00e9 composta pelos seguintes membros<\/p>\n<table style=\"border-collapse: collapse;width: 100%\">\n<tbody>\n<tr>\n<td style=\"width: 100%;text-align: center\"><strong>Presidente<\/strong><\/td>\n<\/tr>\n<tr>\n<td style=\"width: 100%;text-align: center\">Mirela Rodrigues Valentim<\/td>\n<\/tr>\n<tr>\n<td style=\"width: 100%;text-align: center\"><strong>Vice-Presidente<\/strong><\/td>\n<\/tr>\n<tr>\n<td style=\"width: 100%;text-align: center\"><span style=\"font-weight: 400\">Arthur Kenzo Feltrin Iwakami<\/span><\/td>\n<\/tr>\n<tr>\n<td style=\"width: 100%;text-align: center\"><strong>Tesoureiros<\/strong><\/td>\n<\/tr>\n<tr>\n<td style=\"width: 100%;text-align: center\">Sara Fernanda de Jesus Mion<\/p>\n<p>Kayman Jhosef Carvalho Gon\u00e7alves<\/td>\n<\/tr>\n<tr>\n<td style=\"width: 100%;text-align: center\"><strong>Secret\u00e1rios<\/strong><\/td>\n<\/tr>\n<tr>\n<td style=\"width: 100%;text-align: center\">Miqu\u00e9ias Jacinto Cirino<\/p>\n<p>Pedro Rangel Caetano<\/td>\n<\/tr>\n<\/tbody>\n<\/table>\n<p><\/p>","protected":false},"excerpt":{"rendered":"<p>A atual diretoria da APGF (2024-2025) \u00e9 composta pelos seguintes membros Presidente Mirela Rodrigues Valentim Vice-Presidente Arthur Kenzo Feltrin Iwakami Tesoureiros Sara Fernanda de Jesus Mion Kayman Jhosef Carvalho Gon\u00e7alves Secret\u00e1rios Miqu\u00e9ias Jacinto Cirino Pedro Rangel Caetano<\/p>\n","protected":false},"author":150,"featured_media":0,"parent":0,"menu_order":1,"comment_status":"closed","ping_status":"closed","template":"","meta":{"ngg_post_thumbnail":0,"footnotes":""},"class_list":["post-136","page","type-page","status-publish","hentry","nodate","item-wrap"],"_links":{"self":[{"href":"https:\/\/sites.ifi.unicamp.br\/apgf\/pb\/wp-json\/wp\/v2\/pages\/136","targetHints":{"allow":["GET"]}}],"collection":[{"href":"https:\/\/sites.ifi.unicamp.br\/apgf\/pb\/wp-json\/wp\/v2\/pages"}],"about":[{"href":"https:\/\/sites.ifi.unicamp.br\/apgf\/pb\/wp-json\/wp\/v2\/types\/page"}],"author":[{"embeddable":true,"href":"https:\/\/sites.ifi.unicamp.br\/apgf\/pb\/wp-json\/wp\/v2\/users\/150"}],"replies":[{"embeddable":true,"href":"https:\/\/sites.ifi.unicamp.br\/apgf\/pb\/wp-json\/wp\/v2\/comments?post=136"}],"version-history":[{"count":18,"href":"https:\/\/sites.ifi.unicamp.br\/apgf\/pb\/wp-json\/wp\/v2\/pages\/136\/revisions"}],"predecessor-version":[{"id":295,"href":"https:\/\/sites.ifi.unicamp.br\/apgf\/pb\/wp-json\/wp\/v2\/pages\/136\/revisions\/295"}],"wp:attachment":[{"href":"https:\/\/sites.ifi.unicamp.br\/apgf\/pb\/wp-json\/wp\/v2\/media?parent=136"}],"curies":[{"name":"wp","href":"https:\/\/api.w.org\/{rel}","templated":true}]}}