{"id":205,"date":"2018-06-25T19:04:07","date_gmt":"2018-06-25T19:04:07","guid":{"rendered":"https:\/\/sites.ifi.unicamp.br\/apgf\/?page_id=205"},"modified":"2022-08-02T12:53:10","modified_gmt":"2022-08-02T15:53:10","slug":"a-apgf","status":"publish","type":"page","link":"https:\/\/sites.ifi.unicamp.br\/apgf\/pb\/","title":{"rendered":"A APGF"},"content":{"rendered":"<p>A APGF ( Associa\u00e7\u00e3o de P\u00f3s-Graduandos em F\u00edsica) \u00e9 o \u00f3rg\u00e3o de representa\u00e7\u00e3o dos alunos de p\u00f3s gradua\u00e7\u00e3o em f\u00edsica junto a \u00f3rg\u00e3os superiores da Unicamp. Com isso, levamos a estes nossas reivindica\u00e7\u00f5es, opini\u00f5es e fazemos requerimentos de nossos direitos.<\/p>\n<p>Dentre nossas fun\u00e7\u00f5es, destacamos a disponibiliza\u00e7\u00e3o de verba para aux\u00edlios dos alunos da p\u00f3s gradua\u00e7\u00e3o em f\u00edsica participarem de congressos, escolas e trabalhos de campo, seja nacional ou internacional. Al\u00e9m disso, procuramos ser um \u00f3rg\u00e3o que busca promover a intera\u00e7\u00e3o entre alunos da p\u00f3s gradua\u00e7\u00e3o, atrav\u00e9s da organiza\u00e7\u00e3o de eventos, reuni\u00f5es ou assembleias.&nbsp;<\/p>\n<p>Voc\u00ea pode conferir o estatuto da APGF <a href=\"https:\/\/sites.ifi.unicamp.br\/apgf\/files\/2014\/02\/estatutofinal.pdf\">neste link .<\/a><\/p>\n<p>Informes e atualiza\u00e7\u00f5es s\u00e3o passadas nas redes sociais oficiais da APGF:&nbsp;<\/p>\n<p>Instagram: <a href=\"https:\/\/www.instagram.com\/apgfdir\/\" target=\"_blank\" rel=\"noopener\">@apgfdir<\/a><\/p>\n<p>Facebook:&nbsp;<a href=\"https:\/\/www.facebook.com\/APGF-Unicamp-108904554235695\" target=\"_blank\" rel=\"noopener\">APGF Unicamp<\/a><\/p>\n<p>Twitter: <a href=\"https:\/\/twitter.com\/APGFisica\" target=\"_blank\" rel=\"noopener\">@APGFisica<\/a><\/p>\n<p>&nbsp;<\/p>","protected":false},"excerpt":{"rendered":"<p>A APGF ( Associa\u00e7\u00e3o de P\u00f3s-Graduandos em F\u00edsica) \u00e9 o \u00f3rg\u00e3o de representa\u00e7\u00e3o dos alunos de p\u00f3s gradua\u00e7\u00e3o em f\u00edsica junto a \u00f3rg\u00e3os superiores da Unicamp. Com isso, levamos a estes nossas reivindica\u00e7\u00f5es, opini\u00f5es e fazemos requerimentos de nossos direitos. Dentre nossas fun\u00e7\u00f5es, destacamos a disponibiliza\u00e7\u00e3o de verba para aux\u00edlios dos alunos da p\u00f3s gradua\u00e7\u00e3o &hellip; <\/p>\n<p><a class=\"more-link btn\" href=\"https:\/\/sites.ifi.unicamp.br\/apgf\/pb\/\">Continue lendo<\/a><\/p>\n","protected":false},"author":172,"featured_media":0,"parent":0,"menu_order":0,"comment_status":"closed","ping_status":"closed","template":"","meta":{"ngg_post_thumbnail":0,"footnotes":""},"class_list":["post-205","page","type-page","status-publish","hentry","nodate","item-wrap"],"_links":{"self":[{"href":"https:\/\/sites.ifi.unicamp.br\/apgf\/pb\/wp-json\/wp\/v2\/pages\/205","targetHints":{"allow":["GET"]}}],"collection":[{"href":"https:\/\/sites.ifi.unicamp.br\/apgf\/pb\/wp-json\/wp\/v2\/pages"}],"about":[{"href":"https:\/\/sites.ifi.unicamp.br\/apgf\/pb\/wp-json\/wp\/v2\/types\/page"}],"author":[{"embeddable":true,"href":"https:\/\/sites.ifi.unicamp.br\/apgf\/pb\/wp-json\/wp\/v2\/users\/172"}],"replies":[{"embeddable":true,"href":"https:\/\/sites.ifi.unicamp.br\/apgf\/pb\/wp-json\/wp\/v2\/comments?post=205"}],"version-history":[{"count":10,"href":"https:\/\/sites.ifi.unicamp.br\/apgf\/pb\/wp-json\/wp\/v2\/pages\/205\/revisions"}],"predecessor-version":[{"id":269,"href":"https:\/\/sites.ifi.unicamp.br\/apgf\/pb\/wp-json\/wp\/v2\/pages\/205\/revisions\/269"}],"wp:attachment":[{"href":"https:\/\/sites.ifi.unicamp.br\/apgf\/pb\/wp-json\/wp\/v2\/media?parent=205"}],"curies":[{"name":"wp","href":"https:\/\/api.w.org\/{rel}","templated":true}]}}