{"id":84,"date":"2013-12-06T12:23:58","date_gmt":"2013-12-06T12:23:58","guid":{"rendered":"https:\/\/sites.ifi.unicamp.br\/modelo\/?page_id=26"},"modified":"2014-01-13T11:04:24","modified_gmt":"2014-01-13T11:04:24","slug":"research","status":"publish","type":"page","link":"https:\/\/sites.ifi.unicamp.br\/araujo\/research\/","title":{"rendered":"Pesquisa"},"content":{"rendered":"<p>F\u00edsica At\u00f4mica e Molecular, especialmente resfriamento e aprisionamento de \u00e1tomos neutros em armadilhas magneto-\u00f3pticas e fen\u00f4menos ultra-r\u00e1pidos. Os t\u00f3picos espec\u00edficos incluem: espectroscopia de \u00e1tomos frios, cria\u00e7\u00e3o de estados n\u00e3o-cl\u00e1ssicos em mol\u00e9culas diat\u00f4micas e \u00e1tomos de Rydberg, particularmente a excita\u00e7\u00e3o e controle qu\u00e2ntico da din\u00e2mica de pacotes de onda vibracionais e eletr\u00f4nicas; transpar\u00eancia eletromagneticamente induzida (EIT) em vapor at\u00f4mico.<\/p>\n<p>Os projetos atuais incluem a investiga\u00e7\u00e3o de acumula\u00e7\u00e3o coerente de excita\u00e7\u00e3o de mol\u00e9culas diat\u00f4micas por um trem de pulsos ultracurtos, EIT de um trem de pulsos ultracurtos, eletromagneticamente induzida fase ralar, e \u00f3ptica n\u00e3o-linear em n\u00edveis baixos de luz.<\/p>","protected":false},"excerpt":{"rendered":"<p>F\u00edsica At\u00f4mica e Molecular, especialmente resfriamento e aprisionamento de \u00e1tomos neutros em armadilhas magneto-\u00f3pticas e fen\u00f4menos ultra-r\u00e1pidos. Os t\u00f3picos espec\u00edficos incluem: espectroscopia de \u00e1tomos frios, cria\u00e7\u00e3o de estados n\u00e3o-cl\u00e1ssicos em mol\u00e9culas diat\u00f4micas e \u00e1tomos de Rydberg, particularmente a excita\u00e7\u00e3o e controle qu\u00e2ntico da din\u00e2mica de pacotes de onda vibracionais e eletr\u00f4nicas; transpar\u00eancia eletromagneticamente induzida (EIT) &hellip; <\/p>\n<p><a class=\"more-link btn\" href=\"https:\/\/sites.ifi.unicamp.br\/araujo\/research\/\">Continue lendo<\/a><\/p>\n","protected":false},"author":58,"featured_media":0,"parent":0,"menu_order":1,"comment_status":"closed","ping_status":"closed","template":"","meta":{"ngg_post_thumbnail":0,"footnotes":""},"class_list":["post-84","page","type-page","status-publish","hentry","nodate","item-wrap"],"_links":{"self":[{"href":"https:\/\/sites.ifi.unicamp.br\/araujo\/wp-json\/wp\/v2\/pages\/84","targetHints":{"allow":["GET"]}}],"collection":[{"href":"https:\/\/sites.ifi.unicamp.br\/araujo\/wp-json\/wp\/v2\/pages"}],"about":[{"href":"https:\/\/sites.ifi.unicamp.br\/araujo\/wp-json\/wp\/v2\/types\/page"}],"author":[{"embeddable":true,"href":"https:\/\/sites.ifi.unicamp.br\/araujo\/wp-json\/wp\/v2\/users\/58"}],"replies":[{"embeddable":true,"href":"https:\/\/sites.ifi.unicamp.br\/araujo\/wp-json\/wp\/v2\/comments?post=84"}],"version-history":[{"count":3,"href":"https:\/\/sites.ifi.unicamp.br\/araujo\/wp-json\/wp\/v2\/pages\/84\/revisions"}],"predecessor-version":[{"id":120,"href":"https:\/\/sites.ifi.unicamp.br\/araujo\/wp-json\/wp\/v2\/pages\/84\/revisions\/120"}],"wp:attachment":[{"href":"https:\/\/sites.ifi.unicamp.br\/araujo\/wp-json\/wp\/v2\/media?parent=84"}],"curies":[{"name":"wp","href":"https:\/\/api.w.org\/{rel}","templated":true}]}}