{"id":87,"date":"2013-12-06T11:56:43","date_gmt":"2013-12-06T11:56:43","guid":{"rendered":"https:\/\/sites.ifi.unicamp.br\/padraoteste\/?page_id=28"},"modified":"2014-02-26T13:26:34","modified_gmt":"2014-02-26T13:26:34","slug":"publicacoes","status":"publish","type":"page","link":"https:\/\/sites.ifi.unicamp.br\/araujo\/publicacoes\/","title":{"rendered":"Publica\u00e7\u00f5es"},"content":{"rendered":"<p>Para visualiza\u00e7\u00e3o das publica\u00e7\u00f5es e do curriculum, acesse o link abaixo.<\/p>\n<p><a href=\"http:\/\/lattes.cnpq.br\/8540608010444761\" target=\"_blank\">Curriculum Lattes<\/a><\/p>","protected":false},"excerpt":{"rendered":"<p>Para visualiza\u00e7\u00e3o das publica\u00e7\u00f5es e do curriculum, acesse o link abaixo. Curriculum Lattes<\/p>\n","protected":false},"author":58,"featured_media":0,"parent":0,"menu_order":1,"comment_status":"open","ping_status":"open","template":"","meta":{"ngg_post_thumbnail":0,"footnotes":""},"class_list":["post-87","page","type-page","status-publish","hentry","nodate","item-wrap"],"_links":{"self":[{"href":"https:\/\/sites.ifi.unicamp.br\/araujo\/wp-json\/wp\/v2\/pages\/87","targetHints":{"allow":["GET"]}}],"collection":[{"href":"https:\/\/sites.ifi.unicamp.br\/araujo\/wp-json\/wp\/v2\/pages"}],"about":[{"href":"https:\/\/sites.ifi.unicamp.br\/araujo\/wp-json\/wp\/v2\/types\/page"}],"author":[{"embeddable":true,"href":"https:\/\/sites.ifi.unicamp.br\/araujo\/wp-json\/wp\/v2\/users\/58"}],"replies":[{"embeddable":true,"href":"https:\/\/sites.ifi.unicamp.br\/araujo\/wp-json\/wp\/v2\/comments?post=87"}],"version-history":[{"count":4,"href":"https:\/\/sites.ifi.unicamp.br\/araujo\/wp-json\/wp\/v2\/pages\/87\/revisions"}],"predecessor-version":[{"id":133,"href":"https:\/\/sites.ifi.unicamp.br\/araujo\/wp-json\/wp\/v2\/pages\/87\/revisions\/133"}],"wp:attachment":[{"href":"https:\/\/sites.ifi.unicamp.br\/araujo\/wp-json\/wp\/v2\/media?parent=87"}],"curies":[{"name":"wp","href":"https:\/\/api.w.org\/{rel}","templated":true}]}}