{"id":166,"date":"2013-12-20T13:46:03","date_gmt":"2013-12-20T13:46:03","guid":{"rendered":"https:\/\/sites.ifi.unicamp.br\/asiervo\/?page_id=166"},"modified":"2025-01-01T15:20:54","modified_gmt":"2025-01-01T15:20:54","slug":"colaboracoes","status":"publish","type":"page","link":"https:\/\/sites.ifi.unicamp.br\/asiervo\/colaboracoes\/","title":{"rendered":"Colaboradores"},"content":{"rendered":"<p>&nbsp;<\/p>\n<ol>\n<li><strong>Isabela da Costa Tonon:<\/strong><em> <a href=\"https:\/\/sites.ifi.unicamp.br\/asiervo\/research\/projetos\/2d-materials\/\">&#8220;Crescimento e caracteriza\u00e7\u00e3o de monocamada de HfS2 sobre monocristais met\u00e1licos&#8221;<\/a><\/em>. (Doutorado em F\u00edsica). Bolsa&nbsp; CAPES. In\u00edcio 01\/08\/2021.&nbsp;<\/li>\n<li><strong>Vanessa Carre\u00f1o Diaz:<\/strong> &#8220;Desvendando a Estrutura Eletr\u00f4nica e Magn\u00e9tica de Redes Artificiais de Spin Organomet\u00e1licas&#8221; (Doutorado em F\u00edsica Aplicada). Bolsa CAPES. In\u00edcio 01\/03\/2022.&nbsp;<\/li>\n<li><strong>Iago A\u00e9don Silva Prior:&nbsp;<\/strong>&#8220;Crescimento e caracteriza\u00e7\u00e3o de filmes ultrafinos de ZnS sobre Ag(111)&#8221; (Mestrado em F\u00edsica). Bolsa CNPq. In\u00edcio 01\/03\/2022.&nbsp;<\/li>\n<li><strong>Eidsa Brenda da Costa Ferreira:<\/strong> &#8220;Desvendando a Estrutura Eletr\u00f4nica e Magn\u00e9tica de Redes Artificiais de Spin Organomet\u00e1licas&#8221; (Doutorado em F\u00edsica Aplicada). Bolsa FAPESP 2024\/07409-6. In\u00edcio 01\/06\/2024.&nbsp;<\/li>\n<li><strong>Igor Stein Weiler:<\/strong> &#8220;Estudo do Mecanismo Fotocatal\u00edtico de Produ\u00e7\u00e3o de Hidrog\u00eanio Utilizando Metaloporfirinas&#8221;. (Inicia\u00e7\u00e3o Cient\u00edfica). Bolsa FAPESP 2024\/23096-8. In\u00edcio&nbsp;<\/li>\n<\/ol>\n<p>&nbsp;<\/p>\n<p><strong><span style=\"font-size: 24pt\">Ex-alunos \/pos-doutores:&nbsp;<\/span><\/strong><\/p>\n<ol>\n<li><span style=\"font-size: 12pt\"><strong>Alisson Ceccatto dos Santos (Mestrado e Doutorado em F\u00edsica):<\/strong> atualmente pos-doutor (Alexander von Humboldt Student Fellowship&nbsp; at&nbsp; FAU-Erlangen &#8211; Alemanha).<\/span><\/li>\n<li><span style=\"font-size: 12pt\"><strong>Nataly Zaribeth Herrera Reinoza (Doutorado em F\u00edsica):&nbsp;<\/strong>atualmente pos-doutora (EPFL &#8211; Su\u00ed\u00e7a).&nbsp;<\/span><\/li>\n<li><span style=\"font-size: 12pt\"><strong>Rodrigo Cezar de Campos Ferreira (Mestrado e Doutorado em F\u00edsica)<\/strong>: atualmente pos-doutor (Czech Academy of Sciences- Praga).&nbsp;<\/span><\/li>\n<li class=\"western\"><span style=\"font-size: 12pt\"><strong>Lucas de Almeira Miranda Barreto (P\u00f3s doutorado):<\/strong> atualmente Professor na UFABC.<\/span><\/li>\n<li class=\"western\"><span style=\"font-size: 12pt\"><strong>Maur\u00edcio J. Prieto<\/strong> <strong>(P\u00f3s doutorado):<\/strong> atualmente pesquisador no Fritz-Haber Institut (Berlin-Alemanha).<\/span><\/li>\n<li class=\"western\"><span style=\"font-size: 12pt\"><strong>Luis Henrique de Lima<\/strong> <strong>(Doutorado em F\u00edsica\/Pos-doc):<\/strong> atualmente Professor na UFABC.<\/span><\/li>\n<li class=\"western\"><span style=\"font-size: 12pt\"><strong>Shadi P. Fatayer<\/strong> <strong>(Mestrado em F\u00edsica):<\/strong>&nbsp; atualmente Professor na KAUST-Ar\u00e1bia Saudita.&nbsp;<\/span><\/li>\n<li class=\"western\"><span style=\"font-size: 12pt\"><strong>Caio C\u00e9sar Silva (Mestrado em F\u00edsica):<\/strong>&nbsp; atualmente Data Scientist | Prompt Engineering (S\u00e3o Paulo).<\/span><\/li>\n<li class=\"western\"><span style=\"font-size: 12pt\"><strong>Fernando A. Garcia (P\u00f3s doutorado):<\/strong> atualmente Professor na Universidade de S\u00e3o Paulo .<\/span><\/li>\n<li class=\"western\"><span style=\"font-size: 12pt\"><strong>Guilherme Jean Pereira de Abreu<\/strong> <strong>(P\u00f3s doutorado):<\/strong> atualmente Professor na Universidade Federal do Paran\u00e1.&nbsp;<\/span><\/li>\n<li class=\"western\"><span style=\"font-size: 12pt\"><strong>Fernando C\u00e9sar Lussani (Mestrado em F\u00edsica):<\/strong>&nbsp; atualmente Professor no Centro Universit\u00e1rio Nossa Senhora do Patroc\u00ednio.<\/span><\/li>\n<li class=\"western\"><span style=\"font-size: 12pt\"><strong>Jose Jadsom Sampaio de Figueiredo<\/strong>&nbsp;<b>&nbsp;<\/b><strong>(Mestrado em F\u00edsica):&nbsp;<\/strong> atualmente Professor na Universidade Federal do Par\u00e1.<\/span><\/li>\n<\/ol>\n<p class=\"western\" align=\"justify\">&nbsp;<\/p>\n<p align=\"justify\"><span style=\"font-size: 24pt\"><strong>Ex- Alunos de Inicia\u00e7\u00e3o Cient\u00edfica<\/strong><\/span><\/p>\n<ol>\n<li><strong>Eidsa Brenda da Costa Ferreira (2022-2024).<\/strong><\/li>\n<li><strong>Raphael Augusto De Souza (2019-2020).<\/strong><\/li>\n<li><strong>Diego Molina Sanches Silva(2019-2020).<\/strong><\/li>\n<li><strong>Theo Massao Taniguchi (2019-2020).<\/strong><\/li>\n<li><strong>Hannah De Oliveira Plath (2019-2020).&nbsp;<\/strong><\/li>\n<li><strong>Iago A\u00e9don Silva Prior (2018 &#8211; 2020).<\/strong><\/li>\n<li><span style=\"font-size: 12pt\"><strong>Wellington Dias Pereira (2017-2019).<\/strong><\/span><\/li>\n<li><span style=\"font-size: 12pt\"><strong>Alisson Ceccatto dos Santos (2015-2019).&nbsp;<\/strong><\/span><\/li>\n<li><span style=\"font-size: 12pt\"><strong>Jean-Yves Roulet (2015-2018).<\/strong><\/span><\/li>\n<li class=\"western\"><strong><span style=\"font-size: 12pt\">Ana Fl\u00e1via Santos (2014-2016).<\/span><\/strong><\/li>\n<li class=\"western\"><strong><span style=\"font-size: 12pt\">Kelvin Erneque Santos<i>&nbsp;(2015-2016).<\/i><\/span><\/strong><\/li>\n<li class=\"western\"><strong><span style=\"font-size: 12pt\">William Iunes Depetri (2012-2013).<\/span><\/strong><\/li>\n<li class=\"western\"><strong><span style=\"font-size: 12pt\">Eduardo A. Sato&nbsp; (2011-2012).<\/span><\/strong><\/li>\n<li class=\"western\"><strong><span style=\"font-size: 12pt\">Caio C\u00e9sar Silva&nbsp; (2008-2010).&nbsp;<\/span><\/strong><\/li>\n<li class=\"western\"><strong><span style=\"font-size: 12pt\">F\u00e1bio Lofredo C\u00e9sar (2008-2009).<\/span><\/strong><\/li>\n<li class=\"western\"><strong><span style=\"font-size: 12pt\">Mariana Carolina Assis (2007-2008).<\/span><\/strong><\/li>\n<li class=\"western\"><strong><span style=\"font-size: 12pt\">Marcelo Falsarella Carazzolle (2002-2004).&nbsp;<\/span><\/strong><\/li>\n<li class=\"western\"><strong><span style=\"font-size: 12pt\">Bruno Vieira da Cunha Martins&nbsp; (2003).<\/span><\/strong><\/li>\n<\/ol>\n<p><\/p>","protected":false},"excerpt":{"rendered":"<p>&nbsp; Isabela da Costa Tonon: &#8220;Crescimento e caracteriza\u00e7\u00e3o de monocamada de HfS2 sobre monocristais met\u00e1licos&#8221;. (Doutorado em F\u00edsica). Bolsa&nbsp; CAPES. In\u00edcio 01\/08\/2021.&nbsp; Vanessa Carre\u00f1o Diaz: &#8220;Desvendando a Estrutura Eletr\u00f4nica e Magn\u00e9tica de Redes Artificiais de Spin Organomet\u00e1licas&#8221; (Doutorado em F\u00edsica Aplicada). Bolsa CAPES. In\u00edcio 01\/03\/2022.&nbsp; Iago A\u00e9don Silva Prior:&nbsp;&#8220;Crescimento e caracteriza\u00e7\u00e3o de filmes ultrafinos de &hellip; <\/p>\n<p><a class=\"more-link btn\" href=\"https:\/\/sites.ifi.unicamp.br\/asiervo\/colaboracoes\/\">Continue lendo<\/a><\/p>\n","protected":false},"author":46,"featured_media":0,"parent":0,"menu_order":7,"comment_status":"closed","ping_status":"closed","template":"","meta":{"ngg_post_thumbnail":0,"footnotes":""},"class_list":["post-166","page","type-page","status-publish","hentry","nodate","item-wrap"],"_links":{"self":[{"href":"https:\/\/sites.ifi.unicamp.br\/asiervo\/wp-json\/wp\/v2\/pages\/166","targetHints":{"allow":["GET"]}}],"collection":[{"href":"https:\/\/sites.ifi.unicamp.br\/asiervo\/wp-json\/wp\/v2\/pages"}],"about":[{"href":"https:\/\/sites.ifi.unicamp.br\/asiervo\/wp-json\/wp\/v2\/types\/page"}],"author":[{"embeddable":true,"href":"https:\/\/sites.ifi.unicamp.br\/asiervo\/wp-json\/wp\/v2\/users\/46"}],"replies":[{"embeddable":true,"href":"https:\/\/sites.ifi.unicamp.br\/asiervo\/wp-json\/wp\/v2\/comments?post=166"}],"version-history":[{"count":29,"href":"https:\/\/sites.ifi.unicamp.br\/asiervo\/wp-json\/wp\/v2\/pages\/166\/revisions"}],"predecessor-version":[{"id":1700,"href":"https:\/\/sites.ifi.unicamp.br\/asiervo\/wp-json\/wp\/v2\/pages\/166\/revisions\/1700"}],"wp:attachment":[{"href":"https:\/\/sites.ifi.unicamp.br\/asiervo\/wp-json\/wp\/v2\/media?parent=166"}],"curies":[{"name":"wp","href":"https:\/\/api.w.org\/{rel}","templated":true}]}}