{"id":63,"date":"2013-12-09T18:18:14","date_gmt":"2013-12-09T18:18:14","guid":{"rendered":"https:\/\/sites.ifi.unicamp.br\/padrao\/?page_id=63"},"modified":"2013-12-20T17:14:21","modified_gmt":"2013-12-20T17:14:21","slug":"grupo","status":"publish","type":"page","link":"https:\/\/sites.ifi.unicamp.br\/asiervo\/grupo\/","title":{"rendered":"GFS"},"content":{"rendered":"<p><\/p>\n<h2><a href=\"http:\/\/portal.ifi.unicamp.br\/dfa\/gfs\">Laborat\u00f3rio de F\u00edsica de Superf\u00edcies<\/a><\/h2>\n<p><\/p>","protected":false},"excerpt":{"rendered":"<p>Laborat\u00f3rio de F\u00edsica de Superf\u00edcies<\/p>\n","protected":false},"author":1,"featured_media":0,"parent":0,"menu_order":5,"comment_status":"closed","ping_status":"closed","template":"","meta":{"ngg_post_thumbnail":0,"footnotes":""},"class_list":["post-63","page","type-page","status-publish","hentry","nodate","item-wrap"],"_links":{"self":[{"href":"https:\/\/sites.ifi.unicamp.br\/asiervo\/wp-json\/wp\/v2\/pages\/63","targetHints":{"allow":["GET"]}}],"collection":[{"href":"https:\/\/sites.ifi.unicamp.br\/asiervo\/wp-json\/wp\/v2\/pages"}],"about":[{"href":"https:\/\/sites.ifi.unicamp.br\/asiervo\/wp-json\/wp\/v2\/types\/page"}],"author":[{"embeddable":true,"href":"https:\/\/sites.ifi.unicamp.br\/asiervo\/wp-json\/wp\/v2\/users\/1"}],"replies":[{"embeddable":true,"href":"https:\/\/sites.ifi.unicamp.br\/asiervo\/wp-json\/wp\/v2\/comments?post=63"}],"version-history":[{"count":2,"href":"https:\/\/sites.ifi.unicamp.br\/asiervo\/wp-json\/wp\/v2\/pages\/63\/revisions"}],"predecessor-version":[{"id":181,"href":"https:\/\/sites.ifi.unicamp.br\/asiervo\/wp-json\/wp\/v2\/pages\/63\/revisions\/181"}],"wp:attachment":[{"href":"https:\/\/sites.ifi.unicamp.br\/asiervo\/wp-json\/wp\/v2\/media?parent=63"}],"curies":[{"name":"wp","href":"https:\/\/api.w.org\/{rel}","templated":true}]}}