{"id":67,"date":"2014-03-17T13:53:26","date_gmt":"2014-03-17T13:53:26","guid":{"rendered":"https:\/\/sites.ifi.unicamp.br\/modelogrupo\/?page_id=27"},"modified":"2026-05-05T18:05:30","modified_gmt":"2026-05-05T21:05:30","slug":"programacao","status":"publish","type":"page","link":"https:\/\/sites.ifi.unicamp.br\/astronicamp\/programacao\/","title":{"rendered":"Programa\u00e7\u00e3o"},"content":{"rendered":"<p>&nbsp; &nbsp;Voc\u00ea j\u00e1 ouviu falar em &#8220;Raios C\u00f3smicos&#8221;? \u2604\ufe0f\ud83d\udcab<\/p>\n<p>&nbsp; &nbsp;No pr\u00f3ximo Astronicamp teremos a presen\u00e7a da Professora Carola Dobrigkeit Chinellato com a palestra &nbsp;\u201cO&nbsp;que mais vem do c\u00e9u al\u00e9m da luz das estrelas?\u201d.<\/p>\n<div id=\"attachment_512\" style=\"width: 388px\" class=\"wp-caption aligncenter\"><img fetchpriority=\"high\" decoding=\"async\" aria-describedby=\"caption-attachment-512\" class=\"wp-image-512\" src=\"https:\/\/sites.ifi.unicamp.br\/astronicamp\/files\/2026\/04\/WhatsApp-Image-2026-04-22-at-09.32.36.jpeg\" alt=\"\" width=\"388\" height=\"370\"><p id=\"caption-attachment-512\" class=\"wp-caption-text\">Professora Carola Dobrigkeit Chinellato, doutora pela Unicamp em 1982, com p\u00f3s-doutorado em Heidelberg, Alemanha de 1989 a 1990 e no Forschungszentrum Karlsruhe, na Alemanha em 1996.<\/p><\/div>\n<p>&nbsp; &nbsp;Nesta palestra, vamos explorar esse universo escondido. Veremos que, al\u00e9m da luz, chegam at\u00e9 a Terra part\u00edculas com energias extremamente altas: os Raios C\u00f3smicos!! Vamos descobrir como conseguimos detect\u00e1-los, o que j\u00e1 aprendemos sobre eles e o que ainda buscamos entender sobre esses mensageiros de&nbsp; alt\u00edssima energia do Universo.<\/p>\n<p>&nbsp;<\/p>\n<p>\ud83d\udcc5 Sexta-feira, 08\/05<\/p>\n<p>\ud83d\udcca Palestra:<br \/>\n\ud83d\udccd Audit\u00f3rio do Instituto de F\u00edsica Gleb Wataghin (IFGW) \u2013 Unicamp<br \/>\n\ud83d\udd56 Das 19h00 \u00e0s 20h00<\/p>\n<p>Ap\u00f3s a palestra, teremos:<\/p>\n<p>\ud83d\udd2d Observa\u00e7\u00e3o do c\u00e9u noturno:<br \/>\n\ud83d\udccd Instituto de F\u00edsica Gleb Wataghin (IFGW) &#8211; Unicamp<br \/>\n\ud83d\udd57 Das 20h00 \u00e0s 21h00<\/p>\n<p>\ud83d\udcab Evento gratuito e aberto ao p\u00fablico!!<\/p>\n<p>\ud83d\udcf7 N\u00e3o deixe de conferir o nosso Instagram!!<br \/>\n&nbsp; &nbsp; &nbsp; &nbsp; https:\/\/www.instagram.com\/astronicamp<\/p>\n<p>\u26a0\ufe0f A observa\u00e7\u00e3o com telesc\u00f3pios est\u00e1 sujeita \u00e0s condi\u00e7\u00f5es clim\u00e1ticas.<\/p>","protected":false},"excerpt":{"rendered":"<p>&nbsp; &nbsp;Voc\u00ea j\u00e1 ouviu falar em &#8220;Raios C\u00f3smicos&#8221;? \u2604\ufe0f\ud83d\udcab &nbsp; &nbsp;No pr\u00f3ximo Astronicamp teremos a presen\u00e7a da Professora Carola Dobrigkeit Chinellato com a palestra &nbsp;\u201cO&nbsp;que mais vem do c\u00e9u al\u00e9m da luz das estrelas?\u201d. &nbsp; &nbsp;Nesta palestra, vamos explorar esse universo escondido. Veremos que, al\u00e9m da luz, chegam at\u00e9 a Terra part\u00edculas com energias extremamente &hellip; <\/p>\n<p><a class=\"more-link btn\" href=\"https:\/\/sites.ifi.unicamp.br\/astronicamp\/programacao\/\">Continue lendo<\/a><\/p>\n","protected":false},"author":269,"featured_media":0,"parent":0,"menu_order":0,"comment_status":"closed","ping_status":"closed","template":"","meta":{"ngg_post_thumbnail":0,"footnotes":""},"class_list":["post-67","page","type-page","status-publish","hentry","nodate","item-wrap"],"_links":{"self":[{"href":"https:\/\/sites.ifi.unicamp.br\/astronicamp\/wp-json\/wp\/v2\/pages\/67","targetHints":{"allow":["GET"]}}],"collection":[{"href":"https:\/\/sites.ifi.unicamp.br\/astronicamp\/wp-json\/wp\/v2\/pages"}],"about":[{"href":"https:\/\/sites.ifi.unicamp.br\/astronicamp\/wp-json\/wp\/v2\/types\/page"}],"author":[{"embeddable":true,"href":"https:\/\/sites.ifi.unicamp.br\/astronicamp\/wp-json\/wp\/v2\/users\/269"}],"replies":[{"embeddable":true,"href":"https:\/\/sites.ifi.unicamp.br\/astronicamp\/wp-json\/wp\/v2\/comments?post=67"}],"version-history":[{"count":38,"href":"https:\/\/sites.ifi.unicamp.br\/astronicamp\/wp-json\/wp\/v2\/pages\/67\/revisions"}],"predecessor-version":[{"id":527,"href":"https:\/\/sites.ifi.unicamp.br\/astronicamp\/wp-json\/wp\/v2\/pages\/67\/revisions\/527"}],"wp:attachment":[{"href":"https:\/\/sites.ifi.unicamp.br\/astronicamp\/wp-json\/wp\/v2\/media?parent=67"}],"curies":[{"name":"wp","href":"https:\/\/api.w.org\/{rel}","templated":true}]}}