{"id":88,"date":"2013-12-06T11:56:43","date_gmt":"2013-12-06T11:56:43","guid":{"rendered":"https:\/\/sites.ifi.unicamp.br\/padraoteste\/?page_id=28"},"modified":"2020-02-03T14:23:10","modified_gmt":"2020-02-03T17:23:10","slug":"publications","status":"publish","type":"page","link":"https:\/\/sites.ifi.unicamp.br\/athomaz\/publications\/","title":{"rendered":"Publications"},"content":{"rendered":"<p><a href=\"https:\/\/scholar.google.com.br\/citations?user=Ti8y5n8AAAAJ&amp;hl=pt-BR&amp;authuser=1\" target=\"_blank\" rel=\"noopener noreferrer\">https:\/\/scholar.google.com.br\/citations<\/a><\/p>\n<h4>Published Papers<\/h4>\n<ol>\n<li style=\"text-align: justify;padding-right: 20px\">Willians F. Vieira, Silviane F. de Magalh\u00e3es, Felipe H. Farias, <strong>Andr\u00e9 A. de Thomaz<\/strong>, Carlos A. Parada, <strong><a href=\"https:\/\/onlinelibrary.wiley.com\/doi\/full\/10.1002\/jbio.201900135\" target=\"_blank\" rel=\"noopener noreferrer\">Raman spectroscopy of dorsal root ganglia from streptozotocin-induced diabetic neuropathic rats submitted to photobiomodulation therapy<\/a><\/strong> <strong> J. Biophotonics 2019 e201900135.<\/strong> DOI: <strong><a href=\"https:\/\/doi.org\/10.1002\/jbio.201900135\">https:\/\/doi.org\/10.1002\/jbio.201900135<\/a><\/strong><\/li>\n<li style=\"text-align: justify;padding-right: 20px\">Zaira Clemente, Gabriela Helena Silva, Miriam Celi de Souza Nunes, Diego St\u00e9fani Teodoro Martinez, Claudia Vianna Maurer-Morelli, Andre Alexandre Thomaz, Vera L\u00facia Scherholz Salgado Castro <strong><a href=\"https:\/\/doi.org\/10.1007\/s11356-019-05870-z\" target=\"_blank\" rel=\"noopener noreferrer\">&#8220;Exploring the mechanisms of graphene oxide behavioral and morphological changes in zebrafish&#8221;<\/a><\/strong> <strong>Environ Sci Pollut Res (2019) 26: 30508 <\/strong> DOI: <strong><a href=\"https:\/\/doi.org\/10.1007\/s11356-019-05870-z\">https:\/\/doi.org\/10.1007\/s11356-019-05870-z<\/a><\/strong><\/li>\n<li style=\"text-align: justify;padding-right: 20px\">Maria IA Pereira, Goreti Pereira, Camila AP Monteiro, Carlos FGC Geraldes, Paulo E Cabral Filho, Carlos L Cesar, <strong>Andr\u00e9 A de Thomaz<\/strong>, Beate S Santos, Giovannia AL Pereira, Adriana Fontes, <strong><a href=\"https:\/\/www.nature.com\/articles\/s41598-019-38772-8\" target=\"_blank\" rel=\"noopener noreferrer\">&#8220;Hydrophilic Quantum Dots Functionalized with Gd(III)-DO3A Monoamide Chelates as Bright and Effective T1-weighted Bimodal Nanoprobes&#8221;<\/a><\/strong> <strong>Scientific Reportsvolume 9, Article number: 2341 (2019) <\/strong> DOI: <strong><a href=\"https:\/\/doi.org\/10.1038\/s41598-019-38772-8\">https:\/\/doi.org\/10.1038\/s41598-019-38772-8<\/a><\/strong><\/li>\n<li style=\"text-align: justify;padding-right: 20px\">Lee, Sang Hak and Jin, Chaoyi and Cai, En and Ge, Pinghua and Ishitsuka, Yuji and Teng, Kai Wen and <strong>de Thomaz, Andre A<\/strong> and Nall, Duncan and Baday, Murat and Jeyifous, Okunola and Demonte, Daniel and Dundas, Christopher M and Park, Sheldon and Delgado, Jary Y and Green, William N and Selvin, Paul R, <strong><a href=\"https:\/\/elifesciences.org\/articles\/27744\" target=\"_blank\" rel=\"noopener noreferrer\">\u201cSuper-resolution imaging of synaptic and Extra-synaptic AMPA receptors with different-sized fluorescent probes\u201d<\/a><\/strong> <strong>eLife 2017;6:e27744 <\/strong> DOI: <strong><a href=\"https:\/\/doi.org\/10.7554\/eLife.27744\">10.7554\/eLife.27744<\/a><\/strong>.<\/li>\n<li style=\"text-align: justify;padding-right: 20px\"><strong>AA de Thomaz<\/strong>, DB Almeida, VB Pelegati, HF Carvalho, SGC Moreira, LC Barbosa, CL Cesar, <strong><a href=\"http:\/\/iopscience.iop.org\/article\/10.1088\/0022-3727\/49\/47\/475302\/meta\" target=\"_blank\" rel=\"noopener noreferrer\">\u201cThe role of stress in CdTe quantum dot doped glasses\u201d<\/a><\/strong> <strong>Journal of Physics D: Applied Physics 49(47) 2016; <\/strong> DOI: <strong><a href=\"https:\/\/doi.org\/10.1088\/0022-3727\/49\/47\/475302\">https:\/\/doi.org\/10.1088\/0022-3727\/49\/47\/475302<\/a>.<\/strong><\/li>\n<li style=\"text-align: justify;padding-right: 20px\">Paulo E Cabral Filho, Maria IA Pereira, Heloise P Fernandes, <strong>Andre A de Thomaz<\/strong>, Carlos L Cesar, Beate S Santos, Maria L Barjas-Castro, Adriana Fontes, <strong><a href=\"https:\/\/www.dovepress.com\/blood-group-antigen-studies-using-cdte-quantum-dots-and-flow-cytometry-peer-reviewed-article-IJN\" target=\"_blank\" rel=\"noopener noreferrer\">\u201cBlood group antigen studies using cdTe quantum dots and flow cytometry\u201d<\/a><\/strong> <strong>Int J Nanomedicine. 2015; 10:<\/strong> 4393\u20134404.<\/li>\n<li style=\"text-align: justify;padding-right: 20px\">Diogo B Almeida, <strong>Andr\u00e9 A de Thomaz<\/strong>, Hernandes F Carvalho, Carlos L Cesar <strong><a href=\"https:\/\/www.osapublishing.org\/oe\/abstract.cfm?uri=oe-23-15-19715\" target=\"_blank\" rel=\"noopener noreferrer\">\u201cOne-and two-photon photoluminescence excitation spectra of CdTe quantum dots in a cryogenic confocal microscopy platform\u201d<\/a><\/strong> <strong>Opt. Express (23) 15<\/strong> 19715-19727 (2015) DOI:10.1364\/OE.23.019715<\/li>\n<li style=\"text-align: justify;padding-right: 20px\"><strong>AA de Thomaz<\/strong>, DB Almeida, VB Pelegati, HF Carvalho, Carlos Lenz Cesar, <strong><a href=\"http:\/\/pubs.acs.org\/doi\/abs\/10.1021\/jp512214p\" target=\"_blank\" rel=\"noopener noreferrer\">\u201cMeasurement of the Hydrodynamic Radius of Quantum Dots by Fluorescence Correlation Spectroscopy Excluding Blinking\u201d<\/a><\/strong> J<strong>. Phys. Chem. B 2015, 119<\/strong>, 4294\u22124299 (2015) DOI: 10.1021\/jp512214p<\/li>\n<li style=\"text-align: justify;padding-right: 20px\">Michelle BM Pereira, Aline M Santos, Danieli C Gon\u00e7alves, Alisson C Cardoso, S\u00edlvio R Consonni, Fabio C Gozzo, Paulo S Oliveira, Ana Helena M Pereira, Alana R Figueiredo, Ana O Tiroli-Cepeda, Carlos HI Ramos, <strong>Andr\u00e9 A de Thomaz<\/strong>, Carlos L Cesar, Kleber G Franchini, <strong><a href=\"http:\/\/www.nature.com\/ncomms\/2014\/141016\/ncomms6159\/abs\/ncomms6159.html\" target=\"_blank\" rel=\"noopener noreferrer\">\u201c\u03b1B-crystallin interacts with and prevents stress-activated proteolysis of focal adhesion kinase by calpain in cardiomyocytes\u201d<\/a><\/strong> <strong>NATURE COMMUNICATIONS | 5:5159<\/strong> (2014) DOI: 10.1038\/ncomms6159<\/li>\n<li style=\"text-align: justify;padding-right: 20px\">J. Adur, L. D\u00b4Souza-Li, M. V. Pedroni, C. E. Steiner, V. B. Pelegati, <strong>A. A. de Thomaz<\/strong>, H. F. Carvalho and C. L. Cesar, <strong><a href=\"http:\/\/journals.plos.org\/plosone\/article?id=10.1371\/journal.pone.0069186\" target=\"_blank\" rel=\"noopener noreferrer\">\u201cThe Severity of Osteogenesis Imperfecta and Type I Collagen Pattern in Human Skin as Determined by Nonlinear Microscopy: Proof of Principle of a Diagnostic Method\u201d<\/a><\/strong>, <strong>Plos One 8 (7)<\/strong> e69186 (2013) doi:10.1371\/journal.pone.0069186<\/li>\n<li style=\"text-align: justify;padding-right: 20px\">H. P. Fernandes, A. Fontes, <strong>A. A. de Thomaz<\/strong>, V. Castro, C. L. Cesar and M. L. Barjas-Castro, <strong><a href=\"http:\/\/www.tandfonline.com\/doi\/full\/10.3109\/00365513.2013.765961\" target=\"_blank\" rel=\"noopener noreferrer\">\u201cMeasuring red blood cell aggregation forces using double optical tweezers\u201d<\/a><\/strong>, <strong>Scandinavian Journal of Clinical and Laboratory Investigation, 73 (3)<\/strong>, 262-264 (2013) DOI: 10.3109\/00365513.2013.765961<\/li>\n<li style=\"text-align: justify;padding-right: 20px\">J. Adur, V. B. Pelegati, <strong>A. A. de Thomaz<\/strong>, M. O. Barati, D. B. Almeida, L. A. L. A. Andrade, F. Bottcher-Luiz, H. F. Carvalho and C. L. Cesar, <strong><a href=\"http:\/\/journals.plos.org\/plosone\/article?id=10.1371\/journal.pone.0047007\" target=\"_blank\" rel=\"noopener noreferrer\">\u201cOptical Biomarkers of Serous and Mucinous Ovarian Tumor Assessed with Nonlinear Optics Microscopies\u201d<\/a><\/strong>, <strong>PLoS One, 7 (10)<\/strong> e47007 (2012) 10.1371\/journal.pone.0047007<\/li>\n<li style=\"text-align: justify;padding-right: 20px\">J. Adur, V. B. Pelegati, <strong>A. A. de Thomaz<\/strong>, M. O. Baratti, L.A.L.A Andrade, F. Bottcher-Luiz, H. F. Carvalho and C. L. Cesar, <strong><a href=\"http:\/\/onlinelibrary.wiley.com\/doi\/10.1002\/jbio.201200108\/abstract\" target=\"_blank\" rel=\"noopener noreferrer\">\u201cSecond harmonic generation microscopy as a powerful diagnostic imaging modality for human ovarian cancer\u201d<\/a><\/strong>, <strong>J. Biophotonics 1\u201313<\/strong> (2012) \/ DOI 10.1002\/jbio.201200108<\/li>\n<li style=\"text-align: justify;padding-right: 20px\">V. B. Pelegati, J. F. Adur, <strong>A. A. de Thomaz<\/strong>, D. B. Almeida, M. O. Baratti, L.A.L.A. Andrade, F. Bottcher-Luiz and C. L. Cesar, <strong><a href=\"http:\/\/onlinelibrary.wiley.com\/doi\/10.1002\/jemt.22078\/abstract\" target=\"_blank\" rel=\"noopener noreferrer\">\u201cHarmonic Optical Microscopy and Fluorescent Lifetime Imaging platform for multimodal imaging\u201d<\/a><\/strong>, <strong>Microsc. Res. Tech. 75 (10)<\/strong>, 1383-94 (2012), DOI: 10.1002\/jemt.22078<\/li>\n<li style=\"text-align: justify;padding-right: 20px\">J. Adur, V. B. Pelegati, <strong>A. A. de Thomaz<\/strong>, L. d\u2019Souza-Li, M. C. Assun\u00e7\u00e3o, F. Bottcher-Luiz, L. A. L. A. Andrade and C. L. Cesar, <strong><a href=\"http:\/\/biomedicaloptics.spiedigitallibrary.org\/article.aspx?articleid=1306762\" target=\"_blank\" rel=\"noopener noreferrer\">\u201cQuantitative changes in human epithelial cancers and osteogenesis imperfecta disease detected using nonlinear multicontrast microscopy\u201d<\/a><\/strong>, <strong>J. Biomedical Opt. 17(8)<\/strong>, 081407 (2012) DOI: 10.1117\/1.JBO.17.8.081407<\/li>\n<li style=\"text-align: justify;padding-right: 20px\">J. Adur, V. B. Pelegati, L. F. L. Costa, L. Pietro, <strong>A. A. de Thomaz<\/strong>, D. B. Almeida, F. Bottcher-Luiz, L. A. L. A. Andrade and C. L. Cesar, <strong><a href=\"http:\/\/biomedicaloptics.spiedigitallibrary.org\/article.aspx?articleid=1167045\" target=\"_blank\" rel=\"noopener noreferrer\">\u201cRecognition of serous ovarian tumors in human samples by multimodal nonlinear optical microscopy\u201d<\/a><\/strong>, <strong>J. Biomedical Opt. 16 (9)<\/strong>, 096017 (2011) DOI: 10.1117\/1.3626575<\/li>\n<li style=\"text-align: justify;padding-right: 20px\">A. Fontes, M. L. Barjas Castro, M. M. Brand\u00e3o, H. P. Fernandes, <strong>A. A. de Thomaz<\/strong>, R. R. Huruta, L. Y. Pozzo, L. C. Barbosa, F. F. Costa, S. T. O. Saad and C. L. Cesar, <strong><a href=\"http:\/\/iopscience.iop.org\/article\/10.1088\/2040-8978\/13\/4\/044012\/meta\" target=\"_blank\" rel=\"noopener noreferrer\">\u201cMechanical and electrical properties of red blood cells using optical tweezers\u201d<\/a><\/strong>, <strong>J. Opt. 13<\/strong> 044012 (2011) doi:10.1088\/2040-8978\/13\/4\/044012<\/li>\n<li style=\"text-align: justify;padding-right: 20px\"><strong>A. A. de Thomaz<\/strong>, A. Fontes, C. V. Stahl, L. Y. Pozzo, D. C. Ayres, D. B. Almeida, P. M. A. Farias, B. S. Santos, J. Santos-Mallet, S. A. O. Gomes, S. Giorgio, D. Feder and C. L. Cesar, <strong><a href=\"http:\/\/iopscience.iop.org\/article\/10.1088\/2040-8978\/13\/4\/044015\" target=\"_blank\" rel=\"noopener noreferrer\">\u201cOptical tweezers for studying taxis in parasites\u201d<\/a><\/strong>, <strong>J. Opt. 13<\/strong> 044015 (2011) doi:10.1088\/2040-8978\/13\/4\/044015<\/li>\n<li style=\"text-align: justify;padding-right: 20px\">C. V. Stahl, D. B. Almeida, <strong>A. A. de Thomaz<\/strong>, R. F. S. Menna-Barreto, J. R. Santos-Mallet, C. L. Cesar, S. A. O. Gomes and D. Feder, <strong><a href=\"http:\/\/www.scielo.br\/scielo.php?script=sci_arttext&amp;pid=S0074-02762011000200007&amp;lng=en&amp;nrm=iso&amp;tlng=en\" target=\"_blank\" rel=\"noopener noreferrer\">\u201cStudying nanotoxic effects of CdTe quantum dots in Trypanosoma cruzi\u201d<\/a><\/strong>, <strong>Mem. Inst. Oswaldo Cruz, 106 (2)<\/strong> 158-165 (2011) http:\/\/dx.doi.org\/10.1590\/S0074-02762011000200007<\/li>\n<li style=\"text-align: justify;padding-right: 20px\">Bruni-Cardoso, V. Pascoal, <strong>A. A. de Thomaz<\/strong>, C. L. Cesar and H. F. Carvalho. <strong><a href=\"http:\/\/onlinelibrary.wiley.com\/doi\/10.1002\/dvdy.22222\/abstract;jsessionid=67165C597007548CF27315FF37EBCD4E.f04t01\" target=\"_blank\" rel=\"noopener noreferrer\">\u201cMMP-2 Silencing by siRNA Inhibits Morphogenesis of the Rat Ventral Prostate in Vitro\u201d<\/a><\/strong>, <strong>Developmental Dynamics 239 (3)<\/strong>, 737-746 (2010). DOI 10.1002\/dvdy.22222<\/li>\n<li style=\"text-align: justify;padding-right: 20px\">D. Feder, S. A. O. Gomes, <strong>A. A. de Thomaz<\/strong>, D. B. Almeida, W. M. Faustino, A. Fontes, C. V. Stahl, J. R. Santos-Mallet and C. L. Cesar, <strong><a href=\"http:\/\/link.springer.com\/article\/10.1007%2Fs00436-009-1631-6\" target=\"_blank\" rel=\"noopener noreferrer\">\u201cIn vitro and In Vivo documentation of Quantum Dots labeled Trypanosoma cruzi \u2013 Rhodnius prolixus Interaction using Confocal Microscopy\u201d<\/a><\/strong>, <strong>Parasitology Res., 106 (1)<\/strong>, 85 (2009) DOI 10.1007\/s00436-009-1631-6<\/li>\n<li style=\"text-align: justify;padding-right: 20px\">L. Y. Pozzo, A. Fontes, <strong>A. A. de Thomaz<\/strong>, P. M. A. Farias, B. S. Santos, D. C. Ayres, S. Giorgio and C. L. Cesar, <strong><a href=\"http:\/\/www.sciencedirect.com\/science\/article\/pii\/S0968432809000298\" target=\"_blank\" rel=\"noopener noreferrer\">&#8220;Studying Chemotaxis Using Optical Tweezers: Applications for Leishmania amazonensis parasites\u201d<\/a><\/strong>, <strong>Micron, 40<\/strong> 617-620 (2009) doi:10.1016\/j.micron.2009.02.008<\/li>\n<li style=\"text-align: justify;padding-right: 20px\">A. Fontes, H. P. Fernandes, <strong>A. A. de Thomaz<\/strong>, L. Y. Pozzo, L. C. Barbosa, M. L. Barjas-Castro and C. L. Cesar, <strong><a href=\"http:\/\/biomedicaloptics.spiedigitallibrary.org\/article.aspx?articleid=1102561\" target=\"_blank\" rel=\"noopener noreferrer\">\u201cMeasuring Electrical and Mechanical Properties of Red Blood Cells Using a Double Optical Tweezers to Understand Cell Agglutination&#8221;<\/a><\/strong>, <strong>J. Biomedical Optics 13 (1)<\/strong> 014001 (2008) doi: 10.1117\/1.2870108.<\/li>\n<li style=\"text-align: justify;padding-right: 20px\">P. M. A. Farias, B. S. Santos, <strong>A. A. de Thomaz<\/strong>, R. Ferreira, F. D. Menezes, C. L. Cesar and A. Fontes,<strong><a href=\"http:\/\/pubs.acs.org\/doi\/abs\/10.1021\/jp0758465\" target=\"_blank\" rel=\"noopener noreferrer\"> \u201cFluorescent II-VI Semiconductor Quantum Dots in Living Cells: Nonlinear Microspectroscopy in an Optical Tweezers System\u201d<\/a><\/strong>, <strong>J. Phys. Chem. B, 112<\/strong>, 2734-2737 (2008) DOI: 10.1021\/jp0758465<\/li>\n<li style=\"text-align: justify;padding-right: 20px\">A. A. R. Neves, A. Fontes, L. Y. Pozzo, <strong>A. A. de Thomaz<\/strong>, E. Chillce, E. Rodriguez, L. C. Barbosa and C. L. Cesar,<strong><a href=\"https:\/\/www.osapublishing.org\/oe\/abstract.cfm?uri=oe-14-26-13101\" target=\"_blank\" rel=\"noopener noreferrer\"> \u201cElectromagnetic forces for an arbitrary optical trapping of a spherical dielectric\u201d<\/a><\/strong>,<strong> Optics Express 14 (26)<\/strong>, 13101 (2006) doi: 10.1364\/OE.14.013101<\/li>\n<li style=\"text-align: justify;padding-right: 20px\">A. Fontes, A. A. R. Neves, W. L. Moreira, <strong>A. A. Thomaz<\/strong>, L. C. Barbosa, A. M. de Paula and C. L. Cesar, <strong><a href=\"http:\/\/scitation.aip.org\/content\/aip\/journal\/apl\/87\/22\/10.1063\/1.2137896\" target=\"_blank\" rel=\"noopener noreferrer\">\u201cDouble Optical Tweezers for Ultra Sensitive Force Spectroscopy in Microsphere Mie Scattering\u201d<\/a><\/strong>, <strong>Appl. Phys. Lett. 87<\/strong>, 221109 (2005) http:\/\/dx.doi.org\/10.1063\/1.2137896<\/li>\n<li style=\"text-align: justify;padding-right: 20px\">A. Fontes, K. Ajito, A. A. R. Neves, W. L. Moreira, <strong>A. A. Thomaz<\/strong>, L. C. Barbosa, A. M. de Paula and C. L. Cesar,<strong><a href=\"http:\/\/journals.aps.org\/pre\/abstract\/10.1103\/PhysRevE.72.012903\" target=\"_blank\" rel=\"noopener noreferrer\"> \u201cRaman, Hyper-Raman, Hyper-Rayleigh, Two-Photon Excited Luminescence and Morphology-Dependent-Modes in a single Optical Tweezers System\u201d<\/a><\/strong>, <strong>Phys. Rev. E.<\/strong> 72, 012903 (1-4) (2005) DOI: 10.1103\/PhysRevE.72.012903<\/li>\n<\/ol>\n<h4>Books Chapters<\/h4>\n<ol>\n<li style=\"text-align: justify;padding-right: 20px\"><strong>Andr\u00e9 A. de Thomaz<\/strong>, Diogo B. Almeida and Carlos L. Cesar, <strong>\u201cMeasuring the Hydrodynamic Radius of Quantum Dots by Fluorescence Correlation Spectroscopy\u201d<\/strong>, in <strong> <a href=\"http:\/\/www.springer.com\/us\/book\/9781493912797\" target=\"_blank\" rel=\"noopener noreferrer\">\u201cQuantum Dots: Applications in Biology\u201d<\/a><\/strong> Editores: Adriana Fontes e Beate Saegesser Santos. Quantum Dots: Applications in Biology,2014,Springer New York<\/li>\n<li style=\"text-align: justify;padding-right: 20px\">C. L. Cesar, <strong>A. A. de Thomaz<\/strong>, A. Fontes and H. F. De Carvalho, <strong>\u201cFluoresc\u00eancia\u201d<\/strong>, in <strong><a href=\"http:\/\/www.sbmm.org.br\/livros\/\" target=\"_blank\" rel=\"noopener noreferrer\">\u201cMicroscopia \u00d3ptica: Fundamentos e Aplica\u00e7\u00f5es \u00e0s Ci\u00eancias Biom\u00e9dicas\u201d<\/a><\/strong>, p\u00e1g. 39 \u2013 62. Editor: Wanderley de Souza. Publicado pela Sociedade Brasileira de Microscopia e Microan\u00e1lise, Rio de Janeiro 2010. ISBN 978-85-98460-08-6<\/li>\n<li style=\"text-align: justify;padding-right: 20px\">C. L. Cesar, <strong>A. A. de Thomaz<\/strong>, A. Fontes and W. de Souza, <strong>\u201cMicroscopias de \u00d3ptica N\u00e3o Linear e Raman\u201d<\/strong>, in <strong><a href=\"http:\/\/www.sbmm.org.br\/livros\/\" target=\"_blank\" rel=\"noopener noreferrer\">\u201cMicroscopia \u00d3ptica: Fundamentos e Aplica\u00e7\u00f5es \u00e0s Ci\u00eancias Biom\u00e9dicas\u201d<\/a><\/strong>, p\u00e1g. 163 \u2013 178. Editor: Wanderley de Souza. Publicado pela Sociedade Brasileira de Microscopia e Microan\u00e1lise, Rio de Janeiro 2010. ISBN 978-85-98460-08-6.<\/li>\n<\/ol>\n<p><\/p>\n<!-- AddThis Advanced Settings generic via filter on the_content --><!-- AddThis Share Buttons generic via filter on the_content -->","protected":false},"excerpt":{"rendered":"<p>https:\/\/scholar.google.com.br\/citations Published Papers Willians F. Vieira, Silviane F. de Magalh\u00e3es, Felipe H. Farias, Andr\u00e9 A. de Thomaz, Carlos A. Parada, Raman spectroscopy of dorsal root ganglia from streptozotocin-induced diabetic neuropathic rats submitted to photobiomodulation therapy J. Biophotonics 2019 e201900135. DOI: https:\/\/doi.org\/10.1002\/jbio.201900135 Zaira Clemente, Gabriela Helena Silva, Miriam Celi de Souza Nunes, Diego St\u00e9fani Teodoro Martinez, &hellip; <\/p>\n<p><a class=\"more-link btn\" href=\"https:\/\/sites.ifi.unicamp.br\/athomaz\/publications\/\">Continue reading<\/a><!-- AddThis Advanced Settings generic via filter on wp_trim_excerpt --><!-- AddThis Share Buttons generic via filter on wp_trim_excerpt --><\/p>\n","protected":false},"author":155,"featured_media":0,"parent":0,"menu_order":1,"comment_status":"closed","ping_status":"closed","template":"","meta":{"ngg_post_thumbnail":0,"footnotes":""},"class_list":["post-88","page","type-page","status-publish","hentry","nodate","item-wrap"],"_links":{"self":[{"href":"https:\/\/sites.ifi.unicamp.br\/athomaz\/wp-json\/wp\/v2\/pages\/88","targetHints":{"allow":["GET"]}}],"collection":[{"href":"https:\/\/sites.ifi.unicamp.br\/athomaz\/wp-json\/wp\/v2\/pages"}],"about":[{"href":"https:\/\/sites.ifi.unicamp.br\/athomaz\/wp-json\/wp\/v2\/types\/page"}],"author":[{"embeddable":true,"href":"https:\/\/sites.ifi.unicamp.br\/athomaz\/wp-json\/wp\/v2\/users\/155"}],"replies":[{"embeddable":true,"href":"https:\/\/sites.ifi.unicamp.br\/athomaz\/wp-json\/wp\/v2\/comments?post=88"}],"version-history":[{"count":80,"href":"https:\/\/sites.ifi.unicamp.br\/athomaz\/wp-json\/wp\/v2\/pages\/88\/revisions"}],"predecessor-version":[{"id":420,"href":"https:\/\/sites.ifi.unicamp.br\/athomaz\/wp-json\/wp\/v2\/pages\/88\/revisions\/420"}],"wp:attachment":[{"href":"https:\/\/sites.ifi.unicamp.br\/athomaz\/wp-json\/wp\/v2\/media?parent=88"}],"curies":[{"name":"wp","href":"https:\/\/api.w.org\/{rel}","templated":true}]}}