{"id":27,"date":"2014-03-17T13:53:26","date_gmt":"2014-03-17T13:53:26","guid":{"rendered":"https:\/\/sites.ifi.unicamp.br\/modelogrupo\/?page_id=27"},"modified":"2024-03-23T17:57:50","modified_gmt":"2024-03-23T20:57:50","slug":"laboratorios","status":"publish","type":"page","link":"https:\/\/sites.ifi.unicamp.br\/brazilian-network-on-quantum-materials\/laboratorios\/","title":{"rendered":"Laborat\u00f3rios"},"content":{"rendered":"<p>Informa\u00e7\u00f5es sobre os laborat\u00f3rios do grupo.<\/p>","protected":false},"excerpt":{"rendered":"<p>Informa\u00e7\u00f5es sobre os laborat\u00f3rios do grupo.<\/p>\n","protected":false},"author":109,"featured_media":0,"parent":0,"menu_order":0,"comment_status":"closed","ping_status":"closed","template":"","meta":{"footnotes":""},"class_list":["post-27","page","type-page","status-publish","hentry","nodate","item-wrap"],"_links":{"self":[{"href":"https:\/\/sites.ifi.unicamp.br\/brazilian-network-on-quantum-materials\/wp-json\/wp\/v2\/pages\/27","targetHints":{"allow":["GET"]}}],"collection":[{"href":"https:\/\/sites.ifi.unicamp.br\/brazilian-network-on-quantum-materials\/wp-json\/wp\/v2\/pages"}],"about":[{"href":"https:\/\/sites.ifi.unicamp.br\/brazilian-network-on-quantum-materials\/wp-json\/wp\/v2\/types\/page"}],"author":[{"embeddable":true,"href":"https:\/\/sites.ifi.unicamp.br\/brazilian-network-on-quantum-materials\/wp-json\/wp\/v2\/users\/109"}],"replies":[{"embeddable":true,"href":"https:\/\/sites.ifi.unicamp.br\/brazilian-network-on-quantum-materials\/wp-json\/wp\/v2\/comments?post=27"}],"version-history":[{"count":11,"href":"https:\/\/sites.ifi.unicamp.br\/brazilian-network-on-quantum-materials\/wp-json\/wp\/v2\/pages\/27\/revisions"}],"predecessor-version":[{"id":107,"href":"https:\/\/sites.ifi.unicamp.br\/brazilian-network-on-quantum-materials\/wp-json\/wp\/v2\/pages\/27\/revisions\/107"}],"wp:attachment":[{"href":"https:\/\/sites.ifi.unicamp.br\/brazilian-network-on-quantum-materials\/wp-json\/wp\/v2\/media?parent=27"}],"curies":[{"name":"wp","href":"https:\/\/api.w.org\/{rel}","templated":true}]}}