{"id":86,"date":"2013-12-06T12:24:32","date_gmt":"2013-12-06T12:24:32","guid":{"rendered":"https:\/\/sites.ifi.unicamp.br\/modelo\/?page_id=28"},"modified":"2014-11-29T19:28:49","modified_gmt":"2014-11-29T19:28:49","slug":"ensino","status":"publish","type":"page","link":"https:\/\/sites.ifi.unicamp.br\/brito\/ensino\/","title":{"rendered":"Ensino"},"content":{"rendered":"<p><\/p>\n<h3>Materiais did\u00e1ticos e Notas de Aula<\/h3>\n<ul>\n<li><a href=\"http:\/\/www.ifi.unicamp.br\/~brito\/apost.html\">Fundamentos de F\u00edsica Experimental <\/a>&#8211; notas de aula do curso de laborat\u00f3rio, \u00fateis para F129, F229, F329 and F429 e outras disciplinas experimentais.<\/li>\n<li><a href=\"http:\/\/www.ifi.unicamp.br\/~brito\/eletronica.htm\">Introdu\u00e7\u00e3o \u00e0 Eletr\u00f4nica <\/a>&#8211; notas de aula curso de F 540, Introdu\u00e7\u00e3o \u00e0 Eletr\u00f4nica, com experimentos.<\/li>\n<li><a href=\"http:\/\/www.ifi.unicamp.br\/~gfurco\/lnrep\/furap.htm\">Fenomenos Ultrar\u00e1pidos<\/a> &#8211; notas de aula do curso apresentado na VII Escola J Andr\u00e9 Swieca de \u00d3tica Qu\u00e2ntica e N\u00e3oLinear (Recife, Feveriro de 2000).<\/li>\n<\/ul>\n<hr \/>\n<h3>Disciplinas lecionadas<\/h3>\n<ul>\n<li><a href=\"http:\/\/www.ifi.unicamp.br\/~brito\/cursos\/F428\/f428-2s98.html\">F\u00edsica Geral IV, 2o semestre de 1998 e outros<\/a> &#8211; notas e bibliografia complementar.<\/li>\n<li><a href=\"http:\/\/www.ead.unicamp.br\/~teleduc\/cursos\/aplic\/index.php?cod_curso=497\"> Coisas sobre Ensino Superior<\/a> &#8211; site Teleduc.<\/li>\n<li><a href=\"http:\/\/www.ead.unicamp.br\/~teleduc\/cursos\/aplic\/index.php?cod_curso=344\"> Propriedade Intelectual<\/a> &#8211; site Teleduc.<\/li>\n<\/ul>\n<hr \/>\n<p>&nbsp;<\/p>","protected":false},"excerpt":{"rendered":"<p>Materiais did\u00e1ticos e Notas de Aula Fundamentos de F\u00edsica Experimental &#8211; notas de aula do curso de laborat\u00f3rio, \u00fateis para F129, F229, F329 and F429 e outras disciplinas experimentais. Introdu\u00e7\u00e3o \u00e0 Eletr\u00f4nica &#8211; notas de aula curso de F 540, Introdu\u00e7\u00e3o \u00e0 Eletr\u00f4nica, com experimentos. Fenomenos Ultrar\u00e1pidos &#8211; notas de aula do curso apresentado na &hellip; <\/p>\n<p><a class=\"more-link btn\" href=\"https:\/\/sites.ifi.unicamp.br\/brito\/ensino\/\">Continue lendo<\/a><\/p>\n","protected":false},"author":74,"featured_media":0,"parent":0,"menu_order":2,"comment_status":"open","ping_status":"closed","template":"","meta":{"ngg_post_thumbnail":0,"footnotes":""},"class_list":["post-86","page","type-page","status-publish","hentry","nodate","item-wrap"],"_links":{"self":[{"href":"https:\/\/sites.ifi.unicamp.br\/brito\/wp-json\/wp\/v2\/pages\/86","targetHints":{"allow":["GET"]}}],"collection":[{"href":"https:\/\/sites.ifi.unicamp.br\/brito\/wp-json\/wp\/v2\/pages"}],"about":[{"href":"https:\/\/sites.ifi.unicamp.br\/brito\/wp-json\/wp\/v2\/types\/page"}],"author":[{"embeddable":true,"href":"https:\/\/sites.ifi.unicamp.br\/brito\/wp-json\/wp\/v2\/users\/74"}],"replies":[{"embeddable":true,"href":"https:\/\/sites.ifi.unicamp.br\/brito\/wp-json\/wp\/v2\/comments?post=86"}],"version-history":[{"count":3,"href":"https:\/\/sites.ifi.unicamp.br\/brito\/wp-json\/wp\/v2\/pages\/86\/revisions"}],"predecessor-version":[{"id":155,"href":"https:\/\/sites.ifi.unicamp.br\/brito\/wp-json\/wp\/v2\/pages\/86\/revisions\/155"}],"wp:attachment":[{"href":"https:\/\/sites.ifi.unicamp.br\/brito\/wp-json\/wp\/v2\/media?parent=86"}],"curies":[{"name":"wp","href":"https:\/\/api.w.org\/{rel}","templated":true}]}}