{"id":95,"date":"2014-01-06T16:08:16","date_gmt":"2014-01-06T16:08:16","guid":{"rendered":"https:\/\/sites.ifi.unicamp.br\/modelodocente\/?page_id=77"},"modified":"2014-11-29T19:20:38","modified_gmt":"2014-11-29T19:20:38","slug":"quem-sou","status":"publish","type":"page","link":"https:\/\/sites.ifi.unicamp.br\/brito\/","title":{"rendered":"Quem sou"},"content":{"rendered":"<p><a href=\"https:\/\/sites.ifi.unicamp.br\/brito\/files\/2014\/01\/servletrecuperafoto.jpg\"><img decoding=\"async\" class=\"alignleft wp-image-124\" src=\"https:\/\/sites.ifi.unicamp.br\/brito\/files\/2014\/01\/servletrecuperafoto-257x300.jpg\" alt=\"servletrecuperafoto\" width=\"155\" height=\"181\" srcset=\"https:\/\/sites.ifi.unicamp.br\/brito\/files\/2014\/01\/servletrecuperafoto-257x300.jpg 257w, https:\/\/sites.ifi.unicamp.br\/brito\/files\/2014\/01\/servletrecuperafoto.jpg 480w\" sizes=\"(max-width: 155px) 100vw, 155px\" \/><\/a>Nasci no Rio de Janeiro, em 19 de Julho de 1956. Desde 4 anos de idade S\u00e3o Paulo tornou-se minha cidade adotiva, at\u00e9 que me mudei para S\u00e3o Jos\u00e9 dos Campos em 1974 para cursar Engenharia Eletr\u00f4nica no <a href=\"http:\/\/www.ita.cta.br\/\">ITA<\/a> (Instituto Tecnol\u00f3gico de Aeron\u00e1utica). Depois da gradua\u00e7\u00e3o mudei-me para Campinas, onde fiquei at\u00e9 hoje, depois de morar por 9 meses em Roma trabalhando na Universit\u00e1 degli Studi, e quase dois anos em Holmdel, New Jersey, trabalhando para os <a href=\"http:\/\/www.bell-labs.com\/\">Bell Labs<\/a> (1986-87). Tornei-me professor no <a href=\"http:\/\/www.ifi.unicamp.br\/\">Instituto de F\u00edsica `Gleb Wataghin&#8217;<\/a> na <a href=\"http:\/\/www.unicamp.br\/\">Unicamp<\/a> em 1982. Fui Diretor deste Instituto de 1991 at\u00e9 1994, e em seguida Pr\u00f3-Reitor de Pesquisa (<a href=\"http:\/\/www.unicamp.br\/prp\">PRP, Unicamp<\/a>) da Unicamp at\u00e9 1998. Em Setembro de 1996 fui nomeado Presidente da <a href=\"http:\/\/www.fapesp.br\/\">Fapesp<\/a> e reconduzido a esta posi\u00e7\u00e3o sucessivamente em 1998 e 2000. De 1998 at\u00e9 2002 fui, em um segundo mandato, Diretor do <a href=\"http:\/\/www.ifi.unicamp.br\/\">Instituto de F\u00edsica `Gleb Wataghin&#8217;<\/a>. Fui Reitor da Unicamp, de Abril de 2002 a Abril de 2005. Em Abril de 2005 fui nomeado Diretor-Cient\u00edfico da Fapesp. Meu interesse em pesquisa \u00e9 o estudo de Fen\u00f4menos Ultrar\u00e1pidos (eventos que ocorrem em menos do que 1 picossegundo, mais \u00a0 interessantes ainda quando ocorrem em alguns femtossegundos), aplicado ao estudo de materiais, principalmente para telecomunica\u00e7\u00f5es. Fa\u00e7o este trabalho juntamente com outros colegas no <a href=\"http:\/\/www.ifi.unicamp.br\/~gfurco\/index.html\">Grupo de Fen\u00f4menos Ultrar\u00e1pidos e Comunica\u00e7\u00f5es \u00d3pticas<\/a> do <a href=\"http:\/\/www.ifi.unicamp.br\/deq\/deq.html\">Departamento de Eletr\u00f4nica Qu\u00e2ntica<\/a> do Instituto de F\u00edsica da Unicamp que faz parte do <a href=\"http:\/\/www.ifi.unicamp.br\/foton\">Centro de Pesquisas em \u00d3ptica e Fot\u00f4nica<\/a>.<\/p>","protected":false},"excerpt":{"rendered":"<p>Nasci no Rio de Janeiro, em 19 de Julho de 1956. Desde 4 anos de idade S\u00e3o Paulo tornou-se minha cidade adotiva, at\u00e9 que me mudei para S\u00e3o Jos\u00e9 dos Campos em 1974 para cursar Engenharia Eletr\u00f4nica no ITA (Instituto Tecnol\u00f3gico de Aeron\u00e1utica). Depois da gradua\u00e7\u00e3o mudei-me para Campinas, onde fiquei at\u00e9 hoje, depois de &hellip; <\/p>\n<p><a class=\"more-link btn\" href=\"https:\/\/sites.ifi.unicamp.br\/brito\/\">Continue lendo<\/a><\/p>\n","protected":false},"author":74,"featured_media":0,"parent":0,"menu_order":0,"comment_status":"open","ping_status":"open","template":"","meta":{"ngg_post_thumbnail":0,"footnotes":""},"class_list":["post-95","page","type-page","status-publish","hentry","nodate","item-wrap"],"_links":{"self":[{"href":"https:\/\/sites.ifi.unicamp.br\/brito\/wp-json\/wp\/v2\/pages\/95","targetHints":{"allow":["GET"]}}],"collection":[{"href":"https:\/\/sites.ifi.unicamp.br\/brito\/wp-json\/wp\/v2\/pages"}],"about":[{"href":"https:\/\/sites.ifi.unicamp.br\/brito\/wp-json\/wp\/v2\/types\/page"}],"author":[{"embeddable":true,"href":"https:\/\/sites.ifi.unicamp.br\/brito\/wp-json\/wp\/v2\/users\/74"}],"replies":[{"embeddable":true,"href":"https:\/\/sites.ifi.unicamp.br\/brito\/wp-json\/wp\/v2\/comments?post=95"}],"version-history":[{"count":5,"href":"https:\/\/sites.ifi.unicamp.br\/brito\/wp-json\/wp\/v2\/pages\/95\/revisions"}],"predecessor-version":[{"id":149,"href":"https:\/\/sites.ifi.unicamp.br\/brito\/wp-json\/wp\/v2\/pages\/95\/revisions\/149"}],"wp:attachment":[{"href":"https:\/\/sites.ifi.unicamp.br\/brito\/wp-json\/wp\/v2\/media?parent=95"}],"curies":[{"name":"wp","href":"https:\/\/api.w.org\/{rel}","templated":true}]}}