{"id":154,"date":"2014-01-29T13:36:27","date_gmt":"2014-01-29T13:36:27","guid":{"rendered":"https:\/\/sites.ifi.unicamp.br\/brum\/?page_id=154"},"modified":"2014-01-29T16:48:29","modified_gmt":"2014-01-29T16:48:29","slug":"f604","status":"publish","type":"page","link":"https:\/\/sites.ifi.unicamp.br\/brum\/ensino\/f604\/","title":{"rendered":"F604"},"content":{"rendered":"<p><\/p>\n<h1 align=\"center\">Curso<\/h1>\n<h1 align=\"center\">\u00a0F\u00edsica Estat\u00edstica \u2013 F604<\/h1>\n<p align=\"center\">2o. Semestre de 2011<\/p>\n<p align=\"center\">3\u00aa (19:00-21:00 hs) e 5\u00aa (21:00-23:00 hs)<br \/>\n<a href=\"https:\/\/sites.ifi.unicamp.br\/brum\/files\/2014\/01\/avaliacao-F604-2s2011-MF.pdf\">RESULTADO FINAL<\/a><\/p>\n<div>\n<div><span style=\"font-size: medium;\">Cronograma do curso<\/span><\/div>\n<p><span style=\"font-size: medium;\"><span style=\"font-size: small;\">Em preto o que foi realizado, em vermelho o previsto. O curso ter\u00e1 as atividades organizadas semanalmente. As notas de aula, por cap\u00edtulos, bem como exerc\u00edcios propostos, encontram-se abaixo. N\u00e3o haver\u00e1 altera\u00e7\u00e3o em rela\u00e7\u00e3o as do semestre passado. Qualquer nota adicional, ser\u00e1 postada e comunicada em destaque.<br \/>\n02\/08: 1-Introdu\u00e7\u00e3o<br \/>\n04\/08:\u00a0Atividade em aula: teste de revis\u00e3o de termodin\u00e2mica e 5-Revis\u00e3o de Termodin\u00e2mica<br \/>\n09\/08: 5-Revis\u00e3o de Termodin\u00e2mica<br \/>\n11\/08: 2-Micro-Macro<br \/>\n16\/08: 2-Micro-Macro e in\u00edcio de 3-Probabilidade<br \/>\n19\/08: 3-Probabilidade e\u00a0Atividade em aula: teste sobre 1 e 2.<br \/>\n23\/08: 3- Probabilidade<br \/>\n25\/08: 3- Probabilidade e in\u00edcio de 4-Descri\u00e7\u00e3o Estat\u00edstica de um Sistema F\u00edsico<br \/>\n30\/08: 4- Descri\u00e7\u00e3o Est. &#8230;<br \/>\n01\/09: 4- Descri\u00e7\u00e3o Est&#8230; e\u00a0Atividade em aula:\u00a0teste sobre 3-Probabilidade<br \/>\n06\/09:\u00a0 N\u00c3O HAVER\u00c1 AULA<br \/>\n08\/09: Aula de exerc\u00edcios (d\u00favidas) referentes aos cap\u00edtulos 1-4 e os Teste 1 e 2<br \/>\n13\/09: Aula normal- 5-Microcan\u00f4nico<br \/>\n15\/09: Prova I (cap\u00edtulos 1-4 e Testes 1 e 2)<br \/>\n20\/09: 6-Microcan\u00f4nico<br \/>\n22\/09: Corre\u00e7\u00e3o da Prova I, 6-Microcan\u00f4nico e in\u00edcio do 7-Can\u00f4nico<br \/>\n27\/09: 7-Can\u00f4nico<br \/>\n28\/09: Teste 3 &#8211; Microcan\u00f4nico<br \/>\n04\/10: Aula &#8211; 7-Can\u00f4nico<br \/>\n06\/10: Aula &#8211; 7-Can\u00f4nico e 8-Gases Reais<br \/>\n11\/10: Teste 4: Can\u00f4nico e Gases Reais<br \/>\n13\/10: Aula: Gases Reais<br \/>\n17\/10: Aula: Gran-Can\u00f4nico<br \/>\n20\/10: Aula: Gran-Can\u00f4nico<br \/>\n25\/10:\u00a0<\/span><\/span><span style=\"font-size: medium;\"><span style=\"font-size: small;\">Aula de Exerc\u00edcios\/D\u00favidas<\/span><\/span><br \/>\n<span style=\"font-size: medium;\"><span style=\"font-size: small;\">27\/10:\u00a0<\/span><\/span><span style=\"font-size: medium;\"><span style=\"font-size: small;\">Teste: Potencial Qu\u00edmico<\/span><\/span><span style=\"font-size: medium;\"><span style=\"font-size: small;\"><br \/>\n01\/11: Prova: Microcan\u00f4nico, Gases Reais, Can\u00f4nico, Gran-Can\u00f4nico<br \/>\n03\/11: Aula Estat\u00edstica Qu\u00e2ntica<br \/>\n08\/11: Aula Estat\u00edstica Qu\u00e2ntica<br \/>\n10\/11: Aula G\u00e1s de Fermi<br \/>\n17\/11: Aula G\u00e1s de Fermi e in\u00edcio de G\u00e1s de B\u00f3sons<br \/>\n22\/11: Aula G\u00e1s de B\u00f3sons<br \/>\n24\/11: Teste: Ex. de G\u00e1s de Fermi<br \/>\n25\/11: AULA EXTRA: D\u00daVIDAS E EXERC\u00cdCIOS &#8211;\u00a0CANCELADA!!!!!<br \/>\n29\/11: Aula de Exerc\u00edcios<br \/>\n01\/12: Prova- Estat\u00edstica Qu\u00e2ntica, G\u00e1s de Fermi e G\u00e1s de B\u00f3sons &#8211;\u00a0NOVA DATA!!!!<br \/>\n13\/12: Exame<\/span><\/span>\n<\/div>\n<p><a href=\"https:\/\/sites.ifi.unicamp.br\/brum\/files\/2014\/01\/F604-bibliografia-1s2011.pdf\">Bibliografia-1s2011<\/a><br \/>\n<a href=\"https:\/\/sites.ifi.unicamp.br\/brum\/files\/2014\/01\/F604_JAB_1s2011_P1_introd.pdf\">1-Introdu\u00e7\u00e3o-1s2011<\/a><br \/>\n<a href=\"https:\/\/sites.ifi.unicamp.br\/brum\/files\/2014\/01\/F604_JAB_1s2011_Micro-Macro.pdf\">2-Micro-Macro-1s2011<\/a><br \/>\n<a href=\"https:\/\/sites.ifi.unicamp.br\/brum\/files\/2014\/01\/F604-Introd-Transp.pdf\">A-Transpar\u00eancias-Introd<\/a><br \/>\n<a href=\"https:\/\/sites.ifi.unicamp.br\/brum\/files\/2014\/01\/F604_JAB_1s2011_ListaEx_1.pdf\">Lista de Exerc\u00edcios-1-1s2011<\/a><br \/>\n<a href=\"https:\/\/sites.ifi.unicamp.br\/brum\/files\/2014\/01\/F604-MicroMacro-Transp.pdf\">B-Transpar\u00eancias-Micro-Macro<\/a><br \/>\n<a href=\"https:\/\/sites.ifi.unicamp.br\/brum\/files\/2014\/01\/F604_JAB_1s2011_Probabilidade.pdf\">3-Probabilidade-1s2011<\/a><a href=\"https:\/\/sites.ifi.unicamp.br\/brum\/files\/2014\/01\/Bayes-TheEconomist.pdf\">Bayes-From The Economist-1s2011<\/a><br \/>\n<a href=\"https:\/\/sites.ifi.unicamp.br\/brum\/files\/2014\/01\/F604-Probabilidade.pdf\">C-Transpar\u00eancias-Probabilidade<\/a><a href=\"https:\/\/sites.ifi.unicamp.br\/brum\/files\/2014\/01\/F604-Flecha%20do%20Tempo%20e%20Flutuacoes.pdf\">Refs Flecha do Tempo e Flutuacoes-1s2011<\/a><br \/>\n<a href=\"https:\/\/sites.ifi.unicamp.br\/brum\/files\/2014\/01\/TimeArrow-Lebowitz.pdf\">Flecha do Tempo-1s2011<\/a><br \/>\n<a href=\"https:\/\/sites.ifi.unicamp.br\/brum\/files\/2014\/01\/F604_JAB_1s2011_Ex-Teste.pdf\">Lista de Exerc\u00edcio-2-1s2011<\/a><br \/>\n<a href=\"https:\/\/sites.ifi.unicamp.br\/brum\/files\/2014\/01\/F604_JAB_1s2011_ListaEx_3-Prob.pdf\">LIsta de Exerc\u00edcios-3-Probabilidade-1s2011<\/a><br \/>\n<a href=\"https:\/\/sites.ifi.unicamp.br\/brum\/files\/2014\/01\/F604_JAB_1s2011_4_DesEstSisFis-2.pdf\">4-Descri\u00e7\u00e3o Estat\u00edstica de um Sistema F\u00edsico-1s2011<\/a><br \/>\n<a href=\"https:\/\/sites.ifi.unicamp.br\/brum\/files\/2014\/01\/Teste-1-TheLadyTastingTea-fromRFisher-cap2.pdf\">The Lady Tasting Tea &#8211; RFisher- ideias para o gabarito do Teste 1-1s2011<\/a><br \/>\n<a href=\"https:\/\/sites.ifi.unicamp.br\/brum\/files\/2014\/01\/F604_JAB_1s2011_4_RevTermo.pdf\">5-Revis\u00e3o de Termodin\u00e2mica-1s2011<\/a><br \/>\n<a href=\"https:\/\/sites.ifi.unicamp.br\/brum\/files\/2014\/01\/F604_JAB_1s2011_6_Microcanonico.pdf\">6-Ensemble Microcan\u00f4nico-1s2011<\/a><br \/>\n<a href=\"https:\/\/sites.ifi.unicamp.br\/brum\/files\/2014\/01\/F604_JAB_1s2011_ListaEx_4-Microcanonico.pdf\">Lista de Exerc\u00edcios 4 &#8211; Microcan\u00f4nico-1s2011<\/a><br \/>\n<a href=\"https:\/\/sites.ifi.unicamp.br\/brum\/files\/2014\/01\/F604_JAB_2s2011_Teste_3-Gabarito.pdf\">Gabarito Teste 3 &#8211; Microcan\u00f4nico-NOVO<\/a><br \/>\n<a href=\"https:\/\/sites.ifi.unicamp.br\/brum\/files\/2014\/01\/F604_JAB_1s2011_7_Canonico.pdf\">7-Ensemble Can\u00f4nico-1s2011<\/a><br \/>\n<a href=\"https:\/\/sites.ifi.unicamp.br\/brum\/files\/2014\/01\/F604_JAB_1s2011_ListaEx_5-Canonico.pdf\">LIsta de Exerc\u00edcios 5 &#8211; Can\u00f4nico-1s2011<\/a><br \/>\n<a href=\"https:\/\/sites.ifi.unicamp.br\/brum\/files\/2014\/01\/F604_JAB_1s2011_8_GasClassicoCanonico.pdf\">8-Gas Cl\u00e1ssico 1s2011<\/a><br \/>\n<a href=\"https:\/\/sites.ifi.unicamp.br\/brum\/files\/2014\/01\/F604_JAB_1s2011_9_GrandCanonico.pdf\">9-Ensemble Grande-Can\u00f4nico e Ensemble de Press\u00f5es-1s2011<\/a><br \/>\n<a href=\"https:\/\/sites.ifi.unicamp.br\/brum\/files\/2014\/01\/F604_JAB_1s2011_ListaEx_6-7-GasesReais-GrandCanonico.pdf\">Lista de Exerc\u00edcios 6-7- Gases Reais e Grande-Can\u00f4nico-1s2011<\/a><br \/>\n<a href=\"https:\/\/sites.ifi.unicamp.br\/brum\/files\/2014\/01\/F604_JAB_1s2011_10_EstQuantica.pdf\">10-Estat\u00edstica Qu\u00e2ntica &#8211; 1s2011 (id\u00eantico ao de 2010)<\/a><br \/>\n<a href=\"https:\/\/sites.ifi.unicamp.br\/brum\/files\/2014\/01\/F604_JAB_1s2011_11_GasIdealFermi-2.pdf\">11- G\u00e1s de Fermi -1s2011<\/a><br \/>\n<a href=\"https:\/\/sites.ifi.unicamp.br\/brum\/files\/2014\/01\/F604_JAB_1s2011_12_GasIdealBosons.pdf\">12- G\u00e1s de Bosons &#8211; 1s2011<\/a><br \/>\n<a href=\"https:\/\/sites.ifi.unicamp.br\/brum\/files\/2014\/01\/nphys-insight-complexity.pdf\">13-Revisao<\/a><br \/>\nLista de Exerc\u00edcios de Estat\u00edstica Qu\u00e2ntica (notas de aula 10,11,12): Salinas: cap. 8 (exs. 1-7), cap. 9 (exs. 1-8), cap. 10 (exs. 1-4)<br \/>\n<a href=\"https:\/\/sites.ifi.unicamp.br\/brum\/files\/2014\/01\/ed043p364.pdf\">Sobre a fun\u00e7\u00e3o de parti\u00e7\u00e3o can\u00f4nica do \u00e1tomo de H &#8211; 1-NOVO<\/a><br \/>\n<a href=\"https:\/\/sites.ifi.unicamp.br\/brum\/files\/2014\/01\/STP-Peierls-p53.pdf\">Sobre a fun\u00e7\u00e3o de parti\u00e7\u00e3o can\u00f4nica do \u00e1tomo de H -2-NOVO<\/a><\/p>\n<p><\/p>","protected":false},"excerpt":{"rendered":"<p>Curso \u00a0F\u00edsica Estat\u00edstica \u2013 F604 2o. Semestre de 2011 3\u00aa (19:00-21:00 hs) e 5\u00aa (21:00-23:00 hs) RESULTADO FINAL Cronograma do curso Em preto o que foi realizado, em vermelho o previsto. O curso ter\u00e1 as atividades organizadas semanalmente. As notas de aula, por cap\u00edtulos, bem como exerc\u00edcios propostos, encontram-se abaixo. N\u00e3o haver\u00e1 altera\u00e7\u00e3o em rela\u00e7\u00e3o &hellip; <\/p>\n<p><a class=\"more-link btn\" href=\"https:\/\/sites.ifi.unicamp.br\/brum\/ensino\/f604\/\">Continue lendo<\/a><\/p>\n","protected":false},"author":1,"featured_media":0,"parent":86,"menu_order":0,"comment_status":"open","ping_status":"open","template":"","meta":{"ngg_post_thumbnail":0,"footnotes":""},"class_list":["post-154","page","type-page","status-publish","hentry","nodate","item-wrap"],"_links":{"self":[{"href":"https:\/\/sites.ifi.unicamp.br\/brum\/wp-json\/wp\/v2\/pages\/154","targetHints":{"allow":["GET"]}}],"collection":[{"href":"https:\/\/sites.ifi.unicamp.br\/brum\/wp-json\/wp\/v2\/pages"}],"about":[{"href":"https:\/\/sites.ifi.unicamp.br\/brum\/wp-json\/wp\/v2\/types\/page"}],"author":[{"embeddable":true,"href":"https:\/\/sites.ifi.unicamp.br\/brum\/wp-json\/wp\/v2\/users\/1"}],"replies":[{"embeddable":true,"href":"https:\/\/sites.ifi.unicamp.br\/brum\/wp-json\/wp\/v2\/comments?post=154"}],"version-history":[{"count":9,"href":"https:\/\/sites.ifi.unicamp.br\/brum\/wp-json\/wp\/v2\/pages\/154\/revisions"}],"predecessor-version":[{"id":533,"href":"https:\/\/sites.ifi.unicamp.br\/brum\/wp-json\/wp\/v2\/pages\/154\/revisions\/533"}],"up":[{"embeddable":true,"href":"https:\/\/sites.ifi.unicamp.br\/brum\/wp-json\/wp\/v2\/pages\/86"}],"wp:attachment":[{"href":"https:\/\/sites.ifi.unicamp.br\/brum\/wp-json\/wp\/v2\/media?parent=154"}],"curies":[{"name":"wp","href":"https:\/\/api.w.org\/{rel}","templated":true}]}}