{"id":88,"date":"2013-12-06T11:56:43","date_gmt":"2013-12-06T11:56:43","guid":{"rendered":"https:\/\/sites.ifi.unicamp.br\/padraoteste\/?page_id=28"},"modified":"2014-01-29T16:52:40","modified_gmt":"2014-01-29T16:52:40","slug":"publicacoes","status":"publish","type":"page","link":"https:\/\/sites.ifi.unicamp.br\/brum\/publicacoes\/","title":{"rendered":"Publica\u00e7\u00f5es"},"content":{"rendered":"<p><\/p>\n<div>\n<p>Para visualiza\u00e7\u00e3o das publica\u00e7\u00f5es e do curriculum, acesse o link abaixo.<\/p>\n<p><a title=\"Curriculum Lattes\" href=\"http:\/\/lattes.cnpq.br\/9392382398207867\" target=\"_blank\">Curriculum Lattes<\/a><\/p>\n<\/div>\n<p><\/p>","protected":false},"excerpt":{"rendered":"<p>Para visualiza\u00e7\u00e3o das publica\u00e7\u00f5es e do curriculum, acesse o link abaixo. Curriculum Lattes<\/p>\n","protected":false},"author":5,"featured_media":0,"parent":0,"menu_order":1,"comment_status":"open","ping_status":"open","template":"","meta":{"ngg_post_thumbnail":0,"footnotes":""},"class_list":["post-88","page","type-page","status-publish","hentry","nodate","item-wrap"],"_links":{"self":[{"href":"https:\/\/sites.ifi.unicamp.br\/brum\/wp-json\/wp\/v2\/pages\/88","targetHints":{"allow":["GET"]}}],"collection":[{"href":"https:\/\/sites.ifi.unicamp.br\/brum\/wp-json\/wp\/v2\/pages"}],"about":[{"href":"https:\/\/sites.ifi.unicamp.br\/brum\/wp-json\/wp\/v2\/types\/page"}],"author":[{"embeddable":true,"href":"https:\/\/sites.ifi.unicamp.br\/brum\/wp-json\/wp\/v2\/users\/5"}],"replies":[{"embeddable":true,"href":"https:\/\/sites.ifi.unicamp.br\/brum\/wp-json\/wp\/v2\/comments?post=88"}],"version-history":[{"count":5,"href":"https:\/\/sites.ifi.unicamp.br\/brum\/wp-json\/wp\/v2\/pages\/88\/revisions"}],"predecessor-version":[{"id":537,"href":"https:\/\/sites.ifi.unicamp.br\/brum\/wp-json\/wp\/v2\/pages\/88\/revisions\/537"}],"wp:attachment":[{"href":"https:\/\/sites.ifi.unicamp.br\/brum\/wp-json\/wp\/v2\/media?parent=88"}],"curies":[{"name":"wp","href":"https:\/\/api.w.org\/{rel}","templated":true}]}}