{"id":149,"date":"2014-02-06T17:16:54","date_gmt":"2014-02-06T17:16:54","guid":{"rendered":"https:\/\/sites.ifi.unicamp.br\/cabrera\/?page_id=149"},"modified":"2014-02-06T17:57:08","modified_gmt":"2014-02-06T17:57:08","slug":"f-313","status":"publish","type":"page","link":"https:\/\/sites.ifi.unicamp.br\/cabrera\/f-313\/","title":{"rendered":"F 313"},"content":{"rendered":"<p><b><span style=\"font-family: verdana;font-size: small\">Segundo Semestre de 2013<br \/>\nF 313 &#8211; Mec\u00e2nica Geral\u00a0<\/span><br \/>\n<\/b><img loading=\"lazy\" decoding=\"async\" alt=\"\" src=\"http:\/\/www.ifi.unicamp.br\/~cabrera\/teaching\/horloge.jpg\" width=\"278\" height=\"382\" border=\"0\" \/><br \/>\n<b>Prof. Guillermo Cabrera<br \/>\nDepartamento de F\u00edsica da Mat\u00e9ria Condensada, Sala: 225, Tel: 352-15475.<br \/>\nE-mail:\u00a0<a href=\"mailto:cabrera@ifi.unicamp.br\">cabrera-at-ifi.unicamp.br<\/a><\/b><\/p>\n<p>Aulas: Ter\u00e7as \u00e0s 19:00 na sala CB 08;<br \/>\nSextas \u00e0s 21:00 na sala CB 07.<\/p>\n<p>Data das Provas: 17 de setembro e 05 de novembro<br \/>\nData dos testes: 27 de agosto, 15 de outubro e 19 de novembro<br \/>\nData do Exame: 10 de dezembro<\/p>\n<p>Programa da disciplina (com refer\u00eancias, cronograma, avalia\u00e7\u00e3o, etc):\u00a0<a href=\"https:\/\/sites.ifi.unicamp.br\/cabrera\/files\/2014\/02\/prog_f313.pdf\">arquivo em formato pdf.<\/a><\/p>\n<p>NOTAS DE AULA<br \/>\nCap\u00edtulo 1. Elementos de Mec\u00e2nica Newtoniana e Movimento unidimensional<br \/>\n<a href=\"https:\/\/sites.ifi.unicamp.br\/cabrera\/files\/2014\/02\/aula-1-2013s2.pdf\">Aula 1<\/a>.\u00a0\u00a0<a href=\"https:\/\/sites.ifi.unicamp.br\/cabrera\/files\/2014\/02\/aula2.pdf\">Aula 2<\/a><a href=\"http:\/\/www.ifi.unicamp.br\/~cabrera\/teaching\/aula%202%202013s2.pdf\">.<\/a>\u00a0\u00a0<a href=\"https:\/\/sites.ifi.unicamp.br\/cabrera\/files\/2014\/02\/aula3.pdf\"> Aula 3<\/a><a href=\"http:\/\/www.ifi.unicamp.br\/~cabrera\/teaching\/aula%203%202013s2.pdf\">.<\/a>\u00a0<a href=\"https:\/\/sites.ifi.unicamp.br\/cabrera\/files\/2014\/02\/aula4.pdf\"> Aula 4<\/a><a href=\"http:\/\/www.ifi.unicamp.br\/~cabrera\/teaching\/aula%204%202013s2.pdf\">.<\/a><\/p>\n<p>Cap\u00edtulo 2. Movimento em duas e tr\u00eas dimens\u00f5es<br \/>\n<a href=\"https:\/\/sites.ifi.unicamp.br\/cabrera\/files\/2014\/02\/aula5.pdf\">Aula 5<\/a>.\u00a0<a href=\"https:\/\/sites.ifi.unicamp.br\/cabrera\/files\/2014\/02\/aula6.pdf\"> Aula 6<\/a><a href=\"http:\/\/www.ifi.unicamp.br\/~cabrera\/teaching\/aula%206%202013s2.pdf\">.<\/a>\u00a0<a href=\"https:\/\/sites.ifi.unicamp.br\/cabrera\/files\/2014\/02\/aula7.pdf\">Aula 7<\/a><a href=\"http:\/\/www.ifi.unicamp.br\/~cabrera\/teaching\/aula%207%202013s2.pdf\">.<\/a>\u00a0\u00a0<a href=\"https:\/\/sites.ifi.unicamp.br\/cabrera\/files\/2014\/02\/aula8.pdf\"> Aula 8<\/a><a href=\"http:\/\/www.ifi.unicamp.br\/~cabrera\/teaching\/aula%208%202013s2.pdf\">.<\/a>\u00a0\u00a0<a href=\"https:\/\/sites.ifi.unicamp.br\/cabrera\/files\/2014\/02\/aula9.pdf\">Aula 9.<\/a><\/p>\n<p>Cap\u00edtulo 3. Movimento de um sistema de part\u00edculas<br \/>\n<a href=\"http:\/\/www.ifi.unicamp.br\/~cabrera\/teaching\/aula%2010%202013s2.pdf\">A<\/a><a href=\"https:\/\/sites.ifi.unicamp.br\/cabrera\/files\/2014\/02\/aula10.pdf\">ula 10<\/a>.\u00a0\u00a0<a href=\"https:\/\/sites.ifi.unicamp.br\/cabrera\/files\/2014\/02\/gabarito.pdf\">Gabarito<\/a><a href=\"http:\/\/www.ifi.unicamp.br\/~cabrera\/teaching\/gabarito.pdf\">.<\/a>\u00a0<a href=\"https:\/\/sites.ifi.unicamp.br\/cabrera\/files\/2014\/02\/Aula11.pdf\">Aula 11<\/a><a href=\"http:\/\/www.ifi.unicamp.br\/~cabrera\/teaching\/aula%2011%202013s2.pdf\">.<\/a><\/p>\n<p>Cap\u00edtulo 4. Movimento de corpos r\u00edgidos<br \/>\n<a href=\"https:\/\/sites.ifi.unicamp.br\/cabrera\/files\/2014\/02\/Aula12.pdf\">Aula 12<\/a>.\u00a0\u00a0<a href=\"https:\/\/sites.ifi.unicamp.br\/cabrera\/files\/2014\/02\/Aula13.pdf\">Aula 13<\/a><a href=\"http:\/\/www.ifi.unicamp.br\/~cabrera\/teaching\/aula%2013%202013s2.pdf\">.<\/a>\u00a0<a href=\"https:\/\/sites.ifi.unicamp.br\/cabrera\/files\/2014\/02\/Aula14.pdf\"> Aula 14<\/a><a href=\"http:\/\/www.ifi.unicamp.br\/~cabrera\/teaching\/aula%2014%202013s2.pdf\">.<\/a><\/p>\n<p>LISTAS DE EXERC\u00edCIOS<br \/>\n<a href=\"https:\/\/sites.ifi.unicamp.br\/cabrera\/files\/2014\/02\/lista1.pdf\">Lista 1.<\/a><br \/>\n<a href=\"https:\/\/sites.ifi.unicamp.br\/cabrera\/files\/2014\/02\/lista2.pdf\">Lista 2.<\/a><br \/>\n<a href=\"https:\/\/sites.ifi.unicamp.br\/cabrera\/files\/2014\/02\/lista3.pdf\">Lista 3.<\/a><br \/>\n<a href=\"https:\/\/sites.ifi.unicamp.br\/cabrera\/files\/2014\/02\/lista4.pdf\">Lista 4.<\/a><br \/>\n<a href=\"https:\/\/sites.ifi.unicamp.br\/cabrera\/files\/2014\/02\/lista5.pdf\">Lista 5.<\/a><br \/>\n<a href=\"https:\/\/sites.ifi.unicamp.br\/cabrera\/files\/2014\/02\/lista6.pdf\">Lista 6.<\/a><br \/>\n<a href=\"https:\/\/sites.ifi.unicamp.br\/cabrera\/files\/2014\/02\/lista7.pdf\">Lista 7.<\/a><br \/>\n<a href=\"https:\/\/sites.ifi.unicamp.br\/cabrera\/files\/2014\/02\/gabarito1.pdf\">Gabarito \u00faltima prova.<\/a><br \/>\n<a href=\"https:\/\/sites.ifi.unicamp.br\/cabrera\/files\/2014\/02\/gabarito2.pdf\">Gabarito \u00faltimo teste.<\/a><\/p>\n<p>Notas de Provas e Testes.<br \/>\n<a href=\"https:\/\/sites.ifi.unicamp.br\/cabrera\/files\/2014\/02\/www.ifi_.unicamp.br_cabrera_teaching_f313_notas2s.pdf\">NOTAS<\/a>.\u00a0Os alunos com m\u00e9dia final menor que 7,0 ficam convocados para prestar exame na data mencionada acima.<\/p>","protected":false},"excerpt":{"rendered":"<p>Segundo Semestre de 2013 F 313 &#8211; Mec\u00e2nica Geral\u00a0 Prof. Guillermo Cabrera Departamento de F\u00edsica da Mat\u00e9ria Condensada, Sala: 225, Tel: 352-15475. E-mail:\u00a0cabrera-at-ifi.unicamp.br Aulas: Ter\u00e7as \u00e0s 19:00 na sala CB 08; Sextas \u00e0s 21:00 na sala CB 07. Data das Provas: 17 de setembro e 05 de novembro Data dos testes: 27 de agosto, 15 &hellip; <\/p>\n<p><a class=\"more-link btn\" href=\"https:\/\/sites.ifi.unicamp.br\/cabrera\/f-313\/\">Continue lendo<\/a><\/p>\n","protected":false},"author":74,"featured_media":0,"parent":0,"menu_order":0,"comment_status":"open","ping_status":"open","template":"","meta":{"ngg_post_thumbnail":0,"footnotes":""},"class_list":["post-149","page","type-page","status-publish","hentry","nodate","item-wrap"],"_links":{"self":[{"href":"https:\/\/sites.ifi.unicamp.br\/cabrera\/wp-json\/wp\/v2\/pages\/149","targetHints":{"allow":["GET"]}}],"collection":[{"href":"https:\/\/sites.ifi.unicamp.br\/cabrera\/wp-json\/wp\/v2\/pages"}],"about":[{"href":"https:\/\/sites.ifi.unicamp.br\/cabrera\/wp-json\/wp\/v2\/types\/page"}],"author":[{"embeddable":true,"href":"https:\/\/sites.ifi.unicamp.br\/cabrera\/wp-json\/wp\/v2\/users\/74"}],"replies":[{"embeddable":true,"href":"https:\/\/sites.ifi.unicamp.br\/cabrera\/wp-json\/wp\/v2\/comments?post=149"}],"version-history":[{"count":9,"href":"https:\/\/sites.ifi.unicamp.br\/cabrera\/wp-json\/wp\/v2\/pages\/149\/revisions"}],"predecessor-version":[{"id":153,"href":"https:\/\/sites.ifi.unicamp.br\/cabrera\/wp-json\/wp\/v2\/pages\/149\/revisions\/153"}],"wp:attachment":[{"href":"https:\/\/sites.ifi.unicamp.br\/cabrera\/wp-json\/wp\/v2\/media?parent=149"}],"curies":[{"name":"wp","href":"https:\/\/api.w.org\/{rel}","templated":true}]}}