{"id":85,"date":"2013-12-06T12:23:58","date_gmt":"2013-12-06T12:23:58","guid":{"rendered":"https:\/\/sites.ifi.unicamp.br\/modelo\/?page_id=26"},"modified":"2014-02-06T17:08:50","modified_gmt":"2014-02-06T17:08:50","slug":"pesquisa","status":"publish","type":"page","link":"https:\/\/sites.ifi.unicamp.br\/cabrera\/pesquisa\/","title":{"rendered":"Pesquisa"},"content":{"rendered":"<p><\/p>\n<div>\n<div><b>1.<\/b><\/div>\n<\/div>\n<div>\n<div>TEORIA DE MAGNETISMO E LIGACAO COM SUPERCONDUTIVIDADE. PROPRIEDADES ELETRONICAS DE SISTEMAS DESORDENADOS.<\/div>\n<\/div>\n<p><a name=\"LP_PROCESSOS DINAMICOS EM MATERIA CONDENSADA\"><\/a><\/p>\n<div>\n<div><b>2.<\/b><\/div>\n<\/div>\n<div>\n<div>PROCESSOS DINAMICOS EM MATERIA CONDENSADA<\/div>\n<\/div>\n<p><a name=\"LP_SOLU\u00c7\u00d5ES EXATAS E SIMULACOES NUMERICAS.\"><\/a><\/p>\n<div>\n<div><b>3.<\/b><\/div>\n<\/div>\n<div>\n<div>SOLU\u00c7\u00d5ES EXATAS E SIMULACOES NUMERICAS.<\/div>\n<\/div>\n<p><a name=\"LP_POFESSOR DO CURSO DE MECANICA QUANTICA, GRADUACAO\"><\/a><\/p>\n<div>\n<div><b>4.<\/b><\/div>\n<\/div>\n<div>\n<div>POFESSOR DO CURSO DE MECANICA QUANTICA, GRADUACAO<\/div>\n<\/div>\n<p><a name=\"LP_PESQUISA EM FISICA DA MATERIA CONDENSADA\"><\/a><\/p>\n<div>\n<div><b>5.<\/b><\/div>\n<\/div>\n<div>\n<div>PESQUISA EM FISICA DA MATERIA CONDENSADA<\/div>\n<\/div>\n<p><a name=\"LP_PESQUISA EM F\u00cdSICA DA MAT\u00c9RIA CONDENSADA\"><\/a><\/p>\n<div>\n<div><b>6.<\/b><\/div>\n<\/div>\n<div>\n<div>PESQUISA EM F\u00cdSICA DA MAT\u00c9RIA CONDENSADA<\/div>\n<\/div>\n<p><a name=\"LP_Mec\u00e2nica Estat\u00edstica de Fen\u00f4menos Cr\u00edticos\"><\/a><\/p>\n<div>\n<div><b>7.<\/b><\/div>\n<\/div>\n<div>\n<div>Mec\u00e2nica Estat\u00edstica de Fen\u00f4menos Cr\u00edticos<\/div>\n<\/div>\n<p><a name=\"LP_Tunelamento Qu\u00e2ntico em Jun\u00e7\u00f5es e Nanocontatos Magn\u00e9ticos\"><\/a><\/p>\n<div>\n<div><b>8.<\/b><\/div>\n<\/div>\n<div>\n<div>Tunelamento Qu\u00e2ntico em Jun\u00e7\u00f5es e Nanocontatos Magn\u00e9ticos<\/div>\n<\/div>\n<p><a name=\"LP_Magnetoresist\u00eancia Gigante em Jun\u00e7\u00f5es Magn\u00e9ticas\"><\/a><\/p>\n<div>\n<div><b>9.<\/b><\/div>\n<\/div>\n<div>\n<div>Magnetoresist\u00eancia Gigante em Jun\u00e7\u00f5es Magn\u00e9ticas<\/div>\n<\/div>\n<p><a name=\"LP_Espalhamento dependente do spin\"><\/a><\/p>\n<div>\n<div><b>10.<\/b><\/div>\n<\/div>\n<div>\n<div>Espalhamento dependente do spin<\/div>\n<\/div>\n<p><a name=\"LP_Metais ferromagn\u00e9ticos\"><\/a><\/p>\n<div>\n<div><b>11.<\/b><\/div>\n<\/div>\n<div>\n<div>Metais ferromagn\u00e9ticos<\/div>\n<\/div>\n<p><a name=\"LP_Propriedades de Transporte\"><\/a><\/p>\n<div>\n<div><b>12.<\/b><\/div>\n<\/div>\n<div>\n<div>Propriedades de Transporte<\/div>\n<\/div>\n<p><\/p>","protected":false},"excerpt":{"rendered":"<p>1. TEORIA DE MAGNETISMO E LIGACAO COM SUPERCONDUTIVIDADE. PROPRIEDADES ELETRONICAS DE SISTEMAS DESORDENADOS. 2. PROCESSOS DINAMICOS EM MATERIA CONDENSADA 3. SOLU\u00c7\u00d5ES EXATAS E SIMULACOES NUMERICAS. 4. POFESSOR DO CURSO DE MECANICA QUANTICA, GRADUACAO 5. PESQUISA EM FISICA DA MATERIA CONDENSADA 6. PESQUISA EM F\u00cdSICA DA MAT\u00c9RIA CONDENSADA 7. Mec\u00e2nica Estat\u00edstica de Fen\u00f4menos Cr\u00edticos 8. Tunelamento &hellip; <\/p>\n<p><a class=\"more-link btn\" href=\"https:\/\/sites.ifi.unicamp.br\/cabrera\/pesquisa\/\">Continue lendo<\/a><\/p>\n","protected":false},"author":74,"featured_media":0,"parent":0,"menu_order":1,"comment_status":"closed","ping_status":"closed","template":"","meta":{"ngg_post_thumbnail":0,"footnotes":""},"class_list":["post-85","page","type-page","status-publish","hentry","nodate","item-wrap"],"_links":{"self":[{"href":"https:\/\/sites.ifi.unicamp.br\/cabrera\/wp-json\/wp\/v2\/pages\/85","targetHints":{"allow":["GET"]}}],"collection":[{"href":"https:\/\/sites.ifi.unicamp.br\/cabrera\/wp-json\/wp\/v2\/pages"}],"about":[{"href":"https:\/\/sites.ifi.unicamp.br\/cabrera\/wp-json\/wp\/v2\/types\/page"}],"author":[{"embeddable":true,"href":"https:\/\/sites.ifi.unicamp.br\/cabrera\/wp-json\/wp\/v2\/users\/74"}],"replies":[{"embeddable":true,"href":"https:\/\/sites.ifi.unicamp.br\/cabrera\/wp-json\/wp\/v2\/comments?post=85"}],"version-history":[{"count":2,"href":"https:\/\/sites.ifi.unicamp.br\/cabrera\/wp-json\/wp\/v2\/pages\/85\/revisions"}],"predecessor-version":[{"id":145,"href":"https:\/\/sites.ifi.unicamp.br\/cabrera\/wp-json\/wp\/v2\/pages\/85\/revisions\/145"}],"wp:attachment":[{"href":"https:\/\/sites.ifi.unicamp.br\/cabrera\/wp-json\/wp\/v2\/media?parent=85"}],"curies":[{"name":"wp","href":"https:\/\/api.w.org\/{rel}","templated":true}]}}