{"id":95,"date":"2014-01-06T16:08:16","date_gmt":"2014-01-06T16:08:16","guid":{"rendered":"https:\/\/sites.ifi.unicamp.br\/modelodocente\/?page_id=77"},"modified":"2014-02-06T17:07:07","modified_gmt":"2014-02-06T17:07:07","slug":"quem-sou","status":"publish","type":"page","link":"https:\/\/sites.ifi.unicamp.br\/cabrera\/","title":{"rendered":"Quem sou"},"content":{"rendered":"<p><\/p>\n<p style=\"text-align: left\"><a href=\"https:\/\/sites.ifi.unicamp.br\/cabrera\/files\/2014\/01\/servletrecuperafoto.gif\"><img loading=\"lazy\" decoding=\"async\" class=\"size-full wp-image-143 alignleft\" alt=\"servletrecuperafoto\" src=\"https:\/\/sites.ifi.unicamp.br\/cabrera\/files\/2014\/01\/servletrecuperafoto.gif\" width=\"200\" height=\"254\" \/><\/a>possui gradua\u00e7\u00e3o em Ciencias &#8211; Universidad de Chile (1969) e mestrado em Ciencias F\u00edsicas &#8211; Universidad de Chile (1971). Seu doutorado em Ciencias F\u00edsicas &#8211; Universidad de Chile (1975)- foi realizado atrav\u00e9s do Programa Cooperativo Universidad de Chile &#8211; University of California, com financiamento da Ford Foundation e est\u00e1gio no campus de Berkeley. P\u00f3s-Doutorado na Universit\u00e9 de Paris XI (Paris-Sud), Orsay, Fran\u00e7a (1985-1986). Exerce como \u00e1rbitro da American Physical Society para as revistas Physical Review Letters, Physical Review B e Physical Review A. Professor titular (MS-6) da Universidade Estadual de Campinas. Tem experi\u00eancia na \u00e1rea de F\u00edsica Te\u00f3rica, com \u00eanfase em Materiais Magn\u00e9ticos e Propriedades Magn\u00e9ticas, atuando principalmente nos seguintes temas: antiferromagnetismo qu\u00e2ntico, cadeias de spins, sistemas correlacionados, cuprados supercondutores e transporte qu\u00e2ntico. Seus trabalhos pioneiros sobre o fen\u00f4meno da Magnetoresist\u00eancia Gigante s\u00e3o citados por Fert e colaboradores no artigo premiado com o Nobel de F\u00edsica de 2007 (Phys. Rev. Lett. 61 (1988) 2472)<\/p>\n<p><\/p>","protected":false},"excerpt":{"rendered":"<p>possui gradua\u00e7\u00e3o em Ciencias &#8211; Universidad de Chile (1969) e mestrado em Ciencias F\u00edsicas &#8211; Universidad de Chile (1971). Seu doutorado em Ciencias F\u00edsicas &#8211; Universidad de Chile (1975)- foi realizado atrav\u00e9s do Programa Cooperativo Universidad de Chile &#8211; University of California, com financiamento da Ford Foundation e est\u00e1gio no campus de Berkeley. P\u00f3s-Doutorado na &hellip; <\/p>\n<p><a class=\"more-link btn\" href=\"https:\/\/sites.ifi.unicamp.br\/cabrera\/\">Continue lendo<\/a><\/p>\n","protected":false},"author":74,"featured_media":0,"parent":0,"menu_order":0,"comment_status":"open","ping_status":"open","template":"","meta":{"ngg_post_thumbnail":0,"footnotes":""},"class_list":["post-95","page","type-page","status-publish","hentry","nodate","item-wrap"],"_links":{"self":[{"href":"https:\/\/sites.ifi.unicamp.br\/cabrera\/wp-json\/wp\/v2\/pages\/95","targetHints":{"allow":["GET"]}}],"collection":[{"href":"https:\/\/sites.ifi.unicamp.br\/cabrera\/wp-json\/wp\/v2\/pages"}],"about":[{"href":"https:\/\/sites.ifi.unicamp.br\/cabrera\/wp-json\/wp\/v2\/types\/page"}],"author":[{"embeddable":true,"href":"https:\/\/sites.ifi.unicamp.br\/cabrera\/wp-json\/wp\/v2\/users\/74"}],"replies":[{"embeddable":true,"href":"https:\/\/sites.ifi.unicamp.br\/cabrera\/wp-json\/wp\/v2\/comments?post=95"}],"version-history":[{"count":3,"href":"https:\/\/sites.ifi.unicamp.br\/cabrera\/wp-json\/wp\/v2\/pages\/95\/revisions"}],"predecessor-version":[{"id":142,"href":"https:\/\/sites.ifi.unicamp.br\/cabrera\/wp-json\/wp\/v2\/pages\/95\/revisions\/142"}],"wp:attachment":[{"href":"https:\/\/sites.ifi.unicamp.br\/cabrera\/wp-json\/wp\/v2\/media?parent=95"}],"curies":[{"name":"wp","href":"https:\/\/api.w.org\/{rel}","templated":true}]}}