{"id":85,"date":"2013-12-06T12:23:58","date_gmt":"2013-12-06T12:23:58","guid":{"rendered":"https:\/\/sites.ifi.unicamp.br\/modelo\/?page_id=26"},"modified":"2015-09-02T14:05:31","modified_gmt":"2015-09-02T14:05:31","slug":"pesquisa","status":"publish","type":"page","link":"https:\/\/sites.ifi.unicamp.br\/caldeira\/pesquisa\/","title":{"rendered":"Pesquisa"},"content":{"rendered":"<p><\/p>\n<div class=\"title-wrapper\">\n<div class=\"layout-cell layout-cell-12 data-cell\">\n<div class=\"layout-cell layout-cell-3 text-align-right\">\n<div class=\"layout-cell-pad-5 text-align-right\"><b>1. <\/b><\/div>\n<\/div>\n<div class=\"layout-cell layout-cell-9\">\n<div class=\"layout-cell-pad-5\">Sistemas Eletr\u00f4nicos Correlacionados em Baixa Dimensionalidade<\/div>\n<\/div>\n<p><a name=\"LP_Din\u00e2mica qu\u00e2ntica de sistemas n\u00e3o-isolados\"><\/a><\/p>\n<div class=\"layout-cell layout-cell-3 text-align-right\">\n<div class=\"layout-cell-pad-5 text-align-right\"><b>2. <\/b><\/div>\n<\/div>\n<div class=\"layout-cell layout-cell-9\">\n<div class=\"layout-cell-pad-5\">Din\u00e2mica qu\u00e2ntica de sistemas n\u00e3o-isolados<\/div>\n<\/div>\n<\/div>\n<\/div>\n<p><\/p>","protected":false},"excerpt":{"rendered":"<p>1. Sistemas Eletr\u00f4nicos Correlacionados em Baixa Dimensionalidade 2. Din\u00e2mica qu\u00e2ntica de sistemas n\u00e3o-isolados<\/p>\n","protected":false},"author":148,"featured_media":0,"parent":0,"menu_order":1,"comment_status":"closed","ping_status":"closed","template":"","meta":{"ngg_post_thumbnail":0,"footnotes":""},"class_list":["post-85","page","type-page","status-publish","hentry","nodate","item-wrap"],"_links":{"self":[{"href":"https:\/\/sites.ifi.unicamp.br\/caldeira\/wp-json\/wp\/v2\/pages\/85","targetHints":{"allow":["GET"]}}],"collection":[{"href":"https:\/\/sites.ifi.unicamp.br\/caldeira\/wp-json\/wp\/v2\/pages"}],"about":[{"href":"https:\/\/sites.ifi.unicamp.br\/caldeira\/wp-json\/wp\/v2\/types\/page"}],"author":[{"embeddable":true,"href":"https:\/\/sites.ifi.unicamp.br\/caldeira\/wp-json\/wp\/v2\/users\/148"}],"replies":[{"embeddable":true,"href":"https:\/\/sites.ifi.unicamp.br\/caldeira\/wp-json\/wp\/v2\/comments?post=85"}],"version-history":[{"count":5,"href":"https:\/\/sites.ifi.unicamp.br\/caldeira\/wp-json\/wp\/v2\/pages\/85\/revisions"}],"predecessor-version":[{"id":175,"href":"https:\/\/sites.ifi.unicamp.br\/caldeira\/wp-json\/wp\/v2\/pages\/85\/revisions\/175"}],"wp:attachment":[{"href":"https:\/\/sites.ifi.unicamp.br\/caldeira\/wp-json\/wp\/v2\/media?parent=85"}],"curies":[{"name":"wp","href":"https:\/\/api.w.org\/{rel}","templated":true}]}}