{"id":95,"date":"2014-01-06T16:08:16","date_gmt":"2014-01-06T16:08:16","guid":{"rendered":"https:\/\/sites.ifi.unicamp.br\/modelodocente\/?page_id=77"},"modified":"2015-08-07T14:02:36","modified_gmt":"2015-08-07T14:02:36","slug":"quem-sou","status":"publish","type":"page","link":"https:\/\/sites.ifi.unicamp.br\/caldeira\/","title":{"rendered":"Quem sou"},"content":{"rendered":"<p><a href=\"https:\/\/sites.ifi.unicamp.br\/caldeira\/files\/2014\/01\/Amir.jpeg\"><img loading=\"lazy\" decoding=\"async\" class=\"alignleft wp-image-132 size-full\" src=\"https:\/\/sites.ifi.unicamp.br\/caldeira\/files\/2014\/01\/Amir.jpeg\" alt=\"\" width=\"145\" height=\"155\" \/><\/a>possui gradua\u00e7\u00e3o em F\u00edsica pela Pontif\u00edcia Universidade Cat\u00f3lica do Rio de Janeiro (1973), mestrado em F\u00edsica pela Pontif\u00edcia Universidade Cat\u00f3lica do Rio de Janeiro (1976) e doutorado em F\u00edsica &#8211; University of Sussex (1980). Atualmente \u00e9 professor titular da Universidade Estadual de Campinas , membro da Academia Brasileira de Ci\u00eancias desde 2000 e Comendador da Ordem Nacional do M\u00e9rito Cient\u00edfico. Tem experi\u00eancia na \u00e1rea de F\u00edsica Te\u00f3rica , com \u00eanfase em F\u00edsica da Mat\u00e9ria Condensada, atuando principalmente nos seguintes temas: dissipa\u00e7\u00e3o qu\u00e2ntica, efeitos qu\u00e2nticos macrosc\u00f3picos e sistemas eletr\u00f4nicos de baixa dimensionalidade.<\/p>","protected":false},"excerpt":{"rendered":"<p>possui gradua\u00e7\u00e3o em F\u00edsica pela Pontif\u00edcia Universidade Cat\u00f3lica do Rio de Janeiro (1973), mestrado em F\u00edsica pela Pontif\u00edcia Universidade Cat\u00f3lica do Rio de Janeiro (1976) e doutorado em F\u00edsica &#8211; University of Sussex (1980). Atualmente \u00e9 professor titular da Universidade Estadual de Campinas , membro da Academia Brasileira de Ci\u00eancias desde 2000 e Comendador da &hellip; <\/p>\n<p><a class=\"more-link btn\" href=\"https:\/\/sites.ifi.unicamp.br\/caldeira\/\">Continue lendo<\/a><\/p>\n","protected":false},"author":148,"featured_media":0,"parent":0,"menu_order":0,"comment_status":"open","ping_status":"open","template":"","meta":{"ngg_post_thumbnail":0,"footnotes":""},"class_list":["post-95","page","type-page","status-publish","hentry","nodate","item-wrap"],"_links":{"self":[{"href":"https:\/\/sites.ifi.unicamp.br\/caldeira\/wp-json\/wp\/v2\/pages\/95","targetHints":{"allow":["GET"]}}],"collection":[{"href":"https:\/\/sites.ifi.unicamp.br\/caldeira\/wp-json\/wp\/v2\/pages"}],"about":[{"href":"https:\/\/sites.ifi.unicamp.br\/caldeira\/wp-json\/wp\/v2\/types\/page"}],"author":[{"embeddable":true,"href":"https:\/\/sites.ifi.unicamp.br\/caldeira\/wp-json\/wp\/v2\/users\/148"}],"replies":[{"embeddable":true,"href":"https:\/\/sites.ifi.unicamp.br\/caldeira\/wp-json\/wp\/v2\/comments?post=95"}],"version-history":[{"count":6,"href":"https:\/\/sites.ifi.unicamp.br\/caldeira\/wp-json\/wp\/v2\/pages\/95\/revisions"}],"predecessor-version":[{"id":133,"href":"https:\/\/sites.ifi.unicamp.br\/caldeira\/wp-json\/wp\/v2\/pages\/95\/revisions\/133"}],"wp:attachment":[{"href":"https:\/\/sites.ifi.unicamp.br\/caldeira\/wp-json\/wp\/v2\/media?parent=95"}],"curies":[{"name":"wp","href":"https:\/\/api.w.org\/{rel}","templated":true}]}}