{"id":37,"date":"2014-03-17T15:27:41","date_gmt":"2014-03-17T15:27:41","guid":{"rendered":"https:\/\/sites.ifi.unicamp.br\/modelogrupo\/?page_id=35"},"modified":"2019-06-12T13:47:08","modified_gmt":"2019-06-12T16:47:08","slug":"links","status":"publish","type":"page","link":"https:\/\/sites.ifi.unicamp.br\/cosmologia\/links\/","title":{"rendered":"Links"},"content":{"rendered":"<p>Veja aqui os links das p\u00e1ginas das colabora\u00e7\u00f5es cient\u00edficas do Grupo:<\/p>\n<p><a href=\"https:\/\/www.darkenergysurvey.org\/\" target=\"_blank\" rel=\"noopener noreferrer\">Dark Energy Survey<\/a><\/p>\n<p><a href=\"http:\/\/www.sdss3.org\/future\/\" target=\"_blank\" rel=\"noopener noreferrer\">Sloan Digital Sky Survey \u2013 IV<\/a><\/p>\n<p><a href=\"https:\/\/www.lsst.org\/\" target=\"_blank\" rel=\"noopener noreferrer\">Large Synoptic Survey Telescope<\/a><\/p>","protected":false},"excerpt":{"rendered":"<p>Veja aqui os links das p\u00e1ginas das colabora\u00e7\u00f5es cient\u00edficas do Grupo: Dark Energy Survey Sloan Digital Sky Survey \u2013 IV Large Synoptic Survey Telescope<\/p>\n","protected":false},"author":168,"featured_media":0,"parent":0,"menu_order":0,"comment_status":"closed","ping_status":"closed","template":"","meta":{"ngg_post_thumbnail":0,"footnotes":""},"class_list":["post-37","page","type-page","status-publish","hentry","nodate","item-wrap"],"_links":{"self":[{"href":"https:\/\/sites.ifi.unicamp.br\/cosmologia\/wp-json\/wp\/v2\/pages\/37","targetHints":{"allow":["GET"]}}],"collection":[{"href":"https:\/\/sites.ifi.unicamp.br\/cosmologia\/wp-json\/wp\/v2\/pages"}],"about":[{"href":"https:\/\/sites.ifi.unicamp.br\/cosmologia\/wp-json\/wp\/v2\/types\/page"}],"author":[{"embeddable":true,"href":"https:\/\/sites.ifi.unicamp.br\/cosmologia\/wp-json\/wp\/v2\/users\/168"}],"replies":[{"embeddable":true,"href":"https:\/\/sites.ifi.unicamp.br\/cosmologia\/wp-json\/wp\/v2\/comments?post=37"}],"version-history":[{"count":1,"href":"https:\/\/sites.ifi.unicamp.br\/cosmologia\/wp-json\/wp\/v2\/pages\/37\/revisions"}],"predecessor-version":[{"id":122,"href":"https:\/\/sites.ifi.unicamp.br\/cosmologia\/wp-json\/wp\/v2\/pages\/37\/revisions\/122"}],"wp:attachment":[{"href":"https:\/\/sites.ifi.unicamp.br\/cosmologia\/wp-json\/wp\/v2\/media?parent=37"}],"curies":[{"name":"wp","href":"https:\/\/api.w.org\/{rel}","templated":true}]}}