{"id":95,"date":"2014-01-06T16:08:16","date_gmt":"2014-01-06T16:08:16","guid":{"rendered":"https:\/\/sites.ifi.unicamp.br\/modelodocente\/?page_id=77"},"modified":"2014-01-29T18:43:23","modified_gmt":"2014-01-29T18:43:23","slug":"quem-sou","status":"publish","type":"page","link":"https:\/\/sites.ifi.unicamp.br\/covolan\/","title":{"rendered":"Quem sou"},"content":{"rendered":"<p><img fetchpriority=\"high\" decoding=\"async\" class=\"alignleft size-full wp-image-145\" alt=\"covolan\" src=\"https:\/\/sites.ifi.unicamp.br\/covolan\/files\/2014\/01\/covolan.jpg\" width=\"200\" height=\"276\" \/>Roberto Covolan obteve seus t\u00edtulos de Mestre em F\u00edsica (1985) e Doutor em Ci\u00eancias (1989) no Instituto de F\u00edsica Gleb Wataghin (IFGW) da Universidade Estadual de Campinas (Unicamp) com trabalhos em f\u00edsica de part\u00edculas na \u00e1rea de fenomenologia hadr\u00f4nica a altas energias. Ap\u00f3s um per\u00edodo de p\u00f3s-doutoramento (1989-1990) no Departamento de F\u00edsica Te\u00f3rica da Universit\u00e0 degli Studi di Torino (Turim, It\u00e1lia), assumiu a posi\u00e7\u00e3o de professor assistente no IFGW-Unicamp para desenvolver estudos sobre radia\u00e7\u00e3o c\u00f3smica e f\u00edsica das part\u00edculas elementares. Durante o per\u00edodo de 1995-1996, esteve na Rockefeller University (Nova York, EUA) como &#8220;guest investigator&#8221; fazendo parte do Laborat\u00f3rio de F\u00edsica Experimental de Altas Energias. A partir do ano 2000, trabalhou na organiza\u00e7\u00e3o e cria\u00e7\u00e3o do curso de bacharelado em F\u00edsica M\u00e9dica, na Unicamp, curso aprovado e em funcionamento desde 2003. Nessa mesma \u00e9poca (ano 2000), passou tamb\u00e9m a desenvolver atividades como colaborador do Laborat\u00f3rio de Neuroimagem (LNI), da Faculdade de Ci\u00eancias M\u00e9dicas da Unicamp, visando desenvolver estudos sobre din\u00e2mica cerebral atrav\u00e9s de resson\u00e2ncia magn\u00e9tica funcional. Juntamente com pesquisadores do LNI, lan\u00e7ou a proposta que resultou no Programa CInAPCe, aprovado pela FAPESP (www.fapesp.br\/cinapce\/). Durante licen\u00e7a sab\u00e1tica (2002-2003), realizou est\u00e1gio em Boston, EUA, na condi\u00e7\u00e3o de &#8220;visiting scientist&#8221; junto ao Massachusetts General Hospital e &#8220;visiting associate professor&#8221; junto \u00e0 Harvard University. Durante esse per\u00edodo, realizou estudos funcionais multimodais, combinando as t\u00e9cnicas de tomografia \u00f3ptica e resson\u00e2ncia magn\u00e9tica funcional. De volta \u00e0 Unicamp, criou, em 2005, um novo grupo de pesquisa no IFGW, o Grupo de Neurof\u00edsica, que coordena desde ent\u00e3o. Foi um dos organizadores, em 2004, do projeto Centro Multimodal de Neuroimagem para Estudos em Epilepsia , atrav\u00e9s do qual a Unicamp estar\u00e1 inserida no Programa CInAPCe da FAPESP. Em 2010, em colabora\u00e7\u00e3o com pesquisadores de outras quatro institui\u00e7\u00f5es, o Prof. Covolan foi um dos respons\u00e1veis pelo lan\u00e7amento do Projeto DesTINe (Desenvolvimento de Tecnologias de Informa\u00e7\u00e3o para Neurologia).<\/p>","protected":false},"excerpt":{"rendered":"<p>Roberto Covolan obteve seus t\u00edtulos de Mestre em F\u00edsica (1985) e Doutor em Ci\u00eancias (1989) no Instituto de F\u00edsica Gleb Wataghin (IFGW) da Universidade Estadual de Campinas (Unicamp) com trabalhos em f\u00edsica de part\u00edculas na \u00e1rea de fenomenologia hadr\u00f4nica a altas energias. Ap\u00f3s um per\u00edodo de p\u00f3s-doutoramento (1989-1990) no Departamento de F\u00edsica Te\u00f3rica da Universit\u00e0 &hellip; <\/p>\n<p><a class=\"more-link btn\" href=\"https:\/\/sites.ifi.unicamp.br\/covolan\/\">Continue lendo<\/a><\/p>\n","protected":false},"author":5,"featured_media":0,"parent":0,"menu_order":0,"comment_status":"open","ping_status":"open","template":"","meta":{"ngg_post_thumbnail":0,"footnotes":""},"class_list":["post-95","page","type-page","status-publish","hentry","nodate","item-wrap"],"_links":{"self":[{"href":"https:\/\/sites.ifi.unicamp.br\/covolan\/wp-json\/wp\/v2\/pages\/95","targetHints":{"allow":["GET"]}}],"collection":[{"href":"https:\/\/sites.ifi.unicamp.br\/covolan\/wp-json\/wp\/v2\/pages"}],"about":[{"href":"https:\/\/sites.ifi.unicamp.br\/covolan\/wp-json\/wp\/v2\/types\/page"}],"author":[{"embeddable":true,"href":"https:\/\/sites.ifi.unicamp.br\/covolan\/wp-json\/wp\/v2\/users\/5"}],"replies":[{"embeddable":true,"href":"https:\/\/sites.ifi.unicamp.br\/covolan\/wp-json\/wp\/v2\/comments?post=95"}],"version-history":[{"count":4,"href":"https:\/\/sites.ifi.unicamp.br\/covolan\/wp-json\/wp\/v2\/pages\/95\/revisions"}],"predecessor-version":[{"id":148,"href":"https:\/\/sites.ifi.unicamp.br\/covolan\/wp-json\/wp\/v2\/pages\/95\/revisions\/148"}],"wp:attachment":[{"href":"https:\/\/sites.ifi.unicamp.br\/covolan\/wp-json\/wp\/v2\/media?parent=95"}],"curies":[{"name":"wp","href":"https:\/\/api.w.org\/{rel}","templated":true}]}}