{"id":305,"date":"2023-12-07T11:36:01","date_gmt":"2023-12-07T14:36:01","guid":{"rendered":"https:\/\/sites.ifi.unicamp.br\/criogenia\/?page_id=305"},"modified":"2023-12-11T11:22:06","modified_gmt":"2023-12-11T14:22:06","slug":"missao","status":"publish","type":"page","link":"https:\/\/sites.ifi.unicamp.br\/criogenia\/missao\/","title":{"rendered":"Miss\u00e3o"},"content":{"rendered":"<p>A Oficina de Criogenia do IFGW \u00e9 uma instala\u00e7\u00e3o multi-usu\u00e1rios que opera h\u00e1 mais de 3 d\u00e9cadas. Sua miss\u00e3o \u00e9 fornecer h\u00e9lio e nitrog\u00eanio l\u00edquidos para usu\u00e1rios tanto no IFGW quando fora dele para a realiza\u00e7\u00e3o de experimentos em baixas temperaturas. Ela est\u00e1 inserida dentro do Grupo de Apoio T\u00e9cnico Especializado (GATE). Sua equipe t\u00e9cnica da oficina \u00e9 composta por tr\u00eas t\u00e9cnicos com forma\u00e7\u00e3o:<\/p>\n<ul style=\"list-style-type: circle\">\n<li>Ailton M. Itaya (Graduado\/engenharia mec\u00e2nica)<\/li>\n<li>Gustavo C. L\u00facio (Graduado\/engenharia mec\u00e2nica)<\/li>\n<li>Milton de Almeida e Silva (n\u00edvel t\u00e9cnico).<\/li>\n<\/ul>\n<p>A equipe \u00e9 respons\u00e1vel pela opera\u00e7\u00e3o dos equipamentos e fornecimento de nitrog\u00eanio e h\u00e9lio l\u00edquido para os usu\u00e1rios.<\/p>\n<p>&nbsp;<\/p>","protected":false},"excerpt":{"rendered":"<p>A Oficina de Criogenia do IFGW \u00e9 uma instala\u00e7\u00e3o multi-usu\u00e1rios que opera h\u00e1 mais de 3 d\u00e9cadas. Sua miss\u00e3o \u00e9 fornecer h\u00e9lio e nitrog\u00eanio l\u00edquidos para usu\u00e1rios tanto no IFGW quando fora dele para a realiza\u00e7\u00e3o de experimentos em baixas temperaturas. Ela est\u00e1 inserida dentro do Grupo de Apoio T\u00e9cnico Especializado (GATE). Sua equipe t\u00e9cnica &hellip; <\/p>\n<p><a class=\"more-link btn\" href=\"https:\/\/sites.ifi.unicamp.br\/criogenia\/missao\/\">Continue lendo<\/a><\/p>\n","protected":false},"author":48,"featured_media":0,"parent":0,"menu_order":0,"comment_status":"closed","ping_status":"closed","template":"","meta":{"ngg_post_thumbnail":0,"footnotes":""},"class_list":["post-305","page","type-page","status-publish","hentry","nodate","item-wrap"],"_links":{"self":[{"href":"https:\/\/sites.ifi.unicamp.br\/criogenia\/wp-json\/wp\/v2\/pages\/305","targetHints":{"allow":["GET"]}}],"collection":[{"href":"https:\/\/sites.ifi.unicamp.br\/criogenia\/wp-json\/wp\/v2\/pages"}],"about":[{"href":"https:\/\/sites.ifi.unicamp.br\/criogenia\/wp-json\/wp\/v2\/types\/page"}],"author":[{"embeddable":true,"href":"https:\/\/sites.ifi.unicamp.br\/criogenia\/wp-json\/wp\/v2\/users\/48"}],"replies":[{"embeddable":true,"href":"https:\/\/sites.ifi.unicamp.br\/criogenia\/wp-json\/wp\/v2\/comments?post=305"}],"version-history":[{"count":5,"href":"https:\/\/sites.ifi.unicamp.br\/criogenia\/wp-json\/wp\/v2\/pages\/305\/revisions"}],"predecessor-version":[{"id":346,"href":"https:\/\/sites.ifi.unicamp.br\/criogenia\/wp-json\/wp\/v2\/pages\/305\/revisions\/346"}],"wp:attachment":[{"href":"https:\/\/sites.ifi.unicamp.br\/criogenia\/wp-json\/wp\/v2\/media?parent=305"}],"curies":[{"name":"wp","href":"https:\/\/api.w.org\/{rel}","templated":true}]}}