{"id":95,"date":"2014-01-06T16:08:16","date_gmt":"2014-01-06T16:08:16","guid":{"rendered":"https:\/\/sites.ifi.unicamp.br\/modelodocente\/?page_id=77"},"modified":"2014-01-30T12:33:41","modified_gmt":"2014-01-30T12:33:41","slug":"quem-sou","status":"publish","type":"page","link":"https:\/\/sites.ifi.unicamp.br\/dekoning\/","title":{"rendered":"Quem sou"},"content":{"rendered":"<p><img decoding=\"async\" class=\"alignleft size-full wp-image-107\" alt=\"nofoto\" src=\"https:\/\/sites.ifi.unicamp.br\/dekoning\/files\/2014\/01\/nofoto.jpg\" width=\"142\" height=\"182\" \/>possui mestrado em Technical Physics &#8211; Eindhoven University of Technology (1992), doutorado em F\u00edsica pela Universidade Estadual de Campinas (1997), p\u00f3s-doutorado pela Massachusetts Institute of Technology (2000) e pelo Lawrence Livermore National Laboratory (2001). Atualmente \u00e9 professor doutor da Universidade Estadual de Campinas. Tem experi\u00eancia na \u00e1rea de F\u00edsica, com \u00eanfase em Propriedades T\u00e9rmicas e Mec\u00e2nicas da Mat\u00e9ria Condensada, atuando principalmente nos seguintes temas: simula\u00e7\u00e3o atom\u00edstica, m\u00e9todos monte carlo e din\u00e2mica molecular, m\u00e9todos multi-escala, properiedades de discord\u00e2ncias em s\u00f3lidos cristalinos, e f\u00edsica das fases condensadas da \u00e1gua.<\/p>","protected":false},"excerpt":{"rendered":"<p>possui mestrado em Technical Physics &#8211; Eindhoven University of Technology (1992), doutorado em F\u00edsica pela Universidade Estadual de Campinas (1997), p\u00f3s-doutorado pela Massachusetts Institute of Technology (2000) e pelo Lawrence Livermore National Laboratory (2001). Atualmente \u00e9 professor doutor da Universidade Estadual de Campinas. Tem experi\u00eancia na \u00e1rea de F\u00edsica, com \u00eanfase em Propriedades T\u00e9rmicas e &hellip; <\/p>\n<p><a class=\"more-link btn\" href=\"https:\/\/sites.ifi.unicamp.br\/dekoning\/\">Continue lendo<\/a><\/p>\n","protected":false},"author":22,"featured_media":0,"parent":0,"menu_order":0,"comment_status":"open","ping_status":"open","template":"","meta":{"ngg_post_thumbnail":0,"footnotes":""},"class_list":["post-95","page","type-page","status-publish","hentry","nodate","item-wrap"],"_links":{"self":[{"href":"https:\/\/sites.ifi.unicamp.br\/dekoning\/wp-json\/wp\/v2\/pages\/95","targetHints":{"allow":["GET"]}}],"collection":[{"href":"https:\/\/sites.ifi.unicamp.br\/dekoning\/wp-json\/wp\/v2\/pages"}],"about":[{"href":"https:\/\/sites.ifi.unicamp.br\/dekoning\/wp-json\/wp\/v2\/types\/page"}],"author":[{"embeddable":true,"href":"https:\/\/sites.ifi.unicamp.br\/dekoning\/wp-json\/wp\/v2\/users\/22"}],"replies":[{"embeddable":true,"href":"https:\/\/sites.ifi.unicamp.br\/dekoning\/wp-json\/wp\/v2\/comments?post=95"}],"version-history":[{"count":3,"href":"https:\/\/sites.ifi.unicamp.br\/dekoning\/wp-json\/wp\/v2\/pages\/95\/revisions"}],"predecessor-version":[{"id":144,"href":"https:\/\/sites.ifi.unicamp.br\/dekoning\/wp-json\/wp\/v2\/pages\/95\/revisions\/144"}],"wp:attachment":[{"href":"https:\/\/sites.ifi.unicamp.br\/dekoning\/wp-json\/wp\/v2\/media?parent=95"}],"curies":[{"name":"wp","href":"https:\/\/api.w.org\/{rel}","templated":true}]}}