{"id":174,"date":"2017-09-30T07:10:21","date_gmt":"2017-09-30T10:10:21","guid":{"rendered":"https:\/\/sites.ifi.unicamp.br\/dmuraca\/?page_id=174"},"modified":"2021-06-30T19:27:44","modified_gmt":"2021-06-30T22:27:44","slug":"home","status":"publish","type":"page","link":"https:\/\/sites.ifi.unicamp.br\/dmuraca\/","title":{"rendered":"Home"},"content":{"rendered":"<p><span style=\"font-size: 24pt\"><strong>Visite nosso Grupo de Pesquisa clicando <a href=\"https:\/\/sites.ifi.unicamp.br\/gmfa\/pesquisa\/\">aqui<\/a><\/strong><\/span><\/p>\n<p><span style=\"color: #0000ff\"><strong><span style=\"font-size: 24pt\">Artigo publicado na Acta Biomaterilia \u00e9 destacado pela Science!!!!. Siga o<a href=\"https:\/\/science.sciencemag.org\/content\/372\/6548\/1301.6\"><span style=\"color: #ff0000\"> link<\/span><\/a>!<\/span><\/strong><\/span><\/p>\n<p>&nbsp;<\/p>\n<p><a style=\"font-family: inherit;font-size: 36px;font-weight: bold;background-color: #ffffff\" href=\"https:\/\/pubs.rsc.org\/en\/Journals\/ArticleCollectionLanding?themeId=30913dc1-47c5-4366-a8c7-8cd73f2fcba1&amp;journalName\"><span style=\"color: #0000ff\">Artigo Editor\u2019s Choice: Hybrid Materials<\/span><\/a><\/p>\n<p>Editorial Board member for&nbsp;<i>Journal of Material Chemistry B<\/i> Claus Feldmann (Karlsruhe Institute of Technology, Germany), introduces this Editor\u2019s Choice collection on hybrid materials<\/p>\n<h2><a href=\"https:\/\/pubs.rsc.org\/en\/content\/articlelanding\/2021\/tb\/d0tb02454f#!divAbstract\"><img decoding=\"async\" src=\"https:\/\/pubs.rsc.org\/image\/article\/2021\/tb\/d0tb02454f\/d0tb02454f-s1.gif\"><\/a><\/h2>\n<p><em><strong>In the current collection, I have selected outstanding papers published during recent years <i>in Journal of Materials Chemistry B<\/i>&nbsp;and&nbsp;<i>Materials Advances<\/i>&nbsp;that address the extremely wide area of hybrid materials. These articles provide fascinating insights and perspectives with regard to multi-functional imaging, drug delivery, sensing, tissue engineering and tissue regeneration, and nanostructured semiconductors.<\/strong><\/em><\/p>\n<p>&nbsp;<\/p>\n<p><span style=\"font-size: 24pt\"><strong>In situ&nbsp;electron microscopy observation of the redox process in plasmonic heterogeneous-photo-sensitive nanoparticles<\/strong><\/span><\/p>\n<div class=\"embed-container\"><iframe loading=\"lazy\" title=\"Movie S1\" width=\"750\" height=\"563\" src=\"https:\/\/www.youtube.com\/embed\/u4BWAA7g1_4?feature=oembed\" frameborder=\"0\" allow=\"accelerometer; autoplay; clipboard-write; encrypted-media; gyroscope; picture-in-picture\" allowfullscreen><\/iframe><\/div>\n<p><strong>D. Muraca<\/strong>&nbsp;, L. B. Scaffardi, D. J. M. J. Santill\u00e1n, Mu\u00f1et\u00f3n Arboleda, , D. C. Schinca and Jefferson Bettini.&nbsp;<a href=\"https:\/\/pubs.rsc.org\/en\/content\/articlehtml\/2019\/na\/c9na00469f\"><em><span class=\"title_heading\"><span class=\"italic\">In situ<\/span>&nbsp;electron microscopy observation of the redox process in plasmonic heterogeneous-photo-sensitive nanoparticles.<\/span><\/em><\/a>&nbsp;<strong>Nanoscale Advances<\/strong>. 2019; 1, 3909.<br \/>\n<u><\/u>Link:&nbsp;<a href=\"https:\/\/pubs.rsc.org\/lv\/content\/articlehtml\/2019\/na\/c9na00469f\">https:\/\/pubs.rsc.org\/lv\/content\/articlehtml\/2019\/na\/c9na00469f<\/a><\/p>\n<h2><span style=\"color: #333399\">Reports (Physics) em 2019.<\/span><\/h2>\n<h2><span style=\"font-size: 12pt\">&#8220;Your article is in the Top 100 <em>Scientific Reports<\/em> physics papers in 2019&#8243;. clique na imagem (TOP 100) para ver a lista completa. Clique na figura para aceder ao artigo!!!!<\/span><\/h2>\n<p>&nbsp;<\/p>\n<h2><a href=\"https:\/\/www.nature.com\/collections\/ecehgdfcba\/?sap-outbound-id=5B56CE8ED40839764EADFF3EE875A6CC12232418&amp;utm_source=hybris-campaign&amp;utm_medium=email&amp;utm_campaign=000_MVM1398_0000019704_SREP_CON_AW02_GL_Top100_2019_Aut_Physics&amp;utm_content=EN_internal_43869_20200309&amp;mkt-key=005056A5C6311ED999A0D12BAF50BA97\"><img loading=\"lazy\" decoding=\"async\" class=\"alignnone wp-image-470\" src=\"https:\/\/sites.ifi.unicamp.br\/dmuraca\/files\/2020\/03\/A84645_SREP_Top_100_author_badge_JPEG-300x271.jpeg\" alt=\"\" width=\"204\" height=\"184\" srcset=\"https:\/\/sites.ifi.unicamp.br\/dmuraca\/files\/2020\/03\/A84645_SREP_Top_100_author_badge_JPEG-300x271.jpeg 300w, https:\/\/sites.ifi.unicamp.br\/dmuraca\/files\/2020\/03\/A84645_SREP_Top_100_author_badge_JPEG.jpeg 600w\" sizes=\"auto, (max-width: 204px) 100vw, 204px\" \/><\/a><\/h2>\n<p>&nbsp;<\/p>\n<h2><a href=\"https:\/\/www.nature.com\/articles\/s41598-019-39517-3?sap-outbound-id=5B56CE8ED40839764EADFF3EE875A6CC12232418&amp;utm_source=hybris-campaign&amp;utm_medium=email&amp;utm_campaign=000_MVM1398_0000019704_SREP_CON_AW02_GL_Top100_2019_Aut_Physics&amp;utm_content=EN_internal_43869_20200309&amp;mkt-key=005056A5C6311ED999A0D12BAF50BA97\"><img loading=\"lazy\" decoding=\"async\" class=\"\" src=\"https:\/\/media.springernature.com\/full\/springer-static\/image\/art%3A10.1038%2Fs41598-019-39517-3\/MediaObjects\/41598_2019_39517_Fig1_HTML.png\" alt=\"Figure 1\" width=\"568\" height=\"317\"><\/a><\/h2>\n<p>&nbsp;<\/p>\n<h2><span style=\"font-size: 18pt;color: #333399\">IFGW E IQ FORTALECEM PARCERIA DE SUCESSO EM ESTUDOS DE NANOPART\u00cdCULAS<\/span><\/h2>\n<h2><a href=\"https:\/\/www.nature.com\/collections\/ecehgdfcba\/?sap-outbound-id=5B56CE8ED40839764EADFF3EE875A6CC12232418&amp;utm_source=hybris-campaign&amp;utm_medium=email&amp;utm_campaign=000_MVM1398_0000019704_SREP_CON_AW02_GL_Top100_2019_Aut_Physics&amp;utm_content=EN_internal_43869_20200309&amp;mkt-key=005056A5C6311ED999A0D12BAF50BA97\"><img loading=\"lazy\" decoding=\"async\" class=\"wp-image-483 aligncenter\" src=\"https:\/\/sites.ifi.unicamp.br\/dmuraca\/files\/2020\/03\/Anota\u00e7\u00e3o-2020-03-10-095923-300x182.png\" alt=\"\" width=\"610\" height=\"369\" srcset=\"https:\/\/sites.ifi.unicamp.br\/dmuraca\/files\/2020\/03\/Anota\u00e7\u00e3o-2020-03-10-095923-300x182.png 300w, https:\/\/sites.ifi.unicamp.br\/dmuraca\/files\/2020\/03\/Anota\u00e7\u00e3o-2020-03-10-095923-768x465.png 768w, https:\/\/sites.ifi.unicamp.br\/dmuraca\/files\/2020\/03\/Anota\u00e7\u00e3o-2020-03-10-095923.png 886w\" sizes=\"auto, (max-width: 610px) 100vw, 610px\" \/><\/a><\/h2>\n<h2>&nbsp;<\/h2>\n<h2><span style=\"font-size: 12pt\">Os professores Diego Muraca do Laborat\u00f3rio de Materiais e Dispositivos (LMD) e Marcelo Knobel, do Laborat\u00f3rio de Materiais a Baixas Temperaturas (LMBT), tiveram seu artigo \u201cExploring the synthesis conditions to control the morphology of gold-iron oxide heterostructures\u201d publicado na importante revista Nano Research (IF: 8.515) de junho de 2019.<\/span><\/h2>\n<p>Leia a materia na pagina <span style=\"color: #ff0000\"><strong><a href=\"https:\/\/portal.ifi.unicamp.br\/a-instituicao\/noticias\/12-ifgw-em-destaque\/1381-ifgw-e-iq-fortalecem-parceria-de-sucesso-em-estudos-de-nanoparticulas-1563472278\">IFGW<\/a> <span style=\"color: #000000\">ou o artigo clicando <a href=\"https:\/\/link.springer.com\/article\/10.1007\/s12274-019-2431-7\">AQUI!!!<\/a><\/span><\/strong><\/span><\/p>\n<h2>&nbsp;<\/h2>\n<h2 class=\"sprocket-features-title\"><span style=\"font-size: 18pt;color: #333399\">ARTIGO DE PROFESSORES DO IFGW \u00c9 CAPA DA REVISTA ACS APPLIED NANO MATERIALS<\/span><\/h2>\n<p><a href=\"https:\/\/pubs.acs.org\/doi\/abs\/10.1021\/acsanm.9b00339\"><img loading=\"lazy\" decoding=\"async\" class=\"wp-image-434 alignright\" src=\"https:\/\/sites.ifi.unicamp.br\/dmuraca\/files\/2019\/07\/Cover-226x300.jpg\" alt=\"\" width=\"340\" height=\"451\" srcset=\"https:\/\/sites.ifi.unicamp.br\/dmuraca\/files\/2019\/07\/Cover-226x300.jpg 226w, https:\/\/sites.ifi.unicamp.br\/dmuraca\/files\/2019\/07\/Cover-768x1021.jpg 768w, https:\/\/sites.ifi.unicamp.br\/dmuraca\/files\/2019\/07\/Cover-770x1024.jpg 770w\" sizes=\"auto, (max-width: 340px) 100vw, 340px\" \/><\/a><\/p>\n<h2><span style=\"font-size: 12pt\">O artigo \u201cFe3O4@SiO2 Nanoparticles Concurrently Coated with Chitosan and GdOF:Ce3+,Tb3+ Luminophore for Bioimaging: Toxicity Evaluation in Zebrafish Model, dos professores do IFGW Marcelo Knobel (LMBT) e Diego Muraca (LMD) foi escolhido como capa da revista ACS Applied Nano Materials da edi\u00e7\u00e3o de maio de 2019.<\/span><\/h2>\n<p>Leia a materia na pagina <span style=\"color: #ff0000\"><strong><a href=\"https:\/\/portal.ifi.unicamp.br\/a-instituicao\/noticias\/12-ifgw-em-destaque\/1376-artigo-de-professores-do-ifgw-e-capa-da-revista-acs-applied-nano-materials-1562785617\">IFGW<\/a> <span style=\"color: #000000\">ou o artigo clicando na imagem!!!<\/span><\/strong><\/span><\/p>\n<p>&nbsp;<\/p>\n<p>&nbsp;<\/p>\n<p>&nbsp;<\/p>\n<p>&nbsp;<\/p>\n<h2><a href=\"https:\/\/portal.ifi.unicamp.br\/a-instituicao\/noticias\/12-ifgw-em-destaque\/1171-colaboracao-em-estudos-de-nanoparticulas-par-aplicacoes-oncologicas-do-laboratorio-de-materiais-e-dispositivos-dfa-prof-d-muraca-com-pesquisadores-de-argentina-e-publicada-em-nanoscale-1539985717\"><span style=\"font-size: 18pt;color: #333399\">Colabora\u00e7\u00e3o em estudos de nanopart\u00edculas par aplica\u00e7\u00f5es oncol\u00f3gicas do Laborat\u00f3rio de Materiais e Dispositivos\/DFA (Prof. D. Muraca) com pesquisadores de Argentina e Publicada em Nanoscale (IF 6.97).<\/span><\/a><\/h2>\n<p>Leia a materia na pagina <span style=\"color: #ff0000\"><strong><a href=\"https:\/\/portal.ifi.unicamp.br\/a-instituicao\/noticias\/12-ifgw-em-destaque\/1376-artigo-de-professores-do-ifgw-e-capa-da-revista-acs-applied-nano-materials-1562785617\">IFGW<\/a> <span style=\"color: #000000\">ou o artigo clicando na imagem!!!<\/span><\/strong><\/span><\/p>\n<p><a href=\"https:\/\/pubs.rsc.org\/en\/Content\/ArticleLanding\/2018\/NR\/C8NR07453D#!divAbstract\"><img loading=\"lazy\" decoding=\"async\" class=\"alignnone wp-image-339\" src=\"https:\/\/sites.ifi.unicamp.br\/dmuraca\/files\/2018\/12\/Get.gif\" alt=\"\" width=\"497\" height=\"337\"><\/a><\/p>\n<p><img loading=\"lazy\" decoding=\"async\" class=\"wp-image-479 alignleft\" src=\"https:\/\/sites.ifi.unicamp.br\/dmuraca\/files\/2020\/03\/premio_promocao-300x300.jpg\" alt=\"\" width=\"86\" height=\"86\" srcset=\"https:\/\/sites.ifi.unicamp.br\/dmuraca\/files\/2020\/03\/premio_promocao-300x300.jpg 300w, https:\/\/sites.ifi.unicamp.br\/dmuraca\/files\/2020\/03\/premio_promocao-150x150.jpg 150w, https:\/\/sites.ifi.unicamp.br\/dmuraca\/files\/2020\/03\/premio_promocao.jpg 330w\" sizes=\"auto, (max-width: 86px) 100vw, 86px\" \/><\/p>\n<p><span style=\"font-size: 18pt;color: #333399\">Artigo seleccionado pela IUPAC (Union of Pure and Applied Chemistry) como entre os mais destacados com autores Brasileiros na \u00e1rea Fisico Qu\u00edmica publicados na ACS-J. Phys. Chem. C &nbsp;durante o ano 2016.&nbsp;<\/span><\/p>\n<p><span style=\"font-size: 18pt;color: #333399\"><span style=\"font-size: 10pt;color: #000000\">Julho 2017 \u2013 S\u00e3o Paulo, Brazil \u2013 <a href=\"http:\/\/www.iupac2017.org\/\">www.iupac2017.org<\/a>. &nbsp;<a href=\"http:\/\/pubs.acs.org\/page\/vi\/iupac2017\">http:\/\/pubs.acs.org\/page\/vi\/iupac2017&nbsp;<\/a><\/span><\/span><\/p>\n<p><a href=\"https:\/\/pubs.acs.org\/doi\/10.1021\/acs.jpcc.6b00900\"><img loading=\"lazy\" decoding=\"async\" class=\" wp-image-176 alignleft\" src=\"https:\/\/sites.ifi.unicamp.br\/dmuraca\/files\/2017\/09\/IUPAP-300x243.gif\" alt=\"\" width=\"298\" height=\"241\"><\/a><\/p>\n<p>ACS Publications is excited to celebrate the collaboration between IUPAC and the Brazilian Chemical Society to bring thousands of researchers from around the world to S\u00e3o Paulo in July for the 46th World Chemistry Congress of the International Union of Pure and Applied Chemistry (IUPAC-2017). ACS Publications joins this important celebration by highlighting outstanding work from authors in Brazil in a portfolio-wide virtual issue. We hope you enjoy reading the selected articles and encourage you to participate in the many fantastic symposia offered at IUPAC-2017!<\/p>\n<p>&nbsp;<\/p>\n<p>O trabalho foi parte do mestrado do estudante Juan Manuel Orozco Henao. Finalizado no ano 2016. Atualmente realizando doutorado no IFLP\/Argentina.<\/p>\n<p><span style=\"font-size: 18pt;color: #000080\">Revista FAPESP destaca artigo publicado em Nature Communication (IF: 11.880) : F\u00edsicos descobrem vibra\u00e7\u00f5es inesperadas em nanomaterial. <\/span>Julho 2016.&nbsp;<a href=\"http:\/\/revistapesquisa.fapesp.br\/2016\/07\/14\/fisicos-descobrem-vibracoes-inesperadas-em-nanomaterial\/\">http:\/\/revistapesquisa.fapesp.br\/2016\/07\/14\/fisicos-descobrem-vibracoes-inesperadas-em-nanomaterial\/<\/a><\/p>\n<p><a href=\"https:\/\/www.nature.com\/articles\/ncomms12191\"><img loading=\"lazy\" decoding=\"async\" class=\" wp-image-178 alignleft\" src=\"https:\/\/sites.ifi.unicamp.br\/dmuraca\/files\/2017\/09\/fosforo-negro-vale-300x129.jpg\" alt=\"\" width=\"340\" height=\"146\" srcset=\"https:\/\/sites.ifi.unicamp.br\/dmuraca\/files\/2017\/09\/fosforo-negro-vale-300x129.jpg 300w, https:\/\/sites.ifi.unicamp.br\/dmuraca\/files\/2017\/09\/fosforo-negro-vale-768x329.jpg 768w, https:\/\/sites.ifi.unicamp.br\/dmuraca\/files\/2017\/09\/fosforo-negro-vale.jpg 965w\" sizes=\"auto, (max-width: 340px) 100vw, 340px\" \/><\/a>Um grupo de f\u00edsicos brasileiros observou pela primeira vez em detalhe como os \u00e1tomos vibram nas bordas de um material de dimens\u00f5es nanom\u00e9tricas feito exclusivamente a partir do elemento qu\u00edmico f\u00f3sforo. Conhecido como f\u00f3sforo negro, esse material n\u00e3o \u00e9 encontrado na natureza. Foi sintetizado pela primeira vez em 1914, mas suas propriedades com potencial aplica\u00e7\u00e3o em nanotecnologia s\u00f3 come\u00e7aram a ser descobertas um s\u00e9culo mais tarde.<\/p>\n<p>&nbsp;<\/p>\n<p><span style=\"font-size: 18pt;color: #000080\">A cara do Futuro-SBT-SC (Nov-2016)&nbsp;<\/span><a href=\"https:\/\/www.youtube.com\/watch?v=-fdR3E2cbfc\">https:\/\/www.youtube.com\/watch?v=-fdR3E2cbfc<\/a><\/p>\n<p><img loading=\"lazy\" decoding=\"async\" class=\"alignnone wp-image-271\" src=\"https:\/\/sites.ifi.unicamp.br\/dmuraca\/files\/2018\/04\/Capturar-300x169.png\" alt=\"\" width=\"511\" height=\"288\" srcset=\"https:\/\/sites.ifi.unicamp.br\/dmuraca\/files\/2018\/04\/Capturar-300x169.png 300w, https:\/\/sites.ifi.unicamp.br\/dmuraca\/files\/2018\/04\/Capturar.png 644w\" sizes=\"auto, (max-width: 511px) 100vw, 511px\" \/><\/p>\n<p>&nbsp;<\/p>\n<p><span style=\"font-size: 18pt;color: #333399\">Revista FAPESP destaca artigo publicado em Scientific Reports\/Nature:&nbsp;Cozinha molecular.&nbsp;<\/span><span style=\"color: #000000\">Janeiro 2015.&nbsp;<a href=\"http:\/\/revistapesquisa.fapesp.br\/2015\/01\/19\/cozinha-molecular\/\">http:\/\/revistapesquisa.fapesp.br\/2015\/01\/19\/cozinha-molecular\/<\/a><\/span><\/p>\n<p><a href=\"https:\/\/www.nature.com\/articles\/srep06839\"><img loading=\"lazy\" decoding=\"async\" class=\" wp-image-175 alignleft\" src=\"https:\/\/sites.ifi.unicamp.br\/dmuraca\/files\/2017\/09\/nanotijoloFAPESP.jpg\" alt=\"\" width=\"207\" height=\"195\"><\/a>A revista FAPESP destacou o trabalho publicado na Scientific Reports\/Nature sobre sintese de um novos material composto por um core de prata e um shell de oxido de ferro. O trabalho foi parte do mestrado da estudante Maria Eugenia Fortes Brollo. Finalizado no ano 2015. Atualmente realizando doutorado no ICM\/Espanha.<\/p>\n<p>&nbsp;<\/p>\n<p>&nbsp;<\/p>\n<p>&nbsp;<\/p>\n<p><span style=\"font-size: 18pt;color: #333399\">Trabalho de pesquisa \u00e9 destaque no Jornal da Unicamp:F\u00edsicos produzem \u2018tijolo\u2019 de prata &nbsp;e magnet<\/span><span style=\"font-size: 18pt;color: #333399\">ita em escala nanom\u00e9trica.<\/span><span style=\"font-size: 18pt;color: #333399\">&nbsp;<\/span><\/p>\n<p>Mar\u00e7o de 2015&nbsp;<a href=\"http:\/\/www.unicamp.br\/unicamp\/ju\/621\/fisicos-produzem-tijolo-de-prata-e-magnetita-em-escala-nanometrica\">http:\/\/www.unicamp.br\/unicamp\/ju\/621\/fisicos-produzem-tijolo-de-prata-e-magnetita-em-escala-nanometrica<\/a><\/p>\n<p><img loading=\"lazy\" decoding=\"async\" class=\"wp-image-177 alignleft\" src=\"https:\/\/sites.ifi.unicamp.br\/dmuraca\/files\/2017\/09\/ju_620_p5_bweb_0-300x94.jpg\" alt=\"\" width=\"387\" height=\"121\" srcset=\"https:\/\/sites.ifi.unicamp.br\/dmuraca\/files\/2017\/09\/ju_620_p5_bweb_0-300x94.jpg 300w, https:\/\/sites.ifi.unicamp.br\/dmuraca\/files\/2017\/09\/ju_620_p5_bweb_0.jpg 700w\" sizes=\"auto, (max-width: 387px) 100vw, 387px\" \/>Pesquisadores do Instituto de F\u00edsica Gleb Wataghin (IFGW), da Unicamp, conseguiram um feito in\u00e9dito de nanotecnologia, produzindo min\u00fasculos \u201ctijolos\u201d de prata revestidos de magnetita, um \u00f3xido de ferro not\u00e1vel por suas propriedades magn\u00e9ticas. Antes do processo desenvolvido na Universidade, tentativas de unir prata e magnetita em escala nanom\u00e9trica haviam produzido apenas d\u00edmeros \u2013 part\u00edculas formadas pela justaposi\u00e7\u00e3o dos dois metais, unidos por uma superf\u00edcie de contato \u2013 e estruturas chamadas pelospesquisadores de \u201cflower\u201d (\u201cflor\u201d, em ingl\u00eas) com um miolo de prata cercado por \u201cp\u00e9talas\u201d de \u00f3xido de ferro.<\/p>\n<p><span style=\"font-size: 18pt;color: #000080\">Investigadores de la UBA desarrollan superimanes.&nbsp;<\/span><\/p>\n<div>Por Nora B\u00e4r de la Redacci\u00f3n de LA NACION,&nbsp;Diario La Naci\u00f3n,&nbsp;http:\/\/www.construsur.com.ar\/Noticias-article-sid-245.html<\/div>\n<div>&nbsp;<\/div>\n<div><img loading=\"lazy\" decoding=\"async\" class=\"alignnone size-medium wp-image-267\" src=\"https:\/\/sites.ifi.unicamp.br\/dmuraca\/files\/2018\/04\/718843-300x199.jpg\" alt=\"\" width=\"300\" height=\"199\" srcset=\"https:\/\/sites.ifi.unicamp.br\/dmuraca\/files\/2018\/04\/718843-300x199.jpg 300w, https:\/\/sites.ifi.unicamp.br\/dmuraca\/files\/2018\/04\/718843.jpg 585w\" sizes=\"auto, (max-width: 300px) 100vw, 300px\" \/><\/div>\n<p>&nbsp;<\/p>","protected":false},"excerpt":{"rendered":"<p>Visite nosso Grupo de Pesquisa clicando aqui Artigo publicado na Acta Biomaterilia \u00e9 destacado pela Science!!!!. Siga o link! &nbsp; Artigo Editor\u2019s Choice: Hybrid Materials Editorial Board member for&nbsp;Journal of Material Chemistry B Claus Feldmann (Karlsruhe Institute of Technology, Germany), introduces this Editor\u2019s Choice collection on hybrid materials In the current collection, I have selected &hellip; <\/p>\n<p><a class=\"more-link btn\" href=\"https:\/\/sites.ifi.unicamp.br\/dmuraca\/\">Continue lendo<\/a><\/p>\n","protected":false},"author":174,"featured_media":0,"parent":0,"menu_order":0,"comment_status":"closed","ping_status":"closed","template":"","meta":{"ngg_post_thumbnail":0,"footnotes":""},"class_list":["post-174","page","type-page","status-publish","hentry","nodate","item-wrap"],"_links":{"self":[{"href":"https:\/\/sites.ifi.unicamp.br\/dmuraca\/wp-json\/wp\/v2\/pages\/174","targetHints":{"allow":["GET"]}}],"collection":[{"href":"https:\/\/sites.ifi.unicamp.br\/dmuraca\/wp-json\/wp\/v2\/pages"}],"about":[{"href":"https:\/\/sites.ifi.unicamp.br\/dmuraca\/wp-json\/wp\/v2\/types\/page"}],"author":[{"embeddable":true,"href":"https:\/\/sites.ifi.unicamp.br\/dmuraca\/wp-json\/wp\/v2\/users\/174"}],"replies":[{"embeddable":true,"href":"https:\/\/sites.ifi.unicamp.br\/dmuraca\/wp-json\/wp\/v2\/comments?post=174"}],"version-history":[{"count":31,"href":"https:\/\/sites.ifi.unicamp.br\/dmuraca\/wp-json\/wp\/v2\/pages\/174\/revisions"}],"predecessor-version":[{"id":747,"href":"https:\/\/sites.ifi.unicamp.br\/dmuraca\/wp-json\/wp\/v2\/pages\/174\/revisions\/747"}],"wp:attachment":[{"href":"https:\/\/sites.ifi.unicamp.br\/dmuraca\/wp-json\/wp\/v2\/media?parent=174"}],"curies":[{"name":"wp","href":"https:\/\/api.w.org\/{rel}","templated":true}]}}