{"id":342,"date":"2018-12-20T10:32:44","date_gmt":"2018-12-20T12:32:44","guid":{"rendered":"https:\/\/sites.ifi.unicamp.br\/dmuraca\/?page_id=342"},"modified":"2023-02-27T17:57:11","modified_gmt":"2023-02-27T20:57:11","slug":"extensao","status":"publish","type":"page","link":"https:\/\/sites.ifi.unicamp.br\/dmuraca\/extensao\/","title":{"rendered":"Extens\u00e3o &amp; Divulga\u00e7\u00e3o"},"content":{"rendered":"<p><\/p>\n<table style=\"border-collapse: collapse;width: 100%\">\n<tbody>\n<tr>\n<td style=\"width: 24.1333%\"><a href=\"https:\/\/sites.ifi.unicamp.br\/lief\/\"><img loading=\"lazy\" decoding=\"async\" class=\"\" src=\"https:\/\/sites.ifi.unicamp.br\/lief\/files\/2018\/05\/LOGO-LIEF-909x1024.png\" width=\"151\" height=\"170\"><\/a><\/td>\n<td style=\"width: 75.8667%\">\n<h1><span style=\"color: #0000ff\">LIEF<\/span>: <em>Lab. de Instrumenta\u00e7\u00e3o para o Ensino de F\u00edsica<\/em> (Coordenador)<\/h1>\n<p>&nbsp;<\/td>\n<\/tr>\n<\/tbody>\n<\/table>\n<p><span style=\"font-size: 24pt\"><strong>Projeto Atual<\/strong><\/span><\/p>\n<div class=\"layout-cell layout-cell-3 text-align-right\">\n<div class=\"layout-cell-pad-5 text-align-right\"><b>2023 &#8211; Atual<\/b><\/div>\n<\/div>\n<div class=\"layout-cell layout-cell-9\">\n<div class=\"layout-cell-pad-5\">Laborat\u00f3rio de Instrumenta\u00e7\u00e3o para Ensino de F\u00edsica- LIEF na curriculariza\u00e7\u00e3o da extens\u00e3o (2022-2024). 4\u00ba Edital ProEC &#8211; PEX 2022<\/div>\n<\/div>\n<div class=\"layout-cell layout-cell-3 text-align-right\">\n<div class=\"layout-cell-pad-5 text-align-right\">&nbsp;<\/div>\n<\/div>\n<div class=\"layout-cell layout-cell-9\">\n<div class=\"layout-cell-pad-5\">Descri\u00e7\u00e3o: Com este projeto se pretende que o LIEF ( Laborat\u00f3rio de Instrumenta\u00e7\u00e3o no Ensino de F\u00edsica, https:\/\/sites.ifi.unicamp.br\/lief\/) possa contribuir para a curriculariza\u00e7\u00e3o da extens\u00e3o na Unicamp. Tamb\u00e9m se busca aumentar o acervo experimental do LIEF para melhorar as atividades e articula\u00e7\u00e3o do LIEF com escolas da Rede Metropolitana de Campinas (RMC) e professores dos cursos IFGW..<br class=\"clear\">Situa\u00e7\u00e3o: Em andamento; Natureza: Extens\u00e3o.<br class=\"clear\">Alunos envolvidos: Gradua\u00e7\u00e3o: (5) .<\/div>\n<div>&nbsp;<\/div>\n<\/div>\n<p><span style=\"font-size: 24pt\"><strong>Projetos conclu\u00eddos<\/strong><\/span><\/p>\n<p>&nbsp;<\/p>\n<div class=\"layout-cell layout-cell-3 text-align-right\">\n<div class=\"layout-cell-pad-5 text-align-right\"><b>2021 &#8211; 2022<\/b><\/div>\n<\/div>\n<div class=\"layout-cell layout-cell-9\">\n<div class=\"layout-cell-pad-5\">Projeto de atividades do Laborat\u00f3rio de Instrumenta\u00e7\u00e3o para Ensino de F\u00edsica- LIEF (2020-2022)<\/div>\n<\/div>\n<div class=\"layout-cell layout-cell-3 text-align-right\">\n<div class=\"layout-cell-pad-5 text-align-right\">&nbsp;<\/div>\n<\/div>\n<div class=\"layout-cell layout-cell-9\">\n<div class=\"layout-cell-pad-5\">Descri\u00e7\u00e3o: PREAC 1\u00ba. Edital ? PROEC PEX 2021, en tempos de Covid-19. Com este projeto pretendemos contribuir no desenvolvimento uma nova plataforma virtual de simula\u00e7\u00e3o de experimentos, que possa ser acessada via internet para estudantes\/professores de diferentes faixas et\u00e1rias. Essas experi\u00eancias podem, no futuro, ser um suporte did\u00e1tico para professores do ensino m\u00e9dio da rede p\u00fablica. Atualmente temos um estudante participando destas atividades, sendo uma quantidade insuficiente para poder avan\u00e7ar no ritmo desejado. No segundo semestre do 2021 pretendemos reativar os empr\u00e9stimos de equipamentos para professores do ensino m\u00e9dio de Campinas. Atividade que pode ser desenvolvida durante a pandemia. Atualmente muitos dos experimentos necessitam reparo ou manuten\u00e7\u00e3o. Com este projeto se pretende utilizar parte dos recursos em acondicionamento de alguns experimentos para empr\u00e9stimo..<br class=\"clear\">Situa\u00e7\u00e3o: Conclu\u00eddo; Natureza: Extens\u00e3o.<br class=\"clear\">Alunos envolvidos: Gradua\u00e7\u00e3o: (4) .<\/div>\n<\/div>\n<div>&nbsp;<\/div>\n<div>&nbsp;<\/div>\n<div>\n<div class=\"layout-cell layout-cell-3 text-align-right\">\n<div class=\"layout-cell-pad-5 text-align-right\"><b>2022 &#8211; Atual<\/b><\/div>\n<\/div>\n<div class=\"layout-cell layout-cell-9\">\n<div class=\"layout-cell-pad-5\">LIEF na curriculariza\u00e7\u00e3o da extens\u00e3o (Projeto da SAE- BAEF)<\/div>\n<\/div>\n<div class=\"layout-cell layout-cell-3 text-align-right\">\n<div class=\"layout-cell-pad-5 text-align-right\">&nbsp;<\/div>\n<\/div>\n<div class=\"layout-cell layout-cell-9\">\n<div class=\"layout-cell-pad-5\">Descri\u00e7\u00e3o: O Laborat\u00f3rio Integrado de Ensino de F\u00edsica (https:\/\/sites.ifi.unicamp.br\/lief\/) \u00e9 formado por um conjunto de demonstra\u00e7\u00f5es de F\u00edsica voltadas para o Ensino M\u00e9dio e Fundamental. Ele \u00e9 frequentado por alunos dos cursos de Licenciatura; professores de f\u00edsica das redes p\u00fablicas e privadas; docentes da Unicamp e grupos de visitantes pr\u00e9-agendados. A partir do 2022 est\u00e1 previsto a implementa\u00e7\u00e3o curricular da extens\u00e3o nos alunos da Unicamp. Como as atividades de extens\u00e3o s\u00e3o as atividades essenciais do LIEF est\u00e1 previsto que o laborat\u00f3rio tenha um papel ativo na implementa\u00e7\u00e3o do curr\u00edculo de extens\u00e3o dentro do IFGW. A bolsa BAEF ir\u00e1 a auxiliar o coordenador do LIEF na implementa\u00e7\u00e3o de atividades de extens\u00e3o para estudantes que desejem se vincular ao LIEF. A sua vez o bolsista BAEF trabalhara em coordena\u00e7\u00e3o com os bolsistas BAS realizando algumas atividades conjuntamente, como por exemplo: no desenvolvimento de novos projetos de demonstra\u00e7\u00f5es e novos formatos para apresentar os projetos. Ent\u00e3o uma das atividades essenciais da pessoa com a bolsa ser\u00e1 de contribuir na organiza\u00e7\u00e3o de atividades de extens\u00e3o curriculares no LIEF, sem ser excludente a participa\u00e7\u00e3o de outras atividades comumente realizadas no LIEF como desenvolvimento de novos experimentos, materiais did\u00e1ticos, participa\u00e7\u00e3o em eventos, etc. Resultados Esperados: Contribuir na implementa\u00e7\u00e3o da curricular de extens\u00e3o utilizando a infraestrutura dispon\u00edvel no LIEF. Melhorar as atividades de extens\u00e3o usualmente desenvolvidas no LIEF..<br class=\"clear\">Situa\u00e7\u00e3o: Em andamento; Natureza: Extens\u00e3o.<\/div>\n<div>&nbsp;<\/div>\n<\/div>\n<\/div>\n<table style=\"border-collapse: collapse;width: 100%\">\n<tbody>\n<tr>\n<td style=\"width: 100%\">\n<h1><span style=\"color: #000000;font-size: 14pt\">Ex-Membro do equipe Coordenador do:<\/span><\/h1>\n<\/td>\n<\/tr>\n<tr>\n<td style=\"width: 100%\"><a href=\"https:\/\/sites.ifi.unicamp.br\/fisica-para-curiosos\/\"><img loading=\"lazy\" decoding=\"async\" class=\"alignnone wp-image-370\" src=\"https:\/\/sites.ifi.unicamp.br\/dmuraca\/files\/2019\/04\/cropped-header-fisica-para-curiosos-1-300x64.png\" alt=\"\" width=\"638\" height=\"136\" srcset=\"https:\/\/sites.ifi.unicamp.br\/dmuraca\/files\/2019\/04\/cropped-header-fisica-para-curiosos-1-300x64.png 300w, https:\/\/sites.ifi.unicamp.br\/dmuraca\/files\/2019\/04\/cropped-header-fisica-para-curiosos-1-768x164.png 768w, https:\/\/sites.ifi.unicamp.br\/dmuraca\/files\/2019\/04\/cropped-header-fisica-para-curiosos-1-1024x219.png 1024w, https:\/\/sites.ifi.unicamp.br\/dmuraca\/files\/2019\/04\/cropped-header-fisica-para-curiosos-1.png 1170w\" sizes=\"auto, (max-width: 638px) 100vw, 638px\" \/><\/a><\/td>\n<\/tr>\n<\/tbody>\n<\/table>\n<p>&nbsp;<\/p>\n<p><strong><span style=\"font-size: 12pt\">Galileu vai no Mat\u00e3o (2018\/2019-PREAC\/PEC)<\/span><\/strong><\/p>\n<p><img loading=\"lazy\" decoding=\"async\" class=\"alignnone wp-image-368\" src=\"https:\/\/sites.ifi.unicamp.br\/dmuraca\/files\/2019\/04\/WhatsApp-Image-2019-04-05-at-11.11.21-300x146.jpeg\" alt=\"\" width=\"530\" height=\"258\" srcset=\"https:\/\/sites.ifi.unicamp.br\/dmuraca\/files\/2019\/04\/WhatsApp-Image-2019-04-05-at-11.11.21-300x146.jpeg 300w, https:\/\/sites.ifi.unicamp.br\/dmuraca\/files\/2019\/04\/WhatsApp-Image-2019-04-05-at-11.11.21-768x373.jpeg 768w, https:\/\/sites.ifi.unicamp.br\/dmuraca\/files\/2019\/04\/WhatsApp-Image-2019-04-05-at-11.11.21-1024x498.jpeg 1024w, https:\/\/sites.ifi.unicamp.br\/dmuraca\/files\/2019\/04\/WhatsApp-Image-2019-04-05-at-11.11.21.jpeg 1280w\" sizes=\"auto, (max-width: 530px) 100vw, 530px\" \/><\/p>\n<h3><span style=\"color: #ff6600\">Participantes:&nbsp;<\/span><\/h3>\n<p><strong>Renan Daniel Domingos; Julia Carvalho, Eugenio Rodrigues; Anderson Rodriges Cinti.&nbsp;<\/strong><\/p>\n<p>Espera-se aproximar aos estudantes da comunidade, o conhecimento das ci\u00eancias e o m\u00e9todo cient\u00edfico mediante a realiza\u00e7\u00e3o de experimentos simples de baixo custo, que permitam corroborar leis fundamentais (cl\u00e1ssicas: mec\u00e2nica, termodin\u00e2mica, \u00f3tica, etc ) da ci\u00eancias exatas com foco em f\u00edsica, mas sem ser excludentes a outras disciplinas como qu\u00edmica, matem\u00e1tica e biologia. Os alunos da universidade ter\u00e3o oportunidade de desenvolver m\u00e9todo cient\u00edfico de forma din\u00e2mica e interativa. Espera- se que o projeto tenha impacto em aspectos formativos dos estudantes da Unicamp envolvido<\/p>","protected":false},"excerpt":{"rendered":"<p>LIEF: Lab. de Instrumenta\u00e7\u00e3o para o Ensino de F\u00edsica (Coordenador) &nbsp; Projeto Atual 2023 &#8211; Atual Laborat\u00f3rio de Instrumenta\u00e7\u00e3o para Ensino de F\u00edsica- LIEF na curriculariza\u00e7\u00e3o da extens\u00e3o (2022-2024). 4\u00ba Edital ProEC &#8211; PEX 2022 &nbsp; Descri\u00e7\u00e3o: Com este projeto se pretende que o LIEF ( Laborat\u00f3rio de Instrumenta\u00e7\u00e3o no Ensino de F\u00edsica, https:\/\/sites.ifi.unicamp.br\/lief\/) possa &hellip; <\/p>\n<p><a class=\"more-link btn\" href=\"https:\/\/sites.ifi.unicamp.br\/dmuraca\/extensao\/\">Continue lendo<\/a><\/p>\n","protected":false},"author":174,"featured_media":0,"parent":0,"menu_order":4,"comment_status":"closed","ping_status":"closed","template":"","meta":{"ngg_post_thumbnail":0,"footnotes":""},"class_list":["post-342","page","type-page","status-publish","hentry","nodate","item-wrap"],"_links":{"self":[{"href":"https:\/\/sites.ifi.unicamp.br\/dmuraca\/wp-json\/wp\/v2\/pages\/342","targetHints":{"allow":["GET"]}}],"collection":[{"href":"https:\/\/sites.ifi.unicamp.br\/dmuraca\/wp-json\/wp\/v2\/pages"}],"about":[{"href":"https:\/\/sites.ifi.unicamp.br\/dmuraca\/wp-json\/wp\/v2\/types\/page"}],"author":[{"embeddable":true,"href":"https:\/\/sites.ifi.unicamp.br\/dmuraca\/wp-json\/wp\/v2\/users\/174"}],"replies":[{"embeddable":true,"href":"https:\/\/sites.ifi.unicamp.br\/dmuraca\/wp-json\/wp\/v2\/comments?post=342"}],"version-history":[{"count":22,"href":"https:\/\/sites.ifi.unicamp.br\/dmuraca\/wp-json\/wp\/v2\/pages\/342\/revisions"}],"predecessor-version":[{"id":777,"href":"https:\/\/sites.ifi.unicamp.br\/dmuraca\/wp-json\/wp\/v2\/pages\/342\/revisions\/777"}],"wp:attachment":[{"href":"https:\/\/sites.ifi.unicamp.br\/dmuraca\/wp-json\/wp\/v2\/media?parent=342"}],"curies":[{"name":"wp","href":"https:\/\/api.w.org\/{rel}","templated":true}]}}