{"id":85,"date":"2013-12-06T12:23:58","date_gmt":"2013-12-06T12:23:58","guid":{"rendered":"https:\/\/sites.ifi.unicamp.br\/modelo\/?page_id=26"},"modified":"2025-06-04T06:20:29","modified_gmt":"2025-06-04T09:20:29","slug":"pesquisa","status":"publish","type":"page","link":"https:\/\/sites.ifi.unicamp.br\/dmuraca\/pesquisa\/","title":{"rendered":"Pesquisa"},"content":{"rendered":"<p><\/p>\n<h2 data-start=\"224\" data-end=\"283\">Projetos de Pesquisa Recentes como Pesquisador Principal<\/h2>\n<h3 data-start=\"285\" data-end=\"324\"><span style=\"color: #ff0000\"><strong data-start=\"292\" data-end=\"322\"><img loading=\"lazy\" decoding=\"async\" class=\"alignnone wp-image-601\" src=\"https:\/\/sites.ifi.unicamp.br\/gmfa\/files\/2025\/06\/Capes.png\" alt=\"\" width=\"119\" height=\"107\"> <\/strong><\/span><\/h3>\n<h3 data-start=\"285\" data-end=\"324\"><span style=\"color: #ff0000\"><strong data-start=\"292\" data-end=\"322\">Move la America<\/strong><\/span><\/h3>\n<p data-start=\"325\" data-end=\"488\"><strong data-start=\"325\" data-end=\"337\">Projeto:<\/strong> <em data-start=\"338\" data-end=\"379\">Sistemas Magn\u00e9ticos para Biorremedia\u00e7\u00e3o<\/em><br data-start=\"379\" data-end=\"382\"><strong data-start=\"382\" data-end=\"394\">Per\u00edodo:<\/strong> 14\/11\/2024 \u2013 31\/12\/2025<br data-start=\"418\" data-end=\"421\"><strong data-start=\"421\" data-end=\"434\">Programa:<\/strong> Move la America<br data-start=\"450\" data-end=\"453\"><strong data-start=\"453\" data-end=\"464\">Fun\u00e7\u00e3o:<\/strong> Pesquisador Principal<\/p>\n<p data-start=\"490\" data-end=\"953\">Este projeto tem como objetivo geral o desenvolvimento e caracteriza\u00e7\u00e3o de microc\u00e1psulas magn\u00e9ticas destinadas ao transporte de cianobact\u00e9rias. A proposta envolve avaliar a viabilidade dessas cianobact\u00e9rias encapsuladas e o potencial uso de materiais magn\u00e9ticos para a remo\u00e7\u00e3o de contaminantes espec\u00edficos da \u00e1gua. Os objetivos espec\u00edficos incluem a s\u00edntese, funcionaliza\u00e7\u00e3o e testes de desempenho das microc\u00e1psulas em ambientes simulados de contamina\u00e7\u00e3o h\u00eddrica.<\/p>\n<hr data-start=\"955\" data-end=\"958\">\n<h3 data-start=\"960\" data-end=\"997\"><span style=\"color: #ff0000\"><img loading=\"lazy\" decoding=\"async\" class=\"alignnone wp-image-600\" src=\"https:\/\/sites.ifi.unicamp.br\/gmfa\/files\/2025\/06\/FAPESP-300x66.png\" alt=\"\" width=\"177\" height=\"39\"> <strong data-start=\"967\" data-end=\"995\">&nbsp;<\/strong><\/span><\/h3>\n<h3 data-start=\"960\" data-end=\"997\"><span style=\"color: #ff0000\"><strong data-start=\"967\" data-end=\"995\">Aux\u00edlio Regular<\/strong><\/span><\/h3>\n<p data-start=\"998\" data-end=\"1154\"><strong data-start=\"998\" data-end=\"1010\">Projeto:<\/strong> <em data-start=\"1011\" data-end=\"1075\">Ferrofluidos para Aplica\u00e7\u00f5es em Escoamento de Fluidos Viscosos<\/em><br data-start=\"1075\" data-end=\"1078\"><strong data-start=\"1078\" data-end=\"1090\">Per\u00edodo:<\/strong> 01\/07\/2023 \u2013 30\/06\/2025<br data-start=\"1114\" data-end=\"1117\"><strong data-start=\"1117\" data-end=\"1128\">Fun\u00e7\u00e3o:<\/strong> Pesquisador Respons\u00e1vel<\/p>\n<p data-start=\"1156\" data-end=\"1660\">Este projeto visa aprimorar as propriedades magn\u00e9ticas de ferrofluidos com o intuito de otimizar a convers\u00e3o de energia eletromagn\u00e9tica em calor por meio do efeito de magneto-hipertermia (MH). A aplica\u00e7\u00e3o principal \u00e9 a redu\u00e7\u00e3o da viscosidade de fluidos densos, como o petr\u00f3leo, facilitando seu transporte e extra\u00e7\u00e3o. A t\u00e9cnica baseia-se na utiliza\u00e7\u00e3o de nanopart\u00edculas magn\u00e9ticas (NPs) submetidas a campos magn\u00e9ticos alternados, elevando a temperatura do fluido devido \u00e0 invers\u00e3o de magnetiza\u00e7\u00e3o das NPs.<\/p>\n<p data-start=\"1662\" data-end=\"1959\">A redu\u00e7\u00e3o de viscosidade \u00e9 crucial em diversos setores industriais, como \u00f3leo e g\u00e1s, farmac\u00eautico, qu\u00edmico e aliment\u00edcio. O projeto prop\u00f5e tamb\u00e9m o desenvolvimento de novos m\u00e9todos de s\u00edntese para sistemas coloidais de NPs magn\u00e9ticas, com foco na sua estabilidade e efici\u00eancia em fluidos viscosos.<\/p>\n<hr data-start=\"1961\" data-end=\"1964\">\n<h3 data-start=\"1966\" data-end=\"2026\"><span style=\"color: #ff0000\"><img loading=\"lazy\" decoding=\"async\" class=\"alignnone wp-image-599\" src=\"https:\/\/sites.ifi.unicamp.br\/gmfa\/files\/2025\/06\/CNPq-300x128.png\" alt=\"\" width=\"204\" height=\"87\"> <strong data-start=\"1973\" data-end=\"2024\">&nbsp;<\/strong><\/span><\/h3>\n<h3 data-start=\"1966\" data-end=\"2026\"><span style=\"color: #ff0000\"><strong data-start=\"1973\" data-end=\"2024\">Bolsa de Produtividade em Pesquisa (PQ2)<\/strong><\/span><\/h3>\n<p data-start=\"2027\" data-end=\"2168\"><strong data-start=\"2027\" data-end=\"2039\">Projeto:<\/strong> <em data-start=\"2040\" data-end=\"2089\">Magneto-hipertermia em Nanopart\u00edculas Agrupadas<\/em><br data-start=\"2089\" data-end=\"2092\"><strong data-start=\"2092\" data-end=\"2104\">Per\u00edodo:<\/strong> 01\/03\/2024 \u2013 28\/02\/2027<br data-start=\"2128\" data-end=\"2131\"><strong data-start=\"2131\" data-end=\"2142\">Fun\u00e7\u00e3o:<\/strong> Pesquisador Respons\u00e1vel<\/p>\n<p data-start=\"2170\" data-end=\"2602\">Este projeto possui grande relev\u00e2ncia cient\u00edfica e tecnol\u00f3gica, ao abordar um tema emergente: o uso de nanopart\u00edculas magn\u00e9ticas agrupadas para gera\u00e7\u00e3o de calor via magneto-hipertermia em sistemas coloidais. Do ponto de vista tecnol\u00f3gico, a proposta tem potencial para gerar solu\u00e7\u00f5es inovadoras aplic\u00e1veis ao transporte eficiente de l\u00edquidos viscosos, com impacto direto na redu\u00e7\u00e3o de custos operacionais em setores como \u00f3leo e g\u00e1s.<\/p>\n<p data-start=\"2604\" data-end=\"2971\">As NPs utilizadas s\u00e3o recuper\u00e1veis e reutiliz\u00e1veis, conferindo sustentabilidade ao processo. Em termos cient\u00edficos, o projeto contribuir\u00e1 para o avan\u00e7o do conhecimento sobre dispers\u00f5es coloidais de NPs magn\u00e9ticas, um campo ainda carente de consenso, especialmente no que diz respeito \u00e0s intera\u00e7\u00f5es dipolares e seus efeitos nas capacidades calorim\u00e9tricas dos sistemas.<\/p>\n<hr data-start=\"3791\" data-end=\"3794\">\n<p data-start=\"3796\" data-end=\"3927\" data-is-last-node=\"\" data-is-only-node=\"\">&nbsp;<\/p>\n<p>&nbsp;<\/p>\n<p><span style=\"font-size: 12pt\"><strong>Visite nosso Grupo de Pesquisa clicando no logo<\/strong><\/span><\/p>\n<p><a href=\"https:\/\/sites.ifi.unicamp.br\/gmfa\/pesquisa\/\"><img loading=\"lazy\" decoding=\"async\" class=\"wp-image-670 aligncenter\" src=\"https:\/\/sites.ifi.unicamp.br\/dmuraca\/files\/2020\/09\/WhatsApp-Image-2020-09-21-at-14.55.18-300x152.jpeg\" alt=\"\" width=\"300\" height=\"152\" srcset=\"https:\/\/sites.ifi.unicamp.br\/dmuraca\/files\/2020\/09\/WhatsApp-Image-2020-09-21-at-14.55.18-300x152.jpeg 300w, https:\/\/sites.ifi.unicamp.br\/dmuraca\/files\/2020\/09\/WhatsApp-Image-2020-09-21-at-14.55.18.jpeg 667w\" sizes=\"auto, (max-width: 300px) 100vw, 300px\" \/><\/a><\/p>\n<p style=\"text-align: left\">Logo feito por <strong>Maria Eugenia Fortes Brollo<\/strong><\/p>\n<p>&nbsp;<\/p>","protected":false},"excerpt":{"rendered":"<p>Projetos de Pesquisa Recentes como Pesquisador Principal Move la America Projeto: Sistemas Magn\u00e9ticos para Biorremedia\u00e7\u00e3oPer\u00edodo: 14\/11\/2024 \u2013 31\/12\/2025Programa: Move la AmericaFun\u00e7\u00e3o: Pesquisador Principal Este projeto tem como objetivo geral o desenvolvimento e caracteriza\u00e7\u00e3o de microc\u00e1psulas magn\u00e9ticas destinadas ao transporte de cianobact\u00e9rias. A proposta envolve avaliar a viabilidade dessas cianobact\u00e9rias encapsuladas e o potencial uso de &hellip; <\/p>\n<p><a class=\"more-link btn\" href=\"https:\/\/sites.ifi.unicamp.br\/dmuraca\/pesquisa\/\">Continue lendo<\/a><\/p>\n","protected":false},"author":7,"featured_media":264,"parent":0,"menu_order":2,"comment_status":"closed","ping_status":"closed","template":"","meta":{"ngg_post_thumbnail":0,"footnotes":""},"class_list":["post-85","page","type-page","status-publish","has-post-thumbnail","hentry","nodate","item-wrap"],"_links":{"self":[{"href":"https:\/\/sites.ifi.unicamp.br\/dmuraca\/wp-json\/wp\/v2\/pages\/85","targetHints":{"allow":["GET"]}}],"collection":[{"href":"https:\/\/sites.ifi.unicamp.br\/dmuraca\/wp-json\/wp\/v2\/pages"}],"about":[{"href":"https:\/\/sites.ifi.unicamp.br\/dmuraca\/wp-json\/wp\/v2\/types\/page"}],"author":[{"embeddable":true,"href":"https:\/\/sites.ifi.unicamp.br\/dmuraca\/wp-json\/wp\/v2\/users\/7"}],"replies":[{"embeddable":true,"href":"https:\/\/sites.ifi.unicamp.br\/dmuraca\/wp-json\/wp\/v2\/comments?post=85"}],"version-history":[{"count":38,"href":"https:\/\/sites.ifi.unicamp.br\/dmuraca\/wp-json\/wp\/v2\/pages\/85\/revisions"}],"predecessor-version":[{"id":825,"href":"https:\/\/sites.ifi.unicamp.br\/dmuraca\/wp-json\/wp\/v2\/pages\/85\/revisions\/825"}],"wp:featuredmedia":[{"embeddable":true,"href":"https:\/\/sites.ifi.unicamp.br\/dmuraca\/wp-json\/wp\/v2\/media\/264"}],"wp:attachment":[{"href":"https:\/\/sites.ifi.unicamp.br\/dmuraca\/wp-json\/wp\/v2\/media?parent=85"}],"curies":[{"name":"wp","href":"https:\/\/api.w.org\/{rel}","templated":true}]}}