{"id":86,"date":"2013-12-06T12:24:32","date_gmt":"2013-12-06T12:24:32","guid":{"rendered":"https:\/\/sites.ifi.unicamp.br\/modelo\/?page_id=28"},"modified":"2021-10-12T14:21:41","modified_gmt":"2021-10-12T17:21:41","slug":"ensino","status":"publish","type":"page","link":"https:\/\/sites.ifi.unicamp.br\/dmuraca\/ensino\/","title":{"rendered":"Ensino"},"content":{"rendered":"<p><\/p>\n<h1><span style=\"color: #000000;font-size: 24pt\">F328: F\u00edsica Geral III<\/span><\/h1>\n<p><strong><span style=\"font-size: 18pt;color: #ff0000\">Im\u00e3 em cano de pl\u00e1stico de 1 m<\/span><\/strong><\/p>\n<div style=\"width: 640px;\" class=\"wp-video\"><video class=\"wp-video-shortcode\" id=\"video-86-1\" width=\"640\" height=\"352\" preload=\"metadata\" controls=\"controls\"><source type=\"video\/mp4\" src=\"https:\/\/sites.ifi.unicamp.br\/dmuraca\/files\/2021\/10\/Plastico.mp4?_=1\" \/><a href=\"https:\/\/sites.ifi.unicamp.br\/dmuraca\/files\/2021\/10\/Plastico.mp4\">https:\/\/sites.ifi.unicamp.br\/dmuraca\/files\/2021\/10\/Plastico.mp4<\/a><\/video><\/div>\n<p>&nbsp;<\/p>\n<p><span style=\"font-size: 18pt\"><strong><span style=\"color: #ff0000\">Im\u00e3 em cano de cobre de 1 m<\/span><\/strong><\/span><\/p>\n<p><div style=\"width: 640px;\" class=\"wp-video\"><video class=\"wp-video-shortcode\" id=\"video-86-2\" width=\"640\" height=\"352\" preload=\"metadata\" controls=\"controls\"><source type=\"video\/mp4\" src=\"https:\/\/sites.ifi.unicamp.br\/dmuraca\/files\/2021\/10\/Cobre.mp4?_=2\" \/><a href=\"https:\/\/sites.ifi.unicamp.br\/dmuraca\/files\/2021\/10\/Cobre.mp4\">https:\/\/sites.ifi.unicamp.br\/dmuraca\/files\/2021\/10\/Cobre.mp4<\/a><\/video><\/div><\/p>","protected":false},"excerpt":{"rendered":"<p>F328: F\u00edsica Geral III Im\u00e3 em cano de pl\u00e1stico de 1 m &nbsp; Im\u00e3 em cano de cobre de 1 m<\/p>\n","protected":false},"author":7,"featured_media":264,"parent":0,"menu_order":2,"comment_status":"closed","ping_status":"closed","template":"","meta":{"ngg_post_thumbnail":0,"footnotes":""},"class_list":["post-86","page","type-page","status-publish","has-post-thumbnail","hentry","nodate","item-wrap"],"_links":{"self":[{"href":"https:\/\/sites.ifi.unicamp.br\/dmuraca\/wp-json\/wp\/v2\/pages\/86","targetHints":{"allow":["GET"]}}],"collection":[{"href":"https:\/\/sites.ifi.unicamp.br\/dmuraca\/wp-json\/wp\/v2\/pages"}],"about":[{"href":"https:\/\/sites.ifi.unicamp.br\/dmuraca\/wp-json\/wp\/v2\/types\/page"}],"author":[{"embeddable":true,"href":"https:\/\/sites.ifi.unicamp.br\/dmuraca\/wp-json\/wp\/v2\/users\/7"}],"replies":[{"embeddable":true,"href":"https:\/\/sites.ifi.unicamp.br\/dmuraca\/wp-json\/wp\/v2\/comments?post=86"}],"version-history":[{"count":12,"href":"https:\/\/sites.ifi.unicamp.br\/dmuraca\/wp-json\/wp\/v2\/pages\/86\/revisions"}],"predecessor-version":[{"id":761,"href":"https:\/\/sites.ifi.unicamp.br\/dmuraca\/wp-json\/wp\/v2\/pages\/86\/revisions\/761"}],"wp:featuredmedia":[{"embeddable":true,"href":"https:\/\/sites.ifi.unicamp.br\/dmuraca\/wp-json\/wp\/v2\/media\/264"}],"wp:attachment":[{"href":"https:\/\/sites.ifi.unicamp.br\/dmuraca\/wp-json\/wp\/v2\/media?parent=86"}],"curies":[{"name":"wp","href":"https:\/\/api.w.org\/{rel}","templated":true}]}}