{"id":1139,"date":"2017-11-14T18:58:45","date_gmt":"2017-11-14T18:58:45","guid":{"rendered":"https:\/\/sites.ifi.unicamp.br\/doretto\/?page_id=1139"},"modified":"2024-01-31T20:01:35","modified_gmt":"2024-01-31T20:01:35","slug":"fi-001","status":"publish","type":"page","link":"https:\/\/sites.ifi.unicamp.br\/doretto\/fi-001\/","title":{"rendered":"FI 001"},"content":{"rendered":"<p><span style=\"font-family: Verdana;font-size: large\">FI 001 &#8211; Mec\u00e2nica Qu\u00e2ntica I&nbsp; &#8211; &nbsp;1.S 2024<\/span><\/p>\n<p><span class=\"Apple-style-span\" style=\"color: #333333;font-family: 'Pontano Sans', arial, sans-serif;font-size: 20px;line-height: normal\"><span style=\"color: #000000\"><span style=\"font-family: Verdana;font-size: medium\">Programa e notas de aula <\/span><\/span><\/span><span class=\"Apple-style-span\" style=\"font-family: Verdana;font-size: small\">&nbsp;<\/span><\/p>\n<ul>\n<li><span class=\"Apple-style-span\" style=\"font-family: Verdana;font-size: small\">Cap. 1: <a href=\"https:\/\/sites.ifi.unicamp.br\/doretto\/files\/2018\/02\/notas-aula-fi001-c7.pdf\">Formalismo matem\u00e1tico<\/a>&nbsp;&nbsp;<\/span><\/li>\n<li><span class=\"Apple-style-span\" style=\"font-family: Verdana;font-size: small\">Cap. 2: <a href=\"https:\/\/sites.ifi.unicamp.br\/doretto\/files\/2018\/02\/notas-aula-fi001-c8.pdf\">Din\u00e2mica qu\u00e2ntica<\/a>&nbsp;&#8211; <a href=\"https:\/\/sites.ifi.unicamp.br\/doretto\/files\/2020\/10\/notas-extra-c8.pdf\">extra<\/a> <\/span><\/li>\n<li><span class=\"Apple-style-span\" style=\"font-family: Verdana;font-size: small\">Cap. 3: <a href=\"https:\/\/sites.ifi.unicamp.br\/doretto\/files\/2018\/03\/notas-aula-fi001-c12.pdf\">Oscilador harm\u00f4nico e estados coerentes<\/a><\/span><\/li>\n<li><span class=\"Apple-style-span\" style=\"font-family: Verdana;font-size: small\">Cap. 4: Momento angular &#8211; <a href=\"https:\/\/sites.ifi.unicamp.br\/doretto\/files\/2018\/04\/notas-aula-fi001-c13-01.pdf\">parte01<\/a>&nbsp; &nbsp;<a href=\"https:\/\/sites.ifi.unicamp.br\/doretto\/files\/2018\/04\/notas-aula-fi001-c13-02.pdf\">parte02<\/a>&nbsp; &nbsp; &nbsp; &nbsp; &nbsp; &nbsp; &nbsp; &nbsp; &nbsp;&nbsp;<\/span><\/li>\n<li><span class=\"Apple-style-span\" style=\"font-family: Verdana;font-size: small\">Cap. 5: Simetrias na mec\u00e2nica qu\u00e2ntica &#8211;&nbsp;<a href=\"https:\/\/sites.ifi.unicamp.br\/doretto\/files\/2018\/04\/notas-aula-fi001-c15.pdf\">parte01<\/a> &nbsp; <a href=\"https:\/\/sites.ifi.unicamp.br\/doretto\/files\/2019\/06\/notas-extra-c15.pdf\">parte02<\/a> <\/span><\/li>\n<li><span class=\"Apple-style-span\" style=\"font-family: Verdana;font-size: small\">Cap. x: <a href=\"https:\/\/sites.ifi.unicamp.br\/doretto\/files\/2018\/04\/notas-aula-fi001-cxx.pdf\">Integrais de caminho<\/a>&nbsp;&nbsp;<\/span><\/li>\n<\/ul>\n<p><a href=\"https:\/\/sites.ifi.unicamp.br\/doretto\/fi-001\/cronograma-fi001\/\"><span class=\"Apple-style-span\" style=\"font-family: Verdana;font-size: small\">Cronograma das aulas<\/span><\/a><\/p>\n<p><span class=\"Apple-style-span\" style=\"color: #333333;font-family: 'Pontano Sans', arial, sans-serif;font-size: 20px;line-height: normal\"><span style=\"color: #000000\"><span style=\"font-family: Verdana;font-size: medium\">Bibliografia<\/span><\/span><\/span><\/p>\n<ol>\n<li><span class=\"Apple-style-span\" style=\"font-family: Verdana;font-size: small\">A. Messiah, <em>Quantum mechanics<\/em>, Dover Publications, 2014.&nbsp;<\/span><\/li>\n<li><span class=\"Apple-style-span\" style=\"font-family: Verdana;font-size: small\">J. E. Merzbacher, <em>Quantum mechanics<\/em>, 3rd ed., Wiley, 1997. <\/span><\/li>\n<li><span class=\"Apple-style-span\" style=\"font-family: Verdana;font-size: small\">J. J. Sakurai and J. Napolitano, <em>Modern quantum mechanics<\/em>, 2nd ed., Addison-Wesley, 2011<\/span><\/li>\n<li><span class=\"Apple-style-span\" style=\"font-family: Verdana;font-size: small\">C. Cohen-Tannoudji, B. Diu, and F. Laloe, <em>Quantum mechanics<\/em>, vols. I and II, Wiley, 1991.<\/span><span class=\"Apple-style-span\" style=\"font-family: Verdana;font-size: small\">&nbsp;<\/span><\/li>\n<li><span class=\"Apple-style-span\" style=\"font-family: Verdana;font-size: small\">L. I. Schiff, <em>Quantum mechanics<\/em>, 3rd ed., McGraw-Hill, 1968.&nbsp;<\/span><\/li>\n<li><span class=\"Apple-style-span\"><span style=\"font-family: Verdana;font-size: small\">L. E. Ballentine, <\/span><em><span style=\"font-family: Verdana;font-size: small\">Quantum mechanics: a modern development<\/span><\/em><span style=\"font-family: Verdana;font-size: small\">, 2nd ed., World Scientific, 2014.&nbsp;<\/span><\/span><\/li>\n<li><span class=\"Apple-style-span\" style=\"font-family: Verdana;font-size: small\">M. Le Bellac, <em>Quantum physics,<\/em>&nbsp;Cambridge University Press, 2006.&nbsp;<\/span><span class=\"Apple-style-span\" style=\"font-family: Verdana;font-size: small\">&nbsp;<\/span><\/li>\n<li><span class=\"Apple-style-span\" style=\"font-family: Verdana;font-size: small\">B. R. Desai, <em>Quantum mechanics with basic field theory<\/em>, Cambridge University Press, 2010.&nbsp;<\/span><\/li>\n<li><span class=\"Apple-style-span\" style=\"font-family: Verdana;font-size: small\">N. Zettili, <em>Quantum mechanics<\/em>, 2nd ed., Wiley, 2009 <strong>(revis\u00e3o gradua\u00e7\u00e3o)<\/strong>.&nbsp;&nbsp;<\/span><\/li>\n<\/ol>\n<p>&nbsp;<\/p>\n<p><span class=\"Apple-style-span\" style=\"color: #333333;font-family: 'Pontano Sans', arial, sans-serif;font-size: 20px;line-height: normal\"><span style=\"color: #000000\"><span style=\"font-family: Verdana;font-size: medium\">Problemas sugeridos:<\/span><\/span><\/span><\/p>\n<ul>\n<li><span style=\"font-family: Verdana;font-size: small\"><a href=\"https:\/\/sites.ifi.unicamp.br\/doretto\/files\/2018\/03\/lista01-fi001.pdf\">Lista 1<\/a><\/span><\/li>\n<li><span style=\"font-family: Verdana;font-size: small\"><a href=\"https:\/\/sites.ifi.unicamp.br\/doretto\/files\/2018\/03\/lista02-fi001.pdf\">Lista 2<\/a><\/span><\/li>\n<li><span style=\"font-family: Verdana;font-size: small\"><a href=\"https:\/\/sites.ifi.unicamp.br\/doretto\/files\/2018\/03\/lista03-fi001.pdf\">Lista 3<\/a><\/span><\/li>\n<li><span style=\"font-family: Verdana;font-size: small\"><a href=\"https:\/\/sites.ifi.unicamp.br\/doretto\/files\/2018\/04\/lista04-fi001.pdf\">Lista 4<\/a>&nbsp;<\/span><span style=\"font-family: Verdana;font-size: small\">&nbsp;<\/span><\/li>\n<li><span style=\"font-family: Verdana;font-size: small\"><a href=\"https:\/\/sites.ifi.unicamp.br\/doretto\/files\/2018\/07\/lista05-fi001.pdf\">Lista 5<\/a>&nbsp;<\/span><span style=\"font-family: Verdana;font-size: small\">&nbsp;<\/span><\/li>\n<li><span style=\"font-family: Verdana;font-size: small\"><a href=\"https:\/\/sites.ifi.unicamp.br\/doretto\/files\/2018\/04\/lista06-fi001.pdf\">Lista 6<\/a>&nbsp;<\/span><span style=\"font-family: Verdana;font-size: small\">&nbsp;<\/span><\/li>\n<\/ul>\n<p><span class=\"Apple-style-span\" style=\"font-family: Verdana;font-size: small\">&nbsp;Sobre o manual de solu\u00e7\u00f5es e problemas sugeridos: <a href=\"https:\/\/sites.ifi.unicamp.br\/doretto\/advice-morin\/\">Veja as sugest\u00f5es de D. Morin e N. Zettili.<\/a><\/span><\/p>\n<p><span class=\"Apple-style-span\" style=\"color: #333333;font-family: 'Pontano Sans', arial, sans-serif;font-size: 20px;line-height: normal\"><span style=\"color: #000000\"><span style=\"font-family: Verdana;font-size: medium\">Avalia\u00e7\u00f5es:<\/span><\/span><\/span><\/p>\n<table style=\"width: 422px;height: 72px\">\n<tbody>\n<tr>\n<td><span style=\"font-family: Verdana;font-size: small\">Provas<\/span><\/td>\n<td><span style=\"font-family: Verdana;font-size: small\">Data<\/span><\/td>\n<td>&nbsp;<\/td>\n<\/tr>\n<tr>\n<td><span style=\"font-family: Verdana;font-size: small\">P1: &nbsp;Listas 1 e 2<\/span><\/td>\n<td><span style=\"font-family: Verdana;font-size: small\">15\/04&nbsp;<\/span><\/td>\n<td><span style=\"font-family: Verdana;font-size: small\">Segunda-feira<\/span><\/td>\n<\/tr>\n<tr>\n<td><span style=\"font-family: Verdana;font-size: small\">P2: &nbsp;Listas 3 e 4<\/span><\/td>\n<td><span style=\"font-family: Verdana;font-size: small\">20\/05<\/span><\/td>\n<td><span style=\"font-family: Verdana;font-size: small\">Segunda-feira&nbsp;<\/span><\/td>\n<\/tr>\n<tr>\n<td><span style=\"font-family: Verdana;font-size: small\">P3: &nbsp;Listas 5 e 6&nbsp;<\/span><\/td>\n<td><span style=\"font-family: Verdana;font-size: small\">01\/07&nbsp;<\/span><\/td>\n<td><span style=\"font-family: Verdana;font-size: small\">Segunda-feira&nbsp;<\/span><\/td>\n<\/tr>\n<\/tbody>\n<\/table>\n<p><span class=\"Apple-style-span\" style=\"font-family: Verdana;font-size: small\"><strong>M\u00e9dia:<\/strong><\/span><br \/>\n<span class=\"Apple-style-span\" style=\"font-family: Verdana;font-size: small\">&nbsp; &nbsp; &nbsp;M = (P1 + P2 + P3)\/3. &nbsp; &nbsp;&nbsp;<\/span><span class=\"Apple-style-span\" style=\"font-family: Verdana;font-size: small\">&nbsp; &nbsp; &nbsp;<\/span><br \/>\n<span class=\"Apple-style-span\" style=\"font-family: Verdana;font-size: small\">&nbsp; &nbsp; &nbsp;Conceitos: &nbsp;A: M &gt; 8.5&nbsp;<\/span><br \/>\n<span class=\"Apple-style-span\" style=\"font-family: Verdana;font-size: small\">&nbsp; &nbsp; &nbsp; &nbsp; &nbsp; &nbsp; &nbsp; &nbsp; &nbsp; &nbsp; &nbsp; B: 6.5 &lt; M &lt; 8.5<\/span><br \/>\n<span class=\"Apple-style-span\" style=\"font-family: Verdana;font-size: small\">&nbsp; &nbsp; &nbsp; &nbsp; &nbsp; &nbsp; &nbsp; &nbsp; &nbsp; &nbsp; &nbsp; C: 5.0 &lt; M &lt; 6.5<\/span><br \/>\n<span class=\"Apple-style-span\" style=\"font-family: Verdana;font-size: small\">&nbsp; &nbsp; &nbsp; &nbsp; &nbsp; &nbsp; &nbsp; &nbsp; &nbsp; &nbsp; &nbsp; D: M &lt; 5 &nbsp; &nbsp; &nbsp; &nbsp; &nbsp; &nbsp; &nbsp;&nbsp;<\/span><\/p>\n<p><span class=\"Apple-style-span\" style=\"font-family: Verdana;font-size: small\">&nbsp; Notas das provas<\/span><\/p>\n<h2><span style=\"color: #000000\"><span style=\"font-family: Verdana;font-size: medium\">Aulas: <\/span><\/span><\/h2>\n<table style=\"width: 50%\">\n<tbody>\n<tr>\n<td><span style=\"font-family: Verdana;font-size: small\">Dia<\/span><\/td>\n<td><span style=\"font-family: Verdana;font-size: small\">Hor\u00e1rio<\/span><\/td>\n<td><span style=\"font-family: Verdana;font-size: small\">Sala<\/span><\/td>\n<\/tr>\n<tr>\n<td><span style=\"font-family: Verdana;font-size: small\">Segunda-feira<\/span><\/td>\n<td><span style=\"font-family: Verdana;font-size: small\">10:00 e 11:00 h<\/span><\/td>\n<td><span style=\"font-family: Verdana;font-size: small\">IF 15&nbsp;<\/span><\/td>\n<\/tr>\n<tr>\n<td><span style=\"font-family: Verdana;font-size: small\">Quarta-feira<\/span><\/td>\n<td><span style=\"font-family: Verdana;font-size: small\">10:00 e 11:00 h<\/span><\/td>\n<td><span style=\"font-family: Verdana;font-size: small\">IF 15<\/span><\/td>\n<\/tr>\n<\/tbody>\n<\/table>\n<h2>&nbsp;<span style=\"color: #000000\"><span style=\"font-family: Verdana;font-size: medium\">Atendimento: <\/span><\/span><\/h2>\n<table style=\"width: 50%\">\n<tbody>\n<tr>\n<td><span style=\"font-family: Verdana;font-size: small\">Dia<\/span><\/td>\n<td><span style=\"font-family: Verdana;font-size: small\">Hor\u00e1rio<\/span><\/td>\n<td><span style=\"font-family: Verdana;font-size: small\">Sala<\/span><\/td>\n<\/tr>\n<tr>\n<td><span style=\"font-family: Verdana;font-size: small\">Ter\u00e7a-feira<\/span><\/td>\n<td><span style=\"font-family: Verdana;font-size: small\">16:00 \u00e0s 18:00 h<\/span><\/td>\n<td><span style=\"font-family: Verdana;font-size: small\">218, DFMC<\/span><\/td>\n<\/tr>\n<\/tbody>\n<\/table>\n<p>&nbsp;<\/p>\n","protected":false},"excerpt":{"rendered":"<p>FI 001 &#8211; Mec\u00e2nica Qu\u00e2ntica I&nbsp; &#8211; &nbsp;1.S 2024 Programa e notas de aula &nbsp; Cap. 1: Formalismo matem\u00e1tico&nbsp;&nbsp; Cap. 2: Din\u00e2mica qu\u00e2ntica&nbsp;&#8211; extra Cap. 3: Oscilador harm\u00f4nico e estados coerentes Cap. 4: Momento angular &#8211; parte01&nbsp; &nbsp;parte02&nbsp; &nbsp; &nbsp; &nbsp; &nbsp; &nbsp; &nbsp; &nbsp; &nbsp;&nbsp; Cap. 5: Simetrias na mec\u00e2nica qu\u00e2ntica &#8211;&nbsp;parte01 &nbsp; parte02 &hellip; <\/p>\n<p><a class=\"more-link btn\" href=\"https:\/\/sites.ifi.unicamp.br\/doretto\/fi-001\/\">Continue lendo<\/a><\/p>\n","protected":false},"author":76,"featured_media":0,"parent":0,"menu_order":0,"comment_status":"closed","ping_status":"closed","template":"template-onecolumn.php","meta":{"ngg_post_thumbnail":0,"footnotes":""},"class_list":["post-1139","page","type-page","status-publish","hentry","nodate","item-wrap"],"_links":{"self":[{"href":"https:\/\/sites.ifi.unicamp.br\/doretto\/wp-json\/wp\/v2\/pages\/1139","targetHints":{"allow":["GET"]}}],"collection":[{"href":"https:\/\/sites.ifi.unicamp.br\/doretto\/wp-json\/wp\/v2\/pages"}],"about":[{"href":"https:\/\/sites.ifi.unicamp.br\/doretto\/wp-json\/wp\/v2\/types\/page"}],"author":[{"embeddable":true,"href":"https:\/\/sites.ifi.unicamp.br\/doretto\/wp-json\/wp\/v2\/users\/76"}],"replies":[{"embeddable":true,"href":"https:\/\/sites.ifi.unicamp.br\/doretto\/wp-json\/wp\/v2\/comments?post=1139"}],"version-history":[{"count":53,"href":"https:\/\/sites.ifi.unicamp.br\/doretto\/wp-json\/wp\/v2\/pages\/1139\/revisions"}],"predecessor-version":[{"id":1803,"href":"https:\/\/sites.ifi.unicamp.br\/doretto\/wp-json\/wp\/v2\/pages\/1139\/revisions\/1803"}],"wp:attachment":[{"href":"https:\/\/sites.ifi.unicamp.br\/doretto\/wp-json\/wp\/v2\/media?parent=1139"}],"curies":[{"name":"wp","href":"https:\/\/api.w.org\/{rel}","templated":true}]}}