{"id":1153,"date":"2018-01-17T17:50:44","date_gmt":"2018-01-17T17:50:44","guid":{"rendered":"https:\/\/sites.ifi.unicamp.br\/doretto\/?page_id=1153"},"modified":"2024-01-31T21:06:54","modified_gmt":"2024-01-31T21:06:54","slug":"cronograma-fi001","status":"publish","type":"page","link":"https:\/\/sites.ifi.unicamp.br\/doretto\/fi-001\/cronograma-fi001\/","title":{"rendered":"Cronograma FI001"},"content":{"rendered":"<p><span style=\"font-family: Verdana;font-size: large\">FI001 &#8211; Mec\u00e2nica qu\u00e2ntica&nbsp;I&nbsp;&#8211; 1.S 2024<\/span><\/p>\n<p><span style=\"font-family: Verdana;font-size: small\"><b>Data &nbsp; &nbsp; &nbsp; &nbsp; &nbsp; T\u00f3pico<\/b><\/span><\/p>\n<p><span style=\"font-family: Verdana;font-size: small\">28\/02 &nbsp; &nbsp; &nbsp; &nbsp; Introdu\u00e7\u00e3o<\/span><\/p>\n<p><span style=\"font-family: Verdana;font-size: small\">04\/03 &nbsp; &nbsp; &nbsp; &nbsp; Cap. 1: vetores I e operadores I&nbsp;<\/span><br \/>\n<span style=\"font-family: Verdana;font-size: small\">06\/03 &nbsp; &nbsp; &nbsp; &nbsp; Cap. 1: nota\u00e7\u00e3o de Dirac, produto tensorial de dois espa\u00e7os&nbsp;<\/span><br \/>\n<span style=\"font-family: Verdana;font-size: small\">11\/03 &nbsp; &nbsp; &nbsp; &nbsp; Cap. 1: operador adjunto II, \u00e1lgebra dos projetores<\/span><br \/>\n<span style=\"font-family: Verdana;font-size: small\">13\/03 &nbsp; &nbsp; &nbsp; &nbsp; Cap. 1: observ\u00e1veis com espectro discreto, teoria de representa\u00e7\u00e3o I&nbsp;<\/span><br \/>\n<span style=\"font-family: Verdana;font-size: small\">18\/03 &nbsp; &nbsp; &nbsp; &nbsp; Cap. 1: teoria de representa\u00e7\u00e3o II, transf. unit\u00e1rias II &nbsp;&nbsp;<\/span><br \/>\n<span style=\"font-family: Verdana;font-size: small\">20\/03 &nbsp; &nbsp; &nbsp; &nbsp; Cap. 2: postulados mec. qu\u00e2ntica, rela\u00e7\u00f5es de incerteza&nbsp;<\/span><br \/>\n<span style=\"font-family: Verdana;font-size: small\">25\/03 &nbsp; &nbsp; &nbsp; &nbsp; Cap. 2: conjunto completo observ\u00e1veis, op. evolu\u00e7\u00e3o temporal I<\/span><br \/>\n<span style=\"font-family: Verdana;font-size: small\">27\/03 &nbsp; &nbsp; &nbsp; &nbsp; Cap. 2: op. evolu\u00e7\u00e3o temporal II, vers\u00e3o de Heisenberg &nbsp;<\/span><\/p>\n<p><span style=\"font-family: Verdana;font-size: small\">01\/04 &nbsp; &nbsp; &nbsp; &nbsp; Cap. 2: vers\u00e3o de intera\u00e7\u00e3o, operador densidade I&nbsp;<\/span><br \/>\n<span style=\"font-family: Verdana;font-size: small\">03\/04 &nbsp; &nbsp; &nbsp; &nbsp; Cap. 2: operador densidade II<\/span><br \/>\n<span style=\"font-family: Verdana;font-size: small\">08\/04 &nbsp; &nbsp; &nbsp; &nbsp; Cap. 3: oscilador harm\u00f4nico<\/span><span style=\"font-family: Verdana;font-size: small\">&nbsp;&nbsp;<\/span><span style=\"font-family: Verdana;font-size: small\">&nbsp; &nbsp; &nbsp; &nbsp;<\/span><br \/>\n<span style=\"font-family: Verdana;font-size: small\">10\/04 &nbsp; &nbsp; &nbsp; &nbsp; Cap. 3: pacote incerteza m\u00ednima e estados coerentes<\/span><br \/>\n<span style=\"font-family: Verdana;font-size: small\">15\/04 &nbsp; &nbsp; &nbsp; &nbsp;&nbsp;<span style=\"color: #0000ff\">Prova 1&nbsp;<\/span>&nbsp;<\/span><br \/>\n<span style=\"font-family: Verdana;font-size: small\">17\/04 &nbsp; &nbsp; &nbsp; &nbsp; Cap. 3: oscilador harm\u00f4nico for\u00e7ado e oscilador harm\u00f4nico em D-dimens\u00f5es&nbsp;<\/span><br \/>\n<span style=\"font-family: Verdana;font-size: small\">22\/04 &nbsp; &nbsp; &nbsp; &nbsp; Cap. 3: part\u00edcula carregada sob campo magn\u00e9tico&nbsp;<\/span><br \/>\n<span style=\"font-family: Verdana;font-size: small\">24\/04 &nbsp; &nbsp; &nbsp; &nbsp; Cap. 4: problema de autovalores J^2 e Jz<\/span><br \/>\n<span style=\"font-family: Verdana;font-size: small\">29\/04 &nbsp; &nbsp; &nbsp; &nbsp; Cap. 4: momento angular orbital &nbsp;&nbsp;<\/span><\/p>\n<p><span style=\"font-family: Verdana;font-size: small\">01\/05 &nbsp; &nbsp; &nbsp; &nbsp;&nbsp;<span style=\"color: #ff0000\">Feriado<\/span>&nbsp;<\/span><br \/>\n<span style=\"font-family: Verdana;font-size: small\">06\/05 &nbsp; &nbsp; &nbsp; &nbsp; Cap. 4: rota\u00e7\u00f5es <span style=\"color: #0000ff;font-family: Verdana;font-size: small\">&nbsp;<\/span><br \/>\n<span style=\"font-family: Verdana;font-size: small\">08\/05 &nbsp; &nbsp; &nbsp; &nbsp; Cap. 4: \u00e2ngulos de Euler e subespa\u00e7os irredut\u00edveis &nbsp; &nbsp; &nbsp; &nbsp;<\/span><\/span><br \/>\n<span style=\"font-family: Verdana;font-size: small\"><span style=\"font-family: Verdana;font-size: small\">13\/05 &nbsp; &nbsp; &nbsp; &nbsp; Cap. 4: rela\u00e7\u00e3o entre Y^l_m e D^(l)(R), \u00e1tomo de hidrog\u00eanio <\/span><br \/>\n<\/span><span style=\"font-family: Verdana;font-size: small\"><span style=\"font-family: Verdana;font-size: small\">15\/05 &nbsp; &nbsp; &nbsp; &nbsp; Cap. 4: spin 1\/2<\/span><\/span><br \/>\n<span style=\"font-family: Verdana;font-size: small\">20\/05 &nbsp; &nbsp; &nbsp; &nbsp;&nbsp;<span style=\"color: #0000ff\">Prova 2<\/span><\/span><br \/>\n<span style=\"font-family: Verdana;font-size: small\"><span style=\"font-family: Verdana;font-size: small\">22\/05 &nbsp; &nbsp; &nbsp; &nbsp; Cap. 4: spin 1\/2 e soma de momentos angulares I<\/span><br \/>\n<span style=\"font-family: Verdana;font-size: small\">27\/05 &nbsp; &nbsp; &nbsp; &nbsp; Cap. 4: soma de momentos angulares II &nbsp;<\/span><\/span><br \/>\n<span style=\"font-family: Verdana;font-size: small\">29\/05 &nbsp; &nbsp; &nbsp; &nbsp; Cap. 4: operadores tensoriais&nbsp;<\/span><\/p>\n<p><span style=\"font-family: Verdana;font-size: small\">03\/06 &nbsp; &nbsp; &nbsp; &nbsp; Cap. 4: representa\u00e7\u00e3o op. tensorial&nbsp;<\/span><span style=\"font-family: Verdana;font-size: small\">&nbsp;<\/span><br \/>\n<span style=\"font-family: Verdana;font-size: small\">05\/06 &nbsp; &nbsp; &nbsp; &nbsp; Cap. 5: transforma\u00e7\u00f5es e grupos de transf., transla\u00e7\u00f5es espaciais&nbsp;<\/span><span style=\"font-family: Verdana;font-size: small\"><br \/>\n<span style=\"font-family: Verdana;font-size: small\">10\/06 &nbsp; &nbsp; &nbsp; &nbsp; Cap. 5: rota\u00e7\u00f5es, paridade: fun\u00e7\u00e3o de onda&nbsp;<\/span><br \/>\n<span style=\"font-family: Verdana;font-size: small\">12\/06 &nbsp; &nbsp; &nbsp; &nbsp; Cap. 5: paridade: momentos linear e angular, op. invers\u00e3o temporal I&nbsp;<\/span><br \/>\n<span style=\"font-family: Verdana;font-size: small\">17\/06 &nbsp; &nbsp; &nbsp; &nbsp; Cap. 5: op. invers\u00e3o temporal part\u00edcula sem spin, ops. tensoriais &nbsp;<\/span><br \/>\n<span style=\"font-family: Verdana;font-size: small\">19\/06 &nbsp; &nbsp; &nbsp; &nbsp; Cap. 5: invari\u00e2ncia de gauge e transf. de Galileu &nbsp;<\/span><\/span><br \/>\n<span style=\"font-family: Verdana;font-size: small\"><span style=\"font-family: Verdana;font-size: small\">24\/06 &nbsp; &nbsp; &nbsp; &nbsp; Cap. x: integral de caminho I &nbsp;<\/span><br \/>\n<span style=\"font-family: Verdana;font-size: small\">26\/06 &nbsp; &nbsp; &nbsp; &nbsp; Cap. x: integral de caminho II e efeito Aharonov-Bohm&nbsp;<span style=\"color: #0000ff\">&nbsp;<\/span><\/span><br \/>\n<\/span><\/p>\n<p><span style=\"font-family: Verdana;font-size: small\">01\/07 &nbsp; &nbsp; &nbsp; &nbsp;&nbsp;<span style=\"color: #0000ff\">Prova 3&nbsp;<\/span><\/span><\/p>\n","protected":false},"excerpt":{"rendered":"<p>FI001 &#8211; Mec\u00e2nica qu\u00e2ntica&nbsp;I&nbsp;&#8211; 1.S 2024 Data &nbsp; &nbsp; &nbsp; &nbsp; &nbsp; T\u00f3pico 28\/02 &nbsp; &nbsp; &nbsp; &nbsp; Introdu\u00e7\u00e3o 04\/03 &nbsp; &nbsp; &nbsp; &nbsp; Cap. 1: vetores I e operadores I&nbsp; 06\/03 &nbsp; &nbsp; &nbsp; &nbsp; Cap. 1: nota\u00e7\u00e3o de Dirac, produto tensorial de dois espa\u00e7os&nbsp; 11\/03 &nbsp; &nbsp; &nbsp; &nbsp; Cap. 1: operador adjunto &hellip; <\/p>\n<p><a class=\"more-link btn\" href=\"https:\/\/sites.ifi.unicamp.br\/doretto\/fi-001\/cronograma-fi001\/\">Continue lendo<\/a><\/p>\n","protected":false},"author":76,"featured_media":0,"parent":1139,"menu_order":0,"comment_status":"closed","ping_status":"closed","template":"template-onecolumn.php","meta":{"ngg_post_thumbnail":0,"footnotes":""},"class_list":["post-1153","page","type-page","status-publish","hentry","nodate","item-wrap"],"_links":{"self":[{"href":"https:\/\/sites.ifi.unicamp.br\/doretto\/wp-json\/wp\/v2\/pages\/1153","targetHints":{"allow":["GET"]}}],"collection":[{"href":"https:\/\/sites.ifi.unicamp.br\/doretto\/wp-json\/wp\/v2\/pages"}],"about":[{"href":"https:\/\/sites.ifi.unicamp.br\/doretto\/wp-json\/wp\/v2\/types\/page"}],"author":[{"embeddable":true,"href":"https:\/\/sites.ifi.unicamp.br\/doretto\/wp-json\/wp\/v2\/users\/76"}],"replies":[{"embeddable":true,"href":"https:\/\/sites.ifi.unicamp.br\/doretto\/wp-json\/wp\/v2\/comments?post=1153"}],"version-history":[{"count":29,"href":"https:\/\/sites.ifi.unicamp.br\/doretto\/wp-json\/wp\/v2\/pages\/1153\/revisions"}],"predecessor-version":[{"id":1806,"href":"https:\/\/sites.ifi.unicamp.br\/doretto\/wp-json\/wp\/v2\/pages\/1153\/revisions\/1806"}],"up":[{"embeddable":true,"href":"https:\/\/sites.ifi.unicamp.br\/doretto\/wp-json\/wp\/v2\/pages\/1139"}],"wp:attachment":[{"href":"https:\/\/sites.ifi.unicamp.br\/doretto\/wp-json\/wp\/v2\/media?parent=1153"}],"curies":[{"name":"wp","href":"https:\/\/api.w.org\/{rel}","templated":true}]}}