{"id":1242,"date":"2018-07-12T12:00:55","date_gmt":"2018-07-12T12:00:55","guid":{"rendered":"https:\/\/sites.ifi.unicamp.br\/doretto\/?page_id=1242"},"modified":"2026-02-02T13:33:01","modified_gmt":"2026-02-02T13:33:01","slug":"fi-002","status":"publish","type":"page","link":"https:\/\/sites.ifi.unicamp.br\/doretto\/fi-002\/","title":{"rendered":"FI 002"},"content":{"rendered":"<p><span style=\"font-family: Verdana;font-size: large\">FI 002 &#8211; Mec\u00e2nica Qu\u00e2ntica II &nbsp;&#8211; &nbsp;1.S 2026<\/span><\/p>\n<p><span class=\"Apple-style-span\" style=\"color: #333333;font-family: 'Pontano Sans', arial, sans-serif;font-size: 20px;line-height: normal\"><span style=\"color: #000000\"><span style=\"font-family: Verdana;font-size: medium\">Programa e notas de aula <\/span><\/span><\/span><span class=\"Apple-style-span\" style=\"font-family: Verdana;font-size: small\">&nbsp;<\/span><\/p>\n<ul>\n<li><span class=\"Apple-style-span\" style=\"font-family: Verdana;font-size: small\">Cap. 01: <a href=\"https:\/\/sites.ifi.unicamp.br\/doretto\/files\/2018\/07\/notas-aula-fi002-c16.pdf\">Teoria de perturba\u00e7\u00e3o independente do tempo<\/a><\/span><\/li>\n<li><span class=\"Apple-style-span\" style=\"font-family: Verdana;font-size: small\">Cap. 02: <a href=\"https:\/\/sites.ifi.unicamp.br\/doretto\/files\/2018\/07\/notas-aula-fi002-c17.pdf\">Teoria de perturba\u00e7\u00e3o dependente do tempo<\/a>&nbsp; &nbsp;<\/span><\/li>\n<li><span class=\"Apple-style-span\" style=\"font-family: Verdana;font-size: small\">Cap. 03: <a href=\"https:\/\/sites.ifi.unicamp.br\/doretto\/files\/2018\/07\/notas-aula-fi002-c18.pdf\">M\u00e9todos variacional e WKB<\/a>&nbsp;<\/span><\/li>\n<li><span class=\"Apple-style-span\" style=\"font-family: Verdana;font-size: small\">Cap. 04: <a href=\"https:\/\/sites.ifi.unicamp.br\/doretto\/files\/2018\/08\/notas-aula-fi002-c19pdf.pdf\">Espalhamento<\/a>&nbsp; &nbsp; &nbsp; &nbsp; &nbsp; &nbsp; &nbsp; &nbsp; &nbsp; &nbsp;<\/span><\/li>\n<li><span class=\"Apple-style-span\" style=\"font-family: Verdana;font-size: small\">Cap. 05: <a href=\"https:\/\/sites.ifi.unicamp.br\/doretto\/files\/2018\/09\/notas-aula-fi002-c20.pdf\">Part\u00edculas id\u00eanticas, segunda quantiza\u00e7\u00e3o<\/a>&nbsp;&#8211; <a href=\"https:\/\/sites.ifi.unicamp.br\/doretto\/files\/2019\/07\/notas-aula-fi002-correcao-c20.pdf\">corre\u00e7\u00f5es<\/a> <\/span><\/li>\n<li><span class=\"Apple-style-span\" style=\"font-family: Verdana;font-size: small\">Cap. 06: <a href=\"https:\/\/sites.ifi.unicamp.br\/doretto\/files\/2018\/10\/notas-aula-fi002-c22.pdf\">Mec\u00e2nica qu\u00e2ntica relativ\u00edstica<\/a><\/span><\/li>\n<li><span class=\"Apple-style-span\" style=\"font-family: Verdana;font-size: small\">Cap. 07: <a href=\"https:\/\/sites.ifi.unicamp.br\/doretto\/files\/2018\/11\/notas-aula-fi002-c24.pdf\">Quantiza\u00e7\u00e3o campos relativ\u00edstico<\/a>&nbsp; &nbsp;<\/span><\/li>\n<\/ul>\n<p><a href=\"https:\/\/sites.ifi.unicamp.br\/doretto\/fi001-mecanica-quantica-i\/fi-002\/cronograma-fi-002\/\"><span class=\"Apple-style-span\" style=\"font-family: Verdana;font-size: small\">Cronograma das aulas<\/span><\/a><\/p>\n<p>&nbsp;<\/p>\n<p><span class=\"Apple-style-span\" style=\"color: #333333;font-family: 'Pontano Sans', arial, sans-serif;font-size: 20px;line-height: normal\"><span style=\"color: #000000\"><span style=\"font-family: Verdana;font-size: medium\">Bibliografia<\/span><\/span><\/span><\/p>\n<ol>\n<li><span class=\"Apple-style-span\" style=\"font-family: Verdana;font-size: small\">A. Messiah, <em>Quantum mechanics<\/em>, Dover Publications, 2014.&nbsp;<\/span><\/li>\n<li><span class=\"Apple-style-span\" style=\"font-family: Verdana;font-size: small\">J. E. Merzbacher, <em>Quantum mechanics<\/em>, 3rd ed., Wiley, 1997.<\/span><\/li>\n<li><span class=\"Apple-style-span\" style=\"font-family: Verdana;font-size: small\">F. Schwabl, Advanced q<em>uantum mechanics<\/em>, 4th ed., Springer, 2008. <\/span><\/li>\n<li><span class=\"Apple-style-span\" style=\"font-family: Verdana;font-size: small\">J. D. Bjorken and S. D. Drell, <em>Relativistic quantum mechanics<\/em>, McGraw-Hill, 1964. &nbsp;<\/span><\/li>\n<li><span class=\"Apple-style-span\" style=\"font-family: Verdana;font-size: small\">J. D. Bjorken and S. D. Drell, <em>Relativistic quantum fields<\/em>, McGraw-Hill, 1965. <\/span><\/li>\n<li><span class=\"Apple-style-span\" style=\"font-family: Verdana;font-size: small\">F. Mandl and G. Shaw, Quantum field theory, 2nd ed., Wiley, 2010.&nbsp;<\/span><\/li>\n<li><span class=\"Apple-style-span\" style=\"font-family: Verdana;font-size: small\">J. J. Sakurai and J. Napolitano, <em>Modern quantum mechanics<\/em>, 2nd ed., Addison-Wesley, 2011.<\/span><\/li>\n<li><span class=\"Apple-style-span\" style=\"font-family: Verdana;font-size: small\">C. Cohen-Tannoudji, B. Diu, and F. Lalo\u00eb, <em>M\u00e9canique quantique<\/em>, tome III, EDP Sciences, 2017.<\/span><span class=\"Apple-style-span\" style=\"font-family: Verdana;font-size: small\">&nbsp;<\/span><\/li>\n<li><span class=\"Apple-style-span\" style=\"font-family: Verdana;font-size: small\">K. Gottfried and T.-W. Yan, <em>Quantum mechanics: fundamentals<\/em>, 2nd ed., Springer, 2003.<\/span><\/li>\n<li><span class=\"Apple-style-span\" style=\"font-family: Verdana;font-size: small\">G. Baym, <em>Lectures on quantum mechanics<\/em>, Westview Press, 1990.<\/span><span class=\"Apple-style-span\" style=\"font-family: Verdana;font-size: small\">&nbsp;<\/span><span class=\"Apple-style-span\" style=\"font-family: Verdana;font-size: small\">&nbsp;<\/span><\/li>\n<li><span class=\"Apple-style-span\" style=\"font-family: Verdana;font-size: small\">B. R. Desai, <em>Quantum mechanics with basic field theory<\/em>, Cambridge University Press, 2010.&nbsp;<\/span><\/li>\n<li><span class=\"Apple-style-span\" style=\"font-family: Verdana;font-size: small\">N. Zettili, <em>Quantum mechanics<\/em>, 2nd ed., Wiley, 2009 <strong>(revis\u00e3o gradua\u00e7\u00e3o)<\/strong>.&nbsp;&nbsp;<\/span><\/li>\n<\/ol>\n<p>&nbsp;<\/p>\n<p><span class=\"Apple-style-span\" style=\"color: #333333;font-family: 'Pontano Sans', arial, sans-serif;font-size: 20px;line-height: normal\"><span style=\"color: #000000\"><span style=\"font-family: Verdana;font-size: medium\">Problemas sugeridos:<\/span><\/span><\/span><\/p>\n<ul>\n<li><span style=\"font-family: Verdana;font-size: small\"><a href=\"https:\/\/sites.ifi.unicamp.br\/doretto\/files\/2018\/08\/lista01-fi002.pdf\">Lista 1<\/a><\/span><\/li>\n<li><span style=\"font-family: Verdana;font-size: small\"><a href=\"https:\/\/sites.ifi.unicamp.br\/doretto\/files\/2018\/08\/lista02-fi002.pdf\">Lista 2<\/a><\/span><\/li>\n<li><span style=\"font-family: Verdana;font-size: small\"><a href=\"https:\/\/sites.ifi.unicamp.br\/doretto\/files\/2018\/09\/lista03-fi002.pdf\">Lista 3<\/a><\/span><\/li>\n<li><span style=\"font-family: Verdana;font-size: small\"><a href=\"https:\/\/sites.ifi.unicamp.br\/doretto\/files\/2018\/10\/lista04-fi002.pdf\">Lista 4<\/a>&nbsp;<\/span><span style=\"font-family: Verdana;font-size: small\">&nbsp;<\/span><\/li>\n<li><span style=\"font-family: Verdana;font-size: small\"><a href=\"https:\/\/sites.ifi.unicamp.br\/doretto\/files\/2018\/11\/lista05-fi002.pdf\">Lista 5<\/a>&nbsp;<\/span><span style=\"font-family: Verdana;font-size: small\">&nbsp;<\/span><\/li>\n<li><span style=\"font-family: Verdana;font-size: small\"><a href=\"https:\/\/sites.ifi.unicamp.br\/doretto\/files\/2019\/08\/lista06-fi002.pdf\">Lista 6<\/a>&nbsp;<\/span><span style=\"font-family: Verdana;font-size: small\">&nbsp;<\/span><\/li>\n<\/ul>\n<p><span class=\"Apple-style-span\" style=\"font-family: Verdana;font-size: small\">&nbsp;Sobre o manual de solu\u00e7\u00f5es e problemas sugeridos: <a href=\"https:\/\/sites.ifi.unicamp.br\/doretto\/advice-morin\/\">Veja as sugest\u00f5es de D. Morin e N. Zettili.<\/a><\/span><\/p>\n<p><span class=\"Apple-style-span\" style=\"color: #333333;font-family: 'Pontano Sans', arial, sans-serif;font-size: 20px;line-height: normal\"><span style=\"color: #000000\"><span style=\"font-family: Verdana;font-size: medium\">Avalia\u00e7\u00f5es:<\/span><\/span><\/span><\/p>\n<table style=\"width: 422px;height: 72px\">\n<tbody>\n<tr>\n<td><span style=\"font-family: Verdana;font-size: small\">Provas<\/span><\/td>\n<td><span style=\"font-family: Verdana;font-size: small\">Data<\/span><\/td>\n<td>&nbsp;<\/td>\n<\/tr>\n<tr>\n<td><span style=\"font-family: Verdana;font-size: small\">P1: &nbsp;Listas 1 e 2<\/span><\/td>\n<td><span style=\"font-family: Verdana;font-size: small\">01\/04&nbsp;<\/span><\/td>\n<td><span style=\"font-family: Verdana;font-size: small\">Quarta-feira<\/span><\/td>\n<\/tr>\n<tr>\n<td><span style=\"font-family: Verdana;font-size: small\">P2: &nbsp;Lista 3&nbsp;<\/span><\/td>\n<td><span style=\"font-family: Verdana;font-size: small\">06\/05<\/span><\/td>\n<td><span style=\"font-family: Verdana;font-size: small\">Quarta-feira&nbsp;<\/span><\/td>\n<\/tr>\n<tr>\n<td><span style=\"font-family: Verdana;font-size: small\">P3: &nbsp;Listas 4 &#8211; 6&nbsp;<\/span><\/td>\n<td><span style=\"font-family: Verdana;font-size: small\">24\/06&nbsp;<\/span><\/td>\n<td><span style=\"font-family: Verdana;font-size: small\">Quarta-feira&nbsp;<\/span><\/td>\n<\/tr>\n<\/tbody>\n<\/table>\n<p><span class=\"Apple-style-span\" style=\"font-family: Verdana;font-size: small\"><strong>M\u00e9dia:<\/strong><\/span><br \/>\n<span class=\"Apple-style-span\" style=\"font-family: Verdana;font-size: small\">&nbsp; &nbsp; &nbsp;M = (P1 + P2 + P3)\/3.&nbsp; &nbsp; &nbsp; &nbsp; &nbsp; &nbsp; &nbsp;<\/span><span class=\"Apple-style-span\" style=\"font-family: Verdana;font-size: small\">&nbsp; &nbsp;&nbsp;<\/span><span class=\"Apple-style-span\" style=\"font-family: Verdana;font-size: small\">&nbsp; &nbsp; &nbsp;<\/span><br \/>\n<span class=\"Apple-style-span\" style=\"font-family: Verdana;font-size: small\">&nbsp; &nbsp; &nbsp;Conceitos: &nbsp;A: M &gt; 8.5&nbsp;<\/span><br \/>\n<span class=\"Apple-style-span\" style=\"font-family: Verdana;font-size: small\">&nbsp; &nbsp; &nbsp; &nbsp; &nbsp; &nbsp; &nbsp; &nbsp; &nbsp; &nbsp; &nbsp; B: 6.5 &lt; M &lt; 8.5<\/span><br \/>\n<span class=\"Apple-style-span\" style=\"font-family: Verdana;font-size: small\">&nbsp; &nbsp; &nbsp; &nbsp; &nbsp; &nbsp; &nbsp; &nbsp; &nbsp; &nbsp; &nbsp; C: 5.0 &lt; M &lt; 6.5<\/span><br \/>\n<span class=\"Apple-style-span\" style=\"font-family: Verdana;font-size: small\">&nbsp; &nbsp; &nbsp; &nbsp; &nbsp; &nbsp; &nbsp; &nbsp; &nbsp; &nbsp; &nbsp; D: M &lt; 5 &nbsp; &nbsp; &nbsp; &nbsp; &nbsp; &nbsp; &nbsp;&nbsp;<\/span><\/p>\n<p><span class=\"Apple-style-span\" style=\"font-family: Verdana;font-size: small\">&nbsp; &nbsp;<a href=\"https:\/\/sites.ifi.unicamp.br\/doretto\/files\/2021\/05\/notas-fi002-1S-2021.pdf\">Notas das provas<\/a><\/span><\/p>\n<h2><span style=\"color: #000000\"><span style=\"font-family: Verdana;font-size: medium\">Aulas: <\/span><\/span><\/h2>\n<table style=\"width: 50%\">\n<tbody>\n<tr>\n<td><span style=\"font-family: Verdana;font-size: small\">Dia<\/span><\/td>\n<td><span style=\"font-family: Verdana;font-size: small\">Hor\u00e1rio<\/span><\/td>\n<td><span style=\"font-family: Verdana;font-size: small\">Sala<\/span><\/td>\n<\/tr>\n<tr>\n<td><span style=\"font-family: Verdana;font-size: small\">Segunda-feira<\/span><\/td>\n<td><span style=\"font-family: Verdana;font-size: small\">10:00 e 11:00 h<\/span><\/td>\n<td><span style=\"font-family: Verdana;font-size: small\">IF 15&nbsp;<\/span><\/td>\n<\/tr>\n<tr>\n<td><span style=\"font-family: Verdana;font-size: small\">Quarta-feira<\/span><\/td>\n<td><span style=\"font-family: Verdana;font-size: small\">10:00 e 11:00 h<\/span><\/td>\n<td><span style=\"font-family: Verdana;font-size: small\">IF 15<\/span><\/td>\n<\/tr>\n<\/tbody>\n<\/table>\n<h2>&nbsp;<span style=\"color: #000000\"><span style=\"font-family: Verdana;font-size: medium\">Atendimento: <\/span><\/span><\/h2>\n<table style=\"width: 50%\">\n<tbody>\n<tr>\n<td><span style=\"font-family: Verdana;font-size: small\">Dia<\/span><\/td>\n<td><span style=\"font-family: Verdana;font-size: small\">Hor\u00e1rio<\/span><\/td>\n<td><span style=\"font-family: Verdana;font-size: small\">Sala<\/span><\/td>\n<\/tr>\n<tr>\n<td><span style=\"font-family: Verdana;font-size: small\">Quarta-feira<\/span><\/td>\n<td><span style=\"font-family: Verdana;font-size: small\">16:00 \u00e0s 18:00 h<\/span><\/td>\n<td><span style=\"font-family: Verdana;font-size: small\">218, DFMC<\/span><\/td>\n<\/tr>\n<\/tbody>\n<\/table>\n<p>&nbsp;<\/p>\n","protected":false},"excerpt":{"rendered":"<p>FI 002 &#8211; Mec\u00e2nica Qu\u00e2ntica II &nbsp;&#8211; &nbsp;1.S 2026 Programa e notas de aula &nbsp; Cap. 01: Teoria de perturba\u00e7\u00e3o independente do tempo Cap. 02: Teoria de perturba\u00e7\u00e3o dependente do tempo&nbsp; &nbsp; Cap. 03: M\u00e9todos variacional e WKB&nbsp; Cap. 04: Espalhamento&nbsp; &nbsp; &nbsp; &nbsp; &nbsp; &nbsp; &nbsp; &nbsp; &nbsp; &nbsp; Cap. 05: Part\u00edculas id\u00eanticas, segunda &hellip; <\/p>\n<p><a class=\"more-link btn\" href=\"https:\/\/sites.ifi.unicamp.br\/doretto\/fi-002\/\">Continue lendo<\/a><\/p>\n","protected":false},"author":76,"featured_media":0,"parent":0,"menu_order":0,"comment_status":"closed","ping_status":"closed","template":"template-onecolumn.php","meta":{"ngg_post_thumbnail":0,"footnotes":""},"class_list":["post-1242","page","type-page","status-publish","hentry","nodate","item-wrap"],"_links":{"self":[{"href":"https:\/\/sites.ifi.unicamp.br\/doretto\/wp-json\/wp\/v2\/pages\/1242","targetHints":{"allow":["GET"]}}],"collection":[{"href":"https:\/\/sites.ifi.unicamp.br\/doretto\/wp-json\/wp\/v2\/pages"}],"about":[{"href":"https:\/\/sites.ifi.unicamp.br\/doretto\/wp-json\/wp\/v2\/types\/page"}],"author":[{"embeddable":true,"href":"https:\/\/sites.ifi.unicamp.br\/doretto\/wp-json\/wp\/v2\/users\/76"}],"replies":[{"embeddable":true,"href":"https:\/\/sites.ifi.unicamp.br\/doretto\/wp-json\/wp\/v2\/comments?post=1242"}],"version-history":[{"count":47,"href":"https:\/\/sites.ifi.unicamp.br\/doretto\/wp-json\/wp\/v2\/pages\/1242\/revisions"}],"predecessor-version":[{"id":1906,"href":"https:\/\/sites.ifi.unicamp.br\/doretto\/wp-json\/wp\/v2\/pages\/1242\/revisions\/1906"}],"wp:attachment":[{"href":"https:\/\/sites.ifi.unicamp.br\/doretto\/wp-json\/wp\/v2\/media?parent=1242"}],"curies":[{"name":"wp","href":"https:\/\/api.w.org\/{rel}","templated":true}]}}