{"id":1428,"date":"2019-12-12T19:49:51","date_gmt":"2019-12-12T19:49:51","guid":{"rendered":"https:\/\/sites.ifi.unicamp.br\/doretto\/?page_id=1428"},"modified":"2025-10-17T18:51:25","modified_gmt":"2025-10-17T18:51:25","slug":"f-320","status":"publish","type":"page","link":"https:\/\/sites.ifi.unicamp.br\/doretto\/f-320\/","title":{"rendered":"F 320"},"content":{"rendered":"<p><span style=\"font-family: Verdana;font-size: large\">F 320 &#8211; Termodin\u00e2mica &nbsp;&#8211; &nbsp;2.S 2025<\/span><\/p>\n<p><span class=\"Apple-style-span\" style=\"color: #333333;font-family: 'Pontano Sans', arial, sans-serif;font-size: 20px;line-height: normal\"><span style=\"color: #000000\"><span style=\"font-family: Verdana;font-size: medium\">Programa e notas de aula <\/span><\/span><\/span><span class=\"Apple-style-span\" style=\"font-family: Verdana;font-size: small\">&nbsp;<\/span><\/p>\n<ul>\n<li><span class=\"Apple-style-span\" style=\"font-family: Verdana;font-size: small\">Cap. 01: <a href=\"https:\/\/sites.ifi.unicamp.br\/doretto\/files\/2020\/03\/notas-aula-f320-c1.pdf\">Introdu\u00e7\u00e3o e lei zero<\/a>&nbsp;&nbsp;<\/span><\/li>\n<li><span class=\"Apple-style-span\" style=\"font-family: Verdana;font-size: small\">Cap. 02: <a href=\"https:\/\/sites.ifi.unicamp.br\/doretto\/files\/2020\/03\/notas-aula-f320-c2.pdf\">Primeira lei<\/a>&nbsp;<\/span><\/li>\n<li><span class=\"Apple-style-span\" style=\"font-family: Verdana;font-size: small\">Cap. 03: <a href=\"https:\/\/sites.ifi.unicamp.br\/doretto\/files\/2020\/03\/notas-aula-f320-c3.pdf\">Segunda lei e entropia<\/a>&nbsp; &nbsp; &nbsp; &nbsp; &nbsp; &nbsp; &nbsp; &nbsp; &nbsp; &nbsp;<\/span><\/li>\n<li><span class=\"Apple-style-span\" style=\"font-family: Verdana;font-size: small\">Cap. 04: <a href=\"https:\/\/sites.ifi.unicamp.br\/doretto\/files\/2020\/03\/notas-aula-f320-c4.pdf\">Potenciais termodin\u00e2micos<\/a><\/span><\/li>\n<li><span class=\"Apple-style-span\" style=\"font-family: Verdana;font-size: small\">Cap. 05: <a href=\"https:\/\/sites.ifi.unicamp.br\/doretto\/files\/2020\/05\/notas-aula-f320-c5.pdf\">Aplica\u00e7\u00f5es<\/a><\/span><\/li>\n<li><span class=\"Apple-style-span\" style=\"font-family: Verdana;font-size: small\">Cap. 06: <a href=\"https:\/\/sites.ifi.unicamp.br\/doretto\/files\/2020\/05\/notas-aula-f320-c6.pdf\">Transi\u00e7\u00f5es de fase<\/a><\/span><\/li>\n<li><span class=\"Apple-style-span\" style=\"font-family: Verdana;font-size: small\">Cap. 07: <a href=\"https:\/\/sites.ifi.unicamp.br\/doretto\/files\/2020\/05\/notas-aula-f320-c7.pdf\">Terceira lei<\/a>&nbsp; &nbsp;<\/span><\/li>\n<\/ul>\n<p><a href=\"https:\/\/sites.ifi.unicamp.br\/doretto\/f-320\/cronograma-f-320\/\"><span class=\"Apple-style-span\" style=\"font-family: Verdana;font-size: small\">Cronograma das aulas<\/span><\/a><\/p>\n<p>&nbsp;<\/p>\n<p><span class=\"Apple-style-span\" style=\"color: #333333;font-family: 'Pontano Sans', arial, sans-serif;font-size: 20px;line-height: normal\"><span style=\"color: #000000\"><span style=\"font-family: Verdana;font-size: medium\">Bibliografia<\/span><\/span><\/span><\/p>\n<ol>\n<li><span class=\"Apple-style-span\" style=\"font-family: Verdana;font-size: small\">C. J. Adkins, <em>Equilibrium thermodynamics<\/em>, 3rd, Cambridge University Press, 1983.&nbsp;<\/span><\/li>\n<li><span class=\"Apple-style-span\" style=\"font-family: Verdana;font-size: small\">D. S. Lemons, <em>Mere Thermodynamics,<\/em>&nbsp;The Johns Hopkins University Press, 2009.<\/span><\/li>\n<li><span class=\"Apple-style-span\" style=\"font-family: Verdana;font-size: small\">M. W. Zemansky and R. H. Dittman, <em>Heat and Thermodynamics<\/em>, 7th ed., McGraw-Hill, 1997.<\/span><span class=\"Apple-style-span\" style=\"font-family: Verdana;font-size: small\">&nbsp;<\/span><\/li>\n<li><span class=\"Apple-style-span\" style=\"font-family: Verdana;font-size: small\">F. W. Sears and G. L. Salinger,&nbsp;<em>Thermodynamics, kinetic theory, and statistical thermodynamic<\/em>, 3rd ed., Addison-Wesley, 1975. <\/span><\/li>\n<li><span class=\"Apple-style-span\" style=\"font-family: Verdana;font-size: small\">A. M. Steane, <em>Thermodynamics<\/em>, Oxford University Press, 2017. &nbsp;<\/span><\/li>\n<li><span class=\"Apple-style-span\" style=\"font-family: Verdana;font-size: small\">M. J. Oliveira, <em>Termodin\u00e2mica<\/em>, Livraria da F\u00edsica, 2012.<\/span><\/li>\n<li><span class=\"Apple-style-span\" style=\"font-family: Verdana;font-size: small\">E. Fermi, <em>Thermodynamics<\/em>, Dover Publications, 1956.<\/span><span class=\"Apple-style-span\" style=\"font-family: Verdana;font-size: small\">&nbsp;<\/span><\/li>\n<li><span class=\"Apple-style-span\" style=\"font-family: Verdana;font-size: small\">H. M. Nussenzveig, <em>Curso de F\u00edsica B\u00e1sica, vol. 2<\/em>, 4th ed., Editora Blucher, 2002 <strong>(revis\u00e3o b\u00e1sico)<\/strong>.<\/span><\/li>\n<\/ol>\n<p>&nbsp;<\/p>\n<p><span class=\"Apple-style-span\" style=\"color: #333333;font-family: 'Pontano Sans', arial, sans-serif;font-size: 20px;line-height: normal\"><span style=\"color: #000000\"><span style=\"font-family: Verdana;font-size: medium\">Problemas sugeridos:<\/span><\/span><\/span><\/p>\n<ul>\n<li><span style=\"font-family: Verdana;font-size: small\"><a href=\"https:\/\/sites.ifi.unicamp.br\/doretto\/files\/2020\/03\/lista01-f320.pdf\">Lista 1<\/a><\/span><span style=\"font-family: Verdana;font-size: small\"> &nbsp; &nbsp; &nbsp; &nbsp; &nbsp;&nbsp;<\/span><\/li>\n<li><span style=\"font-family: Verdana;font-size: small\"><a href=\"https:\/\/sites.ifi.unicamp.br\/doretto\/files\/2025\/07\/lista02-f320.pdf\">Lista 2<\/a><\/span><\/li>\n<li><span style=\"font-family: Verdana;font-size: small\"><a href=\"https:\/\/sites.ifi.unicamp.br\/doretto\/files\/2020\/03\/lista03-f320.pdf\">Lista 3<\/a>&nbsp; &nbsp; &nbsp; &nbsp; &nbsp; &nbsp; &nbsp;<\/span><\/li>\n<li><span style=\"font-family: Verdana;font-size: small\"><a href=\"https:\/\/sites.ifi.unicamp.br\/doretto\/files\/2025\/04\/lista04-f320.pdf\">Lista 4<\/a>&nbsp;<\/span><\/li>\n<li><span style=\"font-family: Verdana;font-size: small\"><a href=\"https:\/\/sites.ifi.unicamp.br\/doretto\/files\/2025\/05\/lista05-f320.pdf\">Lista 5<\/a><\/span><\/li>\n<li><span style=\"font-family: Verdana;font-size: small\"><a href=\"https:\/\/sites.ifi.unicamp.br\/doretto\/files\/2025\/06\/lista06-f320.pdf\">Lista 6<\/a>&nbsp;&nbsp;<\/span><span style=\"font-family: Verdana;font-size: small\">&nbsp;<\/span><span style=\"font-family: Verdana;font-size: small\">&nbsp;&nbsp;<\/span><span style=\"font-family: Verdana;font-size: small\">&nbsp;<\/span><\/li>\n<\/ul>\n<p><span class=\"Apple-style-span\" style=\"font-family: Verdana;font-size: small\">&nbsp;Sobre o manual de solu\u00e7\u00f5es e problemas sugeridos: <a href=\"https:\/\/sites.ifi.unicamp.br\/doretto\/advice-morin\/\">Veja as sugest\u00f5es de D. Morin e N. Zettili.<\/a><\/span><\/p>\n<p>&nbsp;<\/p>\n<p><span class=\"Apple-style-span\" style=\"color: #333333;font-family: 'Pontano Sans', arial, sans-serif;font-size: 20px;line-height: normal\"><span style=\"color: #000000\"><span style=\"font-family: Verdana;font-size: medium\">Avalia\u00e7\u00f5es:<\/span><\/span><\/span><\/p>\n<table style=\"width: 422px;height: 72px\">\n<tbody>\n<tr>\n<td><span style=\"font-family: Verdana;font-size: small\">Provas<\/span><\/td>\n<td><span style=\"font-family: Verdana;font-size: small\">Data<\/span><\/td>\n<td>&nbsp;<\/td>\n<\/tr>\n<tr>\n<td><span style=\"font-family: Verdana;font-size: small\">P1: &nbsp;Listas 1 e 2<\/span><\/td>\n<td><span style=\"font-family: Verdana;font-size: small\">&nbsp;18\/09<\/span><\/td>\n<td><span style=\"font-family: Verdana;font-size: small\">Quinta-feira<\/span><\/td>\n<\/tr>\n<tr>\n<td><span style=\"font-family: Verdana;font-size: small\">P2: &nbsp;Listas 3 e 4 &nbsp;<\/span><\/td>\n<td><span style=\"font-family: Verdana;font-size: small\">&nbsp;21\/10<\/span><\/td>\n<td><span style=\"font-family: Verdana;font-size: small\">Ter\u00e7a-feira&nbsp;<\/span><\/td>\n<\/tr>\n<tr>\n<td><span style=\"font-family: Verdana;font-size: small\">P3: &nbsp;Listas 5 e 6 &nbsp;<\/span><\/td>\n<td><span style=\"font-family: Verdana;font-size: small\">&nbsp;27\/11<\/span><\/td>\n<td><span style=\"font-family: Verdana;font-size: small\">Quinta-feira<\/span><\/td>\n<\/tr>\n<tr>\n<td><span style=\"font-family: Verdana;font-size: small\">Exame (E)&nbsp;<\/span><\/td>\n<td><span style=\"font-family: Verdana;font-size: small\">&nbsp;09\/12&nbsp;<\/span><\/td>\n<td><span style=\"font-family: Verdana;font-size: small\">Ter\u00e7a-feira&nbsp;<\/span><\/td>\n<\/tr>\n<\/tbody>\n<\/table>\n<p>&nbsp;<\/p>\n<p><span class=\"Apple-style-span\" style=\"font-family: Verdana;font-size: small\"><strong>Nota Final (NF):<\/strong><\/span><br \/>\n<span class=\"Apple-style-span\" style=\"font-family: Verdana;font-size: small\">&nbsp; &nbsp; &nbsp;M = (2.5*P1 + 3.5*P2 + 4.0*P3)\/10. &nbsp; &nbsp;&nbsp;<\/span><span class=\"Apple-style-span\" style=\"font-family: Verdana;font-size: small\">&nbsp; &nbsp; &nbsp;<\/span><br \/>\n<span class=\"Apple-style-span\" style=\"font-family: Verdana;font-size: small\">&nbsp; &nbsp; &nbsp;Se &nbsp;M \u2265 5.0&nbsp; &#8211;&gt; &nbsp;NF = M,&nbsp;<\/span><br \/>\n<span class=\"Apple-style-span\" style=\"font-family: Verdana;font-size: small\">&nbsp; &nbsp; &nbsp;c.c. &nbsp; se &nbsp;2.5 \u2264&nbsp;M \u2264 5.0 &#8211;&gt; NF = (M + E)\/2. <\/span><span class=\"Apple-style-span\" style=\"font-family: Verdana;font-size: small\">&nbsp; &nbsp; &nbsp; &nbsp; &nbsp; &nbsp; &nbsp; &nbsp;<\/span><\/p>\n<h2><span style=\"color: #000000\"><span style=\"font-family: Verdana;font-size: medium\">Aulas: <\/span><\/span><\/h2>\n<table style=\"width: 50%\">\n<tbody>\n<tr>\n<td><span style=\"font-family: Verdana;font-size: small\">Dia<\/span><\/td>\n<td><span style=\"font-family: Verdana;font-size: small\">Hor\u00e1rio<\/span><\/td>\n<td><span style=\"font-family: Verdana;font-size: small\">Sala<\/span><\/td>\n<\/tr>\n<tr>\n<td><span style=\"font-family: Verdana;font-size: small\">Ter\u00e7a-feira<\/span><\/td>\n<td><span style=\"font-family: Verdana;font-size: small\">10:00 e 11:00 h<\/span><\/td>\n<td><span style=\"font-family: Verdana;font-size: small\">CB 16 &nbsp;<\/span><\/td>\n<\/tr>\n<tr>\n<td><span style=\"font-family: Verdana;font-size: small\">Quinta-feira<\/span><\/td>\n<td><span style=\"font-family: Verdana;font-size: small\">10:00 e 11:00 h<\/span><\/td>\n<td><span style=\"font-family: Verdana;font-size: small\">CB 16<\/span><\/td>\n<\/tr>\n<\/tbody>\n<\/table>\n<h2>&nbsp;<span style=\"color: #000000\"><span style=\"font-family: Verdana;font-size: medium\">Atendimento: <\/span><\/span><\/h2>\n<table style=\"width: 71.46666666666664%;height: 147px\">\n<tbody>\n<tr>\n<td style=\"width: 24.279331428724003%\">&nbsp;<\/td>\n<td style=\"width: 23.090495643428653%\"><span style=\"font-family: Verdana;font-size: small\">Dia<\/span><\/td>\n<td style=\"width: 29.654382826475853%\"><span style=\"font-family: Verdana;font-size: small\">Hor\u00e1rio<\/span><\/td>\n<td style=\"width: 38.88301520545756%\"><span style=\"font-family: Verdana;font-size: small\">Sala<\/span><\/td>\n<\/tr>\n<tr>\n<td style=\"width: 24.279331428724003%\">&nbsp;<\/td>\n<td style=\"width: 23.090495643428653%\"><span style=\"font-family: Verdana;font-size: small\">ter\u00e7a-feira<\/span><\/td>\n<td style=\"width: 29.654382826475853%\"><span style=\"font-family: Verdana;font-size: small\">17:00 \u00e0s 19:00 h<\/span><\/td>\n<td style=\"width: 38.88301520545756%\"><span style=\"font-family: Verdana;font-size: small\">218, DFMC<\/span><\/td>\n<\/tr>\n<tr>\n<td style=\"width: 24.279331428724003%\"><span style=\"font-family: Verdana;font-size: small\">Jo\u00e3o Vitor (PAD)<\/span><\/td>\n<td style=\"width: 23.090495643428653%\"><span style=\"font-family: Verdana;font-size: small\">segunda-feira&nbsp;<\/span><\/td>\n<td style=\"width: 29.654382826475853%\"><span style=\"font-family: Verdana;font-size: small\">18:00 \u00e0s 19:00 h&nbsp;<\/span><\/td>\n<td style=\"width: 38.88301520545756%\"><span style=\"font-family: Verdana;font-size: small\">PB 07 &nbsp; &nbsp; &nbsp; &nbsp; &nbsp; &nbsp;<\/span><\/td>\n<\/tr>\n<tr>\n<td style=\"width: 24.279331428724003%\"><span style=\"font-family: Verdana;font-size: small\">Jo\u00e3o Vitor &nbsp;(PAD)<\/span><\/td>\n<td style=\"width: 23.090495643428653%\"><span style=\"font-family: Verdana;font-size: small\">quarta-feira<\/span><\/td>\n<td style=\"width: 29.654382826475853%\"><span style=\"font-family: Verdana;font-size: small\">18:00 \u00e0s 19:00 h<\/span><\/td>\n<td style=\"width: 38.88301520545756%\"><span style=\"font-family: Verdana;font-size: small\">IF 15&nbsp;<\/span><\/td>\n<\/tr>\n<\/tbody>\n<\/table>\n<p>&nbsp;<\/p>\n","protected":false},"excerpt":{"rendered":"<p>F 320 &#8211; Termodin\u00e2mica &nbsp;&#8211; &nbsp;2.S 2025 Programa e notas de aula &nbsp; Cap. 01: Introdu\u00e7\u00e3o e lei zero&nbsp;&nbsp; Cap. 02: Primeira lei&nbsp; Cap. 03: Segunda lei e entropia&nbsp; &nbsp; &nbsp; &nbsp; &nbsp; &nbsp; &nbsp; &nbsp; &nbsp; &nbsp; Cap. 04: Potenciais termodin\u00e2micos Cap. 05: Aplica\u00e7\u00f5es Cap. 06: Transi\u00e7\u00f5es de fase Cap. 07: Terceira lei&nbsp; &nbsp; &hellip; <\/p>\n<p><a class=\"more-link btn\" href=\"https:\/\/sites.ifi.unicamp.br\/doretto\/f-320\/\">Continue lendo<\/a><\/p>\n","protected":false},"author":76,"featured_media":0,"parent":0,"menu_order":0,"comment_status":"closed","ping_status":"closed","template":"template-onecolumn.php","meta":{"ngg_post_thumbnail":0,"footnotes":""},"class_list":["post-1428","page","type-page","status-publish","hentry","nodate","item-wrap"],"_links":{"self":[{"href":"https:\/\/sites.ifi.unicamp.br\/doretto\/wp-json\/wp\/v2\/pages\/1428","targetHints":{"allow":["GET"]}}],"collection":[{"href":"https:\/\/sites.ifi.unicamp.br\/doretto\/wp-json\/wp\/v2\/pages"}],"about":[{"href":"https:\/\/sites.ifi.unicamp.br\/doretto\/wp-json\/wp\/v2\/types\/page"}],"author":[{"embeddable":true,"href":"https:\/\/sites.ifi.unicamp.br\/doretto\/wp-json\/wp\/v2\/users\/76"}],"replies":[{"embeddable":true,"href":"https:\/\/sites.ifi.unicamp.br\/doretto\/wp-json\/wp\/v2\/comments?post=1428"}],"version-history":[{"count":86,"href":"https:\/\/sites.ifi.unicamp.br\/doretto\/wp-json\/wp\/v2\/pages\/1428\/revisions"}],"predecessor-version":[{"id":1904,"href":"https:\/\/sites.ifi.unicamp.br\/doretto\/wp-json\/wp\/v2\/pages\/1428\/revisions\/1904"}],"wp:attachment":[{"href":"https:\/\/sites.ifi.unicamp.br\/doretto\/wp-json\/wp\/v2\/media?parent=1428"}],"curies":[{"name":"wp","href":"https:\/\/api.w.org\/{rel}","templated":true}]}}