{"id":1583,"date":"2021-07-25T19:57:11","date_gmt":"2021-07-25T19:57:11","guid":{"rendered":"https:\/\/sites.ifi.unicamp.br\/doretto\/?page_id=1583"},"modified":"2022-06-22T17:56:33","modified_gmt":"2022-06-22T17:56:33","slug":"fi-193","status":"publish","type":"page","link":"https:\/\/sites.ifi.unicamp.br\/doretto\/fi-193\/","title":{"rendered":"FI 193"},"content":{"rendered":"<p><span style=\"font-family: Verdana;font-size: large\">FI 193 &#8211; Teoria Qu\u00e2ntica de Sistemas de Muitos Corpos &nbsp;&#8211; &nbsp;1.S 2022<\/span><\/p>\n<p><span class=\"Apple-style-span\" style=\"color: #333333;font-family: 'Pontano Sans', arial, sans-serif;font-size: 20px;line-height: normal\"><span style=\"color: #000000\"><span style=\"font-family: Verdana;font-size: medium\">Programa e notas de aula <\/span><\/span><\/span><span class=\"Apple-style-span\" style=\"font-family: Verdana;font-size: small\">&nbsp;<\/span><\/p>\n<ul>\n<li><span class=\"Apple-style-span\" style=\"font-family: Verdana;font-size: small\">Cap. 01: <a href=\"https:\/\/sites.ifi.unicamp.br\/doretto\/files\/2021\/07\/notas-aula-fi193-c1.pdf\">Segunda quantiza\u00e7\u00e3o<\/a> &nbsp;<\/span><\/li>\n<li><span class=\"Apple-style-span\" style=\"font-family: Verdana;font-size: small\">Cap. 02: <a href=\"https:\/\/sites.ifi.unicamp.br\/doretto\/files\/2021\/07\/notas-aula-fi193-c2.pdf\">Segunda quantiza\u00e7\u00e3o: aplica\u00e7\u00f5es<\/a>&nbsp; &nbsp;&nbsp;<\/span><\/li>\n<li><span class=\"Apple-style-span\" style=\"font-family: Verdana;font-size: small\">Cap. 03: <a href=\"https:\/\/sites.ifi.unicamp.br\/doretto\/files\/2021\/09\/notas-aula-fi193-c3.pdf\">Fun\u00e7\u00f5es de Green<\/a>&nbsp;&nbsp;<\/span><\/li>\n<li><span class=\"Apple-style-span\" style=\"font-family: Verdana;font-size: small\">Cap. 04: <a href=\"https:\/\/sites.ifi.unicamp.br\/doretto\/files\/2021\/09\/notas-aula-fi193-c4.pdf\">Teoria de perturba\u00e7\u00e3o &#8211; T = 0<\/a>&nbsp; &nbsp; &nbsp; &nbsp; &nbsp; &nbsp; &nbsp; &nbsp; &nbsp; &nbsp;<\/span><\/li>\n<li><span class=\"Apple-style-span\" style=\"font-family: Verdana;font-size: small\">Cap. 05: <a href=\"https:\/\/sites.ifi.unicamp.br\/doretto\/files\/2021\/09\/notas-aula-fi193-c5.pdf\">Aplica\u00e7\u00f5es: Hartree-Fock e RPA &nbsp;<\/a><\/span><\/li>\n<li><span class=\"Apple-style-span\" style=\"font-family: Verdana;font-size: small\">Cap. 06: <a href=\"https:\/\/sites.ifi.unicamp.br\/doretto\/files\/2021\/09\/notas-aula-fi193-c6.pdf\">Resposta linear<\/a>&nbsp;&nbsp;<\/span><\/li>\n<li><span class=\"Apple-style-span\" style=\"font-family: Verdana;font-size: small\">Cap. 07: <a href=\"https:\/\/sites.ifi.unicamp.br\/doretto\/files\/2022\/04\/notas-aula-fi193-c7.pdf\">Teoria de perturba\u00e7\u00e3o &#8211; T finita<\/a>&nbsp;&nbsp;<\/span><\/li>\n<li><span class=\"Apple-style-span\" style=\"font-family: Verdana;font-size: small\">Cap. 08: <a href=\"https:\/\/sites.ifi.unicamp.br\/doretto\/files\/2022\/06\/notas-aula-fi193-c8.pdf\">Supercondutividade<\/a>&nbsp; &nbsp;<\/span><\/li>\n<li><span class=\"Apple-style-span\" style=\"font-family: Verdana;font-size: small\">Cap. 09: <a href=\"https:\/\/sites.ifi.unicamp.br\/doretto\/files\/2022\/06\/notas-aula-fi193-c9.pdf\">Sistemas fortemente correlacionados<\/a>&nbsp; &nbsp;<\/span><\/li>\n<\/ul>\n<p><a href=\"https:\/\/sites.ifi.unicamp.br\/doretto\/fi-193\/cronograma-fi193\/\"><span class=\"Apple-style-span\" style=\"font-family: Verdana;font-size: small\">Cronograma das aulas<\/span><\/a><\/p>\n<p>&nbsp;<\/p>\n<p><span class=\"Apple-style-span\" style=\"color: #333333;font-family: 'Pontano Sans', arial, sans-serif;font-size: 20px;line-height: normal\"><span style=\"color: #000000\"><span style=\"font-family: Verdana;font-size: medium\">Bibliografia<\/span><\/span><\/span><\/p>\n<ol>\n<li><span class=\"Apple-style-span\" style=\"font-family: Verdana;font-size: small\">A. L. Fetter and J. K. Walecka, <em>Quantum theory of many-particle systems<\/em>, Dover Publications, 2003.&nbsp;<\/span><\/li>\n<li><span class=\"Apple-style-span\" style=\"font-family: Verdana;font-size: small\">A. A. Abrikosov, L. P. Gor&#8217;kov, and I. E. Dzyaloshinskii, <em>Quantum Field Theoretical Methods in Statistical Physics<\/em>, Dover Publications, 1975.<\/span><\/li>\n<li><span class=\"Apple-style-span\" style=\"font-family: Verdana;font-size: small\">L. D. Landau and E. M. Lifshitz, <em>Statistical Physics &#8211; part<\/em>, Pergamon Press, 1980.<\/span><\/li>\n<li><span class=\"Apple-style-span\" style=\"font-family: Verdana;font-size: small\">J. W. Negele and H. Orland, <em>Quantum many-particle systems<\/em>, Westview Press, 1988.<\/span><\/li>\n<li><span class=\"Apple-style-span\" style=\"font-family: Verdana;font-size: small\">G. D. Mahan, <em>Many-Particle Physics<\/em>, 3rd ed., Kluwer Academic\/Plenum Publishers, 2000.<\/span><\/li>\n<li><span class=\"Apple-style-span\" style=\"font-family: Verdana;font-size: small\">H. Bruus and K. Flensberg, <em>Many-body quantum theory in condensed matter physics: an introductiony<\/em>, Oxford University Press, 2007.&nbsp;<\/span><\/li>\n<li><span class=\"Apple-style-span\" style=\"font-family: Verdana;font-size: small\">A. Altland and B. Simons, <em>Condensed matter field theory<\/em>, 2nd ed., Cambridge University Press, 2010.<\/span><span class=\"Apple-style-span\" style=\"font-family: Verdana;font-size: small\">&nbsp;<\/span><\/li>\n<li><span class=\"Apple-style-span\" style=\"font-family: Verdana;font-size: small\">E. Fradkin, <em>Field theories of condensed matter systems<\/em>, 2nd ed., Cambridge University Press, 2013.<\/span><\/li>\n<li><span class=\"Apple-style-span\" style=\"font-family: Verdana;font-size: small\">P. Coleman, <em>Introduction to many-body physics<\/em>, Cambridge University Press, 2015.<\/span><\/li>\n<li><span class=\"Apple-style-span\" style=\"font-family: Verdana;font-size: small\">Bibliografia complementar comentada: <a href=\"https:\/\/sites.ifi.unicamp.br\/emiranda\/fi193-teoria-quantica-de-sistemas-de-muitos-corpos-2o-semestre-de-2019\/\">veja p\u00e1gina do Prof. Eduardo Miranda.<\/a><\/span><span class=\"Apple-style-span\" style=\"font-family: Verdana;font-size: small\">&nbsp;<\/span><span class=\"Apple-style-span\" style=\"font-family: Verdana;font-size: small\">&nbsp;<\/span><\/li>\n<li><span class=\"Apple-style-span\" style=\"font-family: Verdana;font-size: small\">Artigos originais: <a href=\"https:\/\/sites.ifi.unicamp.br\/emiranda\/estrutura-de-aulas-de-fi193-2o-sem-de-2019\/\">veja p\u00e1gina do Prof. Eduardo Miranda.<\/a><\/span><\/li>\n<\/ol>\n<p>&nbsp;<\/p>\n<p><span class=\"Apple-style-span\" style=\"color: #333333;font-family: 'Pontano Sans', arial, sans-serif;font-size: 20px;line-height: normal\"><span style=\"color: #000000\"><span style=\"font-family: Verdana;font-size: medium\">Problemas sugeridos:<\/span><\/span><\/span><\/p>\n<ul>\n<li><span style=\"font-family: Verdana;font-size: small\"><a href=\"https:\/\/sites.ifi.unicamp.br\/doretto\/files\/2022\/03\/lista01-fi193.pdf\">Lista 1<\/a><\/span><\/li>\n<li><span style=\"font-family: Verdana;font-size: small\"><a href=\"https:\/\/sites.ifi.unicamp.br\/doretto\/files\/2022\/04\/lista02-fi193.pdf\">Lista 2<\/a><\/span><\/li>\n<li><span style=\"font-family: Verdana;font-size: small\"><a href=\"https:\/\/sites.ifi.unicamp.br\/doretto\/files\/2022\/05\/lista03-fi193.pdf\">Lista 3<\/a><\/span><\/li>\n<li><span style=\"font-family: Verdana;font-size: small\"><a href=\"https:\/\/sites.ifi.unicamp.br\/doretto\/files\/2022\/06\/lista04-fi193.pdf\">Lista 4<\/a>&nbsp;<\/span><span style=\"font-family: Verdana;font-size: small\">&nbsp;<\/span><\/li>\n<\/ul>\n<p><span class=\"Apple-style-span\" style=\"font-family: Verdana;font-size: small\">&nbsp;Sobre o manual de solu\u00e7\u00f5es e problemas sugeridos: <a href=\"https:\/\/sites.ifi.unicamp.br\/doretto\/advice-morin\/\">Veja as sugest\u00f5es de D. Morin e N. Zettili.<\/a><\/span><\/p>\n<p><span class=\"Apple-style-span\" style=\"color: #333333;font-family: 'Pontano Sans', arial, sans-serif;font-size: 20px;line-height: normal\"><span style=\"color: #000000\"><span style=\"font-family: Verdana;font-size: medium\">Avalia\u00e7\u00f5es:<\/span><\/span><\/span><\/p>\n<table style=\"width: 422px;height: 72px\">\n<tbody>\n<tr>\n<td><span style=\"font-family: Verdana;font-size: small\">Provas<\/span><\/td>\n<td><span style=\"font-family: Verdana;font-size: small\">Data<\/span><\/td>\n<td>&nbsp;<\/td>\n<\/tr>\n<tr>\n<td><span style=\"font-family: Verdana;font-size: small\">L1: &nbsp;Lista 1&nbsp;<\/span><\/td>\n<td><span style=\"font-family: Verdana;font-size: small\">25\/04&nbsp;<\/span><\/td>\n<td><span style=\"font-family: Verdana;font-size: small\">Segunda-feira<\/span><\/td>\n<\/tr>\n<tr>\n<td><span style=\"font-family: Verdana;font-size: small\">L2: Lista 2&nbsp;<\/span><\/td>\n<td><span style=\"font-family: Verdana;font-size: small\">18\/05<\/span><\/td>\n<td><span style=\"font-family: Verdana;font-size: small\">Quarta-feira&nbsp;<\/span><\/td>\n<\/tr>\n<tr>\n<td><span style=\"font-family: Verdana;font-size: small\">L3: &nbsp;Lista 3&nbsp;<\/span><\/td>\n<td><span style=\"font-family: Verdana;font-size: small\">15\/06&nbsp;<\/span><\/td>\n<td><span style=\"font-family: Verdana;font-size: small\">Quarta-feira<\/span><\/td>\n<\/tr>\n<tr>\n<td><span style=\"font-family: Verdana;font-size: small\">L4: &nbsp;Lista 4&nbsp;<\/span><\/td>\n<td><span style=\"font-family: Verdana;font-size: small\">18\/07<\/span><\/td>\n<td><span style=\"font-family: Verdana;font-size: small\">Segunda-feira&nbsp;<\/span><\/td>\n<\/tr>\n<tr>\n<td><span style=\"font-family: Verdana;font-size: small\">M: monografia<\/span><\/td>\n<td><span style=\"font-family: Verdana;font-size: small\">xx\/xx<\/span><\/td>\n<td><span style=\"font-family: Verdana;font-size: small\">Quarta-feira&nbsp;<\/span><\/td>\n<\/tr>\n<\/tbody>\n<\/table>\n<p><span class=\"Apple-style-span\" style=\"font-family: Verdana;font-size: small\"><strong>M\u00e9dia:<\/strong><\/span><br \/>\n<span class=\"Apple-style-span\" style=\"font-family: Verdana;font-size: small\">&nbsp; &nbsp; &nbsp;M = (L1 + L2 + L3 + L4 + 4M)\/8. &nbsp; &nbsp;&nbsp;<\/span><span class=\"Apple-style-span\" style=\"font-family: Verdana;font-size: small\">&nbsp; &nbsp; &nbsp;<\/span><br \/>\n<span class=\"Apple-style-span\" style=\"font-family: Verdana;font-size: small\">&nbsp; &nbsp; &nbsp;Conceitos: &nbsp;A: M &gt; 8.5&nbsp;<\/span><br \/>\n<span class=\"Apple-style-span\" style=\"font-family: Verdana;font-size: small\">&nbsp; &nbsp; &nbsp; &nbsp; &nbsp; &nbsp; &nbsp; &nbsp; &nbsp; &nbsp; &nbsp; B: 7.0 &lt; M &lt; 8.5<\/span><br \/>\n<span class=\"Apple-style-span\" style=\"font-family: Verdana;font-size: small\">&nbsp; &nbsp; &nbsp; &nbsp; &nbsp; &nbsp; &nbsp; &nbsp; &nbsp; &nbsp; &nbsp; C: 5.0 &lt; M &lt; 7.0<\/span><br \/>\n<span class=\"Apple-style-span\" style=\"font-family: Verdana;font-size: small\">&nbsp; &nbsp; &nbsp; &nbsp; &nbsp; &nbsp; &nbsp; &nbsp; &nbsp; &nbsp; &nbsp; D: M &lt; 5 &nbsp; &nbsp; &nbsp; &nbsp; &nbsp; &nbsp; &nbsp;&nbsp;<\/span><\/p>\n<p><span class=\"Apple-style-span\" style=\"font-family: Verdana;font-size: small\">&nbsp; &nbsp;Notas das provas<\/span><\/p>\n<h2><span style=\"color: #000000\"><span style=\"font-family: Verdana;font-size: medium\">Aulas: <\/span><\/span><\/h2>\n<table style=\"width: 50%\">\n<tbody>\n<tr>\n<td><span style=\"font-family: Verdana;font-size: small\">Dia<\/span><\/td>\n<td><span style=\"font-family: Verdana;font-size: small\">Hor\u00e1rio<\/span><\/td>\n<td><span style=\"font-family: Verdana;font-size: small\">Sala<\/span><\/td>\n<\/tr>\n<tr>\n<td><span style=\"font-family: Verdana;font-size: small\">Segunda-feira<\/span><\/td>\n<td><span style=\"font-family: Verdana;font-size: small\">16:00 e 17:00 h<\/span><\/td>\n<td><span style=\"font-family: Verdana;font-size: small\">IF 15&nbsp;<\/span><\/td>\n<\/tr>\n<tr>\n<td><span style=\"font-family: Verdana;font-size: small\">Quarta-feira<\/span><\/td>\n<td><span style=\"font-family: Verdana;font-size: small\">16:00 e 17:00 h<\/span><\/td>\n<td><span style=\"font-family: Verdana;font-size: small\">IF 15<\/span><\/td>\n<\/tr>\n<\/tbody>\n<\/table>\n<h2>&nbsp;<span style=\"color: #000000\"><span style=\"font-family: Verdana;font-size: medium\">Atendimento: <\/span><\/span><\/h2>\n<table style=\"width: 50%\">\n<tbody>\n<tr>\n<td><span style=\"font-family: Verdana;font-size: small\">Dia<\/span><\/td>\n<td><span style=\"font-family: Verdana;font-size: small\">Hor\u00e1rio<\/span><\/td>\n<td><span style=\"font-family: Verdana;font-size: small\">Sala<\/span><\/td>\n<\/tr>\n<tr>\n<td><span style=\"font-family: Verdana;font-size: small\">Quarta-feira<\/span><\/td>\n<td><span style=\"font-family: Verdana;font-size: small\">16:00 \u00e0s 18:00 h<\/span><\/td>\n<td><span style=\"font-family: Verdana;font-size: small\">218, DFMC<\/span><\/td>\n<\/tr>\n<\/tbody>\n<\/table>\n<p>&nbsp;<\/p>\n","protected":false},"excerpt":{"rendered":"<p>FI 193 &#8211; Teoria Qu\u00e2ntica de Sistemas de Muitos Corpos &nbsp;&#8211; &nbsp;1.S 2022 Programa e notas de aula &nbsp; Cap. 01: Segunda quantiza\u00e7\u00e3o &nbsp; Cap. 02: Segunda quantiza\u00e7\u00e3o: aplica\u00e7\u00f5es&nbsp; &nbsp;&nbsp; Cap. 03: Fun\u00e7\u00f5es de Green&nbsp;&nbsp; Cap. 04: Teoria de perturba\u00e7\u00e3o &#8211; T = 0&nbsp; &nbsp; &nbsp; &nbsp; &nbsp; &nbsp; &nbsp; &nbsp; &nbsp; &nbsp; Cap. 05: &hellip; <\/p>\n<p><a class=\"more-link btn\" href=\"https:\/\/sites.ifi.unicamp.br\/doretto\/fi-193\/\">Continue lendo<\/a><\/p>\n","protected":false},"author":76,"featured_media":0,"parent":0,"menu_order":0,"comment_status":"closed","ping_status":"closed","template":"template-onecolumn.php","meta":{"ngg_post_thumbnail":0,"footnotes":""},"class_list":["post-1583","page","type-page","status-publish","hentry","nodate","item-wrap"],"_links":{"self":[{"href":"https:\/\/sites.ifi.unicamp.br\/doretto\/wp-json\/wp\/v2\/pages\/1583","targetHints":{"allow":["GET"]}}],"collection":[{"href":"https:\/\/sites.ifi.unicamp.br\/doretto\/wp-json\/wp\/v2\/pages"}],"about":[{"href":"https:\/\/sites.ifi.unicamp.br\/doretto\/wp-json\/wp\/v2\/types\/page"}],"author":[{"embeddable":true,"href":"https:\/\/sites.ifi.unicamp.br\/doretto\/wp-json\/wp\/v2\/users\/76"}],"replies":[{"embeddable":true,"href":"https:\/\/sites.ifi.unicamp.br\/doretto\/wp-json\/wp\/v2\/comments?post=1583"}],"version-history":[{"count":24,"href":"https:\/\/sites.ifi.unicamp.br\/doretto\/wp-json\/wp\/v2\/pages\/1583\/revisions"}],"predecessor-version":[{"id":1676,"href":"https:\/\/sites.ifi.unicamp.br\/doretto\/wp-json\/wp\/v2\/pages\/1583\/revisions\/1676"}],"wp:attachment":[{"href":"https:\/\/sites.ifi.unicamp.br\/doretto\/wp-json\/wp\/v2\/media?parent=1583"}],"curies":[{"name":"wp","href":"https:\/\/api.w.org\/{rel}","templated":true}]}}