{"id":423,"date":"2014-08-01T18:28:14","date_gmt":"2014-08-01T18:28:14","guid":{"rendered":"https:\/\/sites.ifi.unicamp.br\/doretto\/?page_id=423"},"modified":"2023-07-03T12:56:24","modified_gmt":"2023-07-03T12:56:24","slug":"f-415","status":"publish","type":"page","link":"https:\/\/sites.ifi.unicamp.br\/doretto\/f-415\/","title":{"rendered":"F 415"},"content":{"rendered":"<p><span style=\"font-family: Verdana;font-size: large\">F 415 &#8211; Mec\u00e2nica geral II&nbsp; &#8211; &nbsp;1.S 2023<\/span><\/p>\n<p><span class=\"Apple-style-span\" style=\"color: #333333;font-family: 'Pontano Sans', arial, sans-serif;font-size: 20px;line-height: normal\"><span style=\"color: #000000\"><span style=\"font-family: Verdana;font-size: medium\">Programa e notas de aula:<\/span><\/span><\/span><\/p>\n<ul>\n<li><span class=\"Apple-style-span\" style=\"font-family: Verdana;font-size: small\">Cap. 1: <a href=\"https:\/\/sites.ifi.unicamp.br\/doretto\/files\/2023\/03\/notas-aula-f415-c1.pdf\">For\u00e7a central<\/a><\/span><\/li>\n<li><span class=\"Apple-style-span\" style=\"font-family: Verdana;font-size: small\">Cap. 2: <a href=\"https:\/\/sites.ifi.unicamp.br\/doretto\/files\/2023\/03\/notas-aula-f415-c2.pdf\">Sistema de part\u00edculas<\/a><\/span><\/li>\n<li><span class=\"Apple-style-span\" style=\"font-family: Verdana;font-size: small\">Cap. 3: <a href=\"https:\/\/sites.ifi.unicamp.br\/doretto\/files\/2023\/03\/notas-aula-f415-c3.pdf\">Referenciais n\u00e3o-inerciais<\/a><\/span><\/li>\n<li><span class=\"Apple-style-span\" style=\"font-family: Verdana;font-size: small\">Cap. 4: <a href=\"https:\/\/sites.ifi.unicamp.br\/doretto\/files\/2023\/04\/notas-aula-f415-c4.pdf\">Din\u00e2mica de corpos r\u00edgidos<\/a><\/span><\/li>\n<li><span class=\"Apple-style-span\" style=\"font-family: Verdana;font-size: small\">Cap. 5: <a href=\"https:\/\/sites.ifi.unicamp.br\/doretto\/files\/2023\/05\/notas-aula-f415-c5.pdf\">Oscila\u00e7\u00f5es acopladas<\/a><\/span><\/li>\n<li><span class=\"Apple-style-span\" style=\"font-family: Verdana;font-size: small\">Cap. 6: <a href=\"https:\/\/sites.ifi.unicamp.br\/doretto\/files\/2023\/05\/notas-aula-f415-c6.pdf\">Sistemas cont\u00ednuos<\/a><\/span><\/li>\n<li><span class=\"Apple-style-span\" style=\"font-family: Verdana;font-size: small\">Cap. 7: <a href=\"https:\/\/sites.ifi.unicamp.br\/doretto\/files\/2023\/06\/notas-aula-f415-c7.pdf\">Formalismo hamiltoniano<\/a><\/span><\/li>\n<\/ul>\n<p><span class=\"Apple-style-span\" style=\"font-family: Verdana;font-size: small\"><a href=\"https:\/\/sites.ifi.unicamp.br\/doretto\/fi001-mecanica-quantica-i\/f-415\/schedule-fi001\/\">Cronograma das aulas<\/a><\/span><\/p>\n<p>&nbsp;<\/p>\n<p><span class=\"Apple-style-span\" style=\"color: #333333;font-family: 'Pontano Sans', arial, sans-serif;font-size: 20px;line-height: normal\"><span style=\"color: #000000\"><span style=\"font-family: Verdana;font-size: medium\">Bibliografia<\/span><\/span><\/span><\/p>\n<ol>\n<li style=\"list-style-type: none\">\n<ol>\n<li><span class=\"Apple-style-span\" style=\"font-family: Verdana;font-size: small\">S. T. Thornton and J. B. Marion, <em>Classical dynamics of particles and systems<\/em>, 5th ed., Brooks\/Cole John, 2004.&nbsp;<\/span><\/li>\n<li><span class=\"Apple-style-span\" style=\"font-family: Verdana;font-size: small\">K. R. Symon,&nbsp;<em>Mechanics<\/em>, 3rd ed., Addison-Wesley, 1971.<\/span><\/li>\n<li><span class=\"Apple-style-span\" style=\"font-family: Verdana;font-size: small\">H. Goldstein, C. P. Poole Jr., and J. L. Safko, <em>Classical mechanics<\/em>, 3rd ed.,&nbsp;<\/span><span class=\"Apple-style-span\" style=\"font-family: Verdana;font-size: small\">Addison-Wesley, 2002.<\/span><\/li>\n<li><span class=\"Apple-style-span\"><span style=\"font-family: Verdana;font-size: small\">A. L. Fetter and J. D. Walecka, <\/span><i style=\"font-family: Verdana;font-size: small\">Theoretical mechanics of&nbsp;<\/i><span style=\"font-family: Verdana;font-size: small\"><i>particle<\/i><\/span><i style=\"font-family: Verdana;font-size: small\">&nbsp;and continua<\/i><span style=\"font-family: Verdana;font-size: small\">, Dover Publications, 2003. &nbsp;<\/span><\/span><span class=\"Apple-style-span\" style=\"font-family: Verdana;font-size: small\">&nbsp;<\/span><span class=\"Apple-style-span\" style=\"font-family: Verdana;font-size: small\">&nbsp;<\/span><\/li>\n<li><span class=\"Apple-style-span\" style=\"font-family: Verdana;font-size: small\">J. R. Taylor, <em>Classical mechanics<\/em>, University Science Books, 2005.<\/span><span class=\"Apple-style-span\" style=\"font-family: Verdana;font-size: small\">&nbsp;<\/span><\/li>\n<li><span class=\"Apple-style-span\" style=\"font-family: Verdana;font-size: small\">W. Nolting, <em>Theoretical physics 1: classical mechanics<\/em>, Springer, 2016.<\/span><span class=\"Apple-style-span\" style=\"font-family: Verdana;font-size: small\">&nbsp;<\/span><\/li>\n<li><span class=\"Apple-style-span\" style=\"font-family: Verdana;font-size: small\">W. Nolting, <em>Theoretical physics 2: analytical mechanics<\/em>, Springer, 2016.<\/span><\/li>\n<\/ol>\n<\/li>\n<\/ol>\n<p>&nbsp;<\/p>\n<p><span class=\"Apple-style-span\" style=\"color: #333333;font-family: 'Pontano Sans', arial, sans-serif;font-size: 20px;line-height: normal\"><span style=\"color: #000000\"><span style=\"font-family: Verdana;font-size: medium\">Problemas sugeridos:<\/span><\/span><\/span><\/p>\n<ul>\n<li><span style=\"font-family: Verdana;font-size: small\"><a href=\"https:\/\/sites.ifi.unicamp.br\/doretto\/files\/2023\/02\/lista01-f415.pdf\">Lista 1<\/a><\/span><\/li>\n<li><span class=\"Apple-style-span\" style=\"font-family: Verdana;font-size: small\"><a href=\"https:\/\/sites.ifi.unicamp.br\/doretto\/files\/2023\/02\/lista02-f415.pdf\">Lista 2<\/a><\/span><\/li>\n<li><span class=\"Apple-style-span\" style=\"font-family: Verdana;font-size: small\"><a href=\"https:\/\/sites.ifi.unicamp.br\/doretto\/files\/2023\/04\/lista03-f415.pdf\">Lista 3<\/a><\/span><\/li>\n<li><span class=\"Apple-style-span\" style=\"font-family: Verdana;font-size: small\"><a href=\"https:\/\/sites.ifi.unicamp.br\/doretto\/files\/2023\/04\/lista04-f415.pdf\">Lista 4<\/a><\/span><\/li>\n<li><span class=\"Apple-style-span\" style=\"font-family: Verdana;font-size: small\"><a href=\"https:\/\/sites.ifi.unicamp.br\/doretto\/files\/2023\/05\/lista05-f415.pdf\">Lista 5<\/a><\/span><\/li>\n<li><span class=\"Apple-style-span\" style=\"font-family: Verdana;font-size: small\"><a href=\"https:\/\/sites.ifi.unicamp.br\/doretto\/files\/2023\/06\/lista06-f415.pdf\">Lista 6<\/a><\/span><\/li>\n<\/ul>\n<p><span class=\"Apple-style-span\" style=\"font-family: Verdana;font-size: small\">&nbsp; &nbsp;Sobre o manual de solu\u00e7\u00f5es e problemas sugeridos: <a href=\"https:\/\/sites.ifi.unicamp.br\/doretto\/advice-morin\/\">Veja as sugest\u00f5es de D. Morin e N. Zettili.<\/a><\/span><\/p>\n<p>&nbsp;<\/p>\n<p><span class=\"Apple-style-span\" style=\"color: #333333;font-family: 'Pontano Sans', arial, sans-serif;font-size: 20px;line-height: normal\"><span style=\"color: #000000\"><span style=\"font-family: Verdana;font-size: medium\">Avalia\u00e7\u00f5es:<\/span><\/span><\/span><\/p>\n<table style=\"height: 273px;width: 55.7345971563981%;border-style: solid\">\n<tbody>\n<tr style=\"height: 39px\">\n<td style=\"width: 45.95238095238095%;height: 39px\"><span style=\"font-family: Verdana;font-size: small\">Provas<\/span><\/td>\n<td style=\"width: 21.19047619047619%;height: 39px\"><span style=\"font-family: Verdana;font-size: small\">Data<\/span><\/td>\n<td style=\"width: 32.61904761904762%;height: 39px\">&nbsp;<\/td>\n<\/tr>\n<tr style=\"height: 39px\">\n<td style=\"width: 45.95238095238095%;height: 39px\"><span style=\"font-family: Verdana;font-size: small\">P1: &nbsp;Listas 1 e 2<\/span><\/td>\n<td style=\"width: 21.19047619047619%;height: 39px\"><span style=\"font-family: Verdana;font-size: small\">18\/04&nbsp;<\/span><\/td>\n<td style=\"width: 32.61904761904762%;height: 39px\"><span style=\"font-family: Verdana;font-size: small\">Ter\u00e7a-feira<\/span><\/td>\n<\/tr>\n<tr style=\"height: 39px\">\n<td style=\"width: 45.95238095238095%;height: 39px\"><span style=\"font-family: Verdana;font-size: small\">P2: &nbsp;Listas 3 e 4<\/span><\/td>\n<td style=\"width: 21.19047619047619%;height: 39px\"><span style=\"font-family: Verdana;font-size: small\">23\/05<\/span><\/td>\n<td style=\"width: 32.61904761904762%;height: 39px\"><span style=\"font-family: Verdana;font-size: small\">Ter\u00e7a-feira&nbsp;<\/span><\/td>\n<\/tr>\n<tr style=\"height: 39px\">\n<td style=\"width: 45.95238095238095%;height: 39px\"><span style=\"font-family: Verdana;font-size: small\">P3: &nbsp;Listas 5 e 6&nbsp;<\/span><\/td>\n<td style=\"width: 21.19047619047619%;height: 39px\"><span style=\"font-family: Verdana;font-size: small\">29\/06&nbsp;<\/span><\/td>\n<td style=\"width: 32.61904761904762%;height: 39px\"><span style=\"font-family: Verdana;font-size: small\">Quinta-feira<\/span><\/td>\n<\/tr>\n<tr style=\"height: 39px\">\n<td style=\"width: 45.95238095238095%;height: 39px\">&nbsp;<\/td>\n<td style=\"width: 21.19047619047619%;height: 39px\">&nbsp;<\/td>\n<td style=\"width: 32.61904761904762%;height: 39px\"><span style=\"font-family: Verdana;font-size: small\">&nbsp;<\/span><\/td>\n<\/tr>\n<tr style=\"height: 39px\">\n<td style=\"width: 45.95238095238095%;height: 39px\"><span style=\"font-family: Verdana;font-size: small\">Exame (E)<\/span><\/td>\n<td style=\"width: 21.19047619047619%;height: 39px\"><span style=\"font-family: Verdana;font-size: small\">13\/07<\/span><\/td>\n<td style=\"width: 32.61904761904762%;height: 39px\"><span style=\"font-family: Verdana;font-size: small\">Quinta-feira&nbsp;<\/span><\/td>\n<\/tr>\n<\/tbody>\n<\/table>\n<p>&nbsp;<\/p>\n<p><span class=\"Apple-style-span\" style=\"font-family: Verdana;font-size: small\">&nbsp; &nbsp;<strong>Nota final (NF):<\/strong><\/span><\/p>\n<p><span class=\"Apple-style-span\" style=\"font-family: Verdana;font-size: small\">&nbsp; &nbsp; &nbsp;M = (3*P1 + 3*P2 + 4*P3)\/10, &nbsp; &nbsp;&nbsp;<\/span><\/p>\n<p><span class=\"Apple-style-span\" style=\"font-family: Verdana;font-size: small\">&nbsp; &nbsp; &nbsp; &nbsp;se M \u2265 5.0 &#8211;&gt; NF = M, &nbsp;<\/span><span class=\"Apple-style-span\" style=\"font-family: Verdana;font-size: small\">&nbsp; <\/span><\/p>\n<p><span class=\"Apple-style-span\" style=\"font-family: Verdana;font-size: small\">&nbsp; &nbsp; &nbsp; &nbsp;c.c., &nbsp;se 2.5 \u2264 M &lt; 5.0 &nbsp;&#8211;&gt; &nbsp;NF = (M + E)\/2. &nbsp; &nbsp; &nbsp; &nbsp; &nbsp; &nbsp; &nbsp; &nbsp;<\/span><span class=\"Apple-style-span\" style=\"font-family: Verdana;font-size: small\">&nbsp; &nbsp; &nbsp; &nbsp; &nbsp; &nbsp;&nbsp;<\/span><\/p>\n<p><span class=\"Apple-style-span\" style=\"font-family: Verdana;font-size: small\">&nbsp; &nbsp;<a href=\"https:\/\/sites.ifi.unicamp.br\/doretto\/files\/2023\/07\/notas-f415-1S-2023.pdf\">Notas das provas<\/a><\/span><\/p>\n<h2><span style=\"color: #000000\"><span style=\"font-family: Verdana;font-size: medium\">Aulas: <\/span><\/span><\/h2>\n<table style=\"width: 50%\">\n<tbody>\n<tr>\n<td><span style=\"font-family: Verdana;font-size: small\">Dia<\/span><\/td>\n<td><span style=\"font-family: Verdana;font-size: small\">Hor\u00e1rio<\/span><\/td>\n<td><span style=\"font-family: Verdana;font-size: small\">Sala<\/span><\/td>\n<\/tr>\n<tr>\n<td><span style=\"font-family: Verdana;font-size: small\">Ter\u00e7a-feira<\/span><\/td>\n<td><span style=\"font-family: Verdana;font-size: small\">10:00 e 11:00 h<\/span><\/td>\n<td><span style=\"font-family: Verdana;font-size: small\">CB 11<\/span><\/td>\n<\/tr>\n<tr>\n<td><span style=\"font-family: Verdana;font-size: small\">Quinta-feira<\/span><\/td>\n<td><span style=\"font-family: Verdana;font-size: small\">10:00 e 11:00 h<\/span><\/td>\n<td><span style=\"font-family: Verdana;font-size: small\">CB 10<\/span><\/td>\n<\/tr>\n<\/tbody>\n<\/table>\n<h2><span style=\"color: #000000\"><span style=\"font-family: Verdana;font-size: medium\">Atendimento: <\/span><\/span><\/h2>\n<table style=\"width: 62.666666666666664%\">\n<tbody>\n<tr>\n<td style=\"width: 25.066666666666666%\">&nbsp;<\/td>\n<td style=\"width: 22.666666666666664%\"><span style=\"font-family: Verdana;font-size: small\">Dia<\/span><\/td>\n<td style=\"width: 30.933333333333334%\"><span style=\"font-family: Verdana;font-size: small\">Hor\u00e1rio<\/span><\/td>\n<td style=\"width: 46.13333333333334%\"><span style=\"font-family: Verdana;font-size: small\">Sala<\/span><\/td>\n<\/tr>\n<tr>\n<td style=\"width: 25.066666666666666%\">&nbsp;<\/td>\n<td style=\"width: 22.666666666666664%\"><span style=\"font-family: Verdana;font-size: small\">Ter\u00e7a-feira<\/span><\/td>\n<td style=\"width: 30.933333333333334%\"><span style=\"font-family: Verdana;font-size: small\">14:00 \u00e0s 16:00 h<\/span><\/td>\n<td style=\"width: 46.13333333333334%\"><span style=\"font-family: Verdana;font-size: small\">218, DFMC<\/span><\/td>\n<\/tr>\n<tr>\n<td style=\"width: 25.066666666666666%\"><span style=\"font-family: Verdana;font-size: small\">Gabriel (PAD)<\/span><\/td>\n<td style=\"width: 22.666666666666664%\"><span style=\"font-family: Verdana;font-size: small\">Quarta-feira<\/span><\/td>\n<td style=\"width: 30.933333333333334%\"><span style=\"font-family: Verdana;font-size: small\">13:00 \u00e0s 14:00 h<\/span><\/td>\n<td style=\"width: 46.13333333333334%\"><span style=\"font-family: Verdana;font-size: small\">IF 15<\/span><\/td>\n<\/tr>\n<tr>\n<td style=\"width: 25.066666666666666%\"><span style=\"font-family: Verdana;font-size: small\">Gabriel (PAD)<\/span><\/td>\n<td style=\"width: 22.666666666666664%\"><span style=\"font-family: Verdana;font-size: small\">Quarta-feira<\/span><\/td>\n<td style=\"width: 30.933333333333334%\"><span style=\"font-family: Verdana;font-size: small\">18:00 \u00e0s 19:00 h<\/span><\/td>\n<td style=\"width: 46.13333333333334%\"><span style=\"font-family: Verdana;font-size: small\">IF 11<\/span><\/td>\n<\/tr>\n<\/tbody>\n<\/table>\n<p>&nbsp;<\/p>\n","protected":false},"excerpt":{"rendered":"<p>F 415 &#8211; Mec\u00e2nica geral II&nbsp; &#8211; &nbsp;1.S 2023 Programa e notas de aula: Cap. 1: For\u00e7a central Cap. 2: Sistema de part\u00edculas Cap. 3: Referenciais n\u00e3o-inerciais Cap. 4: Din\u00e2mica de corpos r\u00edgidos Cap. 5: Oscila\u00e7\u00f5es acopladas Cap. 6: Sistemas cont\u00ednuos Cap. 7: Formalismo hamiltoniano Cronograma das aulas &nbsp; Bibliografia S. T. Thornton and J. &hellip; <\/p>\n<p><a class=\"more-link btn\" href=\"https:\/\/sites.ifi.unicamp.br\/doretto\/f-415\/\">Continue lendo<\/a><\/p>\n","protected":false},"author":76,"featured_media":0,"parent":0,"menu_order":0,"comment_status":"closed","ping_status":"closed","template":"template-onecolumn.php","meta":{"ngg_post_thumbnail":0,"footnotes":""},"class_list":["post-423","page","type-page","status-publish","hentry","nodate","item-wrap"],"_links":{"self":[{"href":"https:\/\/sites.ifi.unicamp.br\/doretto\/wp-json\/wp\/v2\/pages\/423","targetHints":{"allow":["GET"]}}],"collection":[{"href":"https:\/\/sites.ifi.unicamp.br\/doretto\/wp-json\/wp\/v2\/pages"}],"about":[{"href":"https:\/\/sites.ifi.unicamp.br\/doretto\/wp-json\/wp\/v2\/types\/page"}],"author":[{"embeddable":true,"href":"https:\/\/sites.ifi.unicamp.br\/doretto\/wp-json\/wp\/v2\/users\/76"}],"replies":[{"embeddable":true,"href":"https:\/\/sites.ifi.unicamp.br\/doretto\/wp-json\/wp\/v2\/comments?post=423"}],"version-history":[{"count":58,"href":"https:\/\/sites.ifi.unicamp.br\/doretto\/wp-json\/wp\/v2\/pages\/423\/revisions"}],"predecessor-version":[{"id":1783,"href":"https:\/\/sites.ifi.unicamp.br\/doretto\/wp-json\/wp\/v2\/pages\/423\/revisions\/1783"}],"wp:attachment":[{"href":"https:\/\/sites.ifi.unicamp.br\/doretto\/wp-json\/wp\/v2\/media?parent=423"}],"curies":[{"name":"wp","href":"https:\/\/api.w.org\/{rel}","templated":true}]}}