{"id":637,"date":"2015-05-25T21:02:13","date_gmt":"2015-05-25T21:02:13","guid":{"rendered":"https:\/\/sites.ifi.unicamp.br\/doretto\/?page_id=637"},"modified":"2016-08-17T21:02:38","modified_gmt":"2016-08-17T21:02:38","slug":"f-502","status":"publish","type":"page","link":"https:\/\/sites.ifi.unicamp.br\/doretto\/f-502\/","title":{"rendered":"F 502"},"content":{"rendered":"<p><span style=\"font-family: Verdana;font-size: large\">F 502 &#8211; Eletromagnetismo I\u00a0 &#8211; \u00a01.S 2016<\/span><\/p>\n<p>&nbsp;<\/p>\n<p><span class=\"Apple-style-span\" style=\"color: #333333;font-family: 'Pontano Sans', arial, sans-serif;font-size: 20px;line-height: normal\"><span style=\"color: #000000\"><span style=\"font-family: Verdana;font-size: medium\">Ementa e notas de aula:<\/span><\/span><\/span><\/p>\n<ol>\n<li><span class=\"Apple-style-span\" style=\"font-family: Verdana;font-size: small\"><a href=\"https:\/\/sites.ifi.unicamp.br\/doretto\/files\/2015\/05\/notas-aula-f502-c1.pdf\">Revis\u00e3o c\u00e1lculo vetorial<\/a><\/span><\/li>\n<li><span class=\"Apple-style-span\" style=\"font-family: Verdana;font-size: small\"><a href=\"https:\/\/sites.ifi.unicamp.br\/doretto\/files\/2015\/05\/notas-aula-f502-c2.pdf\">Eletrost\u00e1tica<\/a><\/span><\/li>\n<li><span class=\"Apple-style-span\" style=\"font-family: Verdana;font-size: small\"><a href=\"https:\/\/sites.ifi.unicamp.br\/doretto\/files\/2015\/05\/notas-aula-f502-c3.pdf\">Eqs. de Poisson e Laplace<\/a><\/span><\/li>\n<li><span class=\"Apple-style-span\" style=\"font-family: Verdana;font-size: small\"><a href=\"https:\/\/sites.ifi.unicamp.br\/doretto\/files\/2015\/09\/notas-aula-f502-c4.pdf\">Campos el\u00e9tricos na mat\u00e9ria<\/a><\/span><\/li>\n<li><span class=\"Apple-style-span\" style=\"font-family: Verdana;font-size: small\"><a href=\"https:\/\/sites.ifi.unicamp.br\/doretto\/files\/2015\/10\/notas-aula-f502-c5.pdf\">Magnetost\u00e1tica<\/a>\u00a0 \u00a0 \u00a0 \u00a0 \u00a0 \u00a0 \u00a0 \u00a0 extra: <a href=\"https:\/\/sites.ifi.unicamp.br\/doretto\/files\/2015\/05\/charged-part.pdf\">part\u00edcula carregada sob B<\/a><\/span><\/li>\n<li><span class=\"Apple-style-span\" style=\"font-family: Verdana;font-size: small\"><a href=\"https:\/\/sites.ifi.unicamp.br\/doretto\/files\/2015\/10\/notas-aula-f502-c6.pdf\">Campos magn\u00e9ticos na mat\u00e9ria<\/a><\/span><\/li>\n<li><span class=\"Apple-style-span\" style=\"font-family: Verdana;font-size: small\"><a href=\"https:\/\/sites.ifi.unicamp.br\/doretto\/files\/2015\/05\/notas-aula-f502-c7.pdf\">Eletrodin\u00e2mica<\/a><\/span><\/li>\n<\/ol>\n<p>&nbsp;<\/p>\n<p><span class=\"Apple-style-span\" style=\"font-family: Verdana;font-size: small\">\u00a0<a href=\"https:\/\/sites.ifi.unicamp.br\/doretto\/f-502\/cronograma-f-502\/\">Cronograma das aulas<\/a><\/span><\/p>\n<p>&nbsp;<\/p>\n<p><span class=\"Apple-style-span\" style=\"color: #333333;font-family: 'Pontano Sans', arial, sans-serif;font-size: 20px;line-height: normal\"><span style=\"color: #000000\"><span style=\"font-family: Verdana;font-size: medium\">Bibliografia:<\/span><\/span><\/span><\/p>\n<ol>\n<li><span class=\"Apple-style-span\" style=\"font-family: Verdana;font-size: small\">D. J. Griffiths, <em>Introduction to electrodynamics<\/em>, 3rd ed., Prentice-Hall, 1999 <strong>(livro texto)<\/strong>.\u00a0<\/span><\/li>\n<li><span class=\"Apple-style-span\" style=\"font-family: Verdana;font-size: small\">J. R. Reitz, F. J. Milford, and R. W. Christy, <em>Foundations of electromagnetic theory<\/em>, 4th ed.,\u00a0<\/span><span class=\"Apple-style-span\" style=\"font-family: Verdana;font-size: small\">Addison-Wesley, 1993.<\/span><\/li>\n<li><span class=\"Apple-style-span\" style=\"font-family: Verdana;font-size: small\">W. K. H. Panofsky and M. Phillips, Classical electricity and magnetism, 2nd ed., Dover Publications, 2005. \u00a0<\/span><span class=\"Apple-style-span\" style=\"font-family: Verdana;font-size: small\">\u00a0<\/span><\/li>\n<li><span class=\"Apple-style-span\" style=\"font-family: Verdana;font-size: small\">E. M. Purcell and D. J. Morin, <em>Electricity and magnetism<\/em>, 3rd ed., Cambridge University Press, 2013 <\/span><span class=\"Apple-style-span\" style=\"font-family: Verdana;font-size: small\"><strong>(curso de Berkeley)<\/strong>.<\/span><\/li>\n<li><span class=\"Apple-style-span\" style=\"font-family: Verdana;font-size: small\">A. Zangwill, <em>Modern electrodynamics<\/em>, Cambridge University Press, 2013\u00a0<strong>(avan\u00e7ado)<\/strong>.<\/span><\/li>\n<li><span class=\"Apple-style-span\" style=\"font-family: Verdana;font-size: small\">J. D. Jackson, <em>Classical electrodynamics<\/em>, 3rd ed., \u00a0John Wiley, 1999 <strong>(avan\u00e7ado)<\/strong>.\u00a0<\/span><\/li>\n<\/ol>\n<p>&nbsp;<\/p>\n<p><span class=\"Apple-style-span\" style=\"color: #333333;font-family: 'Pontano Sans', arial, sans-serif;font-size: 20px;line-height: normal\"><span style=\"color: #000000\"><span style=\"font-family: Verdana;font-size: medium\">Problemas sugeridos (livro texto):<\/span><\/span><\/span><\/p>\n<ul>\n<li><span style=\"font-family: Verdana;font-size: small\">Cap. 1: 8, 10, 13, 14, 17, 21, 26, 27, 29, 32, 33, 39, 42, 45, 46, 48, 53, 54, 56, 62\u00a0<\/span><\/li>\n<li><span class=\"Apple-style-span\" style=\"font-family: Verdana;font-size: small\">Cap. 2: 3, 08, 09, 14, 16, 17, 19, 20, 23, 24, 26, 27, 29, 30, 32, 36, 38, 39, 40, 41, 42, 43, 46, 47, 49<\/span><\/li>\n<li><span class=\"Apple-style-span\" style=\"font-family: Verdana;font-size: small\">Cap. 3:\u00a07, 08, 09, 11, 12, 14, 15, 18, 20, 22, 26, 27, 28, 32, 34, 37, 38, 40, 45<\/span><\/li>\n<li><span class=\"Apple-style-span\" style=\"font-family: Verdana;font-size: small\">Cap. 4:\u00a02, 04, 06, 08, 10, 11, 13, 15, 18, 20, 21, 24, 25, 26, 28, 31, 32, 34<\/span><\/li>\n<li><span class=\"Apple-style-span\" style=\"font-family: Verdana;font-size: small\">Cap. 5:\u00a06, 07, 08, 10, 11, 13, 15, 22, 24, 25, 26, 29, 34, 36, 37, 42, 43, 44, 46, 47, 48, 49, 57, 58, 59, 61<\/span><\/li>\n<li><span class=\"Apple-style-span\" style=\"font-family: Verdana;font-size: small\">Cap. 6: 1, 05, 07, 08, 12, 13, 15, 16, 17, 18, 21, 22, 23, 26, 27<\/span><\/li>\n<li><span class=\"Apple-style-span\" style=\"font-family: Verdana;font-size: small\">Cap. 7:\u00a01, 03, 04, 07, 08, 10, 12, 13, 15, 18, 19, 20, 21, 22, 26, 28, 32, 33, 34, 38, 39, 42, 43, 45, 47, 52, 55<\/span><\/li>\n<li><span class=\"Apple-style-span\" style=\"font-family: Verdana;font-size: small\"><a href=\"https:\/\/sites.ifi.unicamp.br\/doretto\/files\/2015\/05\/prob-extras-f502.pdf\" rel=\"\">Problemas adicionais<\/a><\/span><\/li>\n<\/ul>\n<p>&nbsp;<\/p>\n<p><span class=\"Apple-style-span\" style=\"font-family: Verdana;font-size: small\">\u00a0 \u00a0Sobre o manual de solu\u00e7\u00f5es do livro texto: utilizar com cuidado. <a href=\"https:\/\/sites.ifi.unicamp.br\/doretto\/advice-morin\/\">Veja a sugest\u00e3o de David Morin.<\/a><\/span><\/p>\n<p>&nbsp;<\/p>\n<p><span class=\"Apple-style-span\" style=\"color: #333333;font-family: 'Pontano Sans', arial, sans-serif;font-size: 20px;line-height: normal\"><span style=\"color: #000000\"><span style=\"font-family: Verdana;font-size: medium\">Avalia\u00e7\u00f5es:<\/span><\/span><\/span><\/p>\n<p>&nbsp;<\/p>\n<table style=\"width: 422px;height: 72px\">\n<tbody>\n<tr>\n<td><span style=\"font-family: Verdana;font-size: small\">Provas<\/span><\/td>\n<td><span style=\"font-family: Verdana;font-size: small\">Data<\/span><\/td>\n<td><\/td>\n<\/tr>\n<tr>\n<td><span style=\"font-family: Verdana;font-size: small\">T1: \u00a0Caps. 2<\/span><\/td>\n<td><span style=\"font-family: Verdana;font-size: small\">04\/04\u00a0<\/span><\/td>\n<td><span style=\"font-family: Verdana;font-size: small\">Segunda-feira<\/span><\/td>\n<\/tr>\n<tr>\n<td><span style=\"font-family: Verdana;font-size: small\">P1: \u00a0Caps. 2-4<\/span><\/td>\n<td><span style=\"font-family: Verdana;font-size: small\">09\/05<\/span><\/td>\n<td><span style=\"font-family: Verdana;font-size: small\">Segunda-feira\u00a0<\/span><\/td>\n<\/tr>\n<tr>\n<td><span style=\"font-family: Verdana;font-size: small\">T2: \u00a0Caps. 5\u00a0<\/span><\/td>\n<td><span style=\"font-family: Verdana;font-size: small\">06\/06\u00a0<\/span><\/td>\n<td><span style=\"font-family: Verdana;font-size: small\">Segunda-feira<\/span><\/td>\n<\/tr>\n<tr>\n<td><span style=\"font-family: Verdana;font-size: small\">P2: \u00a0Caps. 5-7\u00a0<\/span><\/td>\n<td><span style=\"font-family: Verdana;font-size: small\">27\/06\u00a0<\/span><\/td>\n<td><span style=\"font-family: Verdana;font-size: small\">Segunda-feira<\/span><\/td>\n<\/tr>\n<tr>\n<td><\/td>\n<td><\/td>\n<td><span style=\"font-family: Verdana;font-size: small\">\u00a0<\/span><\/td>\n<\/tr>\n<tr>\n<td><span style=\"font-family: Verdana;font-size: small\">Exame (E)<\/span><\/td>\n<td><span style=\"font-family: Verdana;font-size: small\">11\/07<\/span><\/td>\n<td><span style=\"font-family: Verdana;font-size: small\">Segunda-feira\u00a0<\/span><\/td>\n<\/tr>\n<\/tbody>\n<\/table>\n<p>&nbsp;<\/p>\n<p><span class=\"Apple-style-span\" style=\"font-family: Verdana;font-size: small\">\u00a0 \u00a0<strong>Nota final (NF):<\/strong><\/span><\/p>\n<p><span class=\"Apple-style-span\" style=\"font-family: Verdana;font-size: small\">\u00a0 \u00a0 \u00a0M = (T1 + T2 + 3P1 + 3P2)\/8, \u00a0 \u00a0\u00a0<\/span><\/p>\n<p><span class=\"Apple-style-span\" style=\"font-family: Verdana;font-size: small\">\u00a0 \u00a0 \u00a0Se M \u2265 7.0 &#8211;&gt; NF = M,<\/span><\/p>\n<p><span class=\"Apple-style-span\" style=\"font-family: Verdana;font-size: small\">\u00a0 \u00a0 \u00a0 \u00a0 \u00a0 \u00a0 \u00a0 \u00a0 \u00a0 \u00a0 \u00a0 c.c. NF = (M + E)\/2 \u00a0 \u00a0 \u00a0 \u00a0 \u00a0 \u00a0 \u00a0 \u00a0\u00a0<\/span><\/p>\n<p><span class=\"Apple-style-span\" style=\"font-family: Verdana;font-size: small\">\u00a0 \u00a0<a href=\"https:\/\/sites.ifi.unicamp.br\/doretto\/files\/2015\/05\/notas-f502-1s2016.pdf\">Notas das provas e testes<\/a><\/span><\/p>\n<p>&nbsp;<\/p>\n<h2><span style=\"color: #000000\"><span style=\"font-family: Verdana;font-size: medium\">Aulas: <\/span><\/span><\/h2>\n<table style=\"width: 50%\">\n<tbody>\n<tr>\n<td><span style=\"font-family: Verdana;font-size: small\">Dia<\/span><\/td>\n<td><span style=\"font-family: Verdana;font-size: small\">Hor\u00e1rio<\/span><\/td>\n<td><span style=\"font-family: Verdana;font-size: small\">Sala<\/span><\/td>\n<\/tr>\n<tr>\n<td><span style=\"font-family: Verdana;font-size: small\">Segunda-feira<\/span><\/td>\n<td><span style=\"font-family: Verdana;font-size: small\">16:00 e 17:00 h<\/span><\/td>\n<td><span style=\"font-family: Verdana;font-size: small\">CB 07<\/span><\/td>\n<\/tr>\n<tr>\n<td><span style=\"font-family: Verdana;font-size: small\">Quarta-feira<\/span><\/td>\n<td><span style=\"font-family: Verdana;font-size: small\">16:00 e 17:00 h<\/span><\/td>\n<td><span style=\"font-family: Verdana;font-size: small\">CB 08<\/span><\/td>\n<\/tr>\n<\/tbody>\n<\/table>\n<h2><span style=\"color: #000000\"><span style=\"font-family: Verdana;font-size: medium\">Atendimento: <\/span><\/span><\/h2>\n<table style=\"width: 50%\">\n<tbody>\n<tr>\n<td><\/td>\n<td><span style=\"font-family: Verdana;font-size: small\">Dia<\/span><\/td>\n<td><span style=\"font-family: Verdana;font-size: small\">Hor\u00e1rio<\/span><\/td>\n<td><span style=\"font-family: Verdana;font-size: small\">Sala<\/span><\/td>\n<\/tr>\n<tr>\n<td><\/td>\n<td><span style=\"font-family: Verdana;font-size: small\">Ter\u00e7a-feira<\/span><\/td>\n<td><span style=\"font-family: Verdana;font-size: small\">14:00 \u00e0s 15:30 h<\/span><\/td>\n<td><span style=\"font-family: Verdana;font-size: small\">218, DFMC<\/span><\/td>\n<\/tr>\n<tr>\n<td><span style=\"font-family: Verdana;font-size: small\">Edivar (PAD)<\/span><\/td>\n<td><span style=\"font-family: Verdana;font-size: small\">Quinta-feira<\/span><\/td>\n<td><span style=\"font-family: Verdana;font-size: small\">13:00 \u00e0s 15:00 h<\/span><\/td>\n<td><span style=\"font-family: Verdana;font-size: small\">PB 07<\/span><\/td>\n<\/tr>\n<\/tbody>\n<\/table>\n<p>&nbsp;<\/p>\n","protected":false},"excerpt":{"rendered":"<p>F 502 &#8211; Eletromagnetismo I\u00a0 &#8211; \u00a01.S 2016 &nbsp; Ementa e notas de aula: Revis\u00e3o c\u00e1lculo vetorial Eletrost\u00e1tica Eqs. de Poisson e Laplace Campos el\u00e9tricos na mat\u00e9ria Magnetost\u00e1tica\u00a0 \u00a0 \u00a0 \u00a0 \u00a0 \u00a0 \u00a0 \u00a0 extra: part\u00edcula carregada sob B Campos magn\u00e9ticos na mat\u00e9ria Eletrodin\u00e2mica &nbsp; \u00a0Cronograma das aulas &nbsp; Bibliografia: D. J. Griffiths, Introduction &hellip; <\/p>\n<p><a class=\"more-link btn\" href=\"https:\/\/sites.ifi.unicamp.br\/doretto\/f-502\/\">Continue lendo<\/a><\/p>\n","protected":false},"author":76,"featured_media":0,"parent":0,"menu_order":0,"comment_status":"closed","ping_status":"closed","template":"template-onecolumn.php","meta":{"ngg_post_thumbnail":0,"footnotes":""},"class_list":["post-637","page","type-page","status-publish","hentry","nodate","item-wrap"],"_links":{"self":[{"href":"https:\/\/sites.ifi.unicamp.br\/doretto\/wp-json\/wp\/v2\/pages\/637","targetHints":{"allow":["GET"]}}],"collection":[{"href":"https:\/\/sites.ifi.unicamp.br\/doretto\/wp-json\/wp\/v2\/pages"}],"about":[{"href":"https:\/\/sites.ifi.unicamp.br\/doretto\/wp-json\/wp\/v2\/types\/page"}],"author":[{"embeddable":true,"href":"https:\/\/sites.ifi.unicamp.br\/doretto\/wp-json\/wp\/v2\/users\/76"}],"replies":[{"embeddable":true,"href":"https:\/\/sites.ifi.unicamp.br\/doretto\/wp-json\/wp\/v2\/comments?post=637"}],"version-history":[{"count":66,"href":"https:\/\/sites.ifi.unicamp.br\/doretto\/wp-json\/wp\/v2\/pages\/637\/revisions"}],"predecessor-version":[{"id":934,"href":"https:\/\/sites.ifi.unicamp.br\/doretto\/wp-json\/wp\/v2\/pages\/637\/revisions\/934"}],"wp:attachment":[{"href":"https:\/\/sites.ifi.unicamp.br\/doretto\/wp-json\/wp\/v2\/media?parent=637"}],"curies":[{"name":"wp","href":"https:\/\/api.w.org\/{rel}","templated":true}]}}