{"id":885,"date":"2016-07-04T13:20:53","date_gmt":"2016-07-04T13:20:53","guid":{"rendered":"https:\/\/sites.ifi.unicamp.br\/doretto\/?page_id=885"},"modified":"2017-01-16T12:30:56","modified_gmt":"2017-01-16T12:30:56","slug":"f-315","status":"publish","type":"page","link":"https:\/\/sites.ifi.unicamp.br\/doretto\/f-315\/","title":{"rendered":"F 315"},"content":{"rendered":"<p><span style=\"font-family: Verdana;font-size: large\">F 315 &#8211; Mec\u00e2nica Geral I&nbsp; &#8211; &nbsp;2.S 2016<\/span><\/p>\n<p>&nbsp;<\/p>\n<p><span class=\"Apple-style-span\" style=\"color: #333333;font-family: 'Pontano Sans', arial, sans-serif;font-size: 20px;line-height: normal\"><span style=\"color: #000000\"><span style=\"font-family: Verdana;font-size: medium\">Ementa e notas de aula:<\/span><\/span><\/span><\/p>\n<ol>\n<li><span class=\"Apple-style-span\" style=\"font-family: Verdana;font-size: small\"><a href=\"https:\/\/sites.ifi.unicamp.br\/doretto\/files\/2016\/07\/notas-aula-f315-c1.pdf\">Revis\u00e3o c\u00e1lculo vetorial<\/a><\/span><\/li>\n<li><span class=\"Apple-style-span\" style=\"font-family: Verdana;font-size: small\"><a href=\"https:\/\/sites.ifi.unicamp.br\/doretto\/files\/2016\/07\/notas-aula-f315-c2.pdf\">Mec\u00e2nica Newtoniana<\/a><\/span><\/li>\n<li><span style=\"font-family: Verdana;font-size: small\"><a href=\"https:\/\/sites.ifi.unicamp.br\/doretto\/files\/2016\/07\/notas-aula-f315-c3.pdf\">Oscila\u00e7\u00f5es<\/a><\/span><\/li>\n<li><span style=\"font-family: Verdana;font-size: small\">Oscila\u00e7\u00f5es n\u00e3o-lineares<\/span><\/li>\n<li><span class=\"Apple-style-span\" style=\"font-family: Verdana;font-size: small\"><a href=\"https:\/\/sites.ifi.unicamp.br\/doretto\/files\/2016\/07\/notas-aula-f315-c5.pdf\">Gravita\u00e7\u00e3o<\/a><\/span><\/li>\n<li><span class=\"Apple-style-span\" style=\"font-family: Verdana;font-size: small\"><a href=\"https:\/\/sites.ifi.unicamp.br\/doretto\/files\/2016\/07\/notas-aula-f315-c6.pdf\">C\u00e1lculo variacional<\/a><\/span><\/li>\n<li><span class=\"Apple-style-span\" style=\"font-family: Verdana;font-size: small\"><a href=\"https:\/\/sites.ifi.unicamp.br\/doretto\/files\/2016\/07\/notas-aula-f315-c7.pdf\">Formalismos Lagrangiano e Hamiltoniano<\/a>&nbsp;<\/span><\/li>\n<\/ol>\n<p>&nbsp;<\/p>\n<p><span class=\"Apple-style-span\" style=\"font-family: Verdana;font-size: small\">&nbsp;<a href=\"https:\/\/sites.ifi.unicamp.br\/doretto\/f-315\/cronograma-f-315\/\">Cronograma das aulas<\/a><\/span><\/p>\n<p>&nbsp;<\/p>\n<p><span class=\"Apple-style-span\" style=\"color: #333333;font-family: 'Pontano Sans', arial, sans-serif;font-size: 20px;line-height: normal\"><span style=\"color: #000000\"><span style=\"font-family: Verdana;font-size: medium\">Bibliografia:<\/span><\/span><\/span><\/p>\n<ol>\n<li><span class=\"Apple-style-span\" style=\"font-family: Verdana;font-size: small\">S. T. Thornton and J. B. Marion, <em>Classical dynamics of particles and systems<\/em>, 5th ed., Brooks\/Cole, 2004&nbsp;<strong>(livro texto)<\/strong>.&nbsp;<\/span><\/li>\n<li><span class=\"Apple-style-span\" style=\"font-family: Verdana;font-size: small\">K. R. Symon, <i>Mechanics<\/i>, 3rd ed.,&nbsp;<\/span><span class=\"Apple-style-span\" style=\"font-family: Verdana;font-size: small\">Addison-Wesley, 1971.<\/span><\/li>\n<li><span class=\"Apple-style-span\" style=\"font-family: Verdana;font-size: small\">A. L. Fetter and J. D. Walecka, <em>Theoretical mechanics of particles and continua<\/em>, Dover Publications, 2003. &nbsp;<\/span><span class=\"Apple-style-span\" style=\"font-family: Verdana;font-size: small\">&nbsp;<\/span><\/li>\n<li><span class=\"Apple-style-span\" style=\"font-family: Verdana;font-size: small\">J. R. Taylor,&nbsp;<em>Classical mechanics<\/em>, University Science Books, 2005.<\/span><\/li>\n<li><span class=\"Apple-style-span\" style=\"font-family: Verdana;font-size: small\">D. J. Morin, <em>Introduction to classical mechanics<\/em>, Cambridge University Press, 2007<\/span><span class=\"Apple-style-span\" style=\"font-family: Verdana;font-size: small\">.<\/span><\/li>\n<li><span class=\"Apple-style-span\" style=\"font-family: Verdana;font-size: small\">W. Nolting, <em>Theoretical Physics 1: classical mechanics<\/em>, Springer, 2016.<\/span><\/li>\n<li><span class=\"Apple-style-span\" style=\"font-family: Verdana;font-size: small\">W. Nolting,&nbsp;<em>Theoretical Physics 2: analytical mechanics<\/em>, Springer, 2016.<\/span><\/li>\n<li><span class=\"Apple-style-span\" style=\"font-family: Verdana;font-size: small\">H. Goldstein, C. P. Poole, and J. L. Safko, <em>Classical mechanics<\/em>, 3rd ed., Addison-Wesley, 2001&nbsp;<strong>(avan\u00e7ado)<\/strong>.&nbsp;<\/span><\/li>\n<\/ol>\n<p>&nbsp;<\/p>\n<p><span class=\"Apple-style-span\" style=\"color: #333333;font-family: 'Pontano Sans', arial, sans-serif;font-size: 20px;line-height: normal\"><span style=\"color: #000000\"><span style=\"font-family: Verdana;font-size: medium\">Problemas sugeridos (livro texto):<\/span><\/span><\/span><\/p>\n<ul>\n<li><span style=\"font-family: Verdana;font-size: small\">Cap. 1: 01, 03, 06, 10, 11, 13, 20, 22, 24, 25, 26, 27, 31, 36, 37, 38&nbsp;&nbsp;<\/span><\/li>\n<li><span class=\"Apple-style-span\" style=\"font-family: Verdana;font-size: small\">Cap. 2:&nbsp;03, 08, 09, 11, 12, 13, 15, 19, 21, 22, 23, 31, 34, 38,&nbsp;39, 40, 43, 47, 50, 51, 52, 53<\/span><\/li>\n<li><span class=\"Apple-style-span\" style=\"font-family: Verdana;font-size: small\">Cap. 3:&nbsp;04, 08, 09, 10, 11, 12, 14, 16, 18, 28, 31, 32, 34, 35,&nbsp;38, 39, 42, 43<\/span><\/li>\n<li><span class=\"Apple-style-span\" style=\"font-family: Verdana;font-size: small\">Cap. 4:&nbsp;04, 05, 07<\/span><\/li>\n<li><span class=\"Apple-style-span\" style=\"font-family: Verdana;font-size: small\">Cap. 5:&nbsp;06, 07, 08, 09, 10, 11, 12, 14, 15, 20<\/span><\/li>\n<li><span class=\"Apple-style-span\" style=\"font-family: Verdana;font-size: small\">Cap. 6:&nbsp;03, 04, 05, 06, 07, 08, 10, 12, 14, 16, 17<\/span><\/li>\n<li><span class=\"Apple-style-span\" style=\"font-family: Verdana;font-size: small\">Cap. 7: 01, 03, 05, 06, 07, 09, 11, 12, 14, 15, 17, 19, 21, 22, 24, 25, 27, 28, 29, 30, 31, 32&nbsp;<\/span><\/li>\n<li><span class=\"Apple-style-span\" style=\"font-family: Verdana;font-size: small\"><a href=\"https:\/\/sites.ifi.unicamp.br\/doretto\/files\/2016\/07\/prob-extras-f315.pdf\">Problemas adicionais<\/a><\/span><\/li>\n<\/ul>\n<p>&nbsp;<\/p>\n<p><span class=\"Apple-style-span\" style=\"font-family: Verdana;font-size: small\">&nbsp; &nbsp;Sobre o manual de solu\u00e7\u00f5es do livro texto: utilizar com cuidado. <a href=\"https:\/\/sites.ifi.unicamp.br\/doretto\/advice-morin\/\">Veja a sugest\u00e3o de David Morin.<\/a><\/span><\/p>\n<p>&nbsp;<\/p>\n<p><span class=\"Apple-style-span\" style=\"color: #333333;font-family: 'Pontano Sans', arial, sans-serif;font-size: 20px;line-height: normal\"><span style=\"color: #000000\"><span style=\"font-family: Verdana;font-size: medium\">Avalia\u00e7\u00f5es:<\/span><\/span><\/span><\/p>\n<p>&nbsp;<\/p>\n<table style=\"width: 422px;height: 72px\">\n<tbody>\n<tr>\n<td><span style=\"font-family: Verdana;font-size: small\">Provas<\/span><\/td>\n<td><span style=\"font-family: Verdana;font-size: small\">Data<\/span><\/td>\n<td>&nbsp;<\/td>\n<\/tr>\n<tr>\n<td><span style=\"font-family: Verdana;font-size: small\">T1: &nbsp;Caps. 2<\/span><\/td>\n<td><span style=\"font-family: Verdana;font-size: small\">27\/09&nbsp;<\/span><\/td>\n<td><span style=\"font-family: Verdana;font-size: small\">ter\u00e7a-feira<\/span><\/td>\n<\/tr>\n<tr>\n<td><span style=\"font-family: Verdana;font-size: small\">P1: &nbsp;Caps. 2-3<\/span><\/td>\n<td><span style=\"font-family: Verdana;font-size: small\">27\/10<\/span><\/td>\n<td><span style=\"font-family: Verdana;font-size: small\">quinta-feira&nbsp;<\/span><\/td>\n<\/tr>\n<tr>\n<td><span style=\"font-family: Verdana;font-size: small\">T2: &nbsp;Caps. 5-6&nbsp;<\/span><\/td>\n<td><span style=\"font-family: Verdana;font-size: small\">17\/11&nbsp;<\/span><\/td>\n<td><span style=\"font-family: Verdana;font-size: small\">quinta-feira<\/span><\/td>\n<\/tr>\n<tr>\n<td><span style=\"font-family: Verdana;font-size: small\">P2: &nbsp;Caps. 5-7&nbsp;<\/span><\/td>\n<td><span style=\"font-family: Verdana;font-size: small\">06\/12&nbsp;<\/span><\/td>\n<td><span style=\"font-family: Verdana;font-size: small\">ter\u00e7a-feira<\/span><\/td>\n<\/tr>\n<tr>\n<td>&nbsp;<\/td>\n<td>&nbsp;<\/td>\n<td><span style=\"font-family: Verdana;font-size: small\">&nbsp;<\/span><\/td>\n<\/tr>\n<tr>\n<td><span style=\"font-family: Verdana;font-size: small\">Exame (E)<\/span><\/td>\n<td><span style=\"font-family: Verdana;font-size: small\">15\/12<\/span><\/td>\n<td><span style=\"font-family: Verdana;font-size: small\">quinta-feira&nbsp;<\/span><\/td>\n<\/tr>\n<\/tbody>\n<\/table>\n<p>&nbsp;<\/p>\n<p><span class=\"Apple-style-span\" style=\"font-family: Verdana;font-size: small\">&nbsp; &nbsp;<strong>Nota final (NF):<\/strong><\/span><\/p>\n<p><span class=\"Apple-style-span\" style=\"font-family: Verdana;font-size: small\">&nbsp; &nbsp; &nbsp;M = (T1 + T2 + 3P1 + 3P2)\/8, &nbsp; &nbsp;&nbsp;<\/span><\/p>\n<p><span class=\"Apple-style-span\" style=\"font-family: Verdana;font-size: small\">&nbsp; &nbsp; &nbsp;Se M \u2265 7.0 &#8211;&gt; NF = M,<\/span><\/p>\n<p><span class=\"Apple-style-span\" style=\"font-family: Verdana;font-size: small\">&nbsp; &nbsp; &nbsp; &nbsp; &nbsp; &nbsp; &nbsp; &nbsp; &nbsp; &nbsp; &nbsp; c.c. NF = (M + E)\/2 &nbsp; &nbsp; &nbsp; &nbsp; &nbsp; &nbsp; &nbsp; &nbsp;&nbsp;<\/span><\/p>\n<p><span class=\"Apple-style-span\" style=\"font-family: Verdana;font-size: small\">&nbsp; &nbsp;Notas das provas e testes<\/span><\/p>\n<p>&nbsp;<\/p>\n<h2><span style=\"color: #000000\"><span style=\"font-family: Verdana;font-size: medium\">Aulas: <\/span><\/span><\/h2>\n<table style=\"width: 50%\">\n<tbody>\n<tr>\n<td><span style=\"font-family: Verdana;font-size: small\">Dia<\/span><\/td>\n<td><span style=\"font-family: Verdana;font-size: small\">Hor\u00e1rio<\/span><\/td>\n<td><span style=\"font-family: Verdana;font-size: small\">Sala<\/span><\/td>\n<\/tr>\n<tr>\n<td><span style=\"font-family: Verdana;font-size: small\">Ter\u00e7a-feira<\/span><\/td>\n<td><span style=\"font-family: Verdana;font-size: small\">21:00 e 22:00 h<\/span><\/td>\n<td><span style=\"font-family: Verdana;font-size: small\">CB 15<\/span><\/td>\n<\/tr>\n<tr>\n<td><span style=\"font-family: Verdana;font-size: small\">Quinta-feira<\/span><\/td>\n<td><span style=\"font-family: Verdana;font-size: small\">19:00 e 21:00 h<\/span><\/td>\n<td><span style=\"font-family: Verdana;font-size: small\">CB 15<\/span><\/td>\n<\/tr>\n<\/tbody>\n<\/table>\n<h2><span style=\"color: #000000\"><span style=\"font-family: Verdana;font-size: medium\">Atendimento: <\/span><\/span><\/h2>\n<table style=\"width: 50%\">\n<tbody>\n<tr>\n<td>&nbsp;<\/td>\n<td><span style=\"font-family: Verdana;font-size: small\">Dia<\/span><\/td>\n<td><span style=\"font-family: Verdana;font-size: small\">Hor\u00e1rio<\/span><\/td>\n<td><span style=\"font-family: Verdana;font-size: small\">Sala<\/span><\/td>\n<\/tr>\n<tr>\n<td>&nbsp;<\/td>\n<td>&nbsp;<\/td>\n<td>&nbsp;<\/td>\n<td><span style=\"font-family: Verdana;font-size: small\">218, DFMC<\/span><\/td>\n<\/tr>\n<tr>\n<td><span style=\"font-family: Verdana;font-size: small\">Jo\u00e3o Paulo (PAD)<\/span><\/td>\n<td><span style=\"font-family: Verdana;font-size: small\">S\u00e1bado<\/span><\/td>\n<td><span style=\"font-family: Verdana;font-size: small\">10:00 \u00e0s 12:00 h<\/span><\/td>\n<td><span style=\"font-family: Verdana;font-size: small\">IF 12<\/span><\/td>\n<\/tr>\n<\/tbody>\n<\/table>\n<p>&nbsp;<\/p>\n","protected":false},"excerpt":{"rendered":"<p>F 315 &#8211; Mec\u00e2nica Geral I&nbsp; &#8211; &nbsp;2.S 2016 &nbsp; Ementa e notas de aula: Revis\u00e3o c\u00e1lculo vetorial Mec\u00e2nica Newtoniana Oscila\u00e7\u00f5es Oscila\u00e7\u00f5es n\u00e3o-lineares Gravita\u00e7\u00e3o C\u00e1lculo variacional Formalismos Lagrangiano e Hamiltoniano&nbsp; &nbsp; &nbsp;Cronograma das aulas &nbsp; Bibliografia: S. T. Thornton and J. B. Marion, Classical dynamics of particles and systems, 5th ed., Brooks\/Cole, 2004&nbsp;(livro texto).&nbsp; K. &hellip; <\/p>\n<p><a class=\"more-link btn\" href=\"https:\/\/sites.ifi.unicamp.br\/doretto\/f-315\/\">Continue lendo<\/a><\/p>\n","protected":false},"author":76,"featured_media":0,"parent":0,"menu_order":0,"comment_status":"closed","ping_status":"closed","template":"template-onecolumn.php","meta":{"ngg_post_thumbnail":0,"footnotes":""},"class_list":["post-885","page","type-page","status-publish","hentry","nodate","item-wrap"],"_links":{"self":[{"href":"https:\/\/sites.ifi.unicamp.br\/doretto\/wp-json\/wp\/v2\/pages\/885","targetHints":{"allow":["GET"]}}],"collection":[{"href":"https:\/\/sites.ifi.unicamp.br\/doretto\/wp-json\/wp\/v2\/pages"}],"about":[{"href":"https:\/\/sites.ifi.unicamp.br\/doretto\/wp-json\/wp\/v2\/types\/page"}],"author":[{"embeddable":true,"href":"https:\/\/sites.ifi.unicamp.br\/doretto\/wp-json\/wp\/v2\/users\/76"}],"replies":[{"embeddable":true,"href":"https:\/\/sites.ifi.unicamp.br\/doretto\/wp-json\/wp\/v2\/comments?post=885"}],"version-history":[{"count":24,"href":"https:\/\/sites.ifi.unicamp.br\/doretto\/wp-json\/wp\/v2\/pages\/885\/revisions"}],"predecessor-version":[{"id":994,"href":"https:\/\/sites.ifi.unicamp.br\/doretto\/wp-json\/wp\/v2\/pages\/885\/revisions\/994"}],"wp:attachment":[{"href":"https:\/\/sites.ifi.unicamp.br\/doretto\/wp-json\/wp\/v2\/media?parent=885"}],"curies":[{"name":"wp","href":"https:\/\/api.w.org\/{rel}","templated":true}]}}