{"id":91,"date":"2013-12-09T18:18:30","date_gmt":"2013-12-09T18:18:30","guid":{"rendered":"https:\/\/sites.ifi.unicamp.br\/padrao\/?page_id=65"},"modified":"2022-07-19T21:28:40","modified_gmt":"2022-07-19T21:28:40","slug":"links","status":"publish","type":"page","link":"https:\/\/sites.ifi.unicamp.br\/doretto\/links\/","title":{"rendered":"Links"},"content":{"rendered":"<p><span style=\"font-family: Verdana;font-size: large\">Acad\u00eamicos:<\/span><\/p>\n<p>&nbsp;<\/p>\n<ul>\n<li><span style=\"font-family: Verdana;font-size: small\">Universidade Estadual de Campinas (<a href=\"http:\/\/www.unicamp.br\/\" target=\"tela1\" rel=\"noopener\">Unicamp<\/a>)<\/span><\/li>\n<\/ul>\n<p><span style=\"font-family: Verdana;font-size: small\">&nbsp; &nbsp; &nbsp; Instituto de F\u00edsica Gleb Wataghin (<a href=\"http:\/\/www.ifi.unicamp.br\/\" target=\"tela1\" rel=\"noopener\">IFGW<\/a>)<\/span><\/p>\n<p><span style=\"font-family: Verdana;font-size: small\">&nbsp; &nbsp; &nbsp; Departamento de F\u00edsica da Mat\u00e9ria Condensada (<a href=\"http:\/\/www.ifi.unicamp.br\/dfmc\" target=\"tela1\" rel=\"noopener\">DFMC<\/a>)<\/span><\/p>\n<p><span style=\"font-family: Verdana;font-size: small\">&nbsp; &nbsp; &nbsp; Associa\u00e7\u00e3o dos p\u00f3s-graduandos (<a href=\"http:\/\/www.ifi.unicamp.br\/APGF\" target=\"tela1\" rel=\"noopener\">APGF<\/a>)<\/span><\/p>\n<p>&nbsp;<\/p>\n<ul>\n<li><span style=\"font-family: Verdana;font-size: small\">Utrecht University (<a href=\"http:\/\/www.uu.nl\/\" target=\"tela1\" rel=\"noopener\">UU<\/a>)<\/span><\/li>\n<\/ul>\n<p><span style=\"font-family: Verdana;font-size: small\">&nbsp; &nbsp; &nbsp; Institute for Theoretical Physics (<a href=\"http:\/\/www1.phys.uu.nl\/wwwitf\/\" target=\"tela1\" rel=\"noopener\">ITF<\/a>)<\/span><\/p>\n<p>&nbsp;<\/p>\n<ul>\n<li><span style=\"font-family: Verdana;font-size: small\">Universitaet zu Koeln<a href=\"http:\/\/www.uni-koeln.de\/\" target=\"tela1\" rel=\"noopener\">(Uni-Koeln)<\/a><\/span><\/li>\n<\/ul>\n<p><span style=\"font-family: Verdana;font-size: small\">&nbsp; &nbsp; &nbsp; Institut fuer Theoretische Physick (<a href=\"http:\/\/www.thp.uni-koeln.de\/\" target=\"tela1\" rel=\"noopener\">thp<\/a>)<\/span><\/p>\n","protected":false},"excerpt":{"rendered":"<p>Acad\u00eamicos: &nbsp; Universidade Estadual de Campinas (Unicamp) &nbsp; &nbsp; &nbsp; Instituto de F\u00edsica Gleb Wataghin (IFGW) &nbsp; &nbsp; &nbsp; Departamento de F\u00edsica da Mat\u00e9ria Condensada (DFMC) &nbsp; &nbsp; &nbsp; Associa\u00e7\u00e3o dos p\u00f3s-graduandos (APGF) &nbsp; Utrecht University (UU) &nbsp; &nbsp; &nbsp; Institute for Theoretical Physics (ITF) &nbsp; Universitaet zu Koeln(Uni-Koeln) &nbsp; &nbsp; &nbsp; Institut fuer Theoretische &hellip; <\/p>\n<p><a class=\"more-link btn\" href=\"https:\/\/sites.ifi.unicamp.br\/doretto\/links\/\">Continue lendo<\/a><\/p>\n","protected":false},"author":76,"featured_media":0,"parent":0,"menu_order":5,"comment_status":"closed","ping_status":"closed","template":"template-onecolumn.php","meta":{"ngg_post_thumbnail":0,"footnotes":""},"class_list":["post-91","page","type-page","status-publish","hentry","nodate","item-wrap"],"_links":{"self":[{"href":"https:\/\/sites.ifi.unicamp.br\/doretto\/wp-json\/wp\/v2\/pages\/91","targetHints":{"allow":["GET"]}}],"collection":[{"href":"https:\/\/sites.ifi.unicamp.br\/doretto\/wp-json\/wp\/v2\/pages"}],"about":[{"href":"https:\/\/sites.ifi.unicamp.br\/doretto\/wp-json\/wp\/v2\/types\/page"}],"author":[{"embeddable":true,"href":"https:\/\/sites.ifi.unicamp.br\/doretto\/wp-json\/wp\/v2\/users\/76"}],"replies":[{"embeddable":true,"href":"https:\/\/sites.ifi.unicamp.br\/doretto\/wp-json\/wp\/v2\/comments?post=91"}],"version-history":[{"count":11,"href":"https:\/\/sites.ifi.unicamp.br\/doretto\/wp-json\/wp\/v2\/pages\/91\/revisions"}],"predecessor-version":[{"id":1681,"href":"https:\/\/sites.ifi.unicamp.br\/doretto\/wp-json\/wp\/v2\/pages\/91\/revisions\/1681"}],"wp:attachment":[{"href":"https:\/\/sites.ifi.unicamp.br\/doretto\/wp-json\/wp\/v2\/media?parent=91"}],"curies":[{"name":"wp","href":"https:\/\/api.w.org\/{rel}","templated":true}]}}