{"id":95,"date":"2014-01-06T16:08:16","date_gmt":"2014-01-06T16:08:16","guid":{"rendered":"https:\/\/sites.ifi.unicamp.br\/modelodocente\/?page_id=77"},"modified":"2022-07-19T21:25:41","modified_gmt":"2022-07-19T21:25:41","slug":"quem-sou","status":"publish","type":"page","link":"https:\/\/sites.ifi.unicamp.br\/doretto\/","title":{"rendered":"Home"},"content":{"rendered":"<p><span style=\"color: black;font-family: Verdana\"><span style=\"color: black;font-family: Verdana\"><span style=\"font-size: medium\"><a href=\"http:\/\/portal.ifi.unicamp.br\/dfmc\" target=\"tela1\" rel=\"noopener\"><span style=\"color: black;font-family: Verdana\">Departamento de F\u00edsica da Mat\u00e9ria Condensada (DFMC)<\/span><\/a><\/span><\/span><\/span><\/p>\n<p><a href=\"http:\/\/www.ifi.unicamp.br\/\" target=\"tela1\" rel=\"noopener\"><span style=\"color: black;font-family: Verdana\"><span style=\"font-size: medium\">Instituto de F\u00edsica Gleb Wataghin (IFGW)<\/span><\/span><\/a><\/p>\n<p><a href=\"http:\/\/www.unicamp.br\/\" target=\"tela1\" rel=\"noopener\"><span style=\"color: black;font-family: Verdana\"><span style=\"font-size: medium\">Universidade Estadual de Campinas (Unicamp)<\/span><\/span><\/a><\/p>\n<p><span style=\"color: #990000;font-family: Verdana;font-size: small\"><b>&nbsp; &nbsp; &nbsp; &nbsp; &nbsp; &nbsp; &nbsp; &nbsp; &nbsp; &nbsp; &nbsp; &nbsp; &nbsp; &nbsp; &nbsp; &nbsp; &nbsp; &nbsp; &nbsp; &nbsp; &nbsp; &nbsp; &nbsp; &nbsp; &nbsp; &nbsp; &nbsp; &nbsp; &nbsp; &nbsp; &nbsp; &nbsp; &nbsp; &nbsp; &nbsp; &nbsp; &nbsp; &nbsp; &nbsp; &nbsp; &nbsp; &nbsp; &nbsp; &nbsp; &nbsp; &nbsp; &nbsp; &nbsp; &nbsp; &nbsp; &nbsp; &nbsp; &nbsp; &nbsp; &nbsp; &nbsp; <\/b><\/span><\/p>\n<p><span style=\"font-family: Verdana;font-size: medium;color: #0000ff\">Postal address:<\/span><br \/>\n<span style=\"font-family: Verdana;font-size: small\"><br \/>\nDFMC-IFGW-Unicamp&nbsp;<\/span><\/p>\n<p><span style=\"font-family: Verdana;font-size: small\">Rua S\u00e9rgio Buarque de Holanda, 777 <\/span><\/p>\n<p><span style=\"font-family: Verdana;font-size: small\">CEP 13083-859 Campinas, SP &#8211;&nbsp;<\/span><span style=\"font-family: Verdana;font-size: small\">Brazil<\/span><\/p>\n<p><a href=\"http:\/\/portal.ifi.unicamp.br\/pessoas\/corpo-docente\/435-402\"><span style=\"font-family: Verdana;font-size: medium;color: #0000ff\"><span style=\"font-family: Verdana;font-size: medium\">Contact<\/span><\/span><\/a><\/p>\n","protected":false},"excerpt":{"rendered":"<p>Departamento de F\u00edsica da Mat\u00e9ria Condensada (DFMC) Instituto de F\u00edsica Gleb Wataghin (IFGW) Universidade Estadual de Campinas (Unicamp) &nbsp; &nbsp; &nbsp; &nbsp; &nbsp; &nbsp; &nbsp; &nbsp; &nbsp; &nbsp; &nbsp; &nbsp; &nbsp; &nbsp; &nbsp; &nbsp; &nbsp; &nbsp; &nbsp; &nbsp; &nbsp; &nbsp; &nbsp; &nbsp; &nbsp; &nbsp; &nbsp; &nbsp; &nbsp; &nbsp; &nbsp; &nbsp; &nbsp; &nbsp; &nbsp; &nbsp; &nbsp; &hellip; <\/p>\n<p><a class=\"more-link btn\" href=\"https:\/\/sites.ifi.unicamp.br\/doretto\/\">Continue lendo<\/a><\/p>\n","protected":false},"author":76,"featured_media":0,"parent":0,"menu_order":0,"comment_status":"closed","ping_status":"closed","template":"template-onecolumn.php","meta":{"ngg_post_thumbnail":0,"footnotes":""},"class_list":["post-95","page","type-page","status-publish","hentry","nodate","item-wrap"],"_links":{"self":[{"href":"https:\/\/sites.ifi.unicamp.br\/doretto\/wp-json\/wp\/v2\/pages\/95","targetHints":{"allow":["GET"]}}],"collection":[{"href":"https:\/\/sites.ifi.unicamp.br\/doretto\/wp-json\/wp\/v2\/pages"}],"about":[{"href":"https:\/\/sites.ifi.unicamp.br\/doretto\/wp-json\/wp\/v2\/types\/page"}],"author":[{"embeddable":true,"href":"https:\/\/sites.ifi.unicamp.br\/doretto\/wp-json\/wp\/v2\/users\/76"}],"replies":[{"embeddable":true,"href":"https:\/\/sites.ifi.unicamp.br\/doretto\/wp-json\/wp\/v2\/comments?post=95"}],"version-history":[{"count":20,"href":"https:\/\/sites.ifi.unicamp.br\/doretto\/wp-json\/wp\/v2\/pages\/95\/revisions"}],"predecessor-version":[{"id":1679,"href":"https:\/\/sites.ifi.unicamp.br\/doretto\/wp-json\/wp\/v2\/pages\/95\/revisions\/1679"}],"wp:attachment":[{"href":"https:\/\/sites.ifi.unicamp.br\/doretto\/wp-json\/wp\/v2\/media?parent=95"}],"curies":[{"name":"wp","href":"https:\/\/api.w.org\/{rel}","templated":true}]}}