{"id":973,"date":"2016-11-04T15:46:44","date_gmt":"2016-11-04T15:46:44","guid":{"rendered":"https:\/\/sites.ifi.unicamp.br\/doretto\/?page_id=973"},"modified":"2022-12-04T21:14:14","modified_gmt":"2022-12-04T21:14:14","slug":"fi-008","status":"publish","type":"page","link":"https:\/\/sites.ifi.unicamp.br\/doretto\/fi-008\/","title":{"rendered":"FI 008"},"content":{"rendered":"<p><span style=\"font-family: Verdana;font-size: large\">FI 008 &#8211; Eletrodin\u00e2mica I&nbsp; &#8211; &nbsp;2.S 2022<\/span><\/p>\n<p><span class=\"Apple-style-span\" style=\"color: #333333;font-family: 'Pontano Sans', arial, sans-serif;font-size: 20px;line-height: normal\"><span style=\"color: #000000\"><span style=\"font-family: Verdana;font-size: medium\">Programa e notas de aula (caps. livro texto):<\/span><\/span><\/span><\/p>\n<ul>\n<li><span class=\"Apple-style-span\" style=\"font-family: Verdana;font-size: small\"><a href=\"https:\/\/sites.ifi.unicamp.br\/doretto\/files\/2016\/11\/notas-aula-fi008-c1.pdf\">Revis\u00e3o de eletrost\u00e1tica e magnetost\u00e1tica<\/a>&nbsp;<\/span><\/li>\n<li><span class=\"Apple-style-span\" style=\"font-family: Verdana;font-size: small\">Cap. &nbsp;6: <a href=\"https:\/\/sites.ifi.unicamp.br\/doretto\/files\/2016\/11\/notas-aula-fi008-c6.pdf\">Eqs. de Maxwell, leis de conserva\u00e7\u00e3o<\/a>&nbsp;<\/span><\/li>\n<li><span class=\"Apple-style-span\" style=\"font-family: Verdana;font-size: small\">Cap. &nbsp;7: <a href=\"https:\/\/sites.ifi.unicamp.br\/doretto\/files\/2016\/11\/notas-aula-fi008-c7.pdf\">Ondas eletromagn\u00e9ticas<\/a>&nbsp;<\/span><\/li>\n<li><span class=\"Apple-style-span\" style=\"font-family: Verdana;font-size: small\">Cap. &nbsp;8: <a href=\"https:\/\/sites.ifi.unicamp.br\/doretto\/files\/2016\/11\/notas-aula-fi008-cap8.pdf\">Guias de ondas e cavidades ressonantes<\/a><\/span><\/li>\n<li><span class=\"Apple-style-span\" style=\"font-family: Verdana;font-size: small\">Cap. &nbsp;9: <a href=\"https:\/\/sites.ifi.unicamp.br\/doretto\/files\/2016\/11\/notas-aula-fi008-cap9.pdf\">Radia\u00e7\u00e3o<\/a>&nbsp; &nbsp; &nbsp; &nbsp; &nbsp; &nbsp; &nbsp; &nbsp; &nbsp;<\/span><\/li>\n<li><span class=\"Apple-style-span\" style=\"font-family: Verdana;font-size: small\">Cap. 11: <a href=\"https:\/\/sites.ifi.unicamp.br\/doretto\/files\/2016\/11\/notas-aula-fi008-c11.pdf\">Teoria da relatividade restrita<\/a>&nbsp;<\/span><\/li>\n<li><span class=\"Apple-style-span\" style=\"font-family: Verdana;font-size: small\">Cap. 12: <a href=\"https:\/\/sites.ifi.unicamp.br\/doretto\/files\/2016\/11\/notas-aula-fi008-c12.pdf\">Din\u00e2mica de part\u00edculas relativ\u00edsticas e do campo eletromagn\u00e9tico<\/a><\/span><\/li>\n<li><span class=\"Apple-style-span\" style=\"font-family: Verdana;font-size: small\">Cap. 14: <a href=\"https:\/\/sites.ifi.unicamp.br\/doretto\/files\/2016\/11\/nota-aula-fi008-c14.pdf\">Radia\u00e7\u00e3o de cargas em movimento<\/a>&nbsp;<\/span><\/li>\n<\/ul>\n<p><span class=\"Apple-style-span\" style=\"font-family: Verdana;font-size: small\"><a href=\"https:\/\/sites.ifi.unicamp.br\/doretto\/fi-008\/cronograma-fi008\/\">Cronograma das aulas<\/a><\/span><\/p>\n<p><span class=\"Apple-style-span\" style=\"color: #333333;font-family: 'Pontano Sans', arial, sans-serif;font-size: 20px;line-height: normal\"><span style=\"color: #000000\"><span style=\"font-family: Verdana;font-size: medium\">Bibliografia<\/span><\/span><\/span><\/p>\n<ol>\n<li><span class=\"Apple-style-span\" style=\"font-family: Verdana;font-size: small\">J. D. Jackson, <em>Classical electrodynamics<\/em>, 3rd ed., &nbsp;John Wiley, 1999 <strong>(livro texto)<\/strong>.&nbsp;<\/span><\/li>\n<li><span class=\"Apple-style-span\" style=\"font-family: Verdana;font-size: small\">A. Zangwill, <em>Modern electrodynamics<\/em>, Cambridge University Press, 2013.<\/span><\/li>\n<li><span class=\"Apple-style-span\" style=\"font-family: Verdana;font-size: small\">A. O. Barut, <em>Electrodynamics and classical theory of fields and particles<\/em>, Dover Publications, 1980.&nbsp;<\/span><\/li>\n<li><span class=\"Apple-style-span\" style=\"font-family: Verdana;font-size: small\">M. A. Heald and J. B. Marion, <em>Classical electromagnetic radiation<\/em>, 3rd ed., Saunders College Publishing, 1995.&nbsp;<\/span><\/li>\n<li><span class=\"Apple-style-span\"><span style=\"font-family: Verdana;font-size: small\">L. Landau and E. Lifshitz, <\/span><em><span style=\"font-family: Verdana;font-size: small\">The Classical theory of&nbsp;fields<\/span><\/em><span style=\"font-family: Verdana;font-size: small\">, 4th rev. English Oxford: Elsevier: Butterworth-Heinemann, 2007.&nbsp;<\/span><\/span><\/li>\n<li><span class=\"Apple-style-span\" style=\"font-family: Verdana;font-size: small\">D. J. Griffiths, <em>Introduction to electrodynamics<\/em>, 3rd ed., Prentice-Hall, 1999.&nbsp;<\/span><\/li>\n<li><span class=\"Apple-style-span\" style=\"font-family: Verdana;font-size: small\">J. R. Reitz, F. J. Milford, and R. W. Christy, <em>Foundations of electromagnetic theory<\/em>, 4th ed.,&nbsp;<\/span><span class=\"Apple-style-span\" style=\"font-family: Verdana;font-size: small\">Addison-Wesley, 1993.<\/span><\/li>\n<li><span class=\"Apple-style-span\" style=\"font-family: Verdana;font-size: small\">W. K. H. Panofsky and M. Phillips, Classical electricity and magnetism, 2nd ed., Dover Publications, 2005. &nbsp;<\/span><span class=\"Apple-style-span\" style=\"font-family: Verdana;font-size: small\">&nbsp;<\/span><span class=\"Apple-style-span\" style=\"font-family: Verdana;font-size: small\">&nbsp;<\/span><\/li>\n<\/ol>\n<p>&nbsp;<\/p>\n<p><span class=\"Apple-style-span\" style=\"color: #333333;font-family: 'Pontano Sans', arial, sans-serif;font-size: 20px;line-height: normal\"><span style=\"color: #000000\"><span style=\"font-family: Verdana;font-size: medium\">Problemas sugeridos (livro texto):<\/span><\/span><\/span><\/p>\n<ul>\n<li><span style=\"font-family: Verdana;font-size: small\">Lista 1:&nbsp;<\/span>\n<ul>\n<li><span style=\"font-family: Verdana;font-size: small\">Cap. 1:&nbsp;01, 03, 05, 10, 12, 14, 17.a, 18.a<\/span><\/li>\n<li><span style=\"font-family: Verdana;font-size: small\">Cap. 2:&nbsp;01, 02, 07, 13, 23.a e c<\/span><\/li>\n<li><span style=\"font-family: Verdana;font-size: small\">Cap. 3:&nbsp;02, 05, 06, 10<\/span><\/li>\n<li><span style=\"font-family: Verdana;font-size: small\">Cap. 4:&nbsp;01, 04, 05, 07<\/span><\/li>\n<li><span style=\"font-family: Verdana;font-size: small\">Cap. 5:&nbsp;03, 04, 05.c, 08, 10<\/span><\/li>\n<li><span style=\"font-family: Verdana;font-size: small\">Cap. 6:&nbsp;01, 04, 05, 10, 18, 20.a e b, 21<\/span><\/li>\n<\/ul>\n<\/li>\n<li><span style=\"font-family: Verdana;font-size: small\">Lista 2:&nbsp;<\/span>\n<ul>\n<li><span style=\"font-family: Verdana;font-size: small\">Cap. 7: 27, 28, 29, 30<\/span><\/li>\n<li><span style=\"font-family: Verdana;font-size: small\">Cap. 8: 02.a-c, 04, 05, 06, 18.a<\/span><\/li>\n<li><span style=\"font-family: Verdana;font-size: small\">Cap. 9: 01, 02, 7.a, 08, 11, 15, 16<\/span><\/li>\n<\/ul>\n<\/li>\n<li><span style=\"font-family: Verdana;font-size: small\">Lista 3:&nbsp;<\/span>\n<ul>\n<li><span style=\"font-family: Verdana;font-size: small\">Cap. 11: 05, 10, 13*, 14.a e b*, 15, 16*, 18*, 19, 27*, 28*&nbsp;<\/span><\/li>\n<li><span style=\"font-family: Verdana;font-size: small\">Cap. 12: 02*, 05.a*, 6.b*, 13, 14*, 16*, 19*<\/span><\/li>\n<li><span style=\"font-family: Verdana;font-size: small\">Cap. 14: 01, 04*, 05*, 06.a, 08*, 09.a-c*, 10*, 11*, 12*, 13, 14<\/span><\/li>\n<\/ul>\n<\/li>\n<\/ul>\n<p>&nbsp;<\/p>\n<ul>\n<li><strong><span class=\"Apple-style-span\" style=\"font-family: Verdana;font-size: small\">Problemas adicionais Ref.[2]:<\/span><\/strong>\n<ul>\n<li><span style=\"font-family: Verdana;font-size: small\">Lista 1:&nbsp;<\/span>\n<ul>\n<li><span style=\"font-family: Verdana;font-size: small\">Cap. 15:&nbsp;12, 13, 14*, 16, 17*, 18, 20, 24<\/span><\/li>\n<\/ul>\n<\/li>\n<li><span style=\"font-family: Verdana;font-size: small\">Lista 2:&nbsp;<\/span>\n<ul>\n<li><span style=\"font-family: Verdana;font-size: small\">Cap. 16:&nbsp;03, 05, 13, 17*, 21, 25<\/span><\/li>\n<li><span style=\"font-family: Verdana;font-size: small\">Cap. 19: 05*, 06, 10, 14*, 17, 23<\/span><\/li>\n<li><span style=\"font-family: Verdana;font-size: small\">Cap. 20: 14, 20, 25<\/span><\/li>\n<\/ul>\n<\/li>\n<li><span style=\"font-family: Verdana;font-size: small\">Lista 3:&nbsp;<\/span>\n<ul>\n<li><span style=\"font-family: Verdana;font-size: small\">Cap. 22: 08, 13, 15, 17, 19, 27<\/span><\/li>\n<li><span style=\"font-family: Verdana;font-size: small\">Cap. 23: 11, 14, 15, 20 &nbsp;<\/span><\/li>\n<li><span style=\"font-family: Verdana;font-size: small\">Cap. 24: 07, 09, 10, 11, 14 &nbsp;<\/span><\/li>\n<\/ul>\n<\/li>\n<\/ul>\n<p><span class=\"Apple-style-span\" style=\"font-family: Verdana;font-size: small\">&nbsp; &nbsp;Sobre o manual de solu\u00e7\u00f5es e problemas sugeridos: <a href=\"https:\/\/sites.ifi.unicamp.br\/doretto\/advice-morin\/\">Veja as sugest\u00f5es de D. Morin e N. Zettili.<\/a><\/span><\/p>\n<p>&nbsp;<\/p>\n<p><span class=\"Apple-style-span\" style=\"color: #333333;font-family: 'Pontano Sans', arial, sans-serif;font-size: 20px;line-height: normal\"><span style=\"color: #000000\"><span style=\"font-family: Verdana;font-size: medium\">Avalia\u00e7\u00f5es:<\/span><\/span><\/span><\/p>\n<table style=\"width: 422px;height: 72px\">\n<tbody>\n<tr>\n<td><span style=\"font-family: Verdana;font-size: small\">Provas<\/span><\/td>\n<td><span style=\"font-family: Verdana;font-size: small\">Data<\/span><\/td>\n<td>&nbsp;<\/td>\n<\/tr>\n<tr>\n<td><span style=\"font-family: Verdana;font-size: small\">P1: &nbsp;Lista 1<\/span><\/td>\n<td><span style=\"font-family: Verdana;font-size: small\">28\/09&nbsp;<\/span><\/td>\n<td><span style=\"font-family: Verdana;font-size: small\">Quarta-feira<\/span><\/td>\n<\/tr>\n<tr>\n<td><span style=\"font-family: Verdana;font-size: small\">P2: &nbsp;Lista 2<\/span><\/td>\n<td><span style=\"font-family: Verdana;font-size: small\">04\/11<\/span><\/td>\n<td><span style=\"font-family: Verdana;font-size: small\">Sexta-feira&nbsp;<\/span><\/td>\n<\/tr>\n<tr>\n<td><span style=\"font-family: Verdana;font-size: small\">P3: &nbsp;Lista 3&nbsp;<\/span><\/td>\n<td><span style=\"font-family: Verdana;font-size: small\">14\/12&nbsp;<\/span><\/td>\n<td><span style=\"font-family: Verdana;font-size: small\">Quarta-feira<\/span><\/td>\n<\/tr>\n<\/tbody>\n<\/table>\n<p><span class=\"Apple-style-span\" style=\"font-family: Verdana;font-size: small\"><strong>M\u00e9dia:<\/strong><\/span><br \/>\n<span class=\"Apple-style-span\" style=\"font-family: Verdana;font-size: small\">&nbsp; &nbsp; &nbsp;M = (P1 + P2 + P3)\/3. &nbsp; &nbsp;&nbsp;<\/span><span class=\"Apple-style-span\" style=\"font-family: Verdana;font-size: small\">&nbsp; &nbsp; &nbsp;<\/span><br \/>\n<span class=\"Apple-style-span\" style=\"font-family: Verdana;font-size: small\">&nbsp; &nbsp; &nbsp;Conceitos: &nbsp;A: M &gt; 8.5&nbsp;<\/span><br \/>\n<span class=\"Apple-style-span\" style=\"font-family: Verdana;font-size: small\">&nbsp; &nbsp; &nbsp; &nbsp; &nbsp; &nbsp; &nbsp; &nbsp; &nbsp; &nbsp; &nbsp; B: 6.5 &lt; M &lt; 8.5<\/span><br \/>\n<span class=\"Apple-style-span\" style=\"font-family: Verdana;font-size: small\">&nbsp; &nbsp; &nbsp; &nbsp; &nbsp; &nbsp; &nbsp; &nbsp; &nbsp; &nbsp; &nbsp; C: 5.0 &lt; M &lt; 6.5<\/span><br \/>\n<span class=\"Apple-style-span\" style=\"font-family: Verdana;font-size: small\">&nbsp; &nbsp; &nbsp; &nbsp; &nbsp; &nbsp; &nbsp; &nbsp; &nbsp; &nbsp; &nbsp; D: M &lt; 5 &nbsp; &nbsp; &nbsp; &nbsp; &nbsp; &nbsp; &nbsp;&nbsp;<\/span><\/p>\n<p><span class=\"Apple-style-span\" style=\"font-family: Verdana;font-size: small\">&nbsp; &nbsp;<a href=\"https:\/\/sites.ifi.unicamp.br\/doretto\/files\/2022\/11\/notas-fi008-2S-2022.pdf\">Notas das provas<\/a><\/span><\/p>\n<h2><span style=\"color: #000000\"><span style=\"font-family: Verdana;font-size: medium\">Aulas: <\/span><\/span><\/h2>\n<table style=\"width: 50%\">\n<tbody>\n<tr>\n<td><span style=\"font-family: Verdana;font-size: small\">Dia<\/span><\/td>\n<td><span style=\"font-family: Verdana;font-size: small\">Hor\u00e1rio<\/span><\/td>\n<td><span style=\"font-family: Verdana;font-size: small\">Sala<\/span><\/td>\n<\/tr>\n<tr>\n<td><span style=\"font-family: Verdana;font-size: small\">Segunda-feira<\/span><\/td>\n<td><span style=\"font-family: Verdana;font-size: small\">10:00 e 11:00 h<\/span><\/td>\n<td><span style=\"font-family: Verdana;font-size: small\">IF 15&nbsp;<\/span><\/td>\n<\/tr>\n<tr>\n<td><span style=\"font-family: Verdana;font-size: small\">Quarta-feira<\/span><\/td>\n<td><span style=\"font-family: Verdana;font-size: small\">10:00 e 11:00 h<\/span><\/td>\n<td><span style=\"font-family: Verdana;font-size: small\">IF 15<\/span><\/td>\n<\/tr>\n<\/tbody>\n<\/table>\n<h2>&nbsp;<span style=\"color: #000000\"><span style=\"font-family: Verdana;font-size: medium\">Atendimento: <\/span><\/span><\/h2>\n<table style=\"width: 50%\">\n<tbody>\n<tr>\n<td><span style=\"font-family: Verdana;font-size: small\">Dia<\/span><\/td>\n<td><span style=\"font-family: Verdana;font-size: small\">Hor\u00e1rio<\/span><\/td>\n<td><span style=\"font-family: Verdana;font-size: small\">Sala<\/span><\/td>\n<\/tr>\n<tr>\n<td><span style=\"font-family: Verdana;font-size: small\">Quarta-feira<\/span><\/td>\n<td><span style=\"font-family: Verdana;font-size: small\">14:00 \u00e0s 16:00 h<\/span><\/td>\n<td><span style=\"font-family: Verdana;font-size: small\">218, DFMC<\/span><\/td>\n<\/tr>\n<tr>\n<td>&nbsp;<\/td>\n<td>&nbsp;<\/td>\n<td>&nbsp;<\/td>\n<\/tr>\n<\/tbody>\n<\/table>\n<p>&nbsp;<\/li>\n<\/ul>\n","protected":false},"excerpt":{"rendered":"<p>FI 008 &#8211; Eletrodin\u00e2mica I&nbsp; &#8211; &nbsp;2.S 2022 Programa e notas de aula (caps. livro texto): Revis\u00e3o de eletrost\u00e1tica e magnetost\u00e1tica&nbsp; Cap. &nbsp;6: Eqs. de Maxwell, leis de conserva\u00e7\u00e3o&nbsp; Cap. &nbsp;7: Ondas eletromagn\u00e9ticas&nbsp; Cap. &nbsp;8: Guias de ondas e cavidades ressonantes Cap. &nbsp;9: Radia\u00e7\u00e3o&nbsp; &nbsp; &nbsp; &nbsp; &nbsp; &nbsp; &nbsp; &nbsp; &nbsp; Cap. 11: Teoria &hellip; <\/p>\n<p><a class=\"more-link btn\" href=\"https:\/\/sites.ifi.unicamp.br\/doretto\/fi-008\/\">Continue lendo<\/a><\/p>\n","protected":false},"author":76,"featured_media":0,"parent":0,"menu_order":0,"comment_status":"closed","ping_status":"closed","template":"template-onecolumn.php","meta":{"ngg_post_thumbnail":0,"footnotes":""},"class_list":["post-973","page","type-page","status-publish","hentry","nodate","item-wrap"],"_links":{"self":[{"href":"https:\/\/sites.ifi.unicamp.br\/doretto\/wp-json\/wp\/v2\/pages\/973","targetHints":{"allow":["GET"]}}],"collection":[{"href":"https:\/\/sites.ifi.unicamp.br\/doretto\/wp-json\/wp\/v2\/pages"}],"about":[{"href":"https:\/\/sites.ifi.unicamp.br\/doretto\/wp-json\/wp\/v2\/types\/page"}],"author":[{"embeddable":true,"href":"https:\/\/sites.ifi.unicamp.br\/doretto\/wp-json\/wp\/v2\/users\/76"}],"replies":[{"embeddable":true,"href":"https:\/\/sites.ifi.unicamp.br\/doretto\/wp-json\/wp\/v2\/comments?post=973"}],"version-history":[{"count":76,"href":"https:\/\/sites.ifi.unicamp.br\/doretto\/wp-json\/wp\/v2\/pages\/973\/revisions"}],"predecessor-version":[{"id":1712,"href":"https:\/\/sites.ifi.unicamp.br\/doretto\/wp-json\/wp\/v2\/pages\/973\/revisions\/1712"}],"wp:attachment":[{"href":"https:\/\/sites.ifi.unicamp.br\/doretto\/wp-json\/wp\/v2\/media?parent=973"}],"curies":[{"name":"wp","href":"https:\/\/api.w.org\/{rel}","templated":true}]}}