{"id":1141,"date":"2020-08-07T12:38:41","date_gmt":"2020-08-07T15:38:41","guid":{"rendered":"https:\/\/sites.ifi.unicamp.br\/drcc\/?page_id=1141"},"modified":"2022-06-26T09:44:34","modified_gmt":"2022-06-26T12:44:34","slug":"vinculo","status":"publish","type":"page","link":"https:\/\/sites.ifi.unicamp.br\/drcc\/vinculo\/","title":{"rendered":"V\u00ednculos de P\u00f3s-Docs e Pesquisadores &#8211; antigo"},"content":{"rendered":"<p>Pesquisadores que querem renovar sua participa\u00e7\u00e3o no PPPD, dever\u00e3o fazer a solicita\u00e7\u00e3o no sistema informatizado (link abaixo), com a mesma senha utilizada quando do cadastro no sistema.<\/p>\n<p>No site, ir em &#8220;\u00c1rea do Interessado&#8221; e fazer o login. Preencher os campos solicitados e anexar os seguintes documentos:<\/p>\n<ul>\n<li>Novo comprovante de bolsa para o per\u00edodo de renova\u00e7\u00e3o;<\/li>\n<li>Adendo do projeto, se houve altera\u00e7\u00f5es com rela\u00e7\u00e3o ao projeto inicial;<\/li>\n<li>Se houve mudan\u00e7a de endere\u00e7o, anexar novo comprovante;<\/li>\n<li>Se houve mudan\u00e7a de estado civil, anexar a devida certid\u00e3o ou certid\u00e3o averbada.<\/li>\n<\/ul>\n<p>&nbsp;<br \/>\nFeito o upload dos documentos, submeter o pedido para aprecia\u00e7\u00e3o e valida\u00e7\u00e3o dos dados pelo supervisor.<\/p>\n<p>Na sequ\u00eancia, o pedido ser\u00e1 analisado pela CAI (Comiss\u00e3o de Avalia\u00e7\u00e3o Interna) do Departamento. O parecer da CAI passar\u00e1 pela aprova\u00e7\u00e3o do Conselho Departamental do DRCC e pela Congrega\u00e7\u00e3o do IFGW.<\/p>\n<p>Conclu\u00eddos todos esses tr\u00e2mites, a renova\u00e7\u00e3o \u00e9 efetivada pela DGRH\/Unicamp.<\/p>\n<p><span style=\"color: #ff0000\">Aten\u00e7\u00e3o: a renova\u00e7\u00e3o n\u00e3o ser\u00e1 aceita nos seguintes casos:<\/span><\/p>\n<ul>\n<li>Novo projeto &#8211; nesse caso, o pequisador dever\u00e1 solicitar nova ades\u00e3o.<\/li>\n<li>Lacuna de per\u00edodo sem bolsa &#8211; ainda que o projeto seja o mesmo e a lacuna seja de um dia apenas, o pesquisador ter\u00e1 que pedir nova ades\u00e3o.<\/li>\n<\/ul>\n<p>Em caso de d\u00favidas, procure a Secretaria do DRCC ou envie e-mail para secdrcc@ifi.unicamp.br.<\/p>\n<h4><a href=\"https:\/\/www.siarh.unicamp.br\/sgp\/\">Acesse aqui o sistema de Gest\u00e3o de Pesquisadores<\/a><\/h4>\n<p>&nbsp;<br \/>\n&nbsp;<br \/>\n&nbsp;<\/p>\n","protected":false},"excerpt":{"rendered":"<p>Pesquisadores que querem renovar sua participa\u00e7\u00e3o no PPPD, dever\u00e3o fazer a solicita\u00e7\u00e3o no sistema informatizado (link abaixo), com a mesma senha utilizada quando do cadastro no sistema. No site, ir em &#8220;\u00c1rea do Interessado&#8221; e fazer o login. Preencher os campos solicitados e anexar os seguintes documentos: Novo comprovante de bolsa para o per\u00edodo de [&hellip;]<\/p>\n","protected":false},"author":175,"featured_media":0,"parent":0,"menu_order":0,"comment_status":"closed","ping_status":"closed","template":"","meta":{"site-sidebar-layout":"default","site-content-layout":"default","ast-site-content-layout":"default","site-content-style":"default","site-sidebar-style":"default","ast-global-header-display":"","ast-banner-title-visibility":"","ast-main-header-display":"","ast-hfb-above-header-display":"","ast-hfb-below-header-display":"","ast-hfb-mobile-header-display":"","site-post-title":"","ast-breadcrumbs-content":"","ast-featured-img":"","footer-sml-layout":"","ast-disable-related-posts":"","theme-transparent-header-meta":"default","adv-header-id-meta":"","stick-header-meta":"","header-above-stick-meta":"","header-main-stick-meta":"","header-below-stick-meta":"","astra-migrate-meta-layouts":"default","ast-page-background-enabled":"default","ast-page-background-meta":{"desktop":{"background-color":"var(--ast-global-color-5)","background-image":"","background-repeat":"repeat","background-position":"center center","background-size":"auto","background-attachment":"scroll","background-type":"","background-media":"","overlay-type":"","overlay-color":"","overlay-opacity":"","overlay-gradient":""},"tablet":{"background-color":"","background-image":"","background-repeat":"repeat","background-position":"center center","background-size":"auto","background-attachment":"scroll","background-type":"","background-media":"","overlay-type":"","overlay-color":"","overlay-opacity":"","overlay-gradient":""},"mobile":{"background-color":"","background-image":"","background-repeat":"repeat","background-position":"center center","background-size":"auto","background-attachment":"scroll","background-type":"","background-media":"","overlay-type":"","overlay-color":"","overlay-opacity":"","overlay-gradient":""}},"ast-content-background-meta":{"desktop":{"background-color":"var(--ast-global-color-4)","background-image":"","background-repeat":"repeat","background-position":"center center","background-size":"auto","background-attachment":"scroll","background-type":"","background-media":"","overlay-type":"","overlay-color":"","overlay-opacity":"","overlay-gradient":""},"tablet":{"background-color":"var(--ast-global-color-4)","background-image":"","background-repeat":"repeat","background-position":"center center","background-size":"auto","background-attachment":"scroll","background-type":"","background-media":"","overlay-type":"","overlay-color":"","overlay-opacity":"","overlay-gradient":""},"mobile":{"background-color":"var(--ast-global-color-4)","background-image":"","background-repeat":"repeat","background-position":"center center","background-size":"auto","background-attachment":"scroll","background-type":"","background-media":"","overlay-type":"","overlay-color":"","overlay-opacity":"","overlay-gradient":""}},"ngg_post_thumbnail":0,"footnotes":""},"class_list":["post-1141","page","type-page","status-publish","hentry"],"_links":{"self":[{"href":"https:\/\/sites.ifi.unicamp.br\/drcc\/wp-json\/wp\/v2\/pages\/1141","targetHints":{"allow":["GET"]}}],"collection":[{"href":"https:\/\/sites.ifi.unicamp.br\/drcc\/wp-json\/wp\/v2\/pages"}],"about":[{"href":"https:\/\/sites.ifi.unicamp.br\/drcc\/wp-json\/wp\/v2\/types\/page"}],"author":[{"embeddable":true,"href":"https:\/\/sites.ifi.unicamp.br\/drcc\/wp-json\/wp\/v2\/users\/175"}],"replies":[{"embeddable":true,"href":"https:\/\/sites.ifi.unicamp.br\/drcc\/wp-json\/wp\/v2\/comments?post=1141"}],"version-history":[{"count":15,"href":"https:\/\/sites.ifi.unicamp.br\/drcc\/wp-json\/wp\/v2\/pages\/1141\/revisions"}],"predecessor-version":[{"id":1577,"href":"https:\/\/sites.ifi.unicamp.br\/drcc\/wp-json\/wp\/v2\/pages\/1141\/revisions\/1577"}],"wp:attachment":[{"href":"https:\/\/sites.ifi.unicamp.br\/drcc\/wp-json\/wp\/v2\/media?parent=1141"}],"curies":[{"name":"wp","href":"https:\/\/api.w.org\/{rel}","templated":true}]}}