{"id":1237,"date":"2020-09-08T10:00:56","date_gmt":"2020-09-08T13:00:56","guid":{"rendered":"https:\/\/sites.ifi.unicamp.br\/drcc\/?page_id=1237"},"modified":"2021-07-05T17:30:27","modified_gmt":"2021-07-05T20:30:27","slug":"programa-professor-colaborador","status":"publish","type":"page","link":"https:\/\/sites.ifi.unicamp.br\/drcc\/programa-professor-colaborador\/","title":{"rendered":"Programa Professor Colaborador"},"content":{"rendered":"<p>Para aderir ao Programa Professor Colaborador, o(a) interessado(a) dever\u00e1 ter t\u00edtulo de doutor(a), afinidade com as linhas de pesquisa do Departamento e um plano de trabalho.<\/p>\n<p>A solicita\u00e7\u00e3o de v\u00ednculo ao Programa deve ser feita por e-mail \u00e0 Secretaria do DRCC (secdrcc@ifi.unicamp.br), endere\u00e7ado \u00e0 chefia do Departamento. O interessado receber\u00e1 uma chave de acesso ao sistema informatizado para a inclus\u00e3o dos documentos necess\u00e1rios (ver lista abaixo) e submiss\u00e3o do pedido.<\/p>\n<p>A solicita\u00e7\u00e3o ir\u00e1 passar por aprova\u00e7\u00e3o do Departamento e da Congrega\u00e7\u00e3o do IFGW.<\/p>\n<p>O v\u00ednculo tem dura\u00e7\u00e3o de tr\u00eas anos, podendo ser renovado por igual per\u00edodo. Ao t\u00e9rmino, o(a) pesquisador(a) dever\u00e1 fornecer o relat\u00f3rio de atividades.<\/p>\n<p><strong>Documentos solicitados (para upload no sistema):<\/strong><\/p>\n<p>a) Curr\u00edculo que demonstre as atividades docentes desenvolvidas em Institui\u00e7\u00e3o de Ensino Superior ou afins, at\u00e9 a data do pedido, se n\u00e3o houver pertencido aos quadros da Unicamp;<br \/>\nb) Documenta\u00e7\u00e3o pessoal, se n\u00e3o houver pertencido aos quadros da Unicamp;<br \/>\nc) Plano de atividades a ser desenvolvido.<\/p>\n","protected":false},"excerpt":{"rendered":"<p>Para aderir ao Programa Professor Colaborador, o(a) interessado(a) dever\u00e1 ter t\u00edtulo de doutor(a), afinidade com as linhas de pesquisa do Departamento e um plano de trabalho. A solicita\u00e7\u00e3o de v\u00ednculo ao Programa deve ser feita por e-mail \u00e0 Secretaria do DRCC (secdrcc@ifi.unicamp.br), endere\u00e7ado \u00e0 chefia do Departamento. O interessado receber\u00e1 uma chave de acesso ao [&hellip;]<\/p>\n","protected":false},"author":175,"featured_media":0,"parent":0,"menu_order":0,"comment_status":"closed","ping_status":"closed","template":"","meta":{"site-sidebar-layout":"default","site-content-layout":"","ast-site-content-layout":"default","site-content-style":"default","site-sidebar-style":"default","ast-global-header-display":"","ast-banner-title-visibility":"","ast-main-header-display":"","ast-hfb-above-header-display":"","ast-hfb-below-header-display":"","ast-hfb-mobile-header-display":"","site-post-title":"","ast-breadcrumbs-content":"","ast-featured-img":"","footer-sml-layout":"","ast-disable-related-posts":"","theme-transparent-header-meta":"","adv-header-id-meta":"","stick-header-meta":"","header-above-stick-meta":"","header-main-stick-meta":"","header-below-stick-meta":"","astra-migrate-meta-layouts":"default","ast-page-background-enabled":"default","ast-page-background-meta":{"desktop":{"background-color":"var(--ast-global-color-5)","background-image":"","background-repeat":"repeat","background-position":"center center","background-size":"auto","background-attachment":"scroll","background-type":"","background-media":"","overlay-type":"","overlay-color":"","overlay-opacity":"","overlay-gradient":""},"tablet":{"background-color":"","background-image":"","background-repeat":"repeat","background-position":"center center","background-size":"auto","background-attachment":"scroll","background-type":"","background-media":"","overlay-type":"","overlay-color":"","overlay-opacity":"","overlay-gradient":""},"mobile":{"background-color":"","background-image":"","background-repeat":"repeat","background-position":"center center","background-size":"auto","background-attachment":"scroll","background-type":"","background-media":"","overlay-type":"","overlay-color":"","overlay-opacity":"","overlay-gradient":""}},"ast-content-background-meta":{"desktop":{"background-color":"var(--ast-global-color-4)","background-image":"","background-repeat":"repeat","background-position":"center center","background-size":"auto","background-attachment":"scroll","background-type":"","background-media":"","overlay-type":"","overlay-color":"","overlay-opacity":"","overlay-gradient":""},"tablet":{"background-color":"var(--ast-global-color-4)","background-image":"","background-repeat":"repeat","background-position":"center center","background-size":"auto","background-attachment":"scroll","background-type":"","background-media":"","overlay-type":"","overlay-color":"","overlay-opacity":"","overlay-gradient":""},"mobile":{"background-color":"var(--ast-global-color-4)","background-image":"","background-repeat":"repeat","background-position":"center center","background-size":"auto","background-attachment":"scroll","background-type":"","background-media":"","overlay-type":"","overlay-color":"","overlay-opacity":"","overlay-gradient":""}},"ngg_post_thumbnail":0,"footnotes":""},"class_list":["post-1237","page","type-page","status-publish","hentry"],"_links":{"self":[{"href":"https:\/\/sites.ifi.unicamp.br\/drcc\/wp-json\/wp\/v2\/pages\/1237","targetHints":{"allow":["GET"]}}],"collection":[{"href":"https:\/\/sites.ifi.unicamp.br\/drcc\/wp-json\/wp\/v2\/pages"}],"about":[{"href":"https:\/\/sites.ifi.unicamp.br\/drcc\/wp-json\/wp\/v2\/types\/page"}],"author":[{"embeddable":true,"href":"https:\/\/sites.ifi.unicamp.br\/drcc\/wp-json\/wp\/v2\/users\/175"}],"replies":[{"embeddable":true,"href":"https:\/\/sites.ifi.unicamp.br\/drcc\/wp-json\/wp\/v2\/comments?post=1237"}],"version-history":[{"count":8,"href":"https:\/\/sites.ifi.unicamp.br\/drcc\/wp-json\/wp\/v2\/pages\/1237\/revisions"}],"predecessor-version":[{"id":1387,"href":"https:\/\/sites.ifi.unicamp.br\/drcc\/wp-json\/wp\/v2\/pages\/1237\/revisions\/1387"}],"wp:attachment":[{"href":"https:\/\/sites.ifi.unicamp.br\/drcc\/wp-json\/wp\/v2\/media?parent=1237"}],"curies":[{"name":"wp","href":"https:\/\/api.w.org\/{rel}","templated":true}]}}