{"id":154,"date":"2014-09-13T10:28:57","date_gmt":"2014-09-13T13:28:57","guid":{"rendered":"https:\/\/sites.ifi.unicamp.br\/drcc\/?page_id=154"},"modified":"2023-06-23T11:48:11","modified_gmt":"2023-06-23T14:48:11","slug":"conselhodepartamental","status":"publish","type":"page","link":"https:\/\/sites.ifi.unicamp.br\/drcc\/conselhodepartamental\/","title":{"rendered":"Conselho Departamental"},"content":{"rendered":"<h6><strong>Composi\u00e7\u00e3o<\/strong><\/h6>\n<table style=\"height: 690px;width: 81.2935%;border-style: double;border-color: #000000\" width=\"81.393%\">\n<tbody>\n<tr style=\"height: 46px\">\n<td style=\"border-style: solid;border-color: #000000;height: 46px;width: 35.9495%;background-color: #c5d3de;text-align: center\" width=\"307\"><strong>Membros Titulares<\/strong><\/td>\n<td style=\"border-style: solid;border-color: #000000;height: 46px;width: 21.8926%;background-color: #c5d3de;text-align: center\" width=\"215\"><strong>Nome<\/strong><\/td>\n<td style=\"border-style: solid;border-color: #000000;height: 46px;width: 23.3874%;background-color: #c5d3de;text-align: center\" width=\"196\"><strong>Mandato<\/strong><\/td>\n<\/tr>\n<tr style=\"height: 46px\">\n<td style=\"border-style: solid;border-color: #000000;height: 46px;width: 35.9495%;text-align: left\"><strong>Chefe do Departamento<\/strong><\/td>\n<td style=\"border-style: solid;border-color: #000000;height: 46px;width: 21.8926%\">Jun Takashashi<\/td>\n<td style=\"border-style: solid;border-color: #000000;height: 46px;width: 23.3874%\">02\/09\/2022 a 01\/09\/2024<\/td>\n<\/tr>\n<tr style=\"height: 46px\">\n<td style=\"border-style: solid;border-color: #000000;height: 46px;width: 35.9495%;text-align: left\"><strong>Professor Titular<\/strong><\/td>\n<td style=\"border-style: solid;border-color: #000000;height: 46px;width: 21.8926%\">Carola Dobrigkeit Chinellato<\/td>\n<td style=\"border-style: solid;border-color: #000000;height: 46px;width: 23.3874%\">&nbsp;<\/td>\n<\/tr>\n<tr style=\"height: 46px\">\n<td style=\"border-style: solid;border-color: #000000;height: 46px;width: 35.9495%;text-align: left\"><strong>Professor Titular<\/strong><\/td>\n<td style=\"border-style: solid;border-color: #000000;height: 46px;width: 21.8926%\">Ernesto Kemp<\/td>\n<td style=\"border-style: solid;border-color: #000000;height: 46px;width: 23.3874%\">&nbsp;<\/td>\n<\/tr>\n<tr style=\"height: 46px\">\n<td style=\"border-style: solid;border-color: #000000;height: 46px;width: 35.9495%;text-align: left\"><strong>Professor Titular<\/strong><\/td>\n<td style=\"border-style: solid;border-color: #000000;height: 46px;width: 21.8926%\">Marcelo Moraes Guzzo<\/td>\n<td style=\"border-style: solid;border-color: #000000;height: 46px;width: 23.3874%\">&nbsp;<\/td>\n<\/tr>\n<tr style=\"height: 46px\">\n<td style=\"border-style: solid;border-color: #000000;height: 46px;width: 35.9495%;text-align: left\"><strong>Professor Titular<\/strong><\/td>\n<td style=\"border-style: solid;border-color: #000000;height: 46px;width: 21.8926%\">Orlando Luis Goulart Peres<\/td>\n<td style=\"border-style: solid;border-color: #000000;height: 46px;width: 23.3874%\">&nbsp;<\/td>\n<\/tr>\n<tr style=\"height: 46px\">\n<td style=\"border-style: solid;border-color: #000000;height: 46px;width: 35.9495%;text-align: left\"><strong>Representante titular MS-5<\/strong><\/td>\n<td style=\"border-style: solid;border-color: #000000;height: 46px;width: 21.8926%\">Gabriela Castellano<\/td>\n<td style=\"border-style: solid;border-color: #000000;height: 46px;width: 23.3874%\">11\/06\/2022 a 10\/06\/2024<\/td>\n<\/tr>\n<tr style=\"height: 46px\">\n<td style=\"border-style: solid;border-color: #000000;height: 46px;width: 35.9495%;text-align: left\"><strong>Representante MS-5 (suplente)<\/strong><\/td>\n<td style=\"border-style: solid;border-color: #000000;height: 46px;width: 21.8926%\">Anderson Campos Fauth<\/td>\n<td style=\"border-style: solid;border-color: #000000;height: 46px;width: 23.3874%\">11\/06\/2022 a 10\/06\/2024<\/td>\n<\/tr>\n<tr style=\"height: 46px\">\n<td style=\"border-style: solid;border-color: #000000;height: 46px;width: 35.9495%;text-align: left\"><strong>Representante suplente MS-5 (suplente)<\/strong><\/td>\n<td style=\"border-style: solid;border-color: #000000;height: 46px;width: 21.8926%\">Ettore Segreto<\/td>\n<td style=\"border-style: solid;border-color: #000000;height: 46px;width: 23.3874%\">11\/06\/2022 a 10\/06\/2024<\/td>\n<\/tr>\n<tr style=\"height: 46px\">\n<td style=\"border-style: solid;border-color: #000000;height: 46px;width: 35.9495%;text-align: left\"><strong>Representante MS-3<\/strong><\/td>\n<td style=\"border-style: solid;border-color: #000000;height: 46px;width: 21.8926%\">&nbsp;&#8211;&nbsp;<\/td>\n<td style=\"border-style: solid;border-color: #000000;height: 46px;width: 23.3874%\">&nbsp;&#8211;&nbsp;<\/td>\n<\/tr>\n<tr style=\"height: 46px\">\n<td style=\"border-style: solid;border-color: #000000;height: 46px;width: 35.9495%;text-align: left\"><strong>Representante Comiss\u00e3o de Gradua\u00e7\u00e3o<\/strong><\/td>\n<td style=\"border-style: solid;border-color: #000000;height: 46px;width: 21.8926%\">Pedro Cunha de Holanda<\/td>\n<td style=\"border-style: solid;border-color: #000000;height: 46px;width: 23.3874%\">04\/10\/2022 a 03\/10\/2024&nbsp;<\/td>\n<\/tr>\n<tr style=\"height: 46px\">\n<td style=\"border-style: solid;border-color: #000000;height: 46px;width: 35.9495%;text-align: left\"><strong>Representante&nbsp; Comiss\u00e3o de P\u00f3s-Gradua\u00e7\u00e3o<\/strong><\/td>\n<td style=\"border-style: solid;border-color: #000000;height: 46px;width: 21.8926%\">Rickson Coelho Mesquita<\/td>\n<td style=\"border-style: solid;border-color: #000000;height: 46px;width: 23.3874%\">03\/01\/2023 a 02\/01\/2025&nbsp;<\/td>\n<\/tr>\n<tr style=\"height: 46px\">\n<td style=\"border-style: solid;border-color: #000000;height: 46px;width: 35.9495%;text-align: left\"><strong>Representante Comiss\u00e3o de Extens\u00e3o<\/strong><\/td>\n<td style=\"border-style: solid;border-color: #000000;height: 46px;width: 21.8926%\">Fl\u00e1via Sobreira<\/td>\n<td style=\"border-style: solid;border-color: #000000;height: 46px;width: 23.3874%\">14\/08\/2022 a 13\/08\/2024&nbsp;<\/td>\n<\/tr>\n<tr style=\"height: 46px\">\n<td style=\"border-style: solid;border-color: #000000;height: 46px;width: 35.9495%;text-align: left\"><strong>Representante dos funcion\u00e1rios<\/strong><\/td>\n<td style=\"border-style: solid;border-color: #000000;height: 46px;width: 21.8926%\">Arnaldo Luis Lixandr\u00e3o Filho<\/td>\n<td style=\"border-style: solid;border-color: #000000;height: 46px;width: 23.3874%\">29\/10\/2022 a 28\/10\/2024<\/td>\n<\/tr>\n<tr style=\"height: 46px\">\n<td style=\"border-style: solid;border-color: #000000;height: 46px;width: 35.9495%;text-align: left\"><strong>Representante titular discente<\/strong><\/td>\n<td style=\"border-style: solid;border-color: #000000;height: 46px;width: 21.8926%\">Bruno Passarelli Gelli&nbsp;<\/td>\n<td style=\"border-style: solid;border-color: #000000;height: 46px;width: 23.3874%\">10\/02\/2023 a 09\/02\/2024<\/td>\n<\/tr>\n<\/tbody>\n<\/table>\n<table style=\"border-color: #000000;width: 81.4411%;height: 230px\" width=\"718\">\n<tbody>\n<tr style=\"height: 46px\">\n<td style=\"border-style: solid;border-color: #000000;width: 44.044%;background-color: #c5d3de;text-align: center;height: 46px\" width=\"307\"><strong>Membros Suplentes<\/strong><\/td>\n<td style=\"border-style: solid;border-color: #000000;width: 27.2647%;background-color: #c5d3de;text-align: center;height: 46px\" width=\"215\"><strong>Nome<\/strong><\/td>\n<td style=\"border-style: solid;border-color: #000000;width: 43.5978%;background-color: #c5d3de;text-align: center;height: 46px\" width=\"196\"><strong>Mandato<\/strong><\/td>\n<\/tr>\n<tr style=\"height: 46px\">\n<td style=\"border-style: solid;border-color: #000000;width: 44.044%;height: 46px\"><strong>Representante suplente MS-5<\/strong><\/td>\n<td style=\"border-style: solid;border-color: #000000;width: 27.2647%;height: 46px\">Rickson Coelho Mesquita<\/td>\n<td style=\"border-style: solid;border-color: #000000;width: 43.5978%;height: 46px\">11\/06\/2022 a 10\/06\/2024<\/td>\n<\/tr>\n<tr style=\"height: 46px\">\n<td style=\"border-style: solid;border-color: #000000;width: 44.044%;height: 46px\"><strong>Representante suplente MS-5<\/strong><\/td>\n<td style=\"border-style: solid;border-color: #000000;width: 27.2647%;height: 46px\">Ettore Segreto&nbsp;<\/td>\n<td style=\"border-style: solid;border-color: #000000;width: 43.5978%;height: 46px\">11\/06\/2022 a 10\/06\/2024<\/td>\n<\/tr>\n<tr style=\"height: 46px\">\n<td style=\"border-style: solid;border-color: #000000;width: 44.044%;height: 46px\"><strong>Representante suplente MS-3<\/strong><\/td>\n<td style=\"border-style: solid;border-color: #000000;width: 27.2647%;height: 46px\">&nbsp;&#8211;&nbsp;<\/td>\n<td style=\"border-style: solid;border-color: #000000;width: 43.5978%;height: 46px\">&nbsp;&#8211;&nbsp;<\/td>\n<\/tr>\n<\/tbody>\n<\/table>\n<p>&nbsp;<\/p>\n<hr>\n<p>&nbsp;<\/p>\n","protected":false},"excerpt":{"rendered":"<p>Composi\u00e7\u00e3o Membros Titulares Nome Mandato Chefe do Departamento Jun Takashashi 02\/09\/2022 a 01\/09\/2024 Professor Titular Carola Dobrigkeit Chinellato &nbsp; Professor Titular Ernesto Kemp &nbsp; Professor Titular Marcelo Moraes Guzzo &nbsp; Professor Titular Orlando Luis Goulart Peres &nbsp; Representante titular MS-5 Gabriela Castellano 11\/06\/2022 a 10\/06\/2024 Representante MS-5 (suplente) Anderson Campos Fauth 11\/06\/2022 a 10\/06\/2024 Representante [&hellip;]<\/p>\n","protected":false},"author":91,"featured_media":0,"parent":0,"menu_order":0,"comment_status":"closed","ping_status":"closed","template":"","meta":{"site-sidebar-layout":"default","site-content-layout":"default","ast-site-content-layout":"default","site-content-style":"default","site-sidebar-style":"default","ast-global-header-display":"","ast-banner-title-visibility":"","ast-main-header-display":"","ast-hfb-above-header-display":"","ast-hfb-below-header-display":"","ast-hfb-mobile-header-display":"","site-post-title":"","ast-breadcrumbs-content":"","ast-featured-img":"","footer-sml-layout":"","ast-disable-related-posts":"","theme-transparent-header-meta":"default","adv-header-id-meta":"","stick-header-meta":"","header-above-stick-meta":"","header-main-stick-meta":"","header-below-stick-meta":"","astra-migrate-meta-layouts":"default","ast-page-background-enabled":"default","ast-page-background-meta":{"desktop":{"background-color":"var(--ast-global-color-5)","background-image":"","background-repeat":"repeat","background-position":"center center","background-size":"auto","background-attachment":"scroll","background-type":"","background-media":"","overlay-type":"","overlay-color":"","overlay-opacity":"","overlay-gradient":""},"tablet":{"background-color":"","background-image":"","background-repeat":"repeat","background-position":"center center","background-size":"auto","background-attachment":"scroll","background-type":"","background-media":"","overlay-type":"","overlay-color":"","overlay-opacity":"","overlay-gradient":""},"mobile":{"background-color":"","background-image":"","background-repeat":"repeat","background-position":"center center","background-size":"auto","background-attachment":"scroll","background-type":"","background-media":"","overlay-type":"","overlay-color":"","overlay-opacity":"","overlay-gradient":""}},"ast-content-background-meta":{"desktop":{"background-color":"var(--ast-global-color-4)","background-image":"","background-repeat":"repeat","background-position":"center center","background-size":"auto","background-attachment":"scroll","background-type":"","background-media":"","overlay-type":"","overlay-color":"","overlay-opacity":"","overlay-gradient":""},"tablet":{"background-color":"var(--ast-global-color-4)","background-image":"","background-repeat":"repeat","background-position":"center center","background-size":"auto","background-attachment":"scroll","background-type":"","background-media":"","overlay-type":"","overlay-color":"","overlay-opacity":"","overlay-gradient":""},"mobile":{"background-color":"var(--ast-global-color-4)","background-image":"","background-repeat":"repeat","background-position":"center center","background-size":"auto","background-attachment":"scroll","background-type":"","background-media":"","overlay-type":"","overlay-color":"","overlay-opacity":"","overlay-gradient":""}},"ngg_post_thumbnail":0,"footnotes":""},"class_list":["post-154","page","type-page","status-publish","hentry"],"_links":{"self":[{"href":"https:\/\/sites.ifi.unicamp.br\/drcc\/wp-json\/wp\/v2\/pages\/154","targetHints":{"allow":["GET"]}}],"collection":[{"href":"https:\/\/sites.ifi.unicamp.br\/drcc\/wp-json\/wp\/v2\/pages"}],"about":[{"href":"https:\/\/sites.ifi.unicamp.br\/drcc\/wp-json\/wp\/v2\/types\/page"}],"author":[{"embeddable":true,"href":"https:\/\/sites.ifi.unicamp.br\/drcc\/wp-json\/wp\/v2\/users\/91"}],"replies":[{"embeddable":true,"href":"https:\/\/sites.ifi.unicamp.br\/drcc\/wp-json\/wp\/v2\/comments?post=154"}],"version-history":[{"count":102,"href":"https:\/\/sites.ifi.unicamp.br\/drcc\/wp-json\/wp\/v2\/pages\/154\/revisions"}],"predecessor-version":[{"id":1753,"href":"https:\/\/sites.ifi.unicamp.br\/drcc\/wp-json\/wp\/v2\/pages\/154\/revisions\/1753"}],"wp:attachment":[{"href":"https:\/\/sites.ifi.unicamp.br\/drcc\/wp-json\/wp\/v2\/media?parent=154"}],"curies":[{"name":"wp","href":"https:\/\/api.w.org\/{rel}","templated":true}]}}