{"id":1720,"date":"2023-06-22T07:51:11","date_gmt":"2023-06-22T10:51:11","guid":{"rendered":"https:\/\/sites.ifi.unicamp.br\/drcc\/?page_id=1720"},"modified":"2025-06-23T08:01:38","modified_gmt":"2025-06-23T11:01:38","slug":"comissoes","status":"publish","type":"page","link":"https:\/\/sites.ifi.unicamp.br\/drcc\/comissoes\/","title":{"rendered":"Representantes nas comiss\u00f5es e comit\u00eas do IFGW"},"content":{"rendered":"<p>&nbsp;<\/p>\n<table style=\"width: 73.5835%;height: 811px\">\n<tbody>\n<tr style=\"height: 46px\">\n<td style=\"width: 25.2965%;height: 72px;text-align: center\">&nbsp;<\/td>\n<td style=\"width: 29.1822%;height: 72px;text-align: center\"><b>Representantes<\/b><\/td>\n<td style=\"width: 18.6832%;height: 72px;text-align: center\"><b>Per\u00edodo<\/b><\/td>\n<\/tr>\n<tr style=\"height: 92px\">\n<td style=\"width: 25.2965%;height: 112px;text-align: center\"><strong>Comiss\u00e3o de Gradua\u00e7\u00e3o<\/strong><\/td>\n<td style=\"width: 29.1822%;height: 112px;text-align: center\"><span style=\"font-weight: 400\">Prof. Pedro Cunha de Holanda (titular)<\/span><\/p>\n<p><span style=\"font-weight: 400\">Profa. Cristiane Jahnke Fiorini da Silva (suplente)<\/span><\/td>\n<td style=\"width: 18.6832%;height: 112px;text-align: center\"><span style=\"font-weight: 400\">04\/10\/2024 a 03\/10\/2026<\/span><\/p>\n<p>17\/06\/2025 a 03\/10\/2026<\/td>\n<\/tr>\n<tr style=\"height: 92px\">\n<td style=\"width: 25.2965%;height: 113px;text-align: center\"><strong>Comiss\u00e3o de P\u00f3s-Gradua\u00e7\u00e3o<\/strong><\/td>\n<td style=\"width: 29.1822%;height: 113px;text-align: center\"><span style=\"font-weight: 400\">Profa.&nbsp; Arlene Cristina Aguilar (titular)<\/span><\/p>\n<p><span style=\"font-weight: 400\">Prof.&nbsp; Andre Monteiro Paschoal (suplente)<\/span><\/td>\n<td style=\"width: 18.6832%;height: 113px;text-align: center\"><span style=\"font-weight: 400\">03\/01\/2025 a 02\/01\/2027<\/span><\/td>\n<\/tr>\n<tr style=\"height: 46px\">\n<td style=\"width: 25.2965%;height: 66px;text-align: center\"><strong>Comiss\u00e3o de Extens\u00e3o<\/strong><\/td>\n<td style=\"width: 29.1822%;height: 66px;text-align: center\"><span style=\"font-weight: 400\">Profa. Fl\u00e1via Sobreira (titular)<\/span><\/p>\n<p>Patr\u00edcia Camargo Magalh\u00e3es (suplente)<\/td>\n<td style=\"width: 18.6832%;height: 66px;text-align: center\"><span style=\"font-weight: 400\">14\/08\/2024 a 13\/08\/2026<\/span><\/td>\n<\/tr>\n<tr style=\"height: 92px\">\n<td style=\"width: 25.2965%;height: 69px;text-align: center\"><strong>Comiss\u00e3o de Pesquisa<\/strong><\/td>\n<td style=\"width: 29.1822%;height: 69px;text-align: center\"><span style=\"font-weight: 400\">Profa. Fl\u00e1via Sobreira (titular)*<\/span><\/p>\n<p><span style=\"font-weight: 400\">Prof. Andre Monteiro Paschoal (suplente)<\/span><\/td>\n<td style=\"width: 18.6832%;height: 69px;text-align: center\"><span style=\"font-weight: 400\">03\/10\/2024 a 02\/10\/2026<\/span><\/td>\n<\/tr>\n<tr style=\"height: 136px\">\n<td style=\"width: 25.2965%;text-align: center;height: 35px\"><strong>Comiss\u00e3o do Curso de Gradua\u00e7\u00e3o em Engenharia F\u00edsica<\/strong><\/td>\n<td style=\"width: 29.1822%;text-align: center;height: 35px\"><span style=\"font-weight: 400\">Prof. Pedro Cunha de Holanda (titular)<\/span><\/p>\n<p><span style=\"font-weight: 400\">Profa. Cristiane Jahnke Fiorini da Silva (suplente)<\/span><\/td>\n<td style=\"width: 18.6832%;text-align: center;height: 35px\"><span style=\"font-weight: 400\">04\/10\/2024 a 03\/10\/2026<\/span><\/p>\n<p>17\/06\/2025 a 03\/10\/2026<\/td>\n<\/tr>\n<tr style=\"height: 122px\">\n<td style=\"width: 25.2965%;height: 122px;text-align: center\"><strong>Comiss\u00e3o de Tecnologia de Informa\u00e7\u00e3o&nbsp;e de Comunica\u00e7\u00e3o (ComTIC)<\/strong><\/td>\n<td style=\"width: 29.1822%;height: 122px;text-align: center\"><span style=\"font-weight: 400\">Prof. Jun Takahashi (titular)<\/span><\/p>\n<p><span style=\"font-weight: 400\">Profa. Fl\u00e1via Sobreira (suplente)<\/span><\/td>\n<td style=\"width: 18.6832%;height: 122px;text-align: center\"><span style=\"font-weight: 400\">01\/05\/2023 a 30\/04\/2025<\/span><\/td>\n<\/tr>\n<tr style=\"height: 108px\">\n<td style=\"width: 25.2965%;height: 108px;text-align: center\"><strong>Comiss\u00e3o de Usu\u00e1rios do LAMULT e da Criogenia<\/strong><\/td>\n<td style=\"width: 29.1822%;height: 108px;text-align: center\"><span style=\"font-weight: 400\">Prof. Ettore Segreto<\/span><\/td>\n<td style=\"width: 18.6832%;height: 108px;text-align: center\"><span style=\"font-weight: 400\">01\/08\/2023 a 31\/07\/2025<\/span><\/td>\n<\/tr>\n<tr style=\"height: 114px\">\n<td style=\"width: 25.2965%;text-align: center;height: 114px\"><strong>Comiss\u00e3o da Biblioteca<\/strong><\/td>\n<td style=\"width: 29.1822%;text-align: center;height: 114px\"><span style=\"font-weight: 400\">Profa. Fl\u00e1via Sobreira (titular)<\/span><\/p>\n<p>Prof. Donato Giorgio Torrieri (suplente)<\/td>\n<td style=\"width: 18.6832%;text-align: center;height: 114px\"><span style=\"font-weight: 400\">12\/12\/2023 a 11\/12\/2025<\/span><\/td>\n<\/tr>\n<\/tbody>\n<\/table>\n<p>&nbsp;<\/p>\n<table style=\"border-collapse: collapse;width: 74.7597%\">\n<tbody>\n<tr>\n<td style=\"width: 25.303%;text-align: center\"><strong>Comit\u00ea da Lei Geral de<br \/>\nProte\u00e7\u00e3o de Dados (LGPD)<\/strong><\/td>\n<td style=\"width: 49.3842%\">\n<div style=\"text-align: left\">&nbsp; &nbsp; &nbsp; Prof. Jos\u00e9 Augusto Chinellato &#8211; representante docente<\/div>\n<div style=\"text-align: left\">&nbsp; &nbsp; &nbsp; &nbsp;Arnaldo Luis Lixandr\u00e3o Filho &#8211; representante t\u00e9cnico<\/div>\n<div style=\"text-align: left\">&nbsp; &nbsp; &nbsp; &nbsp; &nbsp;Luciene Ap. S. Telli &#8211; representante administrativo&nbsp;<\/div>\n<\/td>\n<\/tr>\n<\/tbody>\n<\/table>\n<p style=\"text-align: left\">*A profa. Fl\u00e1via Sobreira assumiu a Comiss\u00e3o de Pesquisa em 16\/05\/25.<\/p>\n<p>&nbsp;<\/p>\n","protected":false},"excerpt":{"rendered":"<p>&nbsp; &nbsp; Representantes Per\u00edodo Comiss\u00e3o de Gradua\u00e7\u00e3o Prof. Pedro Cunha de Holanda (titular) Profa. Cristiane Jahnke Fiorini da Silva (suplente) 04\/10\/2024 a 03\/10\/2026 17\/06\/2025 a 03\/10\/2026 Comiss\u00e3o de P\u00f3s-Gradua\u00e7\u00e3o Profa.&nbsp; Arlene Cristina Aguilar (titular) Prof.&nbsp; Andre Monteiro Paschoal (suplente) 03\/01\/2025 a 02\/01\/2027 Comiss\u00e3o de Extens\u00e3o Profa. Fl\u00e1via Sobreira (titular) Patr\u00edcia Camargo Magalh\u00e3es (suplente) 14\/08\/2024 a [&hellip;]<\/p>\n","protected":false},"author":175,"featured_media":0,"parent":0,"menu_order":0,"comment_status":"closed","ping_status":"closed","template":"","meta":{"site-sidebar-layout":"default","site-content-layout":"default","ast-site-content-layout":"default","site-content-style":"default","site-sidebar-style":"default","ast-global-header-display":"","ast-banner-title-visibility":"","ast-main-header-display":"","ast-hfb-above-header-display":"","ast-hfb-below-header-display":"","ast-hfb-mobile-header-display":"","site-post-title":"","ast-breadcrumbs-content":"","ast-featured-img":"","footer-sml-layout":"","ast-disable-related-posts":"","theme-transparent-header-meta":"default","adv-header-id-meta":"","stick-header-meta":"","header-above-stick-meta":"","header-main-stick-meta":"","header-below-stick-meta":"","astra-migrate-meta-layouts":"set","ast-page-background-enabled":"default","ast-page-background-meta":{"desktop":{"background-color":"var(--ast-global-color-5)","background-image":"","background-repeat":"repeat","background-position":"center center","background-size":"auto","background-attachment":"scroll","background-type":"","background-media":"","overlay-type":"","overlay-color":"","overlay-opacity":"","overlay-gradient":""},"tablet":{"background-color":"","background-image":"","background-repeat":"repeat","background-position":"center center","background-size":"auto","background-attachment":"scroll","background-type":"","background-media":"","overlay-type":"","overlay-color":"","overlay-opacity":"","overlay-gradient":""},"mobile":{"background-color":"","background-image":"","background-repeat":"repeat","background-position":"center center","background-size":"auto","background-attachment":"scroll","background-type":"","background-media":"","overlay-type":"","overlay-color":"","overlay-opacity":"","overlay-gradient":""}},"ast-content-background-meta":{"desktop":{"background-color":"var(--ast-global-color-4)","background-image":"","background-repeat":"repeat","background-position":"center center","background-size":"auto","background-attachment":"scroll","background-type":"","background-media":"","overlay-type":"","overlay-color":"","overlay-opacity":"","overlay-gradient":""},"tablet":{"background-color":"var(--ast-global-color-4)","background-image":"","background-repeat":"repeat","background-position":"center center","background-size":"auto","background-attachment":"scroll","background-type":"","background-media":"","overlay-type":"","overlay-color":"","overlay-opacity":"","overlay-gradient":""},"mobile":{"background-color":"var(--ast-global-color-4)","background-image":"","background-repeat":"repeat","background-position":"center center","background-size":"auto","background-attachment":"scroll","background-type":"","background-media":"","overlay-type":"","overlay-color":"","overlay-opacity":"","overlay-gradient":""}},"ngg_post_thumbnail":0,"footnotes":""},"class_list":["post-1720","page","type-page","status-publish","hentry"],"_links":{"self":[{"href":"https:\/\/sites.ifi.unicamp.br\/drcc\/wp-json\/wp\/v2\/pages\/1720","targetHints":{"allow":["GET"]}}],"collection":[{"href":"https:\/\/sites.ifi.unicamp.br\/drcc\/wp-json\/wp\/v2\/pages"}],"about":[{"href":"https:\/\/sites.ifi.unicamp.br\/drcc\/wp-json\/wp\/v2\/types\/page"}],"author":[{"embeddable":true,"href":"https:\/\/sites.ifi.unicamp.br\/drcc\/wp-json\/wp\/v2\/users\/175"}],"replies":[{"embeddable":true,"href":"https:\/\/sites.ifi.unicamp.br\/drcc\/wp-json\/wp\/v2\/comments?post=1720"}],"version-history":[{"count":26,"href":"https:\/\/sites.ifi.unicamp.br\/drcc\/wp-json\/wp\/v2\/pages\/1720\/revisions"}],"predecessor-version":[{"id":1913,"href":"https:\/\/sites.ifi.unicamp.br\/drcc\/wp-json\/wp\/v2\/pages\/1720\/revisions\/1913"}],"wp:attachment":[{"href":"https:\/\/sites.ifi.unicamp.br\/drcc\/wp-json\/wp\/v2\/media?parent=1720"}],"curies":[{"name":"wp","href":"https:\/\/api.w.org\/{rel}","templated":true}]}}