{"id":1818,"date":"2023-07-14T08:52:06","date_gmt":"2023-07-14T11:52:06","guid":{"rendered":"https:\/\/sites.ifi.unicamp.br\/drcc\/?page_id=1818"},"modified":"2025-09-18T14:28:39","modified_gmt":"2025-09-18T17:28:39","slug":"membros","status":"publish","type":"page","link":"https:\/\/sites.ifi.unicamp.br\/drcc\/membros\/","title":{"rendered":"Membros"},"content":{"rendered":"<h6><strong>Composi\u00e7\u00e3o<\/strong><\/h6>\n<table style=\"height: 690px;width: 81.2935%;border-style: double;border-color: #000000\" width=\"81.393%\">\n<tbody>\n<tr style=\"height: 46px\">\n<td style=\"border-style: solid;border-color: #000000;height: 46px;width: 35.9495%;background-color: #c5d3de;text-align: center\" width=\"307\"><strong>Membros atuais (12)<\/strong><\/td>\n<td style=\"border-style: solid;border-color: #000000;height: 46px;width: 21.8926%;background-color: #c5d3de;text-align: center\" width=\"215\"><strong>Nome<\/strong><\/td>\n<td style=\"border-style: solid;border-color: #000000;height: 46px;width: 23.3874%;background-color: #c5d3de;text-align: center\" width=\"196\"><strong>Mandato<\/strong><\/td>\n<\/tr>\n<tr style=\"height: 46px\">\n<td style=\"border-style: solid;border-color: #000000;height: 46px;width: 35.9495%;text-align: left\"><strong>Chefe do Departamento<\/strong><\/td>\n<td style=\"border-style: solid;border-color: #000000;height: 46px;width: 21.8926%\">Donato Giorgio Torrieri<\/td>\n<td style=\"border-style: solid;border-color: #000000;height: 46px;width: 23.3874%\">02\/09\/2024 a 01\/09\/2026<\/td>\n<\/tr>\n<tr style=\"height: 46px\">\n<td style=\"border-style: solid;border-color: #000000;height: 46px;width: 35.9495%;text-align: left\"><strong>Professora Titular<\/strong><\/td>\n<td style=\"border-style: solid;border-color: #000000;height: 46px;width: 21.8926%\">Carola Dobrigkeit Chinellato<\/td>\n<td style=\"border-style: solid;border-color: #000000;height: 46px;width: 23.3874%\">&nbsp;<\/td>\n<\/tr>\n<tr>\n<td style=\"border-style: solid;border-color: #000000;width: 35.9495%;text-align: left\"><strong>Professor Titular<\/strong><\/td>\n<td style=\"border-style: solid;border-color: #000000;width: 21.8926%\">Jun Takashashi<\/td>\n<td style=\"border-style: solid;border-color: #000000;width: 23.3874%\">&nbsp;<\/td>\n<\/tr>\n<tr style=\"height: 46px\">\n<td style=\"border-style: solid;border-color: #000000;height: 46px;width: 35.9495%;text-align: left\"><strong>Professor Titular<\/strong><\/td>\n<td style=\"border-style: solid;border-color: #000000;height: 46px;width: 21.8926%\">Ernesto Kemp<\/td>\n<td style=\"border-style: solid;border-color: #000000;height: 46px;width: 23.3874%\">&nbsp;<\/td>\n<\/tr>\n<tr style=\"height: 46px\">\n<td style=\"border-style: solid;border-color: #000000;height: 46px;width: 35.9495%;text-align: left\"><strong>Professor Titular<\/strong><\/td>\n<td style=\"border-style: solid;border-color: #000000;height: 46px;width: 21.8926%\">Orlando Luis Goulart Peres<\/td>\n<td style=\"border-style: solid;border-color: #000000;height: 46px;width: 23.3874%\">&nbsp;<\/td>\n<\/tr>\n<tr style=\"height: 46px\">\n<td style=\"border-style: solid;border-color: #000000;height: 46px;width: 35.9495%;text-align: left\"><strong>Representante titular MS-5<\/strong><\/td>\n<td style=\"border-style: solid;border-color: #000000;height: 46px;width: 21.8926%\">Sandro Guedes de Oliveira<\/td>\n<td style=\"border-style: solid;border-color: #000000;height: 46px;width: 23.3874%\">11\/06\/2024 a 10\/06\/2026<\/td>\n<\/tr>\n<tr>\n<td style=\"border-style: solid;border-color: #000000;width: 35.9495%;text-align: left\"><strong>Representante titular MS-5<\/strong><\/td>\n<td style=\"border-style: solid;border-color: #000000;width: 21.8926%\">Arlene Cristina Aguilar<\/td>\n<td style=\"border-style: solid;border-color: #000000;width: 23.3874%\">11\/06\/2024 a 10\/06\/2026<\/td>\n<\/tr>\n<tr style=\"height: 46px\">\n<td style=\"border-style: solid;border-color: #000000;height: 46px;width: 35.9495%;text-align: left\"><strong>Representante suplente MS-5 (suplente)<\/strong><\/td>\n<td style=\"border-style: solid;border-color: #000000;height: 46px;width: 21.8926%\">Gabriela Castellano<\/td>\n<td style=\"border-style: solid;border-color: #000000;height: 46px;width: 23.3874%\">11\/06\/2024 a 10\/06\/2026<\/td>\n<\/tr>\n<tr style=\"height: 46px\">\n<td style=\"border-style: solid;border-color: #000000;height: 46px;width: 35.9495%;text-align: left\"><strong>Representante titular MS-3 (suplente)<\/strong><\/td>\n<td style=\"border-style: solid;border-color: #000000;height: 46px;width: 21.8926%\">Andr\u00e9 Monteiro Paschoal<\/td>\n<td style=\"border-style: solid;border-color: #000000;height: 46px;width: 23.3874%\">11\/06\/2024 a 10\/06\/2026<\/td>\n<\/tr>\n<tr style=\"height: 46px\">\n<td style=\"border-style: solid;border-color: #000000;height: 46px;width: 35.9495%;text-align: left\"><strong>Representante titular na Comiss\u00e3o de Gradua\u00e7\u00e3o<\/strong><\/td>\n<td style=\"border-style: solid;border-color: #000000;height: 46px;width: 21.8926%\">Pedro Cunha de Holanda<\/td>\n<td style=\"border-style: solid;border-color: #000000;height: 46px;width: 23.3874%\">04\/10\/2024 a 03\/10\/2026&nbsp;<\/td>\n<\/tr>\n<tr style=\"height: 46px\">\n<td style=\"border-style: solid;border-color: #000000;height: 46px;width: 35.9495%;text-align: left\"><strong>Representante&nbsp; titular na Comiss\u00e3o de P\u00f3s-Gradua\u00e7\u00e3o<\/strong><\/td>\n<td style=\"border-style: solid;border-color: #000000;height: 46px;width: 21.8926%\">Patr\u00edcia Camargo Magalh\u00e3es<\/td>\n<td style=\"border-style: solid;border-color: #000000;height: 46px;width: 23.3874%\">12\/09\/2025 a 02\/01\/2027<\/td>\n<\/tr>\n<tr style=\"height: 46px\">\n<td style=\"border-style: solid;border-color: #000000;height: 46px;width: 35.9495%;text-align: left\"><strong>Representante titular na Comiss\u00e3o de Extens\u00e3o<\/strong><\/td>\n<td style=\"border-style: solid;border-color: #000000;height: 46px;width: 21.8926%\">Fl\u00e1via Sobreira<\/td>\n<td style=\"border-style: solid;border-color: #000000;height: 46px;width: 23.3874%\">14\/08\/2024 a 13\/08\/2026&nbsp;<\/td>\n<\/tr>\n<tr style=\"height: 46px\">\n<td style=\"border-style: solid;border-color: #000000;height: 46px;width: 35.9495%;text-align: left\"><strong>Representante dos funcion\u00e1rios PAEPE n\u00e3o docentes<\/strong><\/td>\n<td style=\"border-style: solid;border-color: #000000;height: 46px;width: 21.8926%\">Arnaldo Luis Lixandr\u00e3o Filho<\/td>\n<td style=\"border-style: solid;border-color: #000000;height: 46px;width: 23.3874%\">29\/10\/2024 a 28\/10\/2026<\/td>\n<\/tr>\n<tr style=\"height: 46px\">\n<td style=\"border-style: solid;border-color: #000000;height: 46px;width: 35.9495%;text-align: left\"><strong>Representante discente<\/strong><\/td>\n<td style=\"border-style: solid;border-color: #000000;height: 46px;width: 21.8926%;text-align: center\">&#8212;<\/td>\n<td style=\"border-style: solid;border-color: #000000;height: 46px;width: 23.3874%\">&nbsp;<\/td>\n<\/tr>\n<\/tbody>\n<\/table>\n<table style=\"border-color: #000000;width: 81.3674%;height: 304px\" width=\"718\">\n<tbody>\n<tr style=\"height: 46px\">\n<td style=\"border-style: solid;border-color: #000000;width: 44.044%;background-color: #c5d3de;text-align: center;height: 46px\" width=\"307\"><strong>Suplentes<\/strong><\/td>\n<td style=\"border-style: solid;border-color: #000000;width: 27.2647%;background-color: #c5d3de;text-align: center;height: 46px\" width=\"215\"><strong>Nome<\/strong><\/td>\n<td style=\"border-style: solid;border-color: #000000;width: 43.5978%;background-color: #c5d3de;text-align: center;height: 46px\" width=\"196\"><strong>Mandato<\/strong><\/td>\n<\/tr>\n<tr style=\"height: 46px\">\n<td style=\"border-style: solid;border-color: #000000;width: 44.044%;height: 46px\"><strong>Representante MS-3<\/strong><\/td>\n<td style=\"border-style: solid;border-color: #000000;width: 27.2647%;height: 46px\">Andr\u00e9 Monteiro Paschoal<\/td>\n<td style=\"border-style: solid;border-color: #000000;width: 43.5978%;height: 46px\">11\/06\/2024 a 10\/06\/2026<\/td>\n<\/tr>\n<tr style=\"height: 53px\">\n<td style=\"border-style: solid;border-color: #000000;width: 44.044%;height: 53px\"><strong>Representante MS-5<\/strong><\/td>\n<td style=\"border-style: solid;border-color: #000000;width: 27.2647%;height: 53px\">Gabriela Castellano<\/td>\n<td style=\"border-style: solid;border-color: #000000;width: 43.5978%;height: 53px\">11\/06\/2024 a 10\/06\/2026<\/td>\n<\/tr>\n<tr style=\"height: 53px\">\n<td style=\"border-style: solid;border-color: #000000;width: 44.044%;height: 53px\"><strong>Representante na Comiss\u00e3o de Gradua\u00e7\u00e3o<\/strong><\/td>\n<td style=\"border-style: solid;border-color: #000000;width: 27.2647%;height: 53px\">Cristiane Jahnke Fiorini da Silva<\/td>\n<td style=\"border-style: solid;border-color: #000000;width: 43.5978%;height: 53px\">17\/06\/2025 a 03\/10\/2026<\/td>\n<\/tr>\n<tr style=\"height: 53px\">\n<td style=\"border-style: solid;border-color: #000000;width: 44.044%;height: 53px\"><strong>Representante na Comiss\u00e3o de P\u00f3s-Gradua\u00e7\u00e3o<\/strong><\/td>\n<td style=\"border-style: solid;border-color: #000000;width: 27.2647%;height: 53px\">Andr\u00e9 Monteiro Paschoal<\/td>\n<td style=\"border-style: solid;border-color: #000000;width: 43.5978%;height: 53px\">03\/01\/2025 a 02\/01\/2027<\/td>\n<\/tr>\n<tr style=\"height: 53px\">\n<td style=\"border-style: solid;border-color: #000000;width: 44.044%;height: 53px\"><strong>Representante na Comiss\u00e3o de Extens\u00e3o<\/strong><\/td>\n<td style=\"border-style: solid;border-color: #000000;width: 27.2647%;height: 53px\">Patr\u00edcia Camargo Magalh\u00e3es<\/td>\n<td style=\"border-style: solid;border-color: #000000;width: 43.5978%;height: 53px\">14\/08\/2024 a 13\/08\/2026<\/td>\n<\/tr>\n<\/tbody>\n<\/table>\n<p>&nbsp;<\/p>\n","protected":false},"excerpt":{"rendered":"<p>Composi\u00e7\u00e3o Membros atuais (12) Nome Mandato Chefe do Departamento Donato Giorgio Torrieri 02\/09\/2024 a 01\/09\/2026 Professora Titular Carola Dobrigkeit Chinellato &nbsp; Professor Titular Jun Takashashi &nbsp; Professor Titular Ernesto Kemp &nbsp; Professor Titular Orlando Luis Goulart Peres &nbsp; Representante titular MS-5 Sandro Guedes de Oliveira 11\/06\/2024 a 10\/06\/2026 Representante titular MS-5 Arlene Cristina Aguilar 11\/06\/2024 [&hellip;]<\/p>\n","protected":false},"author":175,"featured_media":0,"parent":0,"menu_order":0,"comment_status":"closed","ping_status":"closed","template":"","meta":{"site-sidebar-layout":"default","site-content-layout":"default","ast-site-content-layout":"default","site-content-style":"default","site-sidebar-style":"default","ast-global-header-display":"","ast-banner-title-visibility":"","ast-main-header-display":"","ast-hfb-above-header-display":"","ast-hfb-below-header-display":"","ast-hfb-mobile-header-display":"","site-post-title":"","ast-breadcrumbs-content":"","ast-featured-img":"","footer-sml-layout":"","ast-disable-related-posts":"","theme-transparent-header-meta":"default","adv-header-id-meta":"","stick-header-meta":"","header-above-stick-meta":"","header-main-stick-meta":"","header-below-stick-meta":"","astra-migrate-meta-layouts":"set","ast-page-background-enabled":"default","ast-page-background-meta":{"desktop":{"background-color":"var(--ast-global-color-5)","background-image":"","background-repeat":"repeat","background-position":"center center","background-size":"auto","background-attachment":"scroll","background-type":"","background-media":"","overlay-type":"","overlay-color":"","overlay-opacity":"","overlay-gradient":""},"tablet":{"background-color":"","background-image":"","background-repeat":"repeat","background-position":"center center","background-size":"auto","background-attachment":"scroll","background-type":"","background-media":"","overlay-type":"","overlay-color":"","overlay-opacity":"","overlay-gradient":""},"mobile":{"background-color":"","background-image":"","background-repeat":"repeat","background-position":"center center","background-size":"auto","background-attachment":"scroll","background-type":"","background-media":"","overlay-type":"","overlay-color":"","overlay-opacity":"","overlay-gradient":""}},"ast-content-background-meta":{"desktop":{"background-color":"var(--ast-global-color-4)","background-image":"","background-repeat":"repeat","background-position":"center center","background-size":"auto","background-attachment":"scroll","background-type":"","background-media":"","overlay-type":"","overlay-color":"","overlay-opacity":"","overlay-gradient":""},"tablet":{"background-color":"var(--ast-global-color-4)","background-image":"","background-repeat":"repeat","background-position":"center center","background-size":"auto","background-attachment":"scroll","background-type":"","background-media":"","overlay-type":"","overlay-color":"","overlay-opacity":"","overlay-gradient":""},"mobile":{"background-color":"var(--ast-global-color-4)","background-image":"","background-repeat":"repeat","background-position":"center center","background-size":"auto","background-attachment":"scroll","background-type":"","background-media":"","overlay-type":"","overlay-color":"","overlay-opacity":"","overlay-gradient":""}},"ngg_post_thumbnail":0,"footnotes":""},"class_list":["post-1818","page","type-page","status-publish","hentry"],"_links":{"self":[{"href":"https:\/\/sites.ifi.unicamp.br\/drcc\/wp-json\/wp\/v2\/pages\/1818","targetHints":{"allow":["GET"]}}],"collection":[{"href":"https:\/\/sites.ifi.unicamp.br\/drcc\/wp-json\/wp\/v2\/pages"}],"about":[{"href":"https:\/\/sites.ifi.unicamp.br\/drcc\/wp-json\/wp\/v2\/types\/page"}],"author":[{"embeddable":true,"href":"https:\/\/sites.ifi.unicamp.br\/drcc\/wp-json\/wp\/v2\/users\/175"}],"replies":[{"embeddable":true,"href":"https:\/\/sites.ifi.unicamp.br\/drcc\/wp-json\/wp\/v2\/comments?post=1818"}],"version-history":[{"count":13,"href":"https:\/\/sites.ifi.unicamp.br\/drcc\/wp-json\/wp\/v2\/pages\/1818\/revisions"}],"predecessor-version":[{"id":1918,"href":"https:\/\/sites.ifi.unicamp.br\/drcc\/wp-json\/wp\/v2\/pages\/1818\/revisions\/1918"}],"wp:attachment":[{"href":"https:\/\/sites.ifi.unicamp.br\/drcc\/wp-json\/wp\/v2\/media?parent=1818"}],"curies":[{"name":"wp","href":"https:\/\/api.w.org\/{rel}","templated":true}]}}