{"id":186,"date":"2014-09-13T12:42:50","date_gmt":"2014-09-13T15:42:50","guid":{"rendered":"https:\/\/sites.ifi.unicamp.br\/drcc\/?page_id=186"},"modified":"2023-08-04T11:22:34","modified_gmt":"2023-08-04T14:22:34","slug":"servicos-reservadesalas","status":"publish","type":"page","link":"https:\/\/sites.ifi.unicamp.br\/drcc\/servicos-reservadesalas\/","title":{"rendered":"Reserva de salas"},"content":{"rendered":"<p>Use o link abaixo para acessar o sistema de reserva de todas as salas\/audit\u00f3rios do DRCC. O acesso \u00e9 feito com login e senha com dom\u00ednio @ifi.unicamp.br. Lembrando que, caso a sala permane\u00e7a vazia 15 minutos ap\u00f3s o hor\u00e1rio reservado, a reserva ser\u00e1 considerada cancelada e a sala estar\u00e1 livre para o pr\u00f3ximo usu\u00e1rio.<\/p>\n<p><a href=\"https:\/\/reserva.ifi.unicamp.br\/drcc\/\">Sistema de reservas de salas do DRCC<\/a><\/p>\n<p>Nesse link voc\u00ea poder\u00e1 fazer a res<span style=\"font-size: 16px\">erva das seguintes salas\/audit\u00f3rios:<\/span> <span style=\"font-size: 16px\">&nbsp;<\/span> <span style=\"font-size: 16px\">&nbsp;<\/span><\/p>\n<table style=\"width: 39.5143%;height: 615px\">\n<tbody>\n<tr style=\"height: 217px\">\n<td style=\"width: 20.7505%;height: 217px\"><img loading=\"lazy\" decoding=\"async\" class=\"alignnone wp-image-1779\" src=\"https:\/\/sites.ifi.unicamp.br\/drcc\/files\/2023\/06\/Auditorio-300x225.jpeg\" alt=\"\" width=\"269\" height=\"202\" srcset=\"https:\/\/sites.ifi.unicamp.br\/drcc\/files\/2023\/06\/Auditorio-300x225.jpeg 300w, https:\/\/sites.ifi.unicamp.br\/drcc\/files\/2023\/06\/Auditorio-1024x768.jpeg 1024w, https:\/\/sites.ifi.unicamp.br\/drcc\/files\/2023\/06\/Auditorio-500x375.jpeg 500w, https:\/\/sites.ifi.unicamp.br\/drcc\/files\/2023\/06\/Auditorio-768x576.jpeg 768w, https:\/\/sites.ifi.unicamp.br\/drcc\/files\/2023\/06\/Auditorio-1536x1152.jpeg 1536w, https:\/\/sites.ifi.unicamp.br\/drcc\/files\/2023\/06\/Auditorio.jpeg 1600w\" sizes=\"auto, (max-width: 269px) 100vw, 269px\" \/><\/td>\n<td style=\"width: 20.0148%;height: 217px\"><span style=\"font-weight: 400\">Audit\u00f3rio <\/span><span style=\"font-weight: 400\">M\u00e9son \u03c0 (sala 123)<\/span><\/p>\n<p><span style=\"font-weight: 400\">Capacidade: 44 lugares<\/span><\/td>\n<\/tr>\n<tr style=\"height: 132px\">\n<td style=\"width: 20.7505%;height: 132px\"><img loading=\"lazy\" decoding=\"async\" class=\"alignnone wp-image-1780\" src=\"https:\/\/sites.ifi.unicamp.br\/drcc\/files\/2023\/06\/Sala-do-Conselho-300x225.jpeg\" alt=\"\" width=\"251\" height=\"188\" srcset=\"https:\/\/sites.ifi.unicamp.br\/drcc\/files\/2023\/06\/Sala-do-Conselho-300x225.jpeg 300w, https:\/\/sites.ifi.unicamp.br\/drcc\/files\/2023\/06\/Sala-do-Conselho-1024x768.jpeg 1024w, https:\/\/sites.ifi.unicamp.br\/drcc\/files\/2023\/06\/Sala-do-Conselho-500x375.jpeg 500w, https:\/\/sites.ifi.unicamp.br\/drcc\/files\/2023\/06\/Sala-do-Conselho-768x576.jpeg 768w, https:\/\/sites.ifi.unicamp.br\/drcc\/files\/2023\/06\/Sala-do-Conselho-1536x1152.jpeg 1536w, https:\/\/sites.ifi.unicamp.br\/drcc\/files\/2023\/06\/Sala-do-Conselho.jpeg 1600w\" sizes=\"auto, (max-width: 251px) 100vw, 251px\" \/><\/td>\n<td style=\"width: 20.0148%;height: 132px\"><span style=\"font-weight: 400\">Sala do Conselho (124)<\/span><\/p>\n<p><span style=\"font-weight: 400\">Capacidade: 12 lugares<\/span><\/td>\n<\/tr>\n<tr style=\"height: 67px\">\n<td style=\"width: 20.7505%;height: 67px\"><img loading=\"lazy\" decoding=\"async\" class=\"alignnone size-medium wp-image-1782\" src=\"https:\/\/sites.ifi.unicamp.br\/drcc\/files\/2023\/06\/Sala-125-300x225.jpeg\" alt=\"\" width=\"300\" height=\"225\" srcset=\"https:\/\/sites.ifi.unicamp.br\/drcc\/files\/2023\/06\/Sala-125-300x225.jpeg 300w, https:\/\/sites.ifi.unicamp.br\/drcc\/files\/2023\/06\/Sala-125-1024x768.jpeg 1024w, https:\/\/sites.ifi.unicamp.br\/drcc\/files\/2023\/06\/Sala-125-500x375.jpeg 500w, https:\/\/sites.ifi.unicamp.br\/drcc\/files\/2023\/06\/Sala-125-768x576.jpeg 768w, https:\/\/sites.ifi.unicamp.br\/drcc\/files\/2023\/06\/Sala-125-1536x1152.jpeg 1536w, https:\/\/sites.ifi.unicamp.br\/drcc\/files\/2023\/06\/Sala-125.jpeg 1600w\" sizes=\"auto, (max-width: 300px) 100vw, 300px\" \/><\/td>\n<td style=\"width: 20.0148%;height: 67px\">&nbsp;<\/p>\n<p><span style=\"font-weight: 400\">Sala de Reuni\u00f5es 2 (125)<\/span><\/p>\n<p><span style=\"font-weight: 400\">Capacidade: 6 lugares<\/span><\/p>\n<p>&nbsp;<\/td>\n<\/tr>\n<tr style=\"height: 108px\">\n<td style=\"width: 20.7505%;height: 123px\"><img loading=\"lazy\" decoding=\"async\" class=\"alignnone size-medium wp-image-1783\" src=\"https:\/\/sites.ifi.unicamp.br\/drcc\/files\/2023\/06\/Sala-126-225x300.jpeg\" alt=\"\" width=\"225\" height=\"300\" srcset=\"https:\/\/sites.ifi.unicamp.br\/drcc\/files\/2023\/06\/Sala-126-225x300.jpeg 225w, https:\/\/sites.ifi.unicamp.br\/drcc\/files\/2023\/06\/Sala-126-768x1024.jpeg 768w, https:\/\/sites.ifi.unicamp.br\/drcc\/files\/2023\/06\/Sala-126-375x500.jpeg 375w, https:\/\/sites.ifi.unicamp.br\/drcc\/files\/2023\/06\/Sala-126-1152x1536.jpeg 1152w, https:\/\/sites.ifi.unicamp.br\/drcc\/files\/2023\/06\/Sala-126.jpeg 1200w\" sizes=\"auto, (max-width: 225px) 100vw, 225px\" \/><\/td>\n<td style=\"width: 20.0148%;height: 123px\"><span style=\"font-weight: 400\">Sala de Reuni\u00f5es 1 (126)<\/span><\/p>\n<p><span style=\"font-weight: 400\">Capacidade: 8 lugares<\/span><\/td>\n<\/tr>\n<tr style=\"height: 95px\">\n<td style=\"width: 20.7505%;height: 76px\"><img loading=\"lazy\" decoding=\"async\" class=\"alignnone wp-image-1781\" src=\"https:\/\/sites.ifi.unicamp.br\/drcc\/files\/2023\/06\/Miniauditorio-300x225.jpeg\" alt=\"\" width=\"257\" height=\"193\" srcset=\"https:\/\/sites.ifi.unicamp.br\/drcc\/files\/2023\/06\/Miniauditorio-300x225.jpeg 300w, https:\/\/sites.ifi.unicamp.br\/drcc\/files\/2023\/06\/Miniauditorio-1024x768.jpeg 1024w, https:\/\/sites.ifi.unicamp.br\/drcc\/files\/2023\/06\/Miniauditorio-500x375.jpeg 500w, https:\/\/sites.ifi.unicamp.br\/drcc\/files\/2023\/06\/Miniauditorio-768x576.jpeg 768w, https:\/\/sites.ifi.unicamp.br\/drcc\/files\/2023\/06\/Miniauditorio-1536x1152.jpeg 1536w, https:\/\/sites.ifi.unicamp.br\/drcc\/files\/2023\/06\/Miniauditorio.jpeg 1600w\" sizes=\"auto, (max-width: 257px) 100vw, 257px\" \/><\/td>\n<td style=\"width: 20.0148%;height: 76px\">&nbsp;<\/p>\n<p><span style=\"font-weight: 400\">Mini-audit\u00f3rio (sala 106)<\/span><\/p>\n<p><span style=\"font-weight: 400\">Capacidade: 14 lugares<\/span><\/p>\n<p>&nbsp;<\/td>\n<\/tr>\n<\/tbody>\n<\/table>\n<p>&nbsp;<\/p>\n<p>&nbsp;<\/p>\n","protected":false},"excerpt":{"rendered":"<p>Use o link abaixo para acessar o sistema de reserva de todas as salas\/audit\u00f3rios do DRCC. O acesso \u00e9 feito com login e senha com dom\u00ednio @ifi.unicamp.br. Lembrando que, caso a sala permane\u00e7a vazia 15 minutos ap\u00f3s o hor\u00e1rio reservado, a reserva ser\u00e1 considerada cancelada e a sala estar\u00e1 livre para o pr\u00f3ximo usu\u00e1rio. Sistema [&hellip;]<\/p>\n","protected":false},"author":91,"featured_media":0,"parent":0,"menu_order":0,"comment_status":"closed","ping_status":"closed","template":"","meta":{"site-sidebar-layout":"default","site-content-layout":"default","ast-site-content-layout":"default","site-content-style":"default","site-sidebar-style":"default","ast-global-header-display":"","ast-banner-title-visibility":"","ast-main-header-display":"","ast-hfb-above-header-display":"","ast-hfb-below-header-display":"","ast-hfb-mobile-header-display":"","site-post-title":"","ast-breadcrumbs-content":"","ast-featured-img":"","footer-sml-layout":"","ast-disable-related-posts":"","theme-transparent-header-meta":"default","adv-header-id-meta":"","stick-header-meta":"","header-above-stick-meta":"","header-main-stick-meta":"","header-below-stick-meta":"","astra-migrate-meta-layouts":"default","ast-page-background-enabled":"default","ast-page-background-meta":{"desktop":{"background-color":"var(--ast-global-color-5)","background-image":"","background-repeat":"repeat","background-position":"center center","background-size":"auto","background-attachment":"scroll","background-type":"","background-media":"","overlay-type":"","overlay-color":"","overlay-opacity":"","overlay-gradient":""},"tablet":{"background-color":"","background-image":"","background-repeat":"repeat","background-position":"center center","background-size":"auto","background-attachment":"scroll","background-type":"","background-media":"","overlay-type":"","overlay-color":"","overlay-opacity":"","overlay-gradient":""},"mobile":{"background-color":"","background-image":"","background-repeat":"repeat","background-position":"center center","background-size":"auto","background-attachment":"scroll","background-type":"","background-media":"","overlay-type":"","overlay-color":"","overlay-opacity":"","overlay-gradient":""}},"ast-content-background-meta":{"desktop":{"background-color":"var(--ast-global-color-4)","background-image":"","background-repeat":"repeat","background-position":"center center","background-size":"auto","background-attachment":"scroll","background-type":"","background-media":"","overlay-type":"","overlay-color":"","overlay-opacity":"","overlay-gradient":""},"tablet":{"background-color":"var(--ast-global-color-4)","background-image":"","background-repeat":"repeat","background-position":"center center","background-size":"auto","background-attachment":"scroll","background-type":"","background-media":"","overlay-type":"","overlay-color":"","overlay-opacity":"","overlay-gradient":""},"mobile":{"background-color":"var(--ast-global-color-4)","background-image":"","background-repeat":"repeat","background-position":"center center","background-size":"auto","background-attachment":"scroll","background-type":"","background-media":"","overlay-type":"","overlay-color":"","overlay-opacity":"","overlay-gradient":""}},"ngg_post_thumbnail":0,"footnotes":""},"class_list":["post-186","page","type-page","status-publish","hentry"],"_links":{"self":[{"href":"https:\/\/sites.ifi.unicamp.br\/drcc\/wp-json\/wp\/v2\/pages\/186","targetHints":{"allow":["GET"]}}],"collection":[{"href":"https:\/\/sites.ifi.unicamp.br\/drcc\/wp-json\/wp\/v2\/pages"}],"about":[{"href":"https:\/\/sites.ifi.unicamp.br\/drcc\/wp-json\/wp\/v2\/types\/page"}],"author":[{"embeddable":true,"href":"https:\/\/sites.ifi.unicamp.br\/drcc\/wp-json\/wp\/v2\/users\/91"}],"replies":[{"embeddable":true,"href":"https:\/\/sites.ifi.unicamp.br\/drcc\/wp-json\/wp\/v2\/comments?post=186"}],"version-history":[{"count":49,"href":"https:\/\/sites.ifi.unicamp.br\/drcc\/wp-json\/wp\/v2\/pages\/186\/revisions"}],"predecessor-version":[{"id":1848,"href":"https:\/\/sites.ifi.unicamp.br\/drcc\/wp-json\/wp\/v2\/pages\/186\/revisions\/1848"}],"wp:attachment":[{"href":"https:\/\/sites.ifi.unicamp.br\/drcc\/wp-json\/wp\/v2\/media?parent=186"}],"curies":[{"name":"wp","href":"https:\/\/api.w.org\/{rel}","templated":true}]}}